{"id":27267,"date":"2024-08-28T17:25:30","date_gmt":"2024-08-28T21:25:30","guid":{"rendered":"https:\/\/www.laval.ca\/environnement\/arbres-plantes\/arbres-espace-public\/"},"modified":"2025-04-17T09:26:55","modified_gmt":"2025-04-17T13:26:55","slug":"trees-in-a-public-space","status":"publish","type":"page","link":"https:\/\/www.laval.ca\/en\/environment\/trees-plants\/trees-in-a-public-space\/","title":{"rendered":"Trees in public space"},"content":{"rendered":"<section class=\"sticky-section-group aligndefault\"\n>\n   \n<div class=\"sticky-section-main\"\n>\n   \n\n<p class=\"is-style-intro-text\">Les arbres am\u00e9liorent la qualit\u00e9 de vie et aident \u00e0 relever les d\u00e9fis environnementaux. D\u00e9couvrez les actions de la Ville pour verdir Laval et entretenir la for\u00eat urbaine.\u00a0<\/p>\n\n\n\n<div class=\"wp-block-group has-env-green-background-color has-background is-layout-constrained wp-container-core-group-is-layout-92b9201d wp-block-group-is-layout-constrained\">\n<h2 class=\"wp-block-heading has-text-align-center has-env-herb-color has-text-color has-link-color wp-elements-e9e76cb912969631470600c1fe04633d\">La for\u00eat urbaine en chiffres\u00a0<\/h2>\n\n\n\n<hr class=\"wp-block-separator has-text-color has-env-herb-color has-alpha-channel-opacity has-env-herb-background-color has-background is-style-default\"\/>\n\n\n\n<div class=\"wp-block-columns is-layout-flex wp-container-core-columns-is-layout-b2ab8c90 wp-block-columns-is-layout-flex\">\n<div class=\"wp-block-column has-medium-font-size is-layout-flow wp-container-core-column-is-layout-215ed0c7 wp-block-column-is-layout-flow\" style=\"flex-basis:33.34%\">\n<h2 class=\"wp-block-heading has-text-align-center has-env-herb-color has-text-color has-link-color wp-elements-6fe6727f4bf4cd01d9c5361daf3579f2\">22,3%<\/h2>\n\n\n\n<p class=\"has-text-align-center has-env-herb-color has-text-color has-link-color wp-elements-bcec3fa274b93a000e4e143949d47751\">Indice de canop\u00e9e en 2023<sup data-fn=\"a7f2251b-b4fe-4e52-bdb0-434b65d33636\" class=\"fn\"><a href=\"#a7f2251b-b4fe-4e52-bdb0-434b65d33636\" id=\"a7f2251b-b4fe-4e52-bdb0-434b65d33636-link\">1<\/a><\/sup>. L\u2019objectif est d\u2019atteindre 27 % en 2035. L\u2019indice de canop\u00e9e, c\u2019est le pourcentage de la superficie occup\u00e9e par la canop\u00e9e (couverture procur\u00e9e par la cime des arbres) sur la superficie de l\u2019ensemble du territoire. Plus l\u2019indice est \u00e9lev\u00e9, plus le territoire est couvert d\u2019arbres.<\/p>\n<\/div>\n\n\n\n<div class=\"wp-block-column is-layout-flow wp-container-core-column-is-layout-215ed0c7 wp-block-column-is-layout-flow\" style=\"flex-basis:33.34%\">\n<h2 class=\"wp-block-heading has-text-align-center has-env-herb-color has-text-color has-link-color wp-elements-3a3eab180fb0edfdc08289a189271de8\">120 000<\/h2>\n\n\n\n<p class=\"has-text-align-center has-env-herb-color has-text-color has-link-color wp-elements-60728f789df158d95f23f158b1e748ec\">Nombre d\u2019arbres dans l\u2019espace public, hors bois\u00e9s municipaux, entretenus par la Ville.<\/p>\n<\/div>\n\n\n\n<div class=\"wp-block-column is-layout-flow wp-container-core-column-is-layout-215ed0c7 wp-block-column-is-layout-flow\" style=\"flex-basis:33.34%\">\n<h2 class=\"wp-block-heading has-text-align-center has-env-herb-color has-text-color has-link-color wp-elements-10b77a6b8055728f3091a75e48d47757\">5 000<\/h2>\n\n\n\n<p class=\"has-text-align-center has-env-herb-color has-text-color has-link-color wp-elements-abcb2aaf0b372a0be41718c300421b41\">Pourcentage des pollinisateurs invert\u00e9br\u00e9s, en particulier les abeilles et papillons1, menac\u00e9s d\u2019extinction.<\/p>\n<\/div>\n<\/div>\n<\/div>\n\n\n\n<h2 class=\"wp-block-heading\">Bienfaits des arbres en ville<\/h2>\n\n\n\n<p>Entre autres avantages, les arbres\u202f:\u00a0<\/p>\n\n\n\n<ul class=\"wp-block-list\">\n<li>am\u00e9liorent la qualit\u00e9 de l\u2019air\u00a0<\/li>\n\n\n\n<li>interceptent les eaux de ruissellement, ce qui \u00e9vitent des co\u00fbts additionnels en infrastructures de traitement des eaux\u00a0<\/li>\n\n\n\n<li>contribuent \u00e0 limiter les \u00eelots de chaleur l\u2019\u00e9t\u00e9 en apportant de la fra\u00eecheur, ce qui fait baisser les co\u00fbts de climatisation\u00a0<\/li>\n\n\n\n<li>coupent le bruit, notamment en bordure d\u2019autoroute\u00a0<\/li>\n\n\n\n<li>augmentent la valeur des propri\u00e9t\u00e9s\u00a0<\/li>\n\n\n\n<li>embellissent les quartiers, assurant du m\u00eame coup une meilleure qualit\u00e9 de vie\u00a0\u00a0<\/li>\n\n\n\n<li>offrent un habitat aux oiseaux et autres animaux qui participent \u00e0 l&#8217;\u00e9quilibre \u00e9cologique.\u200b\u00a0<\/li>\n<\/ul>\n\n\n\n<h2 class=\"wp-block-heading\">Entretien des arbres<\/h2>\n\n\n\n<h3 class=\"wp-block-heading\">\u00c9lagage et taille<\/h3>\n\n\n\n<p>Les arbres plant\u00e9s dans les parcs, sur les trottoirs et les terre-pleins, par exemple, sont entretenus par la Ville. Leur \u00e9tat est v\u00e9rifi\u00e9 r\u00e9guli\u00e8rement.\u00a0\u00a0<\/p>\n\n\n\n<p>Au besoin, les arbres sont \u00e9lagu\u00e9s pour assurer la s\u00e9curit\u00e9 publique (branches dangereuses ou mortes, d\u00e9gagement d\u2019infrastructures) et favoriser le d\u00e9veloppement de la for\u00eat urbaine. Pour faciliter les interventions, restez \u00e0 l\u2019\u00e9cart des chantiers.\u00a0<\/p>\n\n\n\n<h3 class=\"wp-block-heading\">Abattage et remplacement<\/h3>\n\n\n\n<p>Si un arbre doit \u00eatre coup\u00e9 apr\u00e8s l\u2019inspection des sp\u00e9cialistes en foresterie urbaine, par exemple, en cas de maladie comme l\u2019agrile du fr\u00eane ou de danger pour la s\u00e9curit\u00e9 publique, la Ville de Laval s\u2019engage \u00e0 en planter un nouveau.\u00a0<\/p>\n\n\n<section class=\"info-tip-box aligndefault\"\n>\n   <div class=\"info-tip-box__decoration\" aria-hidden=\"true\"><\/div>\n   <div class=\"info-tip-box__content\">\n    \n\n<h3 class=\"wp-block-heading\">Bon \u00e0 savoir<\/h3>\n\n\n\n<p>Les arbres plant\u00e9s devant votre maison, entre votre terrain et le trottoir, sur ce qu\u2019on appelle l\u2019emprise publique, sont entretenus par la Ville. En savoir plus sur le <a href=\"https:\/\/www.laval.ca\/reglements-permis\/index-reglements\/arbre-emprise\/\" target=\"_blank\" data-type=\"regulation\" data-id=\"22254\" rel=\"noreferrer noopener\">r\u00e8glement sur les arbres en emprise<\/a><\/p>\n\n   <\/div>\n<\/section>\n\n<\/div>\n\n\n<div class=\"sticky-section-sidebar\"\n>\n   <div class=\"sticky-section-sidebar__inner\">\n     \n\n<p><\/p>\n\n   <\/div>\n<\/div>\n\n<\/section>\n<section class=\"mixed-carousel mixed-carousel--custom alignfull\"\n>\n    \n<div class=\"heading-with-button container\">\n      <h2 class=\"heading-with-button__title\">Pour aller plus loin<\/h2>\n    <\/div>\n    <div class=\"mixed-carousel__carousel-wrapper\">\n      <div class=\"mixed-carousel__carousel swiper\">\n        <div class=\"swiper-wrapper\">\n                      \n<div class=\"mixed-item swiper-slide aligndefault mixed-item--landscape-thumbnail\">\n  <a class=\"mixed-item__inner\" href=\"https:\/\/www.laval.ca\/conseils\/protegez-arbres-pendant-travaux-guide-pratique\/\">    <div class=\"mixed-item__thumbnail-wrapper\">\n      <img decoding=\"async\" width=\"768\" height=\"326\" src=\"https:\/\/www.laval.ca\/wp-content\/uploads\/2025\/01\/Travaux-proteger-arbre-768x326.jpg\" class=\"attachment-medium_large size-medium_large\" alt=\"\" sizes=\"(min-width:1216px) 430px, (min-width:1080px) 36vw, (min-width:768px) 41vw, (min-width:560px) 60vw, 85vw\" srcset=\"https:\/\/www.laval.ca\/wp-content\/uploads\/2025\/01\/Travaux-proteger-arbre-768x326.jpg 768w, https:\/\/www.laval.ca\/wp-content\/uploads\/2025\/01\/Travaux-proteger-arbre-300x127.jpg 300w, https:\/\/www.laval.ca\/wp-content\/uploads\/2025\/01\/Travaux-proteger-arbre-1024x435.jpg 1024w, https:\/\/www.laval.ca\/wp-content\/uploads\/2025\/01\/Travaux-proteger-arbre.jpg 1216w\" \/>    <\/div>\n    <h3 class=\"mixed-item__title\"><span>Prot\u00e9ger les arbres<\/span><\/h3>\n          <p class=\"mixed-item__excerpt\">D\u00e9couvrez la politique de l\u2019arbre de la Ville de Laval.<\/p>\n      <\/a><\/div>\n\n\n<div class=\"mixed-item swiper-slide aligndefault mixed-item--landscape-thumbnail\">\n  <a class=\"mixed-item__inner\" href=\"https:\/\/astucesecolo.laval.ca\/?utm_source=web&#038;utm_medium=organique&#038;utm_campaign=transition_ecologique\" target=\"_blank\" rel=\"noopener\">    <div class=\"mixed-item__thumbnail-wrapper\">\n      <img decoding=\"async\" width=\"395\" height=\"222\" src=\"https:\/\/www.laval.ca\/wp-content\/uploads\/2025\/04\/guide-ecolo-395x222-1.jpg\" class=\"attachment-medium_large size-medium_large\" alt=\"\" sizes=\"(min-width:1216px) 430px, (min-width:1080px) 36vw, (min-width:768px) 41vw, (min-width:560px) 60vw, 85vw\" srcset=\"https:\/\/www.laval.ca\/wp-content\/uploads\/2025\/04\/guide-ecolo-395x222-1.jpg 395w, https:\/\/www.laval.ca\/wp-content\/uploads\/2025\/04\/guide-ecolo-395x222-1-300x169.jpg 300w\" \/>    <\/div>\n    <h3 class=\"mixed-item__title\"><span>Guide \u00e9colo<\/span><\/h3>\n          <p class=\"mixed-item__excerpt\">D\u00e9couvrez des gestes faciles \u00e0 adopter au quotidien sans bouleverser vos habitudes.<\/p>\n      <\/a><\/div>\n\n\n<div class=\"mixed-item swiper-slide aligndefault mixed-item--landscape-thumbnail\">\n  <a class=\"mixed-item__inner\" href=\"https:\/\/www.laval.ca\/aides-subventions\/programmes-subventions\/plantation-arbres\/\">    <div class=\"mixed-item__thumbnail-wrapper\">\n      <img decoding=\"async\" width=\"609\" height=\"350\" src=\"https:\/\/www.laval.ca\/wp-content\/uploads\/2025\/02\/plantation-arbre-6009x350-1.jpg\" class=\"attachment-medium_large size-medium_large\" alt=\"Plantation d&#039;un arbre dans la terre\" sizes=\"(min-width:1216px) 430px, (min-width:1080px) 36vw, (min-width:768px) 41vw, (min-width:560px) 60vw, 85vw\" srcset=\"https:\/\/www.laval.ca\/wp-content\/uploads\/2025\/02\/plantation-arbre-6009x350-1.jpg 609w, https:\/\/www.laval.ca\/wp-content\/uploads\/2025\/02\/plantation-arbre-6009x350-1-300x172.jpg 300w\" \/>    <\/div>\n    <h3 class=\"mixed-item__title\"><span>Arbres gratuits\u202f <\/span><\/h3>\n          <p class=\"mixed-item__excerpt\">Plantez un arbre et contribuez au verdissement de votre quartier.\u202f<\/p>\n      <\/a><\/div>\n\n\n                  <\/div>\n      <\/div>\n    <\/div>\n    <div class=\"mixed-carousel__carousel-navigation container\">\n      <div class=\"swiper-button-prev\"><\/div>\n      <div class=\"swiper-button-next\"><\/div>\n    <\/div>\n      \n<\/section>\n<ol class=\"wp-block-footnotes\"><li id=\"a7f2251b-b4fe-4e52-bdb0-434b65d33636\">Soit une superficie d\u2019environ 5510 hectares sur un total de 24\u202f711 hectares. <a href=\"#a7f2251b-b4fe-4e52-bdb0-434b65d33636-link\" aria-label=\"Jump to footnote reference 1\">\u21a9\ufe0e<\/a><\/li><\/ol>","protected":false},"excerpt":{"rendered":"","protected":false},"author":34,"featured_media":0,"parent":27260,"menu_order":233,"comment_status":"closed","ping_status":"closed","template":"","meta":{"_acf_changed":false,"advgb_blocks_editor_width":"","advgb_blocks_columns_visual_guide":"","footnotes":"[{\"content\":\"Soit une superficie d\u2019environ 5510 hectares sur un total de 24\u202f711 hectares.\",\"id\":\"a7f2251b-b4fe-4e52-bdb0-434b65d33636\"}]"},"class_list":["post-27267","page","type-page","status-publish","hentry"],"pp_statuses_selecting_workflow":false,"pp_workflow_action":"current","pp_status_selection":"publish","acf":[],"coauthors":[],"author_meta":{"author_link":"https:\/\/www.laval.ca\/en\/author\/i-boucherlaval-ca\/","display_name":"i.boucher@laval.ca"},"relative_dates":{"created":"Posted 2 years ago","modified":"Updated 1 year ago"},"absolute_dates":{"created":"Posted on August 28, 2024","modified":"Updated on April 17, 2025"},"absolute_dates_time":{"created":"Posted on August 28, 2024 5:25 pm","modified":"Updated on April 17, 2025 9:26 am"},"featured_img_caption":"","featured_img":false,"series_order":"","publishpress_future_action":{"enabled":false,"date":"2026-04-26 23:29:47","action":"change-status","newStatus":"draft","terms":[],"taxonomy":"translation_priority","extraData":[]},"publishpress_future_workflow_manual_trigger":{"enabledWorkflows":[]},"_links":{"self":[{"href":"https:\/\/www.laval.ca\/en\/wp-json\/wp\/v2\/pages\/27267","targetHints":{"allow":["GET"]}}],"collection":[{"href":"https:\/\/www.laval.ca\/en\/wp-json\/wp\/v2\/pages"}],"about":[{"href":"https:\/\/www.laval.ca\/en\/wp-json\/wp\/v2\/types\/page"}],"author":[{"embeddable":true,"href":"https:\/\/www.laval.ca\/en\/wp-json\/wp\/v2\/users\/34"}],"replies":[{"embeddable":true,"href":"https:\/\/www.laval.ca\/en\/wp-json\/wp\/v2\/comments?post=27267"}],"version-history":[{"count":8,"href":"https:\/\/www.laval.ca\/en\/wp-json\/wp\/v2\/pages\/27267\/revisions"}],"predecessor-version":[{"id":64371,"href":"https:\/\/www.laval.ca\/en\/wp-json\/wp\/v2\/pages\/27267\/revisions\/64371"}],"up":[{"embeddable":true,"href":"https:\/\/www.laval.ca\/en\/wp-json\/wp\/v2\/pages\/27260"}],"wp:attachment":[{"href":"https:\/\/www.laval.ca\/en\/wp-json\/wp\/v2\/media?parent=27267"}],"curies":[{"name":"wp","href":"https:\/\/api.w.org\/{rel}","templated":true}]}}