{"id":27265,"date":"2024-08-29T09:41:52","date_gmt":"2024-08-29T13:41:52","guid":{"rendered":"https:\/\/www.laval.ca\/environnement\/agriculture-urbaine\/"},"modified":"2025-09-03T13:44:59","modified_gmt":"2025-09-03T17:44:59","slug":"urban-agriculture","status":"publish","type":"page","link":"https:\/\/www.laval.ca\/en\/environment\/urban-agriculture\/","title":{"rendered":"Urban Agriculture"},"content":{"rendered":"<section class=\"sticky-section-group aligndefault sidebar-mobile-first\"\n>\n   \n<div class=\"sticky-section-main\"\n>\n   \n\n<p class=\"is-style-intro-text\">Faire pousser des fruits et l\u00e9gumes en ville a la cote. Explorez les nombreux impacts positifs de la culture d\u2019un potager urbain.\u00a0<\/p>\n\n\n\n<h2 class=\"wp-block-heading\">5 avantages de l\u2019agriculture urbaine<\/h2>\n\n\n\n<h3 class=\"wp-block-heading\">1. Accessible \u00e0 tous et toutes<\/h3>\n\n\n\n<p><strong>Potager<\/strong><br\/>Vous pouvez cultiver un potager dans votre cour, sur le toit ou la fa\u00e7ade de votre maison, ou sur un balcon et ce, sans permis.\u00a0\u00a0<\/p>\n\n\n\n<p>Si votre potager est dans une cour avant ou dans une cour avant secondaire, assurez-vous qu\u2019il soit \u00e0\u202f:\u00a0<\/p>\n\n\n\n<ul class=\"wp-block-list\">\n<li>une distance minimale de 1 m\u00e8tre de la ligne avant et de la ligne avant secondaire\u00a0<\/li>\n\n\n\n<li>une hauteur maximale de 2 m\u00e8tres<sup data-fn=\"bc7d4464-36fa-4196-a94f-25b9b2864531\" class=\"fn\"><a href=\"#bc7d4464-36fa-4196-a94f-25b9b2864531\" id=\"bc7d4464-36fa-4196-a94f-25b9b2864531-link\">1<\/a><\/sup>.\u00a0<\/li>\n<\/ul>\n\n\n\n<p><strong>Jardins communautaires et collectifs<\/strong>\u00a0<br\/>L\u2019agriculture urbaine peut se pratiquer dans des jardins partag\u00e9s.\u00a0<\/p>\n\n\n\n<p>En savoir plus sur les <a href=\"https:\/\/www.laval.ca\/en\/sports-leisure\/parks-green-spaces\/community-collective-gardens\/\" data-type=\"page\" data-id=\"5040\">jardins communautaires et collectifs \u00e0 Laval<\/a>\u00a0<\/p>\n\n\n\n<h3 class=\"wp-block-heading\">2. Pr\u00e9servation de la biodiversit\u00e9<\/h3>\n\n\n\n<p>En cultivant un jardin ou un potager, vous favorisez la biodiversit\u00e9 et offrez nourriture et habitat aux insectes, qui jouent un r\u00f4le essentiel dans la pollinisation des plantes.\u00a0<\/p>\n\n\n\n<p>D\u00e9couvrir les actions de la Ville pour prot\u00e9ger les pollinisateurs\u00a0<\/p>\n\n\n\n<h3 class=\"wp-block-heading\">3. Lutte contre les \u00eelots de chaleur<\/h3>\n\n\n\n<p>Les arbres, plantes grimpantes, fleurs et plantes potag\u00e8res produisent de la fra\u00eecheur et favorisent la r\u00e9tention de l&#8217;eau tout en am\u00e9liorant la qualit\u00e9 de l\u2019air en ville. Les jardins urbains contribuent ainsi \u00e0 limiter les \u00eelots de chaleur, caus\u00e9s par la concentration de b\u00e2timents et de surfaces, comme l\u2019asphalte, qui absorbent l\u2019\u00e9nergie du soleil.<\/p>\n\n\n\n<h3 class=\"wp-block-heading\">4. R\u00e9duction des gaz \u00e0 effet de serre<\/h3>\n\n\n\n<p>L\u2019agriculture urbaine encourage la production et la consommation locales. C\u2019est un moyen efficace de r\u00e9duire les \u00e9missions de gaz \u00e0 effet de serre (GES) li\u00e9es au transport des aliments.<\/p>\n\n\n\n<h3 class=\"wp-block-heading\">5. Acc\u00e8s \u00e0 des aliments frais \u00e0 un prix abordable<\/h3>\n\n\n\n<p>Vous avez \u00e0 port\u00e9e de main une vari\u00e9t\u00e9 de fruits et de l\u00e9gumes frais et sans pesticides, et vous faites des \u00e9conomies.\u00a0<\/p>\n\n\n\n<p>Pour obtenir des semences et plants de qualit\u00e9 et des conseils de sp\u00e9cialistes, <a href=\"https:\/\/www.saveursdelaval.com\/fr\/repertoire-agroalimentaire\/repertoire\/\" target=\"_blank\" rel=\"noreferrer noopener\">rendez-vous chez les productrices et producteurs lavallois<\/a> en consultant le r\u00e9pertoire de Saveurs de Laval.<\/p>\n\n\n<section class=\"info-tip-box aligndefault\"\n>\n   <div class=\"info-tip-box__decoration\" aria-hidden=\"true\"><\/div>\n   <div class=\"info-tip-box__content\">\n    \n\n<h3 class=\"wp-block-heading\"><strong>Bon \u00e0 savoir<\/strong><\/h3>\n\n\n\n<p>L\u2019<a href=\"https:\/\/www.laval.ca\/wp-content\/uploads\/2021\/04\/pesticides-reglementation.jpg\" target=\"_blank\" data-type=\"attachment\" data-id=\"11555\" rel=\"noreferrer noopener\">usage des pesticides<\/a> est interdit dans la zone urbaine de Laval. De nombreuses solutions \u00e9cologiques existent pour \u00e9viter les plantes envahissantes et les insectes nuisibles.<\/p>\n\n   <\/div>\n<\/section>\n\n<\/div>\n\n\n<div class=\"sticky-section-sidebar\"\n>\n   <div class=\"sticky-section-sidebar__inner\">\n     \n<div class=\"sidebar-cta-wrapper aligndefault\">\n   <div class=\"sidebar-cta\">\n     \n  <div class=\"theme-icon aligndefault theme-icon--colored\">\n    <span class=\"theme-icon__icon icon icon-arrosage\"><\/span>\n  <\/div>\n  \n\n\n<p class=\"has-xlarge-font-size\"><strong><strong>Quand arroser sa pelouse?<\/strong><\/strong><\/p>\n\n\n\n<p>Entrez votre adresse et obtenez tous les d\u00e9tails sur l\u2019arrosage.<\/p>\n\n\n\n<div class=\"wp-block-buttons is-layout-flex wp-block-buttons-is-layout-flex\">\n<div class=\"wp-block-button\"><a class=\"wp-block-button__link wp-element-button\" href=\"https:\/\/www.laval.ca\/en\/search-by-address\/\">Voir les horaires<\/a><\/div>\n<\/div>\n\n   <\/div>\n<\/div>\n\n   <\/div>\n<\/div>\n\n<\/section>\n<section class=\"mixed-carousel mixed-carousel--custom alignfull\"\n>\n    \n<div class=\"heading-with-button container\">\n      <h2 class=\"heading-with-button__title\">Pour aller plus loin<\/h2>\n    <\/div>\n    <div class=\"mixed-carousel__carousel-wrapper\">\n      <div class=\"mixed-carousel__carousel swiper\">\n        <div class=\"swiper-wrapper\">\n                      \n<div class=\"mixed-item swiper-slide aligndefault mixed-item--landscape-thumbnail\">\n  <a class=\"mixed-item__inner\" href=\"\" target=\"_blank\">    <div class=\"mixed-item__thumbnail-wrapper\">\n      <img decoding=\"async\" width=\"609\" height=\"350\" src=\"https:\/\/www.laval.ca\/wp-content\/uploads\/2025\/01\/arrosage-609x350-1.jpg\" class=\"attachment-medium_large size-medium_large\" alt=\"Syst\u00e8me d&#039;arrosage non automatique qui arrose le gazon d&#039;une cour.\" sizes=\"(min-width:1216px) 430px, (min-width:1080px) 36vw, (min-width:768px) 41vw, (min-width:560px) 60vw, 85vw\" srcset=\"https:\/\/www.laval.ca\/wp-content\/uploads\/2025\/01\/arrosage-609x350-1.jpg 609w, https:\/\/www.laval.ca\/wp-content\/uploads\/2025\/01\/arrosage-609x350-1-300x172.jpg 300w\" \/>    <\/div>\n    <h3 class=\"mixed-item__title\"><span>Guide \u00e9colo<\/span><\/h3>\n          <p class=\"mixed-item__excerpt\">Apprenez-en plus sur les r\u00e8gles encadrant l\u2019arrosage.<\/p>\n      <\/a><\/div>\n\n\n<div class=\"mixed-item swiper-slide aligndefault mixed-item--landscape-thumbnail\">\n  <a class=\"mixed-item__inner\" href=\"https:\/\/astucesecolo.laval.ca\/?utm_source=web&#038;utm_medium=organique&#038;utm_campaign=transition_ecologique\" target=\"_blank\" rel=\"noopener\">    <div class=\"mixed-item__thumbnail-wrapper\">\n      <img decoding=\"async\" width=\"395\" height=\"222\" src=\"https:\/\/www.laval.ca\/wp-content\/uploads\/2025\/04\/guide-ecolo-395x222-1.jpg\" class=\"attachment-medium_large size-medium_large\" alt=\"\" sizes=\"(min-width:1216px) 430px, (min-width:1080px) 36vw, (min-width:768px) 41vw, (min-width:560px) 60vw, 85vw\" srcset=\"https:\/\/www.laval.ca\/wp-content\/uploads\/2025\/04\/guide-ecolo-395x222-1.jpg 395w, https:\/\/www.laval.ca\/wp-content\/uploads\/2025\/04\/guide-ecolo-395x222-1-300x169.jpg 300w\" \/>    <\/div>\n    <h3 class=\"mixed-item__title\"><span>Guide \u00e9colo<\/span><\/h3>\n          <p class=\"mixed-item__excerpt\">D\u00e9couvrez des gestes faciles \u00e0 adopter au quotidien sans bouleverser vos habitudes.<\/p>\n      <\/a><\/div>\n\n\n<div class=\"mixed-item swiper-slide aligndefault mixed-item--landscape-thumbnail\">\n  <a class=\"mixed-item__inner\" href=\"https:\/\/www.laval.ca\/aides-subventions\/programmes-subventions\/plantation-arbres\/\">    <div class=\"mixed-item__thumbnail-wrapper\">\n      <img decoding=\"async\" width=\"609\" height=\"350\" src=\"https:\/\/www.laval.ca\/wp-content\/uploads\/2025\/02\/plantation-arbre-6009x350-1.jpg\" class=\"attachment-medium_large size-medium_large\" alt=\"Plantation d&#039;un arbre dans la terre\" sizes=\"(min-width:1216px) 430px, (min-width:1080px) 36vw, (min-width:768px) 41vw, (min-width:560px) 60vw, 85vw\" srcset=\"https:\/\/www.laval.ca\/wp-content\/uploads\/2025\/02\/plantation-arbre-6009x350-1.jpg 609w, https:\/\/www.laval.ca\/wp-content\/uploads\/2025\/02\/plantation-arbre-6009x350-1-300x172.jpg 300w\" \/>    <\/div>\n    <h3 class=\"mixed-item__title\"><span>Arbres gratuits<\/span><\/h3>\n          <p class=\"mixed-item__excerpt\">Plantez un arbre et contribuez au verdissement de votre quartier.\u202f<\/p>\n      <\/a><\/div>\n\n\n                  <\/div>\n      <\/div>\n    <\/div>\n    <div class=\"mixed-carousel__carousel-navigation container\">\n      <div class=\"swiper-button-prev\"><\/div>\n      <div class=\"swiper-button-next\"><\/div>\n    <\/div>\n      \n<\/section>\n<ol class=\"wp-block-footnotes\"><li id=\"bc7d4464-36fa-4196-a94f-25b9b2864531\">Conform\u00e9ment au <a href=\"https:\/\/www.laval.ca\/reglements-permis\/index-reglements\/code-urbanisme\/\" target=\"_blank\" data-type=\"regulation\" data-id=\"21669\" rel=\"noreferrer noopener\">code de l\u2019urbanisme<\/a>. <a href=\"#bc7d4464-36fa-4196-a94f-25b9b2864531-link\" aria-label=\"Jump to footnote reference 1\">\u21a9\ufe0e<\/a><\/li><\/ol>\n<p>Illustration : Farah Allegue, [d\u00e9tail], 2024<\/p>\n\n<p><\/p>\n","protected":false},"excerpt":{"rendered":"<p>Illustration : Farah Allegue, [d\u00e9tail], 2024<\/p>\n","protected":false},"author":34,"featured_media":0,"parent":27156,"menu_order":1,"comment_status":"closed","ping_status":"closed","template":"","meta":{"_acf_changed":false,"advgb_blocks_editor_width":"","advgb_blocks_columns_visual_guide":"","footnotes":"[{\"content\":\"Conform\u00e9ment au <a href=\\\"https:\/\/www.laval.ca\/reglements-permis\/index-reglements\/code-urbanisme\/\\\" target=\\\"_blank\\\" data-type=\\\"regulation\\\" data-id=\\\"21669\\\" rel=\\\"noreferrer noopener\\\">code de l\u2019urbanisme<\/a>.\",\"id\":\"bc7d4464-36fa-4196-a94f-25b9b2864531\"}]"},"class_list":["post-27265","page","type-page","status-publish","hentry"],"pp_statuses_selecting_workflow":false,"pp_workflow_action":"current","pp_status_selection":"publish","acf":[],"coauthors":[],"author_meta":{"author_link":"https:\/\/www.laval.ca\/en\/author\/i-boucherlaval-ca\/","display_name":"i.boucher@laval.ca"},"relative_dates":{"created":"Posted 2 years ago","modified":"Updated 8 months ago"},"absolute_dates":{"created":"Posted on August 29, 2024","modified":"Updated on September 3, 2025"},"absolute_dates_time":{"created":"Posted on August 29, 2024 9:41 am","modified":"Updated on September 3, 2025 1:44 pm"},"featured_img_caption":"","featured_img":false,"series_order":"","publishpress_future_action":{"enabled":false,"date":"2026-04-28 16:55:41","action":"change-status","newStatus":"draft","terms":[],"taxonomy":"translation_priority","extraData":[]},"publishpress_future_workflow_manual_trigger":{"enabledWorkflows":[]},"_links":{"self":[{"href":"https:\/\/www.laval.ca\/en\/wp-json\/wp\/v2\/pages\/27265","targetHints":{"allow":["GET"]}}],"collection":[{"href":"https:\/\/www.laval.ca\/en\/wp-json\/wp\/v2\/pages"}],"about":[{"href":"https:\/\/www.laval.ca\/en\/wp-json\/wp\/v2\/types\/page"}],"author":[{"embeddable":true,"href":"https:\/\/www.laval.ca\/en\/wp-json\/wp\/v2\/users\/34"}],"replies":[{"embeddable":true,"href":"https:\/\/www.laval.ca\/en\/wp-json\/wp\/v2\/comments?post=27265"}],"version-history":[{"count":8,"href":"https:\/\/www.laval.ca\/en\/wp-json\/wp\/v2\/pages\/27265\/revisions"}],"predecessor-version":[{"id":89898,"href":"https:\/\/www.laval.ca\/en\/wp-json\/wp\/v2\/pages\/27265\/revisions\/89898"}],"up":[{"embeddable":true,"href":"https:\/\/www.laval.ca\/en\/wp-json\/wp\/v2\/pages\/27156"}],"wp:attachment":[{"href":"https:\/\/www.laval.ca\/en\/wp-json\/wp\/v2\/media?parent=27265"}],"curies":[{"name":"wp","href":"https:\/\/api.w.org\/{rel}","templated":true}]}}