{"id":27262,"date":"2024-09-04T13:08:38","date_gmt":"2024-09-04T17:08:38","guid":{"rendered":"https:\/\/www.laval.ca\/environnement\/transition-ecologique\/trame-verte-bleue\/"},"modified":"2025-04-17T09:26:59","modified_gmt":"2025-04-17T13:26:59","slug":"blue-green-infrastructure","status":"publish","type":"page","link":"https:\/\/www.laval.ca\/en\/environment\/ecological-transition\/blue-green-infrastructure\/","title":{"rendered":"Blue-green infrastructure"},"content":{"rendered":"<section class=\"sticky-section-group aligndefault\"\n>\n   \n<div class=\"sticky-section-main\"\n>\n   \n\n<p class=\"is-style-intro-text\">La Trame verte et bleue prot\u00e8ge et met en valeur les milieux naturels et les paysages de Laval au b\u00e9n\u00e9fice de tous et de toutes. D\u00e9couvrez comment cette initiative rapproche la ville de la nature.\u00a0<\/p>\n\n\n\n<h2 class=\"wp-block-heading\">La Trame verte et bleue, qu\u2019est-ce que c\u2019est?<\/h2>\n\n\n\n<p>La Trame verte et bleue est un r\u00e9seau de zones naturelles (trame verte) et de zones aquatiques ou humides (trame bleue), qui sont connect\u00e9es entre elles pour permettre aux plantes et aux animaux de se d\u00e9placer, de se nourrir et de se reproduire.\u00a0\u00a0<\/p>\n\n\n\n<p>Elle se d\u00e9ploie \u00e0 l\u2019\u00e9chelle de la ville (grands parcs, etc.), d\u2019un quartier (jardins communautaires, etc.) ou m\u00eame d\u2019une rue (gestion des eaux pluviales, plantation d\u2019arbres, etc.). Les espaces naturels sont ainsi plus accessibles et am\u00e9liorent notre cadre de vie.\u00a0<\/p>\n\n\n\n<h3 class=\"wp-block-heading\">Retomb\u00e9es positives<\/h3>\n\n\n\n<p>La Trame aide notamment \u00e0\u202f:\u00a0<\/p>\n\n\n\n<ul class=\"wp-block-list\">\n<li>prot\u00e9ger la biodiversit\u00e9\u00a0<\/li>\n\n\n\n<li>r\u00e9duire les impacts des changements climatiques\u00a0<\/li>\n\n\n\n<li>r\u00e9duire les \u00eelots de chaleur\u00a0<\/li>\n\n\n\n<li>g\u00e9rer les eaux de pluie\u00a0<\/li>\n\n\n\n<li>lutter contre la pollution et stocker du CO<sup>2<\/sup>\u00a0<\/li>\n\n\n\n<li>am\u00e9liorer la qualit\u00e9 de vie\u00a0\u00a0<\/li>\n\n\n\n<li>favoriser l\u2019acc\u00e8s de la population aux espaces naturels, parcs et espaces publics\u00a0<\/li>\n\n\n\n<li>d\u00e9velopper la mobilit\u00e9 active (marche et v\u00e9lo) et le transport collectif\u00a0<\/li>\n\n\n\n<li>renforcer l\u2019attractivit\u00e9 de\u202fla Ville.<\/li>\n<\/ul>\n\n\n\n<h2 class=\"wp-block-heading\">Objectifs<\/h2>\n\n\n\n<p>Lors du lancement de la Trame en 2021, la Ville de Laval s\u2019est fix\u00e9 les objectifs suivants\u202f:\u00a0<\/p>\n\n\n\n<ul class=\"wp-block-list\">\n<li>Prot\u00e9ger 14 % des milieux naturels sur son territoire d\u2019ici 2035.\u00a0<\/li>\n\n\n\n<li>Recouvrir d\u2019arbres 27 % du territoire et 40 % des parcs.\u00a0<\/li>\n\n\n\n<li>Am\u00e9nager le territoire en valorisant le patrimoine agricole, naturel, b\u00e2ti et paysager.\u00a0<\/li>\n\n\n\n<li>Favoriser le d\u00e9veloppement de quartiers \u00e0 \u00e9chelle humaine pour le mieux-\u00eatre des citoyens et citoyennes.\u00a0<\/li>\n\n\n\n<li>Faire en sorte que chaque personne ait un milieu naturel ou un parc \u00e0 une distance de marche d\u2019au plus 800 m\u00e8tres de son domicile.\u00a0<\/li>\n\n\n\n<li>Augmenter la part des d\u00e9placements actifs (marche et v\u00e9lo) \u00e0 14 % d\u2019ici 2031.\u00a0<\/li>\n\n\n\n<li>Encourager le plein air et la pratique des sports.\u00a0<\/li>\n<\/ul>\n\n\n\n<h2 class=\"wp-block-heading\"><strong>R\u00e9alisations<\/strong><\/h2>\n\n\n\n<div class=\"wp-block-vortex-blocks-accordions-group block-accordions-group accordion-container\">\n<section class=\"wp-block-vortex-blocks-accordion-item accordion ac\" id=\"strongprotection-des-milieux-naturels-strong\"><div class=\"accordion__accordion\"><button class=\"accordion__header-row accordion-toggle ac-header ac-trigger\"><p class=\"accordion__header__title\"><strong>Protection des milieux naturels<\/strong><\/p><span class=\"accordion__header__icon\" role=\"presentation\"><span class=\"plus\"><\/span><\/span><\/button><div class=\"accordion__sub-rows wysiwyg ac-panel\" role=\"region\">\n<p><strong>Objectif<\/strong>\u202f\u00a0<br\/>Avoir des milieux naturels prot\u00e9g\u00e9s sur 14 % du territoire en 2035.\u00a0<\/p>\n\n\n\n<h4 class=\"wp-block-heading\"><strong>Bilan <\/strong>\u00a0<\/h4>\n\n\n\n<ul class=\"wp-block-list\">\n<li>Objectif d\u00e9pass\u00e9\u202f: Protection de 18 % des milieux naturels. Laval poursuit ses efforts.\u00a0<\/li>\n\n\n\n<li>Participation au projet d&#8217;agrandissement du refuge faunique de la Rivi\u00e8re-des-Mille-\u00celes, le plus grand espace de ce type en zone urbaine du Qu\u00e9bec. La ville de Laval souhaite y inscrire plus de 540 lots municipaux pour un total de pr\u00e8s de 585 hectares.\u00a0<\/li>\n\n\n\n<li>Acquisitions de 100 hectares depuis 2021 pour un investissement de 35 M$.&nbsp;<br>Exemples\u202f:&nbsp;\n<ul class=\"wp-block-list\">\n<li>\u00eele Locas (10 hectares)\u00a0<\/li>\n\n\n\n<li>une partie du bois Saint-Fran\u00e7ois (25\u202fhectares)\u00a0\u00a0<\/li>\n\n\n\n<li>une partie du milieu naturel du ruisseau Barbe (12,3\u202fhectares)\u00a0<\/li>\n\n\n\n<li>Construction d\u2019un nouveau pavillon d\u2019accueil \u00e0 la berge aux Quatre-Vents.\u200b\u200b(Ouverture pr\u00e9vue \u00e0 l\u2019\u00e9t\u00e9 2025)<\/li>\n<\/ul>\n<\/li>\n<\/ul>\n<\/div><\/div><\/section>\n\n\n\n<section class=\"wp-block-vortex-blocks-accordion-item accordion ac\" id=\"strongforesterie-urbaine-et-agricole-strong\"><div class=\"accordion__accordion\"><button class=\"accordion__header-row accordion-toggle ac-header ac-trigger\"><p class=\"accordion__header__title\"><strong>Foresterie urbaine et agricole<\/strong><\/p><span class=\"accordion__header__icon\" role=\"presentation\"><span class=\"plus\"><\/span><\/span><\/button><div class=\"accordion__sub-rows wysiwyg ac-panel\" role=\"region\">\n<p><strong>Objectif <\/strong>\u00a0<br\/>Recouvrir d\u2019arbres 27 % du territoire et 40 % des parcs.<\/p>\n\n\n\n<h4 class=\"wp-block-heading\"><strong>Bilan\u00a0<\/strong>\u00a0<\/h4>\n\n\n\n<ul class=\"wp-block-list\">\n<li>Plus de 5280 arbres plant\u00e9s par la Ville en 2023.\u00a0<\/li>\n\n\n\n<li>Agrile du fr\u00eane : abattage des arbres touch\u00e9s et remplacement des arbres abattus.\u00a0<\/li>\n\n\n\n<li>D\u00e9tection et lutte contre les esp\u00e8ces exotiques envahissantes.\u00a0<\/li>\n\n\n\n<li>Plantations de <a href=\"https:\/\/www.google.com\/maps\/d\/viewer?mid=1hu5IUdNpD63hlLKiy-edr2y5eFW6rA_l&amp;ll=45.59700047102318%2C-73.69948239999998&amp;z=12\" target=\"_blank\" rel=\"noreferrer noopener\">79 saillies v\u00e9g\u00e9talis\u00e9es \u00e0 travers la ville<\/a> en 2022.\u00a0<\/li>\n\n\n\n<li>Mosa\u00efculture : 4 installations 3D.\u00a0<\/li>\n<\/ul>\n<\/div><\/div><\/section>\n\n\n\n<section class=\"wp-block-vortex-blocks-accordion-item accordion ac\" id=\"strongparcs-et-espaces-publics-strong\"><div class=\"accordion__accordion\"><button class=\"accordion__header-row accordion-toggle ac-header ac-trigger\"><p class=\"accordion__header__title\"><strong>Parcs et espaces publics<\/strong><\/p><span class=\"accordion__header__icon\" role=\"presentation\"><span class=\"plus\"><\/span><\/span><\/button><div class=\"accordion__sub-rows wysiwyg ac-panel\" role=\"region\">\n<h4 class=\"wp-block-heading\"><strong>Objectif<\/strong>\u202f\u00a0<\/h4>\n\n\n\n<p>Desservir 100 % de la population par un milieu naturel ou un parc \u00e0 une distance de marche d\u2019au plus 800 m\u00e8tres du domicile.\u00a0<\/p>\n\n\n\n<h4 class=\"wp-block-heading\"><strong>R\u00e9alisations les plus r\u00e9centes<\/strong>\u00a0<\/h4>\n\n\n\n<ul class=\"wp-block-list\">\n<li>Am\u00e9nagement de 5 nouveaux sentiers : parc des An\u00e9mones, parc des Tilleuls, nouveau parc sur la rue du Parc-des-\u00c9rables et r\u00e9fection de 2 tron\u00e7ons de pistes cyclables dans le quartier Sainte-Rose.\u00a0<\/li>\n\n\n\n<li>Achat de la berge du Commodore\u00a0<\/li>\n\n\n\n<li>Am\u00e9nagement d\u2019un bassin de r\u00e9tention au parc le Boutiller, \u00e0 Chomedey\u00a0<\/li>\n\n\n\n<li>Am\u00e9nagement d\u2019un sentier au bois Armand-Frappier\u00a0<\/li>\n\n\n\n<li>Nouveau parc Antoine-Devin\u00a0<\/li>\n\n\n\n<li>Nouveau parc sur la rue du parc des \u00c9rables, \u00e0 Auteuil\u00a0<\/li>\n\n\n\n<li>Nouveau sentier accessible au bois de l\u2019\u00c9querre\u00a0<\/li>\n\n\n\n<li>Parc lin\u00e9aire Napol\u00e9on-Prud\u2019homme\u00a0<\/li>\n\n\n\n<li>Parcours sant\u00e9 au bois Armand-Frappier et A-15.\u00a0<\/li>\n<\/ul>\n<\/div><\/div><\/section>\n<\/div>\n\n\n\n<h4 class=\"wp-block-heading\">\u00c0 consulter\u202f\u00a0<\/h4>\n\n\n\n<p>La mise en \u0153uvre de la Trame est guid\u00e9e par\u202f:\u00a0<\/p>\n\n\n  <div class=\"custom-file-block aligndefault\" \n  >\n    <a href=\"https:\/\/www.laval.ca\/wp-content\/uploads\/2024\/09\/trame-verte-bleue-plan-foresterie-urbaine.pdf\" target=\"_blank\" class=\"custom-file\">\n      <span class=\"custom-file__icon\" aria-hidden=\"true\">\n        <svg width=\"30\" height=\"31\" viewBox=\"0 0 30 31\" fill=\"none\" xmlns=\"http:\/\/www.w3.org\/2000\/svg\"><path d=\"M6.2451 12.627V1.1448h13.9746m8.0494 8.0502v20.1317H6.2451v-3.2364M28.2691 9.195l-8.0494-8.0502V9.195h8.0494Z\" stroke=\"#6C6C6C\" stroke-width=\"1.5\" stroke-miterlimit=\"10\" stroke-linecap=\"round\" stroke-linejoin=\"round\" \/><path d=\"M22.2851 12.6975H1.1818v13.0058h21.1033V12.6975Z\" fill=\"#E12324\" stroke=\"#E12324\" stroke-width=\"1.5\" stroke-miterlimit=\"10\" stroke-linecap=\"round\" stroke-linejoin=\"round\" \/><path d=\"M13.8204 15.6531v5.9949m-.016-1.9942v-.0647c0-1.2568-.7593-2.0051-1.7208-2.0051-.9694 0-1.8087.7331-1.8087 2.0051v.0647c0 1.2567.7505 1.9978 1.744 1.9978.9455 0 1.7855-.7571 1.7855-1.9978Zm-9.3258 3.4343v-5.5163m.016 1.9941v.0648c0 1.2567.7592 2.0051 1.7207 2.0051.9695 0 1.8087-.7331 1.8087-2.0051v-.0648c0-1.2567-.7505-1.9978-1.744-1.9978-.9454 0-1.7854.7571-1.7854 1.9978Zm13.6843-3.9447c-.576-.1432-1.3956.0597-1.3956 1.0524v4.9746m-.6968-4.043h2.0502\" stroke=\"#fff\" stroke-miterlimit=\"10\" stroke-linecap=\"round\" stroke-linejoin=\"round\" \/><\/svg>      <\/span>\n      <p class=\"custom-file__label\" aria-hidden=\"true\">\n        <span class=\"custom-file__title\">plan de foresterie urbaine<\/span>\n        <span class=\"custom-file__size\"> &#8211; 8.31 MB<\/span>\n      <\/p>\n      <span class=\"sr-only\">\n        Download file plan de foresterie urbaine (format PDF, size 8.31 MB)      <\/span>\n    <\/a>\n  <\/div>\n  \n\n  <div class=\"custom-file-block aligndefault\" \n  >\n    <a href=\"https:\/\/www.laval.ca\/wp-content\/uploads\/2024\/09\/trame-verte-bleue-plan-parcs-espaces-publics.pdf\" target=\"_blank\" class=\"custom-file\">\n      <span class=\"custom-file__icon\" aria-hidden=\"true\">\n        <svg width=\"30\" height=\"31\" viewBox=\"0 0 30 31\" fill=\"none\" xmlns=\"http:\/\/www.w3.org\/2000\/svg\"><path d=\"M6.2451 12.627V1.1448h13.9746m8.0494 8.0502v20.1317H6.2451v-3.2364M28.2691 9.195l-8.0494-8.0502V9.195h8.0494Z\" stroke=\"#6C6C6C\" stroke-width=\"1.5\" stroke-miterlimit=\"10\" stroke-linecap=\"round\" stroke-linejoin=\"round\" \/><path d=\"M22.2851 12.6975H1.1818v13.0058h21.1033V12.6975Z\" fill=\"#E12324\" stroke=\"#E12324\" stroke-width=\"1.5\" stroke-miterlimit=\"10\" stroke-linecap=\"round\" stroke-linejoin=\"round\" \/><path d=\"M13.8204 15.6531v5.9949m-.016-1.9942v-.0647c0-1.2568-.7593-2.0051-1.7208-2.0051-.9694 0-1.8087.7331-1.8087 2.0051v.0647c0 1.2567.7505 1.9978 1.744 1.9978.9455 0 1.7855-.7571 1.7855-1.9978Zm-9.3258 3.4343v-5.5163m.016 1.9941v.0648c0 1.2567.7592 2.0051 1.7207 2.0051.9695 0 1.8087-.7331 1.8087-2.0051v-.0648c0-1.2567-.7505-1.9978-1.744-1.9978-.9454 0-1.7854.7571-1.7854 1.9978Zm13.6843-3.9447c-.576-.1432-1.3956.0597-1.3956 1.0524v4.9746m-.6968-4.043h2.0502\" stroke=\"#fff\" stroke-miterlimit=\"10\" stroke-linecap=\"round\" stroke-linejoin=\"round\" \/><\/svg>      <\/span>\n      <p class=\"custom-file__label\" aria-hidden=\"true\">\n        <span class=\"custom-file__title\">le plan directeur des parcs et des espaces publics<\/span>\n        <span class=\"custom-file__size\"> &#8211; 4.95 MB<\/span>\n      <\/p>\n      <span class=\"sr-only\">\n        Download file le plan directeur des parcs et des espaces publics (format PDF, size 4.95 MB)      <\/span>\n    <\/a>\n  <\/div>\n  \n\n  <div class=\"custom-file-block aligndefault\" \n  >\n    <a href=\"https:\/\/www.laval.ca\/wp-content\/uploads\/2024\/09\/trame-verte-bleue-plan-conservation-milieux-naturels.pdf\" target=\"_blank\" class=\"custom-file\">\n      <span class=\"custom-file__icon\" aria-hidden=\"true\">\n        <svg width=\"30\" height=\"31\" viewBox=\"0 0 30 31\" fill=\"none\" xmlns=\"http:\/\/www.w3.org\/2000\/svg\"><path d=\"M6.2451 12.627V1.1448h13.9746m8.0494 8.0502v20.1317H6.2451v-3.2364M28.2691 9.195l-8.0494-8.0502V9.195h8.0494Z\" stroke=\"#6C6C6C\" stroke-width=\"1.5\" stroke-miterlimit=\"10\" stroke-linecap=\"round\" stroke-linejoin=\"round\" \/><path d=\"M22.2851 12.6975H1.1818v13.0058h21.1033V12.6975Z\" fill=\"#E12324\" stroke=\"#E12324\" stroke-width=\"1.5\" stroke-miterlimit=\"10\" stroke-linecap=\"round\" stroke-linejoin=\"round\" \/><path d=\"M13.8204 15.6531v5.9949m-.016-1.9942v-.0647c0-1.2568-.7593-2.0051-1.7208-2.0051-.9694 0-1.8087.7331-1.8087 2.0051v.0647c0 1.2567.7505 1.9978 1.744 1.9978.9455 0 1.7855-.7571 1.7855-1.9978Zm-9.3258 3.4343v-5.5163m.016 1.9941v.0648c0 1.2567.7592 2.0051 1.7207 2.0051.9695 0 1.8087-.7331 1.8087-2.0051v-.0648c0-1.2567-.7505-1.9978-1.744-1.9978-.9454 0-1.7854.7571-1.7854 1.9978Zm13.6843-3.9447c-.576-.1432-1.3956.0597-1.3956 1.0524v4.9746m-.6968-4.043h2.0502\" stroke=\"#fff\" stroke-miterlimit=\"10\" stroke-linecap=\"round\" stroke-linejoin=\"round\" \/><\/svg>      <\/span>\n      <p class=\"custom-file__label\" aria-hidden=\"true\">\n        <span class=\"custom-file__title\">le plan de conservation et de mise en valeur des milieux naturels<\/span>\n        <span class=\"custom-file__size\"> &#8211; 7.20 MB<\/span>\n      <\/p>\n      <span class=\"sr-only\">\n        Download file le plan de conservation et de mise en valeur des milieux naturels (format PDF, size 7.20 MB)      <\/span>\n    <\/a>\n  <\/div>\n  \n\n  <div class=\"custom-file-block aligndefault\" \n  >\n    <a href=\"https:\/\/www.laval.ca\/wp-content\/uploads\/2024\/09\/plan-regional-milieux-humides.pdf\" target=\"_blank\" class=\"custom-file\">\n      <span class=\"custom-file__icon\" aria-hidden=\"true\">\n        <svg width=\"30\" height=\"31\" viewBox=\"0 0 30 31\" fill=\"none\" xmlns=\"http:\/\/www.w3.org\/2000\/svg\"><path d=\"M6.2451 12.627V1.1448h13.9746m8.0494 8.0502v20.1317H6.2451v-3.2364M28.2691 9.195l-8.0494-8.0502V9.195h8.0494Z\" stroke=\"#6C6C6C\" stroke-width=\"1.5\" stroke-miterlimit=\"10\" stroke-linecap=\"round\" stroke-linejoin=\"round\" \/><path d=\"M22.2851 12.6975H1.1818v13.0058h21.1033V12.6975Z\" fill=\"#E12324\" stroke=\"#E12324\" stroke-width=\"1.5\" stroke-miterlimit=\"10\" stroke-linecap=\"round\" stroke-linejoin=\"round\" \/><path d=\"M13.8204 15.6531v5.9949m-.016-1.9942v-.0647c0-1.2568-.7593-2.0051-1.7208-2.0051-.9694 0-1.8087.7331-1.8087 2.0051v.0647c0 1.2567.7505 1.9978 1.744 1.9978.9455 0 1.7855-.7571 1.7855-1.9978Zm-9.3258 3.4343v-5.5163m.016 1.9941v.0648c0 1.2567.7592 2.0051 1.7207 2.0051.9695 0 1.8087-.7331 1.8087-2.0051v-.0648c0-1.2567-.7505-1.9978-1.744-1.9978-.9454 0-1.7854.7571-1.7854 1.9978Zm13.6843-3.9447c-.576-.1432-1.3956.0597-1.3956 1.0524v4.9746m-.6968-4.043h2.0502\" stroke=\"#fff\" stroke-miterlimit=\"10\" stroke-linecap=\"round\" stroke-linejoin=\"round\" \/><\/svg>      <\/span>\n      <p class=\"custom-file__label\" aria-hidden=\"true\">\n        <span class=\"custom-file__title\">le Plan r\u00e9gional des milieux humides et hydriques\u202f<\/span>\n        <span class=\"custom-file__size\"> &#8211; 9.99 MB<\/span>\n      <\/p>\n      <span class=\"sr-only\">\n        Download file le Plan r\u00e9gional des milieux humides et hydriques\u202f (format PDF, size 9.99 MB)      <\/span>\n    <\/a>\n  <\/div>\n  \n\n<section class=\"info-tip-box aligndefault\"\n>\n   <div class=\"info-tip-box__decoration\" aria-hidden=\"true\"><\/div>\n   <div class=\"info-tip-box__content\">\n    \n\n<h3 class=\"wp-block-heading\"><strong>L\u2019astuce verte<\/strong><\/h3>\n\n\n\n<p>Vous souhaitez contribuer \u00e0 faire de Laval une ville plus verte? Rien de plus simple\u202f: <a href=\"https:\/\/www.laval.ca\/aide-subventions\/programmes-subventions\/plantation-arbres\/\" data-type=\"page\" data-id=\"6434\">plantez des arbres donn\u00e9s<\/a> par la Ville, cultivez un <a href=\"https:\/\/www.laval.ca\/environnement\/agriculture-urbaine\/\" data-type=\"page\" data-id=\"2567\">potager urbain<\/a> ou am\u00e9nagez un <a href=\"https:\/\/www.laval.ca\/conseils\/amenager-terrain-favoriser-biodiversite\/\" data-type=\"post\" data-id=\"16254\">jardin pour les pollinisateurs<\/a>.<\/p>\n\n   <\/div>\n<\/section>\n\n<\/div>\n\n\n<div class=\"sticky-section-sidebar\"\n>\n   <div class=\"sticky-section-sidebar__inner\">\n     \n<div class=\"sidebar-cta-wrapper aligndefault\">\n   <div class=\"sidebar-cta\">\n     \n  <div class=\"theme-icon aligndefault theme-icon--colored\">\n    <span class=\"theme-icon__icon icon icon-geoportail\"><\/span>\n  <\/div>\n  \n\n\n<p class=\"has-xlarge-font-size\"><strong><strong>Bois, berges et parcs<\/strong><\/strong><\/p>\n\n\n\n<p>D\u00e9couvrez la nature pr\u00e8s de chez vous.\u202f<\/p>\n\n\n\n<div class=\"wp-block-buttons is-layout-flex wp-block-buttons-is-layout-flex\">\n<div class=\"wp-block-button\"><a class=\"wp-block-button__link wp-element-button\" href=\"https:\/\/www.laval.ca\/carte-interactive\/?findstr[filter][place_type][value][]=Berge&amp;findstr[filter][place_type][value][]=Parc&amp;findstr[filter][place_type][compare]=IN&amp;findstr[group]=interactive-map\">Voir la carte<\/a><\/div>\n<\/div>\n\n   <\/div>\n<\/div>\n\n   <\/div>\n<\/div>\n\n<\/section>\n<section class=\"mixed-carousel mixed-carousel--custom alignfull\"\n>\n    \n<div class=\"heading-with-button container\">\n      <h2 class=\"heading-with-button__title\">Pour aller plus loin<\/h2>\n    <\/div>\n    <div class=\"mixed-carousel__carousel-wrapper\">\n      <div class=\"mixed-carousel__carousel swiper\">\n        <div class=\"swiper-wrapper\">\n                      \n<div class=\"mixed-item swiper-slide aligndefault mixed-item--landscape-thumbnail\">\n  <a class=\"mixed-item__inner\" href=\"https:\/\/www.laval.ca\/organisation-municipale\/portrait-ville-laval\/vision-strategique-laval-2035\/\">    <div class=\"mixed-item__thumbnail-wrapper\">\n      <img decoding=\"async\" src=\"https:\/\/www.laval.ca\/wp-content\/themes\/laval.ca\/dist\/images\/defaults\/default.jpg\" alt=\"\">    <\/div>\n    <h3 class=\"mixed-item__title\"><span>Laval 2035\u202f: Urbaine de nature<\/span><\/h3>\n          <p class=\"mixed-item__excerpt\">Apprenez-en plus sur la vision strat\u00e9gique de la Ville.<\/p>\n      <\/a><\/div>\n\n\n<div class=\"mixed-item swiper-slide aligndefault mixed-item--landscape-thumbnail\">\n  <a class=\"mixed-item__inner\" href=\"https:\/\/www.laval.ca\/conseils\/5-mots-comprendre-virage-vert\/\">    <div class=\"mixed-item__thumbnail-wrapper\">\n      <img decoding=\"async\" width=\"768\" height=\"326\" src=\"https:\/\/www.laval.ca\/wp-content\/uploads\/2025\/01\/transition-ecologique_Istock-768x326.png\" class=\"attachment-medium_large size-medium_large\" alt=\"Plantation d&#039;un arbre\" sizes=\"(min-width:1216px) 430px, (min-width:1080px) 36vw, (min-width:768px) 41vw, (min-width:560px) 60vw, 85vw\" srcset=\"https:\/\/www.laval.ca\/wp-content\/uploads\/2025\/01\/transition-ecologique_Istock-768x326.png 768w, https:\/\/www.laval.ca\/wp-content\/uploads\/2025\/01\/transition-ecologique_Istock-300x127.png 300w, https:\/\/www.laval.ca\/wp-content\/uploads\/2025\/01\/transition-ecologique_Istock-1024x435.png 1024w, https:\/\/www.laval.ca\/wp-content\/uploads\/2025\/01\/transition-ecologique_Istock.png 1216w\" \/>    <\/div>\n    <h3 class=\"mixed-item__title\"><span>Les 5 mots de la transition \u00e9cologique<\/span><\/h3>\n          <p class=\"mixed-item__excerpt\">Comprenez mieux les orientations de la Ville en mati\u00e8re de transition \u00e9cologique.<\/p>\n      <\/a><\/div>\n\n\n<div class=\"mixed-item swiper-slide aligndefault mixed-item--landscape-thumbnail\">\n  <a class=\"mixed-item__inner\" href=\"https:\/\/astucesecolo.laval.ca\/?utm_source=web&#038;utm_medium=organique&#038;utm_campaign=transition_ecologique\" target=\"_blank\" rel=\"noopener\">    <div class=\"mixed-item__thumbnail-wrapper\">\n      <img decoding=\"async\" width=\"395\" height=\"222\" src=\"https:\/\/www.laval.ca\/wp-content\/uploads\/2025\/04\/guide-ecolo-395x222-1.jpg\" class=\"attachment-medium_large size-medium_large\" alt=\"\" sizes=\"(min-width:1216px) 430px, (min-width:1080px) 36vw, (min-width:768px) 41vw, (min-width:560px) 60vw, 85vw\" srcset=\"https:\/\/www.laval.ca\/wp-content\/uploads\/2025\/04\/guide-ecolo-395x222-1.jpg 395w, https:\/\/www.laval.ca\/wp-content\/uploads\/2025\/04\/guide-ecolo-395x222-1-300x169.jpg 300w\" \/>    <\/div>\n    <h3 class=\"mixed-item__title\"><span>Guide \u00e9colo<\/span><\/h3>\n          <p class=\"mixed-item__excerpt\">D\u00e9couvrez des gestes faciles \u00e0 adopter au quotidien sans bouleverser vos habitudes.<\/p>\n      <\/a><\/div>\n\n\n                  <\/div>\n      <\/div>\n    <\/div>\n    <div class=\"mixed-carousel__carousel-navigation container\">\n      <div class=\"swiper-button-prev\"><\/div>\n      <div class=\"swiper-button-next\"><\/div>\n    <\/div>\n      \n<\/section>\n","protected":false},"excerpt":{"rendered":"","protected":false},"author":34,"featured_media":0,"parent":27257,"menu_order":0,"comment_status":"closed","ping_status":"closed","template":"","meta":{"_acf_changed":false,"advgb_blocks_editor_width":"","advgb_blocks_columns_visual_guide":"","footnotes":""},"class_list":["post-27262","page","type-page","status-publish","hentry"],"pp_statuses_selecting_workflow":false,"pp_workflow_action":"current","pp_status_selection":"publish","acf":[],"coauthors":[],"author_meta":{"author_link":"https:\/\/www.laval.ca\/en\/author\/i-boucherlaval-ca\/","display_name":"i.boucher@laval.ca"},"relative_dates":{"created":"Posted 2 years ago","modified":"Updated 1 year ago"},"absolute_dates":{"created":"Posted on September 4, 2024","modified":"Updated on April 17, 2025"},"absolute_dates_time":{"created":"Posted on September 4, 2024 1:08 pm","modified":"Updated on April 17, 2025 9:26 am"},"featured_img_caption":"","featured_img":false,"series_order":"","publishpress_future_action":{"enabled":false,"date":"2026-04-26 06:35:28","action":"change-status","newStatus":"draft","terms":[],"taxonomy":"translation_priority","extraData":[]},"publishpress_future_workflow_manual_trigger":{"enabledWorkflows":[]},"_links":{"self":[{"href":"https:\/\/www.laval.ca\/en\/wp-json\/wp\/v2\/pages\/27262","targetHints":{"allow":["GET"]}}],"collection":[{"href":"https:\/\/www.laval.ca\/en\/wp-json\/wp\/v2\/pages"}],"about":[{"href":"https:\/\/www.laval.ca\/en\/wp-json\/wp\/v2\/types\/page"}],"author":[{"embeddable":true,"href":"https:\/\/www.laval.ca\/en\/wp-json\/wp\/v2\/users\/34"}],"replies":[{"embeddable":true,"href":"https:\/\/www.laval.ca\/en\/wp-json\/wp\/v2\/comments?post=27262"}],"version-history":[{"count":8,"href":"https:\/\/www.laval.ca\/en\/wp-json\/wp\/v2\/pages\/27262\/revisions"}],"predecessor-version":[{"id":64354,"href":"https:\/\/www.laval.ca\/en\/wp-json\/wp\/v2\/pages\/27262\/revisions\/64354"}],"up":[{"embeddable":true,"href":"https:\/\/www.laval.ca\/en\/wp-json\/wp\/v2\/pages\/27257"}],"wp:attachment":[{"href":"https:\/\/www.laval.ca\/en\/wp-json\/wp\/v2\/media?parent=27262"}],"curies":[{"name":"wp","href":"https:\/\/api.w.org\/{rel}","templated":true}]}}