{"id":27222,"date":"2024-09-23T13:10:18","date_gmt":"2024-09-23T17:10:18","guid":{"rendered":"https:\/\/www.laval.ca\/centre-ville\/"},"modified":"2025-09-02T15:14:47","modified_gmt":"2025-09-02T19:14:47","slug":"centre-ville","status":"publish","type":"page","link":"https:\/\/www.laval.ca\/en\/land-use-planning\/revitalization-projects\/centre-ville\/","title":{"rendered":"Downtown"},"content":{"rendered":"<section class=\"sticky-section-group aligndefault\"\n>\n   \n<div class=\"sticky-section-main\"\n>\n   \n\n<p class=\"is-style-intro-text\">The City of Laval, through the objectives set out in its amended\u00a0<a href=\"https:\/\/www.laval.ca\/en\/land-use-planning\/lavals-land-planning\/land-use-development-plan\/\" data-type=\"link\" data-id=\"https:\/\/www.laval.ca\/amenagement-territoire\/planification-territoire\/schema-amenagement-territoire\/\">Land Use Development Plan<\/a>, aims to stimulate and promote its dynamism, innovation and unique identity by creating a multipurpose downtown that is both attractive and people-friendly.<\/p>\n\n\n\n<h2 class=\"wp-block-heading\">Location of Laval\u2019s downtown<\/h2>\n\n\n\n<p>While Laval\u2019s downtown is still relatively unknown, it occupies a clearly defined area. Located in the centre of the island, in the heart of Laval, it lies on either side of Autoroute&nbsp;15&nbsp;south of the Autoroute Jean-No\u00ebl-Lavoie (Autoroute&nbsp;440) and extends all the way to the Boulevard de la Concorde and Boulevard Notre-Dame between Boulevard Chomedey, the Canadien Pacific railway, Boulevard Saint-Martin&nbsp;Ouest and Boulevard Le&nbsp;\u200bCorbusier.<\/p>\n\n\n\n<p>Its location is explained by the concentration of jobs and transit activities and the diversity of its constituent parts, in complement with the intensity and shape of the development taking place there. The\u00a0<a href=\"https:\/\/www.laval.ca\/en\/land-use-planning\/lavals-land-planning\/metropolitan-land-use-development-plan\/\" data-type=\"link\" data-id=\"https:\/\/www.laval.ca\/en\/land-use-planning\/lavals-land-planning\/metropolitan-land-use-development-plan\/\">Metropolitan Land Use and Development Plan<\/a>\u200b identifies the downtown area as a primary employment hub within the metropolitan area.\u200b<\/p>\n\n\n\n<figure class=\"wp-block-image size-full\"><img decoding=\"async\" width=\"768\" height=\"396\" src=\"https:\/\/www.laval.ca\/wp-content\/uploads\/2024\/11\/carte-centre-ville.jpg\" alt=\"carte du centre-ville de Laval\" class=\"wp-image-5962\" srcset=\"https:\/\/www.laval.ca\/wp-content\/uploads\/2024\/11\/carte-centre-ville.jpg 768w, https:\/\/www.laval.ca\/wp-content\/uploads\/2024\/11\/carte-centre-ville-300x155.jpg 300w\" sizes=\"(max-width: 768px) 100vw, 768px\" \/><\/figure>\n\n\n\n<p>The area includes several well-known destinations in Laval and the metropolitan area.<\/p>\n\n\n\n<p>In recent years, the City of Laval and its partners have made efforts to turn the area into a thriving centrepiece and a leading cultural hub in Laval, where people can make the most of life in the city, study, work and have fun. The mixed-use downtown will thus feature numerous attractions, making it a destination with a metropolitan scope of influence, both for residents and for other clienteles frequenting the area (workers, students, tourists).\u200b<\/p>\n\n\n\n<h2 class=\"wp-block-heading\">A development vision in the image of Laval residents\u200b\u200b<\/h2>\n\n\n\n<p>In the summer of 2022, the City of Laval adopted a\u00a0<a href=\"https:\/\/www.laval.ca\/wp-content\/uploads\/2025\/02\/ppu-centre-ville.pdf\">Special Planning Program (SPP) for downtown Laval<\/a>\u200b (PDF, 120\u00a0MB\u00a0\u200b\u2013\u00a0in French). Marking an important milestone in the development of a place for exchange, innovation, growth and harmony, this planning tool makes it possible, notably, to:<\/p>\n\n\n\n<p>Give the area a strong identity and a development vision, specifically in regards to the streets, the integration of active mobility, and public spaces.<\/p>\n\n\n\n<p>Program actions by the City of Laval aimed at making this vision a reality.<\/p>\n\n\n\n<p>\u200bOversee planned real estate projects in order to ensure that they play a part in the fulfillment of this vision.<\/p>\n\n\n\n<p>Little by little, the area will be transformed and:<\/p>\n\n\n\n<ul class=\"wp-block-list\">\n<li>Will be interconnected, urban, dynamic and multipurpose.<\/li>\n\n\n\n<li>Will integrate the latest advances in sustainable development.<\/li>\n\n\n\n<li>Will be home to multiple green and public spaces.<\/li>\n\n\n\n<li>Will leave room for effervescent creativity, notably thanks to artistic or design initiatives, public artworks and an evolving cultural offer.<\/li>\n<\/ul>\n\n\n\n<figure class=\"wp-block-image size-full\"><img decoding=\"async\" width=\"575\" height=\"276\" src=\"https:\/\/www.laval.ca\/wp-content\/uploads\/2024\/11\/vision-ppu-centre-ville.jpg\" alt=\"Plan de la vision d'am\u00e9nagement du futur centre-ville de Laval \" class=\"wp-image-5970\" srcset=\"https:\/\/www.laval.ca\/wp-content\/uploads\/2024\/11\/vision-ppu-centre-ville.jpg 575w, https:\/\/www.laval.ca\/wp-content\/uploads\/2024\/11\/vision-ppu-centre-ville-300x144.jpg 300w\" sizes=\"(max-width: 575px) 100vw, 575px\" \/><\/figure>\n\n\n\n<h2 class=\"wp-block-heading\">Montmorency area: A nerve centre for culture<\/h2>\n\n\n\n<div class=\"wp-block-media-text has-media-on-the-right is-stacked-on-mobile is-vertically-aligned-top\" style=\"grid-template-columns:auto 46%\"><div class=\"wp-block-media-text__content\">\n<p>Located around the Montmorency intermodal metro station and characterized by a high concentration of cultural and knowledge institutions (performance venues, exhibitions halls, and teaching institutions), the\u00a0<a href=\"https:\/\/www.laval.ca\/en\/culture\/montmorency-cultural-center\/\">Montmorency area<\/a>\u200b is the cultural heartbeat of downtown Laval. The City of Laval wishes to build upon this characteristic to make the area a lively and attractive district whose reputation extends well beyond Laval\u2019s borders.\u200b<\/p>\n<\/div><figure class=\"wp-block-media-text__media\"><img decoding=\"async\" width=\"335\" height=\"215\" src=\"https:\/\/www.laval.ca\/wp-content\/uploads\/2024\/11\/centre-ville-momo.jpg\" alt=\"Personnes qui assistent \u00e0 un spectacle \" class=\"wp-image-5972 size-full\" srcset=\"https:\/\/www.laval.ca\/wp-content\/uploads\/2024\/11\/centre-ville-momo.jpg 335w, https:\/\/www.laval.ca\/wp-content\/uploads\/2024\/11\/centre-ville-momo-300x193.jpg 300w\" sizes=\"(max-width: 335px) 100vw, 335px\" \/><\/figure><\/div>\n\n\n\n<h2 class=\"wp-block-heading\">A research and development hub<\/h2>\n\n\n\n<div class=\"wp-block-media-text has-media-on-the-right is-stacked-on-mobile is-vertically-aligned-top\" style=\"grid-template-columns:auto 46%\"><div class=\"wp-block-media-text__content\">\n<p>The southwest area of downtown is occupied in part by the\u00a0<a href=\"https:\/\/www.citebiotech.com\/\" target=\"_blank\" rel=\"noreferrer noopener\">Biotech City\u200b<\/a>,\u200b\u200b\u200bwhich features a science and technology park that acts as a research and development hub. The Biotech City is home to numerous biotechnology and life sciences companies, along with the INRS-Institut Armand-Frappier, a science university for graduate studies. This area also features a concentration of public facilities, including city hall and various municipal departments, a fire station, a multicultural library, and more.<\/p>\n<\/div><figure class=\"wp-block-media-text__media\"><img decoding=\"async\" width=\"335\" height=\"215\" src=\"https:\/\/www.laval.ca\/wp-content\/uploads\/2024\/11\/recherche-developpement-335x215-1.jpg\" alt=\"Cit\u00e9 de la biotech\" class=\"wp-image-5976 size-full\" srcset=\"https:\/\/www.laval.ca\/wp-content\/uploads\/2024\/11\/recherche-developpement-335x215-1.jpg 335w, https:\/\/www.laval.ca\/wp-content\/uploads\/2024\/11\/recherche-developpement-335x215-1-300x193.jpg 300w\" sizes=\"(max-width: 335px) 100vw, 335px\" \/><\/figure><\/div>\n\n\n\n<h2 class=\"wp-block-heading\">A significant commercial and tourism offer<\/h2>\n\n\n\n<div class=\"wp-block-media-text has-media-on-the-right is-stacked-on-mobile is-vertically-aligned-top\" style=\"grid-template-columns:auto 46%\"><div class=\"wp-block-media-text__content\">\n<p>The northern part of downtown Laval features a major commercial and tourism offer, with about 20 attractions within walking distance, along with hotel establishments with conference spaces, and a diversified offer of culinary experiences. The museum and science hub, made up of the Cosmod\u00f4me and the Mus\u00e9e de la sant\u00e9 Armand-Frappier, and the future\u00a0<a href=\"https:\/\/www.laval.ca\/en\/sports-leisure\/aquatic-complex\/\" data-type=\"link\" data-id=\"https:\/\/www.laval.ca\/en\/sports-leisure\/aquatic-complex\/\">aquatics complex<\/a>\u200b, is certainly an area that aspires to become a cultural and sports hub with a national profile.<\/p>\n<\/div><figure class=\"wp-block-media-text__media\"><img decoding=\"async\" width=\"335\" height=\"215\" src=\"https:\/\/www.laval.ca\/wp-content\/uploads\/2024\/11\/centropolis-335x215-1.jpg\" alt=\"Centre-ville de Laval\" class=\"wp-image-5974 size-full\" srcset=\"https:\/\/www.laval.ca\/wp-content\/uploads\/2024\/11\/centropolis-335x215-1.jpg 335w, https:\/\/www.laval.ca\/wp-content\/uploads\/2024\/11\/centropolis-335x215-1-300x193.jpg 300w\" sizes=\"(max-width: 335px) 100vw, 335px\" \/><\/figure><\/div>\n\n\n\n<h3 class=\"wp-block-heading\">Additional information<\/h3>\n\n\n  <div class=\"custom-file-block aligndefault\" \n  >\n    <a href=\"https:\/\/www.laval.ca\/wp-content\/uploads\/2025\/02\/bulletin-centre-ville-printemps2024.pdf\" target=\"_blank\" class=\"custom-file\">\n      <span class=\"custom-file__icon\" aria-hidden=\"true\">\n        <svg width=\"30\" height=\"31\" viewBox=\"0 0 30 31\" fill=\"none\" xmlns=\"http:\/\/www.w3.org\/2000\/svg\"><path d=\"M6.2451 12.627V1.1448h13.9746m8.0494 8.0502v20.1317H6.2451v-3.2364M28.2691 9.195l-8.0494-8.0502V9.195h8.0494Z\" stroke=\"#6C6C6C\" stroke-width=\"1.5\" stroke-miterlimit=\"10\" stroke-linecap=\"round\" stroke-linejoin=\"round\" \/><path d=\"M22.2851 12.6975H1.1818v13.0058h21.1033V12.6975Z\" fill=\"#E12324\" stroke=\"#E12324\" stroke-width=\"1.5\" stroke-miterlimit=\"10\" stroke-linecap=\"round\" stroke-linejoin=\"round\" \/><path d=\"M13.8204 15.6531v5.9949m-.016-1.9942v-.0647c0-1.2568-.7593-2.0051-1.7208-2.0051-.9694 0-1.8087.7331-1.8087 2.0051v.0647c0 1.2567.7505 1.9978 1.744 1.9978.9455 0 1.7855-.7571 1.7855-1.9978Zm-9.3258 3.4343v-5.5163m.016 1.9941v.0648c0 1.2567.7592 2.0051 1.7207 2.0051.9695 0 1.8087-.7331 1.8087-2.0051v-.0648c0-1.2567-.7505-1.9978-1.744-1.9978-.9454 0-1.7854.7571-1.7854 1.9978Zm13.6843-3.9447c-.576-.1432-1.3956.0597-1.3956 1.0524v4.9746m-.6968-4.043h2.0502\" stroke=\"#fff\" stroke-miterlimit=\"10\" stroke-linecap=\"round\" stroke-linejoin=\"round\" \/><\/svg>      <\/span>\n      <p class=\"custom-file__label\" aria-hidden=\"true\">\n        <span class=\"custom-file__title\">Bulletin Centre-ville, printemps 2024<\/span>\n        <span class=\"custom-file__size\"> &#8211; 157.37 KB<\/span>\n      <\/p>\n      <span class=\"sr-only\">\n        Download file Bulletin Centre-ville, printemps 2024 (format PDF, size 157.37 KB)      <\/span>\n    <\/a>\n  <\/div>\n  \n\n  <div class=\"custom-file-block aligndefault\" \n  >\n    <a href=\"https:\/\/www.laval.ca\/wp-content\/uploads\/2025\/02\/bulletin-centre-ville-automne-2023.pdf\" target=\"_blank\" class=\"custom-file\">\n      <span class=\"custom-file__icon\" aria-hidden=\"true\">\n        <svg width=\"30\" height=\"31\" viewBox=\"0 0 30 31\" fill=\"none\" xmlns=\"http:\/\/www.w3.org\/2000\/svg\"><path d=\"M6.2451 12.627V1.1448h13.9746m8.0494 8.0502v20.1317H6.2451v-3.2364M28.2691 9.195l-8.0494-8.0502V9.195h8.0494Z\" stroke=\"#6C6C6C\" stroke-width=\"1.5\" stroke-miterlimit=\"10\" stroke-linecap=\"round\" stroke-linejoin=\"round\" \/><path d=\"M22.2851 12.6975H1.1818v13.0058h21.1033V12.6975Z\" fill=\"#E12324\" stroke=\"#E12324\" stroke-width=\"1.5\" stroke-miterlimit=\"10\" stroke-linecap=\"round\" stroke-linejoin=\"round\" \/><path d=\"M13.8204 15.6531v5.9949m-.016-1.9942v-.0647c0-1.2568-.7593-2.0051-1.7208-2.0051-.9694 0-1.8087.7331-1.8087 2.0051v.0647c0 1.2567.7505 1.9978 1.744 1.9978.9455 0 1.7855-.7571 1.7855-1.9978Zm-9.3258 3.4343v-5.5163m.016 1.9941v.0648c0 1.2567.7592 2.0051 1.7207 2.0051.9695 0 1.8087-.7331 1.8087-2.0051v-.0648c0-1.2567-.7505-1.9978-1.744-1.9978-.9454 0-1.7854.7571-1.7854 1.9978Zm13.6843-3.9447c-.576-.1432-1.3956.0597-1.3956 1.0524v4.9746m-.6968-4.043h2.0502\" stroke=\"#fff\" stroke-miterlimit=\"10\" stroke-linecap=\"round\" stroke-linejoin=\"round\" \/><\/svg>      <\/span>\n      <p class=\"custom-file__label\" aria-hidden=\"true\">\n        <span class=\"custom-file__title\">Bulletin Centre-ville, automne 2023<\/span>\n        <span class=\"custom-file__size\"> &#8211; 421.20 KB<\/span>\n      <\/p>\n      <span class=\"sr-only\">\n        Download file Bulletin Centre-ville, automne 2023 (format PDF, size 421.20 KB)      <\/span>\n    <\/a>\n  <\/div>\n  \n<\/div>\n\n\n<div class=\"sticky-section-sidebar\"\n>\n   <div class=\"sticky-section-sidebar__inner\">\n     \n\n<p><\/p>\n\n   <\/div>\n<\/div>\n\n<\/section>\n\n\n<section class=\"mixed-carousel mixed-carousel--custom alignfull\"\n>\n    \n<div class=\"heading-with-button container\">\n      <h2 class=\"heading-with-button__title\">Pour aller plus loin<\/h2>\n    <\/div>\n    <div class=\"mixed-carousel__carousel-wrapper\">\n      <div class=\"mixed-carousel__carousel swiper\">\n        <div class=\"swiper-wrapper\">\n                      \n<div class=\"mixed-item swiper-slide aligndefault mixed-item--landscape-thumbnail\">\n  <a class=\"mixed-item__inner\" href=\"https:\/\/www.laval.ca\/en\/land-use-planning\/revitalization-projects\/centre-ville\/\">    <div class=\"mixed-item__thumbnail-wrapper\">\n      <img decoding=\"async\" width=\"609\" height=\"350\" src=\"https:\/\/www.laval.ca\/wp-content\/uploads\/2025\/02\/carre-laval-609x350-1.jpg\" class=\"attachment-medium_large size-medium_large\" alt=\"Vue d&#039;ensemble du Carr\u00e9 Laval\" sizes=\"(min-width:1216px) 430px, (min-width:1080px) 36vw, (min-width:768px) 41vw, (min-width:560px) 60vw, 85vw\" srcset=\"https:\/\/www.laval.ca\/wp-content\/uploads\/2025\/02\/carre-laval-609x350-1.jpg 609w, https:\/\/www.laval.ca\/wp-content\/uploads\/2025\/02\/carre-laval-609x350-1-300x172.jpg 300w\" \/>    <\/div>\n    <h3 class=\"mixed-item__title\"><span>Carr\u00e9 Laval<\/span><\/h3>\n          <p class=\"mixed-item__excerpt\">Discover Carr\u00e9 Laval, the future innovative eco-district in the heart of the city.<\/p>\n      <\/a><\/div>\n\n\n                  <\/div>\n      <\/div>\n    <\/div>\n    <div class=\"mixed-carousel__carousel-navigation container\">\n      <div class=\"swiper-button-prev\"><\/div>\n      <div class=\"swiper-button-next\"><\/div>\n    <\/div>\n      \n<\/section>\n","protected":false},"excerpt":{"rendered":"","protected":false},"author":34,"featured_media":0,"parent":27225,"menu_order":265,"comment_status":"closed","ping_status":"closed","template":"","meta":{"_acf_changed":false,"advgb_blocks_editor_width":"","advgb_blocks_columns_visual_guide":"","footnotes":""},"class_list":["post-27222","page","type-page","status-publish","hentry"],"pp_statuses_selecting_workflow":false,"pp_workflow_action":"current","pp_status_selection":"publish","acf":[],"coauthors":[],"author_meta":{"author_link":"https:\/\/www.laval.ca\/en\/author\/i-boucherlaval-ca\/","display_name":"i.boucher@laval.ca"},"relative_dates":{"created":"Posted 2 years ago","modified":"Updated 8 months ago"},"absolute_dates":{"created":"Posted on September 23, 2024","modified":"Updated on September 2, 2025"},"absolute_dates_time":{"created":"Posted on September 23, 2024 1:10 pm","modified":"Updated on September 2, 2025 3:14 pm"},"featured_img_caption":"","featured_img":false,"series_order":"","publishpress_future_action":{"enabled":false,"date":"2026-04-30 07:09:00","action":"change-status","newStatus":"draft","terms":[],"taxonomy":"translation_priority","extraData":[]},"publishpress_future_workflow_manual_trigger":{"enabledWorkflows":[]},"_links":{"self":[{"href":"https:\/\/www.laval.ca\/en\/wp-json\/wp\/v2\/pages\/27222","targetHints":{"allow":["GET"]}}],"collection":[{"href":"https:\/\/www.laval.ca\/en\/wp-json\/wp\/v2\/pages"}],"about":[{"href":"https:\/\/www.laval.ca\/en\/wp-json\/wp\/v2\/types\/page"}],"author":[{"embeddable":true,"href":"https:\/\/www.laval.ca\/en\/wp-json\/wp\/v2\/users\/34"}],"replies":[{"embeddable":true,"href":"https:\/\/www.laval.ca\/en\/wp-json\/wp\/v2\/comments?post=27222"}],"version-history":[{"count":9,"href":"https:\/\/www.laval.ca\/en\/wp-json\/wp\/v2\/pages\/27222\/revisions"}],"predecessor-version":[{"id":89614,"href":"https:\/\/www.laval.ca\/en\/wp-json\/wp\/v2\/pages\/27222\/revisions\/89614"}],"up":[{"embeddable":true,"href":"https:\/\/www.laval.ca\/en\/wp-json\/wp\/v2\/pages\/27225"}],"wp:attachment":[{"href":"https:\/\/www.laval.ca\/en\/wp-json\/wp\/v2\/media?parent=27222"}],"curies":[{"name":"wp","href":"https:\/\/api.w.org\/{rel}","templated":true}]}}