{"id":27196,"date":"2024-10-09T16:34:24","date_gmt":"2024-10-09T20:34:24","guid":{"rendered":"https:\/\/www.laval.ca\/journees-culture-laval\/"},"modified":"2025-05-07T10:59:50","modified_gmt":"2025-05-07T14:59:50","slug":"journees-culture-laval","status":"publish","type":"page","link":"https:\/\/www.laval.ca\/en\/culture\/cultural-activities\/cultural-events\/journees-culture-laval\/","title":{"rendered":"Journ\u00e9es de la culture"},"content":{"rendered":"<section class=\"sticky-section-group aligndefault\"\n>\n   \n<div class=\"sticky-section-main\"\n>\n   \n\n<p class=\"is-style-intro-text\">Du 26 au 28 septembre 2025, les Journ\u00e9es de la culture s\u2019emparent de Laval pour une 29<sup>e<\/sup> \u00e9dition. <\/p>\n\n\n\n<p class=\"is-style-default\">Cet \u00e9v\u00e9nement rassembleur qui revient chaque ann\u00e9e le dernier week-end de septembre propose une incursion au c\u0153ur des pratiques culturelles et artistiques. Les activit\u00e9s sont gratuites, vari\u00e9es et accessibles.\u00a0<\/p>\n\n\n\n<p>Profitez de cette occasion pour\u202f:\u00a0<\/p>\n\n\n\n<ul class=\"wp-block-list\">\n<li>rencontrer des artistes d&#8217;ici\u202fet explorer leurs univers cr\u00e9atifs\u00a0<\/li>\n\n\n\n<li>partager des moments de d\u00e9couverte\u00a0<\/li>\n\n\n\n<li>soutenir le milieu culturel et vous sensibiliser \u00e0 l\u2019importance de la culture dans notre soci\u00e9t\u00e9\u00a0<\/li>\n<\/ul>\n\n\n\n<h2 class=\"wp-block-heading\"><strong>Programmation <\/strong><\/h2>\n\n\n\n<p>En 2025, la programmation sera en ligne au mois d&#8217;ao\u00fbt.<\/p>\n\n<\/div>\n\n\n<div class=\"sticky-section-sidebar\"\n>\n   <div class=\"sticky-section-sidebar__inner\">\n     \n\n<p><\/p>\n\n   <\/div>\n<\/div>\n\n<\/section>\n<section class=\"mixed-carousel mixed-carousel--custom alignfull\"\n>\n    \n<div class=\"heading-with-button container\">\n      <h2 class=\"heading-with-button__title\">Pour aller plus loin<\/h2>\n    <\/div>\n    <div class=\"mixed-carousel__carousel-wrapper\">\n      <div class=\"mixed-carousel__carousel swiper\">\n        <div class=\"swiper-wrapper\">\n                      \n<div class=\"mixed-item swiper-slide aligndefault mixed-item--landscape-thumbnail\">\n  <a class=\"mixed-item__inner\" href=\"https:\/\/www.laval.ca\/culture\/activites-culturelles\/\">    <div class=\"mixed-item__thumbnail-wrapper\">\n      <img decoding=\"async\" width=\"395\" height=\"223\" src=\"https:\/\/www.laval.ca\/wp-content\/uploads\/2025\/02\/activite-culturelle-609-x350.jpg\" class=\"attachment-medium_large size-medium_large\" alt=\"Illustration d&#039;un musicien tenant une guitare\" sizes=\"(min-width:1216px) 430px, (min-width:1080px) 36vw, (min-width:768px) 41vw, (min-width:560px) 60vw, 85vw\" srcset=\"https:\/\/www.laval.ca\/wp-content\/uploads\/2025\/02\/activite-culturelle-609-x350.jpg 395w, https:\/\/www.laval.ca\/wp-content\/uploads\/2025\/02\/activite-culturelle-609-x350-300x169.jpg 300w\" \/>    <\/div>\n    <h3 class=\"mixed-item__title\"><span>Activit\u00e9s culturelles<\/span><\/h3>\n          <p class=\"mixed-item__excerpt\">D\u00e9couvrez des \u00e9v\u00e9nements uniques et diversifi\u00e9s, allant des spectacles aux ateliers en passant par les expositions.<\/p>\n      <\/a><\/div>\n\n\n<div class=\"mixed-item swiper-slide aligndefault mixed-item--landscape-thumbnail\">\n  <a class=\"mixed-item__inner\" href=\"https:\/\/www.laval.ca\/sports-loisirs\/inscrire-activite-sportive-culturelle-loisirs\/\">    <div class=\"mixed-item__thumbnail-wrapper\">\n      <img decoding=\"async\" width=\"609\" height=\"350\" src=\"https:\/\/www.laval.ca\/wp-content\/uploads\/2025\/02\/inscriptions-activites-sport-culture-609x350-1.jpg\" class=\"attachment-medium_large size-medium_large\" alt=\"Illustration d&#039;une ballerine et d&#039;un joueur de hockey\" sizes=\"(min-width:1216px) 430px, (min-width:1080px) 36vw, (min-width:768px) 41vw, (min-width:560px) 60vw, 85vw\" srcset=\"https:\/\/www.laval.ca\/wp-content\/uploads\/2025\/02\/inscriptions-activites-sport-culture-609x350-1.jpg 609w, https:\/\/www.laval.ca\/wp-content\/uploads\/2025\/02\/inscriptions-activites-sport-culture-609x350-1-300x172.jpg 300w\" \/>    <\/div>\n    <h3 class=\"mixed-item__title\"><span>Inscription aux activit\u00e9s de loisirs\u00a0<\/span><\/h3>\n          <p class=\"mixed-item__excerpt\">Participez \u00e0 la vie sportive et culturelle lavalloise : inscrivez-vous aux activit\u00e9s et d\u00e9couvrez nos organismes!<\/p>\n      <\/a><\/div>\n\n\n                  <\/div>\n      <\/div>\n    <\/div>\n    <div class=\"mixed-carousel__carousel-navigation container\">\n      <div class=\"swiper-button-prev\"><\/div>\n      <div class=\"swiper-button-next\"><\/div>\n    <\/div>\n      \n<\/section>\n\n<p>Cr\u00e9dit photo : Vincent Girard<\/p>\n","protected":false},"excerpt":{"rendered":"<p>Cr\u00e9dit photo : Vincent Girard<\/p>\n","protected":false},"author":34,"featured_media":0,"parent":27213,"menu_order":55,"comment_status":"closed","ping_status":"closed","template":"","meta":{"_acf_changed":false,"advgb_blocks_editor_width":"","advgb_blocks_columns_visual_guide":"","footnotes":""},"class_list":["post-27196","page","type-page","status-publish","hentry"],"pp_statuses_selecting_workflow":false,"pp_workflow_action":"current","pp_status_selection":"publish","acf":[],"coauthors":[],"author_meta":{"author_link":"https:\/\/www.laval.ca\/en\/author\/i-boucherlaval-ca\/","display_name":"i.boucher@laval.ca"},"relative_dates":{"created":"Posted 2 years ago","modified":"Updated 12 months ago"},"absolute_dates":{"created":"Posted on October 9, 2024","modified":"Updated on May 7, 2025"},"absolute_dates_time":{"created":"Posted on October 9, 2024 4:34 pm","modified":"Updated on May 7, 2025 10:59 am"},"featured_img_caption":"","featured_img":false,"series_order":"","publishpress_future_action":{"enabled":false,"date":"2026-04-28 01:10:25","action":"change-status","newStatus":"draft","terms":[],"taxonomy":"translation_priority","extraData":[]},"publishpress_future_workflow_manual_trigger":{"enabledWorkflows":[]},"_links":{"self":[{"href":"https:\/\/www.laval.ca\/en\/wp-json\/wp\/v2\/pages\/27196","targetHints":{"allow":["GET"]}}],"collection":[{"href":"https:\/\/www.laval.ca\/en\/wp-json\/wp\/v2\/pages"}],"about":[{"href":"https:\/\/www.laval.ca\/en\/wp-json\/wp\/v2\/types\/page"}],"author":[{"embeddable":true,"href":"https:\/\/www.laval.ca\/en\/wp-json\/wp\/v2\/users\/34"}],"replies":[{"embeddable":true,"href":"https:\/\/www.laval.ca\/en\/wp-json\/wp\/v2\/comments?post=27196"}],"version-history":[{"count":8,"href":"https:\/\/www.laval.ca\/en\/wp-json\/wp\/v2\/pages\/27196\/revisions"}],"predecessor-version":[{"id":89656,"href":"https:\/\/www.laval.ca\/en\/wp-json\/wp\/v2\/pages\/27196\/revisions\/89656"}],"up":[{"embeddable":true,"href":"https:\/\/www.laval.ca\/en\/wp-json\/wp\/v2\/pages\/27213"}],"wp:attachment":[{"href":"https:\/\/www.laval.ca\/en\/wp-json\/wp\/v2\/media?parent=27196"}],"curies":[{"name":"wp","href":"https:\/\/api.w.org\/{rel}","templated":true}]}}