{"id":27168,"date":"2024-10-22T13:49:22","date_gmt":"2024-10-22T17:49:22","guid":{"rendered":"https:\/\/www.laval.ca\/vente-non-paiement-taxes\/"},"modified":"2025-05-06T07:11:45","modified_gmt":"2025-05-06T11:11:45","slug":"sale-for-non-payment-of-taxes","status":"publish","type":"page","link":"https:\/\/www.laval.ca\/en\/taxes-property-evaluation\/municipal-taxes\/sale-for-non-payment-of-taxes\/","title":{"rendered":"Sale for non-payment of taxes"},"content":{"rendered":"<section class=\"sticky-section-group aligndefault\"\n>\n   \n<div class=\"sticky-section-main\"\n>\n   \n\n<p class=\"is-style-intro-text\" style=\"font-style:normal;font-weight:600\">En cas de taxes municipales impay\u00e9es, la Ville de Laval vend la propri\u00e9t\u00e9 aux ench\u00e8res. Obtenez tous les d\u00e9tails pour participer \u00e0 une vente.<\/p>\n\n\n\n<h2 class=\"wp-block-heading\"><strong>Prochaine vente \u00e0 l\u2019encan<\/strong><\/h2>\n\n\n\n<p><strong>Date\u202f<\/strong>: \u00e0 venir\u00a0<\/p>\n\n\n\n<p><strong>Lieu de la vente<\/strong>\u202f:\u00a0<br\/>Salle du conseil municipal\u00a0\u00a0<br\/><a href=\"https:\/\/goo.gl\/maps\/3EXoZJkxAffCsmzD9\" target=\"_blank\" rel=\"noreferrer noopener\">3131, boulevard Saint-Martin Ouest<\/a>\u00a0<br\/>Case postale 422\u00a0<br\/>Succursale Saint-Martin\u00a0<br\/>Laval (Qu\u00e9bec)\u00a0 H7V 3Z4\u00a0<\/p>\n\n\n\n<p>450\u00a0978-5700\u00a0<\/p>\n\n\n\n<h2 class=\"wp-block-heading\"><strong>Propri\u00e9t\u00e9s \u00e0 vendre<\/strong><\/h2>\n\n\n\n<p>La liste sera publi\u00e9e quelques jours avant la prochaine vente.<\/p>\n\n\n\n<h2 class=\"wp-block-heading\"><strong>Conditions pour ench\u00e9rir<\/strong><\/h2>\n\n\n\n<h3 class=\"wp-block-heading\"><strong>Inscription obligatoire<\/strong>\u00a0<\/h3>\n\n\n\n<p>L\u2019inscription se fait sur place (salle du conseil municipal), le <strong>jour de la vente<\/strong>, <strong>entre 8\u00a0h\u00a030 et 9\u00a0h\u00a045<\/strong>. Aucune inscription ne sera accept\u00e9e apr\u00e8s cette heure.\u00a0<\/p>\n\n\n\n<h3 class=\"wp-block-heading\">Documents \u00e0 avoir en main pour s\u2019inscrire\u00a0<\/h3>\n\n\n\n<p>Les formulaires sont aussi disponibles sur place.\u00a0<\/p>\n\n\n\n<div class=\"wp-block-vortex-blocks-accordions-group block-accordions-group accordion-container\">\n<section class=\"wp-block-vortex-blocks-accordion-item accordion ac\" id=\"vous-souhaitez-acheter-la-propriete-pour-vous\"><div class=\"accordion__accordion\"><button class=\"accordion__header-row accordion-toggle ac-header ac-trigger\"><p class=\"accordion__header__title\">Vous souhaitez acheter la propri\u00e9t\u00e9 pour vous?\u00a0<\/p><span class=\"accordion__header__icon\" role=\"presentation\"><span class=\"plus\"><\/span><\/span><\/button><div class=\"accordion__sub-rows wysiwyg ac-panel\" role=\"region\">\n\n<ul class=\"wp-block-list\">\n\n<li>Remplissez le <a href=\"https:\/\/www.laval.ca\/wp-content\/uploads\/2025\/02\/taxes-formulaire-identification-enregistrement-personne-physique.pdf\" data-type=\"attachment\" data-id=\"34217\" target=\"_blank\" rel=\"noreferrer noopener\">formulaire d\u2019identification et d\u2019enregistrement \u2013 Personne physique<\/a> (PDF, 93 ko).\u00a0<\/li>\n\n\n<li>Apportez une pi\u00e8ce d\u2019identit\u00e9 avec photo<\/li>\n\n<\/ul>\n\n<\/div><\/div><\/section>\n\n\n\n<section class=\"wp-block-vortex-blocks-accordion-item accordion ac\" id=\"strongvous-souhaitez-acheter-la-propriete-a-deux-strong\"><div class=\"accordion__accordion\"><button class=\"accordion__header-row accordion-toggle ac-header ac-trigger\"><p class=\"accordion__header__title\"><strong>Vous souhaitez acheter la propri\u00e9t\u00e9 \u00e0 deux?<\/strong>\u00a0\u00a0<\/p><span class=\"accordion__header__icon\" role=\"presentation\"><span class=\"plus\"><\/span><\/span><\/button><div class=\"accordion__sub-rows wysiwyg ac-panel\" role=\"region\">\n\n<ul class=\"wp-block-list\">\n\n<li>Remplissez le <a href=\"https:\/\/www.laval.ca\/wp-content\/uploads\/2025\/02\/taxes-formulaire-identification-plusieurs-personnes-physiques.pdf\" data-type=\"attachment\" data-id=\"34224\" target=\"_blank\" rel=\"noreferrer noopener\">formulaire d&#8217;identification et d&#8217;enregistrement pour plusieurs personnes physiques<\/a> (PDF, 95\u00a0ko).\u00a0<\/li>\n\n\n<li>Apportez une pi\u00e8ce d\u2019identit\u00e9.\u00a0<\/li>\n\n\n<li>Si vous repr\u00e9sentez une autre personne, vous devez pr\u00e9senter une procuration.\u00a0\u00a0<br\/>Voici un <a href=\"https:\/\/www.laval.ca\/wp-content\/uploads\/2025\/02\/taxe-modele-procuration.pdf\" data-type=\"attachment\" data-id=\"34230\" target=\"_blank\" rel=\"noreferrer noopener\">mod\u00e8le de procuration<\/a> (PDF, 59 ko).<\/li>\n\n<\/ul>\n\n<\/div><\/div><\/section>\n\n\n\n<section class=\"wp-block-vortex-blocks-accordion-item accordion ac\" id=\"vous-representez-une-organisation\"><div class=\"accordion__accordion\"><button class=\"accordion__header-row accordion-toggle ac-header ac-trigger\"><p class=\"accordion__header__title\">Vous repr\u00e9sentez une organisation?<\/p><span class=\"accordion__header__icon\" role=\"presentation\"><span class=\"plus\"><\/span><\/span><\/button><div class=\"accordion__sub-rows wysiwyg ac-panel\" role=\"region\">\n<p>(Personne morale, soci\u00e9t\u00e9, syndicat, association ou fiducie exploitant une entreprise commerciale)\u00a0<\/p>\n\n\n\n<ul class=\"wp-block-list\">\n<li>Remplissez le <a href=\"https:\/\/www.laval.ca\/wp-content\/uploads\/2025\/02\/taxes-formulaire-identification-enregistrement-personne-morale.pdf\" target=\"_blank\" data-type=\"attachment\" data-id=\"34984\" rel=\"noreferrer noopener\">formulaire d\u2019identification et d\u2019enregistrement \u2013 Personne morale<\/a> (PDF, 84\u00a0ko).\u00a0<\/li>\n\n\n\n<li>Apportez une pi\u00e8ce d\u2019identit\u00e9 avec photo.\u00a0<\/li>\n<\/ul>\n<\/div><\/div><\/section>\n\n\n\n<section class=\"wp-block-vortex-blocks-accordion-item accordion ac\" id=\"vous-representez-des-organisations-pour-un-achat-en-copropriete\"><div class=\"accordion__accordion\"><button class=\"accordion__header-row accordion-toggle ac-header ac-trigger\"><p class=\"accordion__header__title\">Vous repr\u00e9sentez des organisations pour un achat en copropri\u00e9t\u00e9?<\/p><span class=\"accordion__header__icon\" role=\"presentation\"><span class=\"plus\"><\/span><\/span><\/button><div class=\"accordion__sub-rows wysiwyg ac-panel\" role=\"region\">\n<p>\u00a0<br\/>(Personne morale, soci\u00e9t\u00e9, syndicat, association ou fiducie exploitant une entreprise commerciale)\u00a0<\/p>\n\n\n\n<ul class=\"wp-block-list\">\n<li>Remplissez le <a href=\"https:\/\/www.laval.ca\/wp-content\/uploads\/2025\/02\/taxes-formulaire-identification-enregistrement-plusieurs-personnes-morale.pdf\" data-type=\"attachment\" data-id=\"34990\" target=\"_blank\" rel=\"noreferrer noopener\">formulaire d\u2019identification et d\u2019enregistrement \u2013 Plusieurs personnes morales<\/a> (PDF, 86\u00a0ko).\u00a0<\/li>\n\n\n\n<li>Apportez une pi\u00e8ce d\u2019identit\u00e9 avec photo.\u00a0<\/li>\n\n\n\n<li>Apportez une copie de la pi\u00e8ce justificative vous autorisant \u00e0 agir comme mandataire.<br\/>Voici un <a href=\"https:\/\/www.laval.ca\/wp-content\/uploads\/2025\/02\/taxe-modele-procuration.pdf\" target=\"_blank\" data-type=\"attachment\" data-id=\"34230\" rel=\"noreferrer noopener\">mod\u00e8le de r\u00e9solution<\/a> (PDF, 59\u00a0ko).\u00a0<\/li>\n<\/ul>\n\n\n\n<p>Pour en savoir plus, consultez les <a href=\"https:\/\/www.laval.ca\/wp-content\/uploads\/2025\/02\/taxes-conditions-vente-paiement-vente-immeubles.pdf\" data-type=\"attachment\" data-id=\"34994\" target=\"_blank\" rel=\"noreferrer noopener\">conditions de vente<\/a> (PDF, 99 ko).\u00a0<\/p>\n<\/div><\/div><\/section>\n<\/div>\n\n\n\n<h3 class=\"wp-block-heading\"><strong>Paiement<\/strong><\/h3>\n\n\n\n<p>Le paiement par mandat-poste, traite, mandat bancaire ou ch\u00e8que vis\u00e9<sup data-fn=\"f6d4288e-dc96-472c-9c09-ca807d5ae5a7\" class=\"fn\"><a href=\"#f6d4288e-dc96-472c-9c09-ca807d5ae5a7\" id=\"f6d4288e-dc96-472c-9c09-ca807d5ae5a7-link\">1<\/a><\/sup> est \u00e0 privil\u00e9gier. Il se fait \u00e0 l\u2019ordre de la Ville de Laval.\u00a0<\/p>\n\n\n\n<p>Dans le cas o\u00f9 le montant vers\u00e9 d\u00e9passe le prix d\u2019adjudication, la Ville envoie un ch\u00e8que pour rembourser l\u2019exc\u00e9dent dans les 10\u00a0jours suivant la vente.\u00a0<\/p>\n\n\n\n<p>Le paiement en argent comptant est autoris\u00e9.<\/p>\n\n\n\n<p><strong>\u00c0 consulter\u202f:<\/strong>\u00a0<\/p>\n\n\n\n<p><a href=\"https:\/\/www.legisquebec.gouv.qc.ca\/fr\/document\/lc\/C-19\" target=\"_blank\" rel=\"noreferrer noopener\">Loi sur les cit\u00e9s et les villes<\/a>\u00a0<\/p>\n\n<\/div>\n\n\n<div class=\"sticky-section-sidebar\"\n>\n   <div class=\"sticky-section-sidebar__inner\">\n     \n<div class=\"sidebar-cta-wrapper aligndefault\">\n   <div class=\"sidebar-cta\">\n     \n  <div class=\"theme-icon aligndefault theme-icon--colored\">\n    <span class=\"theme-icon__icon icon icon-taxe\"><\/span>\n  <\/div>\n  \n\n\n<p class=\"has-xlarge-font-size\"><strong>Nous joindre<\/strong><\/p>\n\n\n\n<p><strong>\u200b\u200b\u200b\u200b\u200b<\/strong>Service des finances\u00a0<\/p>\n\n\n\n<p><a href=\"http:\/\/maps.google.com\/maps?q=1333%2c+boul.+Chomedey%2c++Laval+%28Qu%C3%A9bec%29+H7V+3Z4&amp;hl=fr&amp;ie=UTF8&amp;ll=45.550437%2c-73.74326&amp;spn=0.008565%2c0.013154&amp;sll=37.0625%2c-95.677068&amp;sspn=39.592876%2c53.876953&amp;hnear=1333+Boulevard+Chomedey%2c+Laval%2c+Qu%C3%A9bec+H7V+3Y1%2c+Canada&amp;t=m&amp;z=16&amp;iwloc=A\" target=\"_blank\" rel=\"noreferrer noopener\">1333, boulevard Chomedey<\/a>\u00a0<br \/>Bureau 101\u00a0<\/p>\n\n\n\n<p>Case postale 422\u00a0\u00a0<br \/>Succursale Saint-Martin\u00a0<br \/>Laval (Qu\u00e9bec)\u00a0 H7V 3Z4\u00a0<\/p>\n\n\n\n<p>450 978-5700<\/p>\n\n   <\/div>\n<\/div>\n\n   <\/div>\n<\/div>\n\n<\/section>\n<section class=\"mixed-carousel mixed-carousel--custom alignfull\"\n>\n    \n<div class=\"heading-with-button container\">\n      <h2 class=\"heading-with-button__title\">Pour aller plus loin<\/h2>\n    <\/div>\n    <div class=\"mixed-carousel__carousel-wrapper\">\n      <div class=\"mixed-carousel__carousel swiper\">\n        <div class=\"swiper-wrapper\">\n                      \n<div class=\"mixed-item swiper-slide aligndefault mixed-item--landscape-thumbnail\">\n  <a class=\"mixed-item__inner\" href=\"https:\/\/www.laval.ca\/taxes-evaluation-fonciere\/evaluation-fonciere\/role-evaluation-fonciere\/\">    <div class=\"mixed-item__thumbnail-wrapper\">\n      <img decoding=\"async\" width=\"768\" height=\"442\" src=\"https:\/\/www.laval.ca\/wp-content\/uploads\/2025\/02\/consulter-evaluation-taxation-768x442.jpg\" class=\"attachment-medium_large size-medium_large\" alt=\"\" sizes=\"(min-width:1216px) 430px, (min-width:1080px) 36vw, (min-width:768px) 41vw, (min-width:560px) 60vw, 85vw\" srcset=\"https:\/\/www.laval.ca\/wp-content\/uploads\/2025\/02\/consulter-evaluation-taxation-768x442.jpg 768w, https:\/\/www.laval.ca\/wp-content\/uploads\/2025\/02\/consulter-evaluation-taxation-300x173.jpg 300w, https:\/\/www.laval.ca\/wp-content\/uploads\/2025\/02\/consulter-evaluation-taxation-1024x589.jpg 1024w, https:\/\/www.laval.ca\/wp-content\/uploads\/2025\/02\/consulter-evaluation-taxation.jpg 1216w\" \/>    <\/div>\n    <h3 class=\"mixed-item__title\"><span>\u00c9valuation fonci\u00e8re\u202f <\/span><\/h3>\n          <p class=\"mixed-item__excerpt\">Apprenez-en plus sur le lien entre l\u2019\u00e9valuation et votre compte de taxes.\u202f <\/p>\n      <\/a><\/div>\n\n\n<div class=\"mixed-item swiper-slide aligndefault mixed-item--landscape-thumbnail\">\n  <a class=\"mixed-item__inner\" href=\"https:\/\/www.laval.ca\/reglements-permis\/trouver-mon-permis\/\">    <div class=\"mixed-item__thumbnail-wrapper\">\n      <img decoding=\"async\" width=\"609\" height=\"350\" src=\"https:\/\/www.laval.ca\/wp-content\/uploads\/2025\/02\/permis-illustration-395x222-1.jpg\" class=\"attachment-medium_large size-medium_large\" alt=\"Permis \u00e0 la Ville de Laval\" sizes=\"(min-width:1216px) 430px, (min-width:1080px) 36vw, (min-width:768px) 41vw, (min-width:560px) 60vw, 85vw\" srcset=\"https:\/\/www.laval.ca\/wp-content\/uploads\/2025\/02\/permis-illustration-395x222-1.jpg 609w, https:\/\/www.laval.ca\/wp-content\/uploads\/2025\/02\/permis-illustration-395x222-1-300x172.jpg 300w\" \/>    <\/div>\n    <h3 class=\"mixed-item__title\"><span>Besoin d&#039;un permis ou non ? <\/span><\/h3>\n          <p class=\"mixed-item__excerpt\">Consultez notre index et trouvez le permis exact dont vous avez besoin.<\/p>\n      <\/a><\/div>\n\n\n                  <\/div>\n      <\/div>\n    <\/div>\n    <div class=\"mixed-carousel__carousel-navigation container\">\n      <div class=\"swiper-button-prev\"><\/div>\n      <div class=\"swiper-button-next\"><\/div>\n    <\/div>\n      \n<\/section>\n<ol class=\"wp-block-footnotes\"><li id=\"f6d4288e-dc96-472c-9c09-ca807d5ae5a7\">Ch\u00e8que garantissant que les fonds ont d\u00e9j\u00e0 \u00e9t\u00e9 retir\u00e9s du compte de la personne physique ou morale qui a fait le ch\u00e8que et qu&#8217;ils seront bloqu\u00e9s jusqu&#8217;\u00e0 ce que le b\u00e9n\u00e9ficiaire, soit la Ville, l&#8217;encaisse.\u00a0 <a href=\"#f6d4288e-dc96-472c-9c09-ca807d5ae5a7-link\" aria-label=\"Jump to footnote reference 1\">\u21a9\ufe0e<\/a><\/li><\/ol>\n<p><\/p>\n","protected":false},"excerpt":{"rendered":"","protected":false},"author":34,"featured_media":0,"parent":27169,"menu_order":235,"comment_status":"closed","ping_status":"closed","template":"","meta":{"_acf_changed":false,"advgb_blocks_editor_width":"","advgb_blocks_columns_visual_guide":"","footnotes":"[{\"content\":\"Ch\u00e8que garantissant que les fonds ont d\u00e9j\u00e0 \u00e9t\u00e9 retir\u00e9s du compte de la personne physique ou morale qui a fait le ch\u00e8que et qu'ils seront bloqu\u00e9s jusqu'\u00e0 ce que le b\u00e9n\u00e9ficiaire, soit la Ville, l'encaisse.\u00a0\",\"id\":\"f6d4288e-dc96-472c-9c09-ca807d5ae5a7\"}]"},"class_list":["post-27168","page","type-page","status-publish","hentry"],"pp_statuses_selecting_workflow":false,"pp_workflow_action":"current","pp_status_selection":"publish","acf":[],"coauthors":[],"author_meta":{"author_link":"https:\/\/www.laval.ca\/en\/author\/i-boucherlaval-ca\/","display_name":"i.boucher@laval.ca"},"relative_dates":{"created":"Posted 1 year ago","modified":"Updated 11 months ago"},"absolute_dates":{"created":"Posted on October 22, 2024","modified":"Updated on May 6, 2025"},"absolute_dates_time":{"created":"Posted on October 22, 2024 1:49 pm","modified":"Updated on May 6, 2025 7:11 am"},"featured_img_caption":"","featured_img":false,"series_order":"","publishpress_future_action":{"enabled":false,"date":"2026-04-22 17:24:56","action":"change-status","newStatus":"draft","terms":[],"taxonomy":"translation_priority","extraData":[]},"publishpress_future_workflow_manual_trigger":{"enabledWorkflows":[]},"_links":{"self":[{"href":"https:\/\/www.laval.ca\/en\/wp-json\/wp\/v2\/pages\/27168","targetHints":{"allow":["GET"]}}],"collection":[{"href":"https:\/\/www.laval.ca\/en\/wp-json\/wp\/v2\/pages"}],"about":[{"href":"https:\/\/www.laval.ca\/en\/wp-json\/wp\/v2\/types\/page"}],"author":[{"embeddable":true,"href":"https:\/\/www.laval.ca\/en\/wp-json\/wp\/v2\/users\/34"}],"replies":[{"embeddable":true,"href":"https:\/\/www.laval.ca\/en\/wp-json\/wp\/v2\/comments?post=27168"}],"version-history":[{"count":8,"href":"https:\/\/www.laval.ca\/en\/wp-json\/wp\/v2\/pages\/27168\/revisions"}],"predecessor-version":[{"id":67455,"href":"https:\/\/www.laval.ca\/en\/wp-json\/wp\/v2\/pages\/27168\/revisions\/67455"}],"up":[{"embeddable":true,"href":"https:\/\/www.laval.ca\/en\/wp-json\/wp\/v2\/pages\/27169"}],"wp:attachment":[{"href":"https:\/\/www.laval.ca\/en\/wp-json\/wp\/v2\/media?parent=27168"}],"curies":[{"name":"wp","href":"https:\/\/api.w.org\/{rel}","templated":true}]}}