{"id":27167,"date":"2024-10-22T14:26:41","date_gmt":"2024-10-22T18:26:41","guid":{"rendered":"https:\/\/www.laval.ca\/taxes-evaluation-fonciere\/droits-de-mutation-immobiliere-2\/"},"modified":"2025-08-28T15:27:21","modified_gmt":"2025-08-28T19:27:21","slug":"real-estate-transfer-rights","status":"publish","type":"page","link":"https:\/\/www.laval.ca\/en\/taxes-property-evaluation\/real-estate-transfer-rights\/","title":{"rendered":"Real estate transfer rights"},"content":{"rendered":"","protected":false},"excerpt":{"rendered":"","protected":false},"author":34,"featured_media":0,"parent":27151,"menu_order":0,"comment_status":"closed","ping_status":"closed","template":"","meta":{"_acf_changed":false,"advgb_blocks_editor_width":"","advgb_blocks_columns_visual_guide":"","footnotes":"[{\"content\":\"<a href=\\\"https:\/\/www.legisquebec.gouv.qc.ca\/fr\/document\/lc\/D-15.1\\\" target=\\\"_blank\\\" rel=\\\"noreferrer noopener\\\">Loi concernant les droits sur les mutations immobili\u00e8res<\/a>.\u00a0\",\"id\":\"937cafcf-6516-4ba1-b624-32f8188537d4\"},{\"content\":\"Le facteur comparatif est d\u00e9termin\u00e9 par le <a href=\\\"https:\/\/www.quebec.ca\/habitation-territoire\/information-fonciere\/evaluation-fonciere\/proportions-medianes\/trouver-proportion-mediane?tab=city&amp;city=Laval+-+65005&amp;year=2025\\\" target=\\\"_blank\\\" rel=\\\"noreferrer noopener\\\">minist\u00e8re des Affaires municipales et de l\u2019habitation<\/a>.\",\"id\":\"c0edbdad-3aa5-41ef-ad80-349338134c27\"},{\"content\":\"L\u2019indexation est publi\u00e9e dans la Gazette officielle du Qu\u00e9bec avant le 1<sup>er<\/sup> juillet pour \u00eatre appliqu\u00e9e le 1<sup>er<\/sup> janvier suivant.\u00a0\",\"id\":\"21e37b5f-1be2-4924-a878-ae004857d21d\"},{\"content\":\"La Loi concernant les droits sur les mutations immobili\u00e8res (D-15.1) consid\u00e8re comme \u00ab conjoints \u00bb : outre les \u00e9poux et conjoints unis civilement, deux personnes qui, \u00e0 la date du transfert, vivent maritalement l'une avec l'autre et qui ont v\u00e9cu maritalement l'une avec l'autre tout au long d'une p\u00e9riode de 12 mois se terminant avant la date du transfert ou sont les parents d'un m\u00eame enfant.\",\"id\":\"ad3532b6-21ac-4c04-b4f3-d326c05c36df\"}]"},"class_list":["post-27167","page","type-page","status-publish","hentry"],"pp_statuses_selecting_workflow":false,"pp_workflow_action":"current","pp_status_selection":"publish","acf":[],"coauthors":[],"author_meta":{"author_link":"https:\/\/www.laval.ca\/en\/author\/i-boucherlaval-ca\/","display_name":"i.boucher@laval.ca"},"relative_dates":{"created":"Posted 1 year ago","modified":"Updated 8 months ago"},"absolute_dates":{"created":"Posted on October 22, 2024","modified":"Updated on August 28, 2025"},"absolute_dates_time":{"created":"Posted on October 22, 2024 2:26 pm","modified":"Updated on August 28, 2025 3:27 pm"},"featured_img_caption":"","featured_img":false,"series_order":"","publishpress_future_action":{"enabled":false,"date":"2026-04-28 22:03:09","action":"change-status","newStatus":"draft","terms":[],"taxonomy":"translation_priority","extraData":[]},"publishpress_future_workflow_manual_trigger":{"enabledWorkflows":[]},"_links":{"self":[{"href":"https:\/\/www.laval.ca\/en\/wp-json\/wp\/v2\/pages\/27167","targetHints":{"allow":["GET"]}}],"collection":[{"href":"https:\/\/www.laval.ca\/en\/wp-json\/wp\/v2\/pages"}],"about":[{"href":"https:\/\/www.laval.ca\/en\/wp-json\/wp\/v2\/types\/page"}],"author":[{"embeddable":true,"href":"https:\/\/www.laval.ca\/en\/wp-json\/wp\/v2\/users\/34"}],"replies":[{"embeddable":true,"href":"https:\/\/www.laval.ca\/en\/wp-json\/wp\/v2\/comments?post=27167"}],"version-history":[{"count":8,"href":"https:\/\/www.laval.ca\/en\/wp-json\/wp\/v2\/pages\/27167\/revisions"}],"predecessor-version":[{"id":89131,"href":"https:\/\/www.laval.ca\/en\/wp-json\/wp\/v2\/pages\/27167\/revisions\/89131"}],"up":[{"embeddable":true,"href":"https:\/\/www.laval.ca\/en\/wp-json\/wp\/v2\/pages\/27151"}],"wp:attachment":[{"href":"https:\/\/www.laval.ca\/en\/wp-json\/wp\/v2\/media?parent=27167"}],"curies":[{"name":"wp","href":"https:\/\/api.w.org\/{rel}","templated":true}]}}