{"id":27129,"date":"2024-11-06T12:51:00","date_gmt":"2024-11-06T17:51:00","guid":{"rendered":"https:\/\/www.laval.ca\/lutte-contre-pauvrete\/"},"modified":"2025-09-02T14:46:15","modified_gmt":"2025-09-02T18:46:15","slug":"fighting-poverty","status":"publish","type":"page","link":"https:\/\/www.laval.ca\/en\/support-funding\/fighting-poverty\/","title":{"rendered":"Fighting poverty"},"content":{"rendered":"<section class=\"sticky-section-group aligndefault\"\n>\n   \n<div class=\"sticky-section-main\"\n>\n   \n\n<p class=\"is-style-intro-text\">La Ville de Laval travaille en \u00e9troite concertation avec ses partenaires communautaires et institutionnels pour lutter contre la pauvrete\u0301 et soutenir les personnes en situation de vuln\u00e9rabilit\u00e9.\u00a0<\/p>\n\n\n\n<h2 class=\"wp-block-heading\">Portrait de la pauvret\u00e9 \u00e0 Laval<\/h2>\n\n\n\n<p>Ces derni\u00e8res ann\u00e9es, la pand\u00e9mie de la Covid-19, l\u2019inflation et la crise du logement ont entra\u00een\u00e9 une augmentation du nombre de personnes qui vivent en situation de vuln\u00e9rabilit\u00e9 et d\u2019exclusion sociale \u00e0 Laval.\u00a0<\/p>\n\n\n\n<p>La pauvret\u00e9 est pr\u00e9sente sur l\u2019ensemble de notre territoire. Cependant, elle est plus marqu\u00e9e dans les quartiers centraux-sud\u00a0: Pont-Viau, Chomedey et Laval-des-Rapides, ainsi que dans l\u2019Est de la ville, \u00e0 Saint-Fran\u00e7ois et Saint-Vincent-de-Paul.\u00a0\u00a0<\/p>\n\n\n\n<p>Elle touche plus particuli\u00e8rement\u00a0:\u00a0<\/p>\n\n\n\n<ul class=\"wp-block-list\">\n<li>Les personnes seules.\u00a0\u00a0<\/li>\n<\/ul>\n\n\n\n<ul class=\"wp-block-list\">\n<li>Les familles monoparentales.\u00a0<\/li>\n<\/ul>\n\n\n\n<ul class=\"wp-block-list\">\n<li>Les personnes issues de l\u2019immigration ou nouvellement arriv\u00e9es au Qu\u00e9bec.\u00a0<\/li>\n<\/ul>\n\n\n\n<ul class=\"wp-block-list\">\n<li>Les personnes a\u00een\u00e9es.\u00a0<\/li>\n<\/ul>\n\n\n\n<ul class=\"wp-block-list\">\n<li>Les jeunes.\u00a0<\/li>\n<\/ul>\n\n\n\n<ul class=\"wp-block-list\">\n<li>Les personnes en situation d\u2019itin\u00e9rance.\u00a0<\/li>\n<\/ul>\n\n\n\n<div class=\"wp-block-group has-section-light-color has-section-dark-background-color has-text-color has-background has-link-color wp-elements-b726f857284b04f1cc6ff4055a450cde is-layout-constrained wp-container-core-group-is-layout-92b9201d wp-block-group-is-layout-constrained\">\n<h2 class=\"wp-block-heading has-text-align-center has-section-light-color has-text-color has-link-color wp-elements-b45c24604ebbd001db915b919ed74c20\">Le saviez vous?<\/h2>\n\n\n\n<hr class=\"wp-block-separator has-text-color has-section-light-color has-alpha-channel-opacity has-section-light-background-color has-background is-style-default\"\/>\n\n\n\n<h1 class=\"wp-block-heading has-text-align-center has-section-light-color has-text-color has-link-color wp-elements-7d2c519da7a6c5b47ff0f628dca3e7f0\">37\u00a0505<\/h1>\n\n\n\n<p class=\"has-text-align-center has-section-light-color has-text-color has-link-color wp-elements-e061dd2ae4a3174b038f29dc2f590228\">personnes vivent sous la mesure de faible revenu apr\u00e8s imp\u00f4t (MFR-50) \u00e0 Laval, soit 8,7\u00a0% de notre population.<sup data-fn=\"b994f027-289e-4d64-86b9-28030c23df9f\" class=\"fn\"><a href=\"#b994f027-289e-4d64-86b9-28030c23df9f\" id=\"b994f027-289e-4d64-86b9-28030c23df9f-link\">1<\/a><\/sup><\/p>\n<\/div>\n\n\n\n<h2 class=\"wp-block-heading\">Priorit\u00e9s de la Ville de Laval pour lutter contre la pauvret\u00e9<\/h2>\n\n\n\n<p>La Ville de Laval appuie les objectifs du gouvernement du Qu\u00e9bec en mati\u00e8re de lutte contre la pauvret\u00e9 et l\u2019exclusion sociale. Elle contribue \u00e0 r\u00e9pondre aux besoins de ses citoyennes et citoyens les plus vuln\u00e9rables, pour\u00a0:\u00a0<\/p>\n\n\n\n<ul class=\"wp-block-list\">\n<li>Assurer leur s\u00e9curit\u00e9 et leur dignit\u00e9.\u00a0<\/li>\n<\/ul>\n\n\n\n<ul class=\"wp-block-list\">\n<li>Am\u00e9liorer leurs conditions de vie.\u00a0<\/li>\n<\/ul>\n\n\n\n<ul class=\"wp-block-list\">\n<li>Soutenir leur int\u00e9gration et leur inclusion dans la soci\u00e9t\u00e9.\u00a0<\/li>\n<\/ul>\n\n\n\n<p>Voici un aper\u00e7u de nos priorit\u00e9s d\u2019intervention\u00a0:\u00a0<\/p>\n\n\n\n<h3 class=\"wp-block-heading\">S\u00e9curit\u00e9 alimentaire<\/h3>\n\n\n\n<ul class=\"wp-block-list\">\n<li>Am\u00e9liorer l\u2019acc\u00e8s de toutes et tous \u00e0 des produits alimentaires frais et abordables.<\/li>\n<\/ul>\n\n\n\n<h3 class=\"wp-block-heading\">Logement<\/h3>\n\n\n\n<ul class=\"wp-block-list\">\n<li>Assurer l\u2019acc\u00e8s \u00e0 des logements salubres, s\u00e9curitaires et abordables.\u00a0<\/li>\n<\/ul>\n\n\n\n<ul class=\"wp-block-list\">\n<li>Favoriser la stabilit\u00e9 r\u00e9sidentielle des personnes vuln\u00e9rables.\u00a0<\/li>\n<\/ul>\n\n\n\n<h3 class=\"wp-block-heading\">Sant\u00e9<\/h3>\n\n\n\n<ul class=\"wp-block-list\">\n<li>Encourager les saines habitudes de vie\u00a0: acc\u00e8s \u00e0 des activit\u00e9s de loisirs, de sport et de plein air, \u00e0 une alimentation saine, etc.\u00a0\u00a0<\/li>\n<\/ul>\n\n\n\n<ul class=\"wp-block-list\">\n<li>Assurer l&#8217;acc\u00e8s \u00e0 des services sociaux et de sant\u00e9 de proximit\u00e9.\u00a0<\/li>\n<\/ul>\n\n\n\n<h3 class=\"wp-block-heading\">Travail et emploi<\/h3>\n\n\n\n<ul class=\"wp-block-list\">\n<li>Encourager l\u2019acc\u00e8s et le maintien en emploi des personnes \u00e9loign\u00e9es ou sous-repr\u00e9sent\u00e9es sur le march\u00e9 du travail.<\/li>\n<\/ul>\n\n\n\n<h3 class=\"wp-block-heading\">\u00c9ducation<\/h3>\n\n\n\n<ul class=\"wp-block-list\">\n<li>Soutenir la formation, la r\u00e9ussite et la qualification des personnes en situation de vuln\u00e9rabilit\u00e9.<\/li>\n<\/ul>\n\n\n\n<h3 class=\"wp-block-heading\">R\u00e9seaux personnels et institutionnels<\/h3>\n\n\n\n<ul class=\"wp-block-list\">\n<li>Mettre en r\u00e9seau les citoyennes et les citoyens sur notre territoire.\u00a0<\/li>\n<\/ul>\n\n\n\n<ul class=\"wp-block-list\">\n<li>Favoriser les relations de voisinage.\u00a0<\/li>\n<\/ul>\n\n\n\n<ul class=\"wp-block-list\">\n<li>Soutenir l\u2019action communautaire et encourager l\u2019engagement b\u00e9n\u00e9vole aupr\u00e8s des personnes vuln\u00e9rables.\u00a0<\/li>\n<\/ul>\n\n\n\n<h2 class=\"wp-block-heading\">Exemples de projets mis en \u0153uvre \u00e0 Laval<\/h2>\n\n\n\n<p>La Ville de Laval, agit depuis\u00a02018 en tant que mandataire et fiduciaire pour la gestion du Fonds qu\u00e9b\u00e9cois d&#8217;initiatives sociales (FQIS) pour la r\u00e9gion de Laval. C&#8217;est dans ce contexte que la Ville de Laval signe des ententes administratives sur la gestion du Fonds qu\u00e9b\u00e9cois d&#8217;initiatives sociales dans le cadre des Alliances pour la solidarit\u00e9. \u00c0 ce levier financier, s&#8217;ajoute des sommes provenant d&#8217;ententes entre la Ville de Laval et le CISSS.\u00a0<\/p>\n\n\n\n  <div class=\"notification-message notification-message__bg-alert-circle\" \n  >\n   <div class=\"notification-message__inner-container\">\n    <div class=\"notification-message__heading\">\n              <span class=\"notification-message__icon icon icon-alert-circle\"><\/span>\n                    <p class=\"notification-message__title\">Avis important<\/p>\n          <\/div>\n          <div class=\"notification-message__text\">\n        <p>Les organismes communautaires jouent un r\u00f4le essentiel pour lutter contre la pauvret\u00e9 et l\u2019exclusion sociale \u00e0 Laval. Ils interviennent directement aupr\u00e8s des populations vuln\u00e9rables afin d\u2019am\u00e9liorer leur qualit\u00e9 de vie.<\/p>\n<p><a href=\"https:\/\/www.211qc.ca\/recherche?cat-id=11&amp;field11=&amp;field12=&amp;field13=&amp;serve=&amp;lng=-0.7670205999999999&amp;lat=48.0783712&amp;place=laval\" target=\"_blank\" rel=\"noopener\">Trouver un organisme communautaire \u00e0 Laval<\/a><\/p>\n      <\/div>\n      <\/div>\n  <\/div>\n\n\n\n<h3 class=\"wp-block-heading\">Virage num\u00e9rique du projet Confidences \u00e0 un dauphin<\/h3>\n\n\n\n<p>Port\u00e9 par la <a href=\"https:\/\/maisondesenfants.qc.ca\/\" target=\"_blank\" rel=\"noreferrer noopener\">Maison des enfants le Dauphin<\/a>, le Projet Confidences \u00e0 un dauphin vise \u00e0 identifier des situations pr\u00e9occupantes et \u00e0 r\u00e9unir des intervenantes et des intervenants du milieu autour des enfants dont la s\u00e9curit\u00e9 et le d\u00e9veloppement sont compromis.\u00a0<\/p>\n\n\n\n<p>Le virage num\u00e9rique et le recrutement de nouveaux b\u00e9n\u00e9voles ont permis d\u2019initier un service de courrier confidentiel dans 6\u00a0nouvelles \u00e9coles primaires de Laval.\u00a0\u00a0<\/p>\n\n\n\n<p>Au total, plus de 2\u00a0600\u00a0enfants ont b\u00e9n\u00e9fici\u00e9 de ce projet.<\/p>\n\n\n\n<h3 class=\"wp-block-heading\">Cultures urbaines et solidaires<\/h3>\n\n\n\n<p>Le projet Cultures urbaines et solidaires<strong> <\/strong>a permis d\u2019optimiser les exploitations agricoles rurales et urbaines communautaires gr\u00e2ce \u00e0 la mise en commun de ressources humaines et mat\u00e9rielles.\u00a0\u00a0<\/p>\n\n\n\n<p>Les r\u00e9coltes obtenues dans le cadre de ce projet ont \u00e9t\u00e9 distribu\u00e9es gratuitement \u00e0 une vingtaine d\u2019organismes \u0153uvrant directement aupr\u00e8s de Lavalloises et des Lavallois en situation d\u2019ins\u00e9curit\u00e9 alimentaire.\u00a0\u00a0<\/p>\n\n\n\n<p>Entre\u00a02020 et\u00a02023, plus de 32\u00a0tonnes de l\u00e9gumes biologiques ont ainsi \u00e9t\u00e9 distribu\u00e9es.<\/p>\n\n<\/div>\n\n\n<div class=\"sticky-section-sidebar\"\n>\n   <div class=\"sticky-section-sidebar__inner\">\n     \n<div class=\"sidebar-cta-wrapper aligndefault\">\n   <div class=\"sidebar-cta\">\n     \n  <div class=\"theme-icon aligndefault theme-icon--colored\">\n    <span class=\"theme-icon__icon icon icon-alert-circle\"><\/span>\n  <\/div>\n  \n\n\n<p class=\"has-xlarge-font-size\"><strong>Obtenir de l\u2019aide<\/strong><\/p>\n\n\n\n<p>Trouvez un organisme communautaire \u00e0 Laval.<\/p>\n\n\n\n<div class=\"wp-block-buttons is-layout-flex wp-block-buttons-is-layout-flex\">\n<div class=\"wp-block-button is-style-fill\"><a class=\"wp-block-button__link wp-element-button\" href=\"https:\/\/www.211qc.ca\/recherche?cat-id=11&amp;field11=&amp;field12=&amp;field13=&amp;serve=&amp;lng=-0.7670205999999999&amp;lat=48.0783712&amp;place=laval\" target=\"_blank\" rel=\"noreferrer noopener\">Consulter le r\u00e9pertoire 211<\/a><\/div>\n<\/div>\n\n   <\/div>\n<\/div>\n\n   <\/div>\n<\/div>\n\n<\/section>\n<ol class=\"wp-block-footnotes\"><li id=\"b994f027-289e-4d64-86b9-28030c23df9f\">Direction de sant\u00e9 publique, CISSS de Laval, Recensement de\u00a02021. <a href=\"#b994f027-289e-4d64-86b9-28030c23df9f-link\" aria-label=\"Jump to footnote reference 1\">\u21a9\ufe0e<\/a><\/li><\/ol><section class=\"mixed-carousel mixed-carousel--custom alignfull\"\n>\n    \n<div class=\"heading-with-button container\">\n      <h2 class=\"heading-with-button__title\">Pour aller plus loin<\/h2>\n    <\/div>\n    <div class=\"mixed-carousel__carousel-wrapper\">\n      <div class=\"mixed-carousel__carousel swiper\">\n        <div class=\"swiper-wrapper\">\n                      \n<div class=\"mixed-item swiper-slide aligndefault mixed-item--landscape-thumbnail\">\n  <a class=\"mixed-item__inner\" href=\"\">    <div class=\"mixed-item__thumbnail-wrapper\">\n      <img decoding=\"async\" src=\"https:\/\/www.laval.ca\/wp-content\/themes\/laval.ca\/dist\/images\/defaults\/default.jpg\" alt=\"\">    <\/div>\n    <h3 class=\"mixed-item__title\"><span>Politique r\u00e9gionale de d\u00e9veloppement social<\/span><\/h3>\n          <p class=\"mixed-item__excerpt\">Apprenez-en plus sur les orientations, les priorit\u00e9s et les actions en place pour lutter contre la pauvret\u00e9 \u00e0 Laval. <\/p>\n      <\/a><\/div>\n\n\n<div class=\"mixed-item swiper-slide aligndefault mixed-item--landscape-thumbnail\">\n  <a class=\"mixed-item__inner\" href=\"https:\/\/www.securitealimentairelaval.org\/casal\/ressources\/repertoire\/\" target=\"_blank\" rel=\"noopener\">    <div class=\"mixed-item__thumbnail-wrapper\">\n      <img decoding=\"async\" src=\"https:\/\/www.laval.ca\/wp-content\/themes\/laval.ca\/dist\/images\/defaults\/default.jpg\" alt=\"\">    <\/div>\n    <h3 class=\"mixed-item__title\"><span>S\u00e9curit\u00e9 alimentaire<\/span><\/h3>\n          <p class=\"mixed-item__excerpt\">Consultez le r\u00e9pertoire des ressources en s\u00e9curit\u00e9 alimentaire de Laval. <\/p>\n      <\/a><\/div>\n\n\n<div class=\"mixed-item swiper-slide aligndefault mixed-item--landscape-thumbnail\">\n  <a class=\"mixed-item__inner\" href=\"https:\/\/www.laval.ca\/aides-subventions\/habitation-logement\/trouver-logement-laval\/logements-sociaux-communautaires\/\">    <div class=\"mixed-item__thumbnail-wrapper\">\n      <img decoding=\"async\" src=\"https:\/\/www.laval.ca\/wp-content\/themes\/laval.ca\/dist\/images\/defaults\/default.jpg\" alt=\"\">    <\/div>\n    <h3 class=\"mixed-item__title\"><span>Logements sociaux et communautaires <\/span><\/h3>\n          <p class=\"mixed-item__excerpt\">D\u00e9couvrez l\u2019offre de logements sociaux et communautaires \u00e0 Laval. <\/p>\n      <\/a><\/div>\n\n\n                  <\/div>\n      <\/div>\n    <\/div>\n    <div class=\"mixed-carousel__carousel-navigation container\">\n      <div class=\"swiper-button-prev\"><\/div>\n      <div class=\"swiper-button-next\"><\/div>\n    <\/div>\n      \n<\/section>\n\n<p>Illustration : Delphine Meieur, [d\u00e9tail], 2024<\/p>\n","protected":false},"excerpt":{"rendered":"<p>Illustration : Delphine Meieur, [d\u00e9tail], 2024<\/p>\n","protected":false},"author":34,"featured_media":0,"parent":27165,"menu_order":222,"comment_status":"closed","ping_status":"closed","template":"","meta":{"_acf_changed":false,"advgb_blocks_editor_width":"","advgb_blocks_columns_visual_guide":"","footnotes":"[{\"content\":\"Direction de sant\u00e9 publique, CISSS de Laval, Recensement de\u00a02021.\",\"id\":\"b994f027-289e-4d64-86b9-28030c23df9f\"}]"},"class_list":["post-27129","page","type-page","status-publish","hentry"],"pp_statuses_selecting_workflow":false,"pp_workflow_action":"current","pp_status_selection":"publish","acf":[],"coauthors":[],"author_meta":{"author_link":"https:\/\/www.laval.ca\/en\/author\/i-boucherlaval-ca\/","display_name":"i.boucher@laval.ca"},"relative_dates":{"created":"Posted 1 year ago","modified":"Updated 8 months ago"},"absolute_dates":{"created":"Posted on November 6, 2024","modified":"Updated on September 2, 2025"},"absolute_dates_time":{"created":"Posted on November 6, 2024 12:51 pm","modified":"Updated on September 2, 2025 2:46 pm"},"featured_img_caption":"","featured_img":false,"series_order":"","publishpress_future_action":{"enabled":false,"date":"2026-04-29 01:36:20","action":"change-status","newStatus":"draft","terms":[],"taxonomy":"translation_priority","extraData":[]},"publishpress_future_workflow_manual_trigger":{"enabledWorkflows":[]},"_links":{"self":[{"href":"https:\/\/www.laval.ca\/en\/wp-json\/wp\/v2\/pages\/27129","targetHints":{"allow":["GET"]}}],"collection":[{"href":"https:\/\/www.laval.ca\/en\/wp-json\/wp\/v2\/pages"}],"about":[{"href":"https:\/\/www.laval.ca\/en\/wp-json\/wp\/v2\/types\/page"}],"author":[{"embeddable":true,"href":"https:\/\/www.laval.ca\/en\/wp-json\/wp\/v2\/users\/34"}],"replies":[{"embeddable":true,"href":"https:\/\/www.laval.ca\/en\/wp-json\/wp\/v2\/comments?post=27129"}],"version-history":[{"count":6,"href":"https:\/\/www.laval.ca\/en\/wp-json\/wp\/v2\/pages\/27129\/revisions"}],"predecessor-version":[{"id":89540,"href":"https:\/\/www.laval.ca\/en\/wp-json\/wp\/v2\/pages\/27129\/revisions\/89540"}],"up":[{"embeddable":true,"href":"https:\/\/www.laval.ca\/en\/wp-json\/wp\/v2\/pages\/27165"}],"wp:attachment":[{"href":"https:\/\/www.laval.ca\/en\/wp-json\/wp\/v2\/media?parent=27129"}],"curies":[{"name":"wp","href":"https:\/\/api.w.org\/{rel}","templated":true}]}}