{"id":26927,"date":"2024-11-20T09:56:27","date_gmt":"2024-11-20T14:56:27","guid":{"rendered":"https:\/\/www.laval.ca\/parcs-bois-berges\/"},"modified":"2025-08-28T15:39:03","modified_gmt":"2025-08-28T19:39:03","slug":"parks-woods-banks","status":"publish","type":"page","link":"https:\/\/www.laval.ca\/en\/sports-leisure\/parks-green-spaces\/parks-woods-banks\/","title":{"rendered":"Parks, woods and banks"},"content":{"rendered":"<section class=\"sticky-section-group aligndefault\"\n>\n   \n<div class=\"sticky-section-main\"\n>\n   \n\n<p class=\"is-style-intro-text\">Laval compte de nombreux parcs, bois et berges. Explorez ces espaces naturels pr\u00e8s de chez vous.\u00a0<\/p>\n\n\n\n<h2 class=\"wp-block-heading\"><strong>Pr\u00e9parer votre visite<\/strong><\/h2>\n\n\n\n<p>Consultez la <a href=\"https:\/\/www.laval.ca\/en\/interactive-map\/\">carte interactive<\/a> pour obtenir les coordonn\u00e9es, les horaires ainsi que les activit\u00e9s et commodit\u00e9s offertes dans les parcs, bois et berges.\u00a0<\/p>\n\n\n\n<h2 class=\"wp-block-heading\"><strong>Grands parcs<\/strong><\/h2>\n\n\n\n<p>D\u00e9couvrez les 4 grands parcs municipaux.\u00a0<\/p>\n\n\n\n<div class=\"wp-block-vortex-blocks-accordions-group block-accordions-group accordion-container\">\n<section class=\"wp-block-vortex-blocks-accordion-item accordion ac\" id=\"strongberge-aux-quatre-vents-strong\"><div class=\"accordion__accordion\"><button class=\"accordion__header-row accordion-toggle ac-header ac-trigger\"><p class=\"accordion__header__title\"><strong>Berge aux Quatre-Vents<\/strong><\/p><span class=\"accordion__header__icon\" role=\"presentation\"><span class=\"plus\"><\/span><\/span><\/button><div class=\"accordion__sub-rows wysiwyg ac-panel\" role=\"region\">\n<p><strong>Laval-Ouest<\/strong><\/p>\n\n\n\n<p>La berge aux Quatre-Vents, c\u2019est plus de 300\u202fm\u00e8tres de sable le long de la rivi\u00e8re des Mille-\u00celes.\u202fCe segment de la <a href=\"https:\/\/www.routeverte.com\/\" target=\"_blank\" rel=\"noreferrer noopener\">Route verte<\/a> offre de belles vues sur l\u2019une des parties les plus larges du cours d\u2019eau.\u00a0<\/p>\n\n\n\n<p>En savoir plus sur la <a href=\"https:\/\/www.laval.ca\/en\/interactive-map\/berge-aux-quatre-vents\/\" data-type=\"place\" data-id=\"9552\">berge aux Quatre-Vents<\/a>.<\/p>\n<\/div><\/div><\/section>\n\n\n\n<section class=\"wp-block-vortex-blocks-accordion-item accordion ac\" id=\"strongberge-des-baigneurs-strong\"><div class=\"accordion__accordion\"><button class=\"accordion__header-row accordion-toggle ac-header ac-trigger\"><p class=\"accordion__header__title\"><strong>Berge des Baigneurs<\/strong><\/p><span class=\"accordion__header__icon\" role=\"presentation\"><span class=\"plus\"><\/span><\/span><\/button><div class=\"accordion__sub-rows wysiwyg ac-panel\" role=\"region\">\n<p><strong>Sainte-Rose<\/strong> \u00a0<br\/>Le parc offre un acc\u00e8s direct \u00e0 la rivi\u00e8re des Mille-\u00celes. Tout au long de l\u2019ann\u00e9e, le site et ses environs accueillent des activit\u00e9s et des \u00e9v\u00e9nements.\u00a0<\/p>\n\n\n\n<p>En savoir plus sur la <a href=\"https:\/\/www.laval.ca\/en\/interactive-map\/berge-des-baigneurs\/\" data-type=\"place\" data-id=\"9509\">berge des Baigneurs<\/a>.<\/p>\n<\/div><\/div><\/section>\n\n\n\n<section class=\"wp-block-vortex-blocks-accordion-item accordion ac\" id=\"strongcentre-de-la-nature-strong\"><div class=\"accordion__accordion\"><button class=\"accordion__header-row accordion-toggle ac-header ac-trigger\"><p class=\"accordion__header__title\"><strong>Centre de la nature<\/strong><\/p><span class=\"accordion__header__icon\" role=\"presentation\"><span class=\"plus\"><\/span><\/span><\/button><div class=\"accordion__sub-rows wysiwyg ac-panel\" role=\"region\">\n<p><strong>Saint-Vincent-de-Paul<\/strong>\u00a0<\/p>\n\n\n\n<p>Cet \u00eelot de verdure de plus de 50 hectares en milieu urbain a de nombreux attraits, dont des sentiers de marche, des jardins, une serre tropicale et une ferme. Il est ouvert toute l\u2019ann\u00e9e et accueille de nombreux \u00e9v\u00e9nements.\u00a0<\/p>\n\n\n\n<p>En savoir plus sur le <a href=\"https:\/\/www.laval.ca\/en\/sports-leisure\/centre-nature\/\" data-type=\"page\" data-id=\"4465\">Centre de la nature<\/a>.<\/p>\n<\/div><\/div><\/section>\n\n\n\n<section class=\"wp-block-vortex-blocks-accordion-item accordion ac\" id=\"strongparc-bernard-landry-strong\"><div class=\"accordion__accordion\"><button class=\"accordion__header-row accordion-toggle ac-header ac-trigger\"><p class=\"accordion__header__title\"><strong>Parc Bernard-Landry<\/strong><\/p><span class=\"accordion__header__icon\" role=\"presentation\"><span class=\"plus\"><\/span><\/span><\/button><div class=\"accordion__sub-rows wysiwyg ac-panel\" role=\"region\">\n<p><strong>Laval-des-Rapides<\/strong><\/p>\n\n\n\n<p>Avec son lac, son ruisseau, ses nombreux sentiers de marche, son parcours de disque golf et son plancher de danse, ce site naturel de 30\u202fhectares est tout indiqu\u00e9 pour se promener ou faire du sport. Des activit\u00e9s et des \u00e9v\u00e9nements y sont \u00e9galement organis\u00e9s.\u00a0<\/p>\n\n\n\n<p>En savoir plus sur le <a href=\"https:\/\/www.laval.ca\/en\/interactive-map\/parc-bernard-landry\/\" data-type=\"place\" data-id=\"9487\">parc Bernard-Landry<\/a>.<\/p>\n<\/div><\/div><\/section>\n<\/div>\n\n\n\n<h2 class=\"wp-block-heading\"><strong>Bois et bois\u00e9s<\/strong><\/h2>\n\n\n\n<p>D\u00e9couvrez ces espaces pr\u00e9serv\u00e9s, qui abritent une riche biodiversit\u00e9.\u00a0<\/p>\n\n\n\n<div class=\"wp-block-vortex-blocks-accordions-group block-accordions-group accordion-container\">\n<section class=\"wp-block-vortex-blocks-accordion-item accordion ac\" id=\"strongberge-de-loree-des-bois-strong\"><div class=\"accordion__accordion\"><button class=\"accordion__header-row accordion-toggle ac-header ac-trigger\"><p class=\"accordion__header__title\"><strong>Berge de l&#8217;Or\u00e9e-des-Bois<\/strong><\/p><span class=\"accordion__header__icon\" role=\"presentation\"><span class=\"plus\"><\/span><\/span><\/button><div class=\"accordion__sub-rows wysiwyg ac-panel\" role=\"region\">\n<p><strong>Fabreville<\/strong>\u00a0\u00a0<\/p>\n\n\n\n<ul class=\"wp-block-list\">\n<li>1,8 km de sentiers de randonn\u00e9e.\u00a0<\/li>\n\n\n\n<li>15,6 ha de milieux naturels avoisinant la plage et le ruisseau Barbe\u00a0<\/li>\n\n\n\n<li>7,8 hectares accessibles au public.\u00a0<\/li>\n\n\n\n<li><a href=\"https:\/\/mffp.gouv.qc.ca\/les-forets\/connaissances\/connaissances-forestieres-environnementales\/\" target=\"_blank\" rel=\"noreferrer noopener\">\u00c9cosyst\u00e8me forestier exceptionnel<\/a> comprenant une for\u00eat rare et une for\u00eat refuge.\u00a0<\/li>\n<\/ul>\n\n\n\n<p>En savoir plus sur la <a href=\"https:\/\/www.laval.ca\/carte-interactive\/berge-de-loree-des-bois\/\" data-type=\"place\" data-id=\"9604\">berge de l\u2019Or\u00e9e-des-bois<\/a>.\u00a0<\/p>\n<\/div><\/div><\/section>\n\n\n\n<section class=\"wp-block-vortex-blocks-accordion-item accordion ac\" id=\"strongbois-armand-frappier-strong\"><div class=\"accordion__accordion\"><button class=\"accordion__header-row accordion-toggle ac-header ac-trigger\"><p class=\"accordion__header__title\"><strong>Bois Armand-Frappier<\/strong><\/p><span class=\"accordion__header__icon\" role=\"presentation\"><span class=\"plus\"><\/span><\/span><\/button><div class=\"accordion__sub-rows wysiwyg ac-panel\" role=\"region\">\n<p><strong>Chomedey<\/strong>\u00a0<\/p>\n\n\n\n<ul class=\"wp-block-list\">\n<li>7,3 km de sentiers de randonn\u00e9e.\u00a0<\/li>\n\n\n\n<li>39,6 hectares accessibles au public.\u00a0<\/li>\n\n\n\n<li><a href=\"https:\/\/mffp.gouv.qc.ca\/les-forets\/connaissances\/connaissances-forestieres-environnementales\/\" target=\"_blank\" rel=\"noreferrer noopener\">\u00c9cosyst\u00e8me forestier exceptionnel<\/a> comprenant une \u00e9rabli\u00e8re \u00e0 caryer et \u00e0 \u00e9rable noir.\u00a0<\/li>\n<\/ul>\n\n\n\n<p>En savoir plus sur le <a href=\"https:\/\/www.laval.ca\/en\/interactive-map\/bois-armand-frappier\/\" data-type=\"place\" data-id=\"15019\">bois Armand-Frappier<\/a>.<\/p>\n<\/div><\/div><\/section>\n\n\n\n<section class=\"wp-block-vortex-blocks-accordion-item accordion ac\" id=\"strongbois-de-la-source-strong\"><div class=\"accordion__accordion\"><button class=\"accordion__header-row accordion-toggle ac-header ac-trigger\"><p class=\"accordion__header__title\"><strong>Bois de\u202fla Source<\/strong><\/p><span class=\"accordion__header__icon\" role=\"presentation\"><span class=\"plus\"><\/span><\/span><\/button><div class=\"accordion__sub-rows wysiwyg ac-panel\" role=\"region\">\n<p><strong>Fabreville<\/strong>\u00a0<\/p>\n\n\n\n<ul class=\"wp-block-list\">\n<li>Acc\u00e8s par le parc Saint-\u00c9douard.\u00a0<\/li>\n\n\n\n<li>5,3 km de sentiers de randonn\u00e9e.\u00a0<\/li>\n\n\n\n<li>54 hectares accessibles au public.\u00a0<\/li>\n\n\n\n<li>\u00c9rabli\u00e8re mature de plus de 80 ans.\u00a0<\/li>\n<\/ul>\n\n\n\n<p>En savoir plus sur le <a href=\"https:\/\/www.laval.ca\/en\/interactive-map\/bois-source\/\" data-type=\"place\" data-id=\"14995\">bois de la Source<\/a>.<\/p>\n<\/div><\/div><\/section>\n\n\n\n<section class=\"wp-block-vortex-blocks-accordion-item accordion ac\" id=\"strongbois-de-lequerre-strong\"><div class=\"accordion__accordion\"><button class=\"accordion__header-row accordion-toggle ac-header ac-trigger\"><p class=\"accordion__header__title\"><strong>Bois de l\u2019\u00c9querre<\/strong><\/p><span class=\"accordion__header__icon\" role=\"presentation\"><span class=\"plus\"><\/span><\/span><\/button><div class=\"accordion__sub-rows wysiwyg ac-panel\" role=\"region\">\n<p><strong>Sainte-Rose<\/strong>\u00a0<\/p>\n\n\n\n<ul class=\"wp-block-list\">\n<li>12,95 km de sentiers de randonn\u00e9e.\u00a0<\/li>\n\n\n\n<li>Un sentier accessible de 2,65 km accr\u00e9dit\u00e9 K\u00e9roul.\u00a0<\/li>\n\n\n\n<li>Sentiers dam\u00e9s en hiver.\u00a0<\/li>\n\n\n\n<li>160 hectares accessibles au public.\u00a0<\/li>\n\n\n\n<li>Plusieurs milieux humides et for\u00eats, dont une \u00e9rabli\u00e8re \u00e0 caryer cordiforme de plus de 90 ans.\u00a0<\/li>\n<\/ul>\n\n\n\n<p>En savoir plus sur le <a href=\"https:\/\/www.laval.ca\/en\/interactive-map\/bois-de-lequerre\/\" data-type=\"place\" data-id=\"14985\">bois de l\u2019\u00c9querre<\/a>.<\/p>\n<\/div><\/div><\/section>\n\n\n\n<section class=\"wp-block-vortex-blocks-accordion-item accordion ac\" id=\"strongbois-du-souvenir-strong\"><div class=\"accordion__accordion\"><button class=\"accordion__header-row accordion-toggle ac-header ac-trigger\"><p class=\"accordion__header__title\"><strong>Bois du Souvenir<\/strong><\/p><span class=\"accordion__header__icon\" role=\"presentation\"><span class=\"plus\"><\/span><\/span><\/button><div class=\"accordion__sub-rows wysiwyg ac-panel\" role=\"region\">\n<p><strong>Laval-des-Rapides<\/strong>\u00a0<\/p>\n\n\n\n<ul class=\"wp-block-list\">\n<li>3 km de sentiers de randonn\u00e9e\u00a0<\/li>\n\n\n\n<li>47,1 hectares de milieux naturels, dont le parc Bois-de-Boulogne.\u00a0<\/li>\n\n\n\n<li>22,4 hectares accessibles au public.\u00a0<\/li>\n\n\n\n<li>Travers\u00e9 par le ruisseau La Pini\u00e8re.\u00a0<\/li>\n<\/ul>\n\n\n\n<p>En savoir plus sur le <a href=\"https:\/\/www.laval.ca\/en\/interactive-map\/bois-du-souvenir\/\" data-type=\"place\" data-id=\"14960\">bois du Souvenir<\/a>.<\/p>\n<\/div><\/div><\/section>\n\n\n\n<section class=\"wp-block-vortex-blocks-accordion-item accordion ac\" id=\"strongbois-duvernay-strong\"><div class=\"accordion__accordion\"><button class=\"accordion__header-row accordion-toggle ac-header ac-trigger\"><p class=\"accordion__header__title\"><strong>Bois Duvernay<\/strong><\/p><span class=\"accordion__header__icon\" role=\"presentation\"><span class=\"plus\"><\/span><\/span><\/button><div class=\"accordion__sub-rows wysiwyg ac-panel\" role=\"region\">\n<p><strong>Duvernay<\/strong>\u00a0<\/p>\n\n\n\n<ul class=\"wp-block-list\">\n<li>Accessible en hiver seulement.\u00a0<\/li>\n\n\n\n<li>25 km de sentiers de ski de fond.\u00a0<\/li>\n\n\n\n<li><a href=\"https:\/\/mffp.gouv.qc.ca\/les-forets\/connaissances\/connaissances-forestieres-environnementales\/\" target=\"_blank\" rel=\"noreferrer noopener\">\u00c9cosyst\u00e8me forestier exceptionnel<\/a> comprenant une for\u00eat rare d\u2019ormes li\u00e8ge et un refuge d\u2019<a href=\"https:\/\/www.laval.ca\/en\/environment\/wild-animals-insects\/wild-animals\/\" data-type=\"page\" data-id=\"2546\">esp\u00e8ces \u00e0 statut pr\u00e9caire<\/a>.\u00a0<\/li>\n<\/ul>\n\n\n\n<p>En savoir plus sur le <a href=\"https:\/\/www.laval.ca\/en\/interactive-map\/bois-duvernay\/\" data-type=\"place\" data-id=\"14961\">bois Duvernay<\/a>.<\/p>\n\n\n\n<p>La collaboration entre les fermiers locaux et l&#8217;organisme <a href=\"https:\/\/www.coureursdeboises.com\/\" target=\"_blank\" rel=\"noreferrer noopener\">Les Coureurs de bois\u00e9s<\/a> permet d&#8217;offrir un r\u00e9seau de ski de fond presque enti\u00e8rement situ\u00e9 sur des terres priv\u00e9es.\u00a0<\/p>\n<\/div><\/div><\/section>\n\n\n\n<section class=\"wp-block-vortex-blocks-accordion-item accordion ac\" id=\"strongbois-papineau-strong\"><div class=\"accordion__accordion\"><button class=\"accordion__header-row accordion-toggle ac-header ac-trigger\"><p class=\"accordion__header__title\"><strong>Bois Papineau<\/strong><\/p><span class=\"accordion__header__icon\" role=\"presentation\"><span class=\"plus\"><\/span><\/span><\/button><div class=\"accordion__sub-rows wysiwyg ac-panel\" role=\"region\">\n<p><strong>Duvernay<\/strong>\u00a0<\/p>\n\n\n\n<ul class=\"wp-block-list\">\n<li>Acc\u00e8s par le Pavillon du Bois-Papineau.\u00a0<\/li>\n\n\n\n<li>3,3 km de sentiers de marche.\u00a0<\/li>\n\n\n\n<li>53 hectares accessibles au public.\u00a0<\/li>\n<\/ul>\n\n\n\n<p>En savoir plus sur le <a href=\"https:\/\/www.laval.ca\/en\/interactive-map\/bois-papineau\/\" data-type=\"place\" data-id=\"14958\">bois Papineau<\/a>.<\/p>\n<\/div><\/div><\/section>\n\n\n\n<section class=\"wp-block-vortex-blocks-accordion-item accordion ac\" id=\"strongbois-sainte-dorothee-strong\"><div class=\"accordion__accordion\"><button class=\"accordion__header-row accordion-toggle ac-header ac-trigger\"><p class=\"accordion__header__title\"><strong>Bois Sainte-Doroth\u00e9e<\/strong><\/p><span class=\"accordion__header__icon\" role=\"presentation\"><span class=\"plus\"><\/span><\/span><\/button><div class=\"accordion__sub-rows wysiwyg ac-panel\" role=\"region\">\n<p><strong>Sainte-Doroth\u00e9e<\/strong>\u00a0<\/p>\n\n\n\n<ul class=\"wp-block-list\">\n<li>Accessible en hiver seulement.\u00a0<\/li>\n\n\n\n<li>6 km de sentiers de marche.\u00a0<\/li>\n\n\n\n<li>90 hectares accessibles au public.\u00a0<\/li>\n\n\n\n<li><a href=\"https:\/\/mffp.gouv.qc.ca\/les-forets\/connaissances\/connaissances-forestieres-environnementales\/\" target=\"_blank\" rel=\"noreferrer noopener\">\u00c9cosyst\u00e8me forestier exceptionnel<\/a> comprenant une prucheraie. Arbres centenaires.\u00a0<\/li>\n<\/ul>\n\n\n\n<p>En savoir plus sur le <a href=\"https:\/\/www.laval.ca\/en\/interactive-map\/bois-sainte-dorothee\/\" data-type=\"place\" data-id=\"14934\">bois Saint-Doroth\u00e9e<\/a>.\u00a0<\/p>\n<\/div><\/div><\/section>\n\n\n\n<section class=\"wp-block-vortex-blocks-accordion-item accordion ac\" id=\"strongforet-urbaine-strong\"><div class=\"accordion__accordion\"><button class=\"accordion__header-row accordion-toggle ac-header ac-trigger\"><p class=\"accordion__header__title\"><strong>For\u00eat urbaine<\/strong><\/p><span class=\"accordion__header__icon\" role=\"presentation\"><span class=\"plus\"><\/span><\/span><\/button><div class=\"accordion__sub-rows wysiwyg ac-panel\" role=\"region\">\n<p><strong>Sant-Vincent-de-Paul<\/strong>\u00a0<\/p>\n\n\n\n<ul class=\"wp-block-list\">\n<li>Acc\u00e8s par le <a href=\"https:\/\/www.laval.ca\/en\/sports-leisure\/centre-nature\/\" data-type=\"page\" data-id=\"4465\">Centre de la nature<\/a>.\u00a0<\/li>\n\n\n\n<li>5 km de sentiers de marche, incluant le Centre de la nature.\u00a0<\/li>\n\n\n\n<li>3 hectares de for\u00eat accessibles au public dans le Centre de la nature de 50 hectares.\u00a0<\/li>\n\n\n\n<li>Les v\u00e9g\u00e9taux plant\u00e9s repr\u00e9sentent les 5 zones foresti\u00e8res typiques du sud du Qu\u00e9bec\u202f: \u200bl\u2019\u00e9rabli\u00e8re \u00e0 caryer, la for\u00eat r\u00e9sineuse, la for\u00eat de pins et de ch\u00eanes, l\u2019\u00e9rabli\u00e8re \u00e0 bouleau jaune et la for\u00eat mixte.\u00a0<\/li>\n<\/ul>\n\n\n\n<p>En savoir plus sur la <a href=\"https:\/\/www.laval.ca\/en\/sports-leisure\/centre-nature\/forest-gardens\/urban-forest\/\" data-type=\"page\" data-id=\"10371\">for\u00eat urbaine<\/a>.<\/p>\n<\/div><\/div><\/section>\n\n\n\n<section class=\"wp-block-vortex-blocks-accordion-item accordion ac\" id=\"strongparc-de-la-riviere-des-mille-iles-strong\"><div class=\"accordion__accordion\"><button class=\"accordion__header-row accordion-toggle ac-header ac-trigger\"><p class=\"accordion__header__title\"><strong>Parc de la Rivi\u00e8re-des-Mille-\u00celes<\/strong><\/p><span class=\"accordion__header__icon\" role=\"presentation\"><span class=\"plus\"><\/span><\/span><\/button><div class=\"accordion__sub-rows wysiwyg ac-panel\" role=\"region\">\n<p><strong>Sainte-Rose<\/strong>\u00a0<\/p>\n\n\n\n<ul class=\"wp-block-list\">\n<li>Location d\u2019embarcations et excursions \u00e9cologiques.\u00a0<\/li>\n\n\n\n<li>Sentier de marche en bordure de rivi\u00e8re.\u00a0<\/li>\n\n\n\n<li>10 \u00eeles sur un territoire de 568 hectares.\u00a0<\/li>\n\n\n\n<li>Plus grand refuge faunique en milieu urbain de la province.\u00a0<\/li>\n<\/ul>\n\n\n\n<p>En savoir plus sur le <a href=\"https:\/\/www.laval.ca\/carte-interactive\/centre-dexploration-du-parc-de-la-rivieres-des-mille-iles\/\" data-type=\"place\" data-id=\"10086\">parc de la Rivi\u00e8re-des-Mille-\u00eeles<\/a>.\u00a0<\/p>\n<\/div><\/div><\/section>\n<\/div>\n\n\n<section class=\"info-tip-box aligndefault\"\n>\n   <div class=\"info-tip-box__decoration\" aria-hidden=\"true\"><\/div>\n   <div class=\"info-tip-box__content\">\n    \n\n<h3 class=\"wp-block-heading\"><strong>La Trame verte et bleue<\/strong><\/h3>\n\n\n\n<p>Plusieurs de ces espaces naturels font partie de la Trame verte et bleue de Laval, qui relie les parcs, les berges et les bois (trame verte) et les cours d\u2019eau et zones humides (trame bleue). D\u00e9couvrir la Trame verte et bleue<\/p>\n\n   <\/div>\n<\/section>\n\n<\/div>\n\n\n<div class=\"sticky-section-sidebar\"\n>\n   <div class=\"sticky-section-sidebar__inner\">\n     \n\n<p><\/p>\n\n   <\/div>\n<\/div>\n\n<\/section>\n<section class=\"mixed-carousel mixed-carousel--custom alignfull\"\n>\n    \n<div class=\"heading-with-button container\">\n      <h2 class=\"heading-with-button__title\">Pour aller plus loin<\/h2>\n    <\/div>\n    <div class=\"mixed-carousel__carousel-wrapper\">\n      <div class=\"mixed-carousel__carousel swiper\">\n        <div class=\"swiper-wrapper\">\n                      \n<div class=\"mixed-item swiper-slide aligndefault mixed-item--landscape-thumbnail\">\n  <a class=\"mixed-item__inner\" href=\"https:\/\/www.laval.ca\/conseils\/observer-oiseaux-guide-ornithologues\/\">    <div class=\"mixed-item__thumbnail-wrapper\">\n      <img decoding=\"async\" width=\"768\" height=\"326\" src=\"https:\/\/www.laval.ca\/wp-content\/uploads\/2025\/01\/observation-oiseau_SylvainMajeau-768x326.jpg\" class=\"attachment-medium_large size-medium_large\" alt=\"Oiseau sur une branche\" sizes=\"(min-width:1216px) 430px, (min-width:1080px) 36vw, (min-width:768px) 41vw, (min-width:560px) 60vw, 85vw\" srcset=\"https:\/\/www.laval.ca\/wp-content\/uploads\/2025\/01\/observation-oiseau_SylvainMajeau-768x326.jpg 768w, https:\/\/www.laval.ca\/wp-content\/uploads\/2025\/01\/observation-oiseau_SylvainMajeau-300x127.jpg 300w, https:\/\/www.laval.ca\/wp-content\/uploads\/2025\/01\/observation-oiseau_SylvainMajeau-1024x435.jpg 1024w, https:\/\/www.laval.ca\/wp-content\/uploads\/2025\/01\/observation-oiseau_SylvainMajeau.jpg 1216w\" \/>    <\/div>\n    <h3 class=\"mixed-item__title\"><span>Observer les oiseaux<\/span><\/h3>\n          <p class=\"mixed-item__excerpt\">Obtenez des conseils pour vous initier \u00e0 l\u2019ornithologie. <\/p>\n      <\/a><\/div>\n\n\n<div class=\"mixed-item swiper-slide aligndefault mixed-item--landscape-thumbnail\">\n  <a class=\"mixed-item__inner\" href=\"https:\/\/www.laval.ca\/calendrier-activites\/\">    <div class=\"mixed-item__thumbnail-wrapper\">\n      <img decoding=\"async\" width=\"609\" height=\"350\" src=\"https:\/\/www.laval.ca\/wp-content\/uploads\/2025\/02\/calendrier-activites-609x350-1.jpg\" class=\"attachment-medium_large size-medium_large\" alt=\"Vue a\u00e9rienne de Laval\" sizes=\"(min-width:1216px) 430px, (min-width:1080px) 36vw, (min-width:768px) 41vw, (min-width:560px) 60vw, 85vw\" srcset=\"https:\/\/www.laval.ca\/wp-content\/uploads\/2025\/02\/calendrier-activites-609x350-1.jpg 609w, https:\/\/www.laval.ca\/wp-content\/uploads\/2025\/02\/calendrier-activites-609x350-1-300x172.jpg 300w\" \/>    <\/div>\n    <h3 class=\"mixed-item__title\"><span>Quoi faire \u00e0 Laval?\u202f <\/span><\/h3>\n          <p class=\"mixed-item__excerpt\">Consultez le calendrier des activit\u00e9s pour trouver votre prochaine sortie.\u202f <\/p>\n      <\/a><\/div>\n\n\n<div class=\"mixed-item swiper-slide aligndefault mixed-item--landscape-thumbnail\">\n  <a class=\"mixed-item__inner\" href=\"https:\/\/www.laval.ca\/sports-loisirs\/parcs-espaces-verts\/barbecue-parcs\/\">    <div class=\"mixed-item__thumbnail-wrapper\">\n      <img decoding=\"async\" src=\"https:\/\/www.laval.ca\/wp-content\/themes\/laval.ca\/dist\/images\/defaults\/default.jpg\" alt=\"\">    <\/div>\n    <h3 class=\"mixed-item__title\"><span>BBQ au parc<\/span><\/h3>\n          <p class=\"mixed-item__excerpt\">Vous pouvez apporter votre propre barbecue dans certains parcs. On vous dit tout.<\/p>\n      <\/a><\/div>\n\n\n                  <\/div>\n      <\/div>\n    <\/div>\n    <div class=\"mixed-carousel__carousel-navigation container\">\n      <div class=\"swiper-button-prev\"><\/div>\n      <div class=\"swiper-button-next\"><\/div>\n    <\/div>\n      \n<\/section>\n","protected":false},"excerpt":{"rendered":"","protected":false},"author":34,"featured_media":0,"parent":27024,"menu_order":234,"comment_status":"closed","ping_status":"closed","template":"","meta":{"_acf_changed":false,"advgb_blocks_editor_width":"","advgb_blocks_columns_visual_guide":"","footnotes":""},"class_list":["post-26927","page","type-page","status-publish","hentry"],"pp_statuses_selecting_workflow":false,"pp_workflow_action":"current","pp_status_selection":"publish","acf":[],"coauthors":[],"author_meta":{"author_link":"https:\/\/www.laval.ca\/en\/author\/i-boucherlaval-ca\/","display_name":"i.boucher@laval.ca"},"relative_dates":{"created":"Posted 1 year ago","modified":"Updated 8 months ago"},"absolute_dates":{"created":"Posted on November 20, 2024","modified":"Updated on August 28, 2025"},"absolute_dates_time":{"created":"Posted on November 20, 2024 9:56 am","modified":"Updated on August 28, 2025 3:39 pm"},"featured_img_caption":"","featured_img":false,"series_order":"","publishpress_future_action":{"enabled":false,"date":"2026-05-02 12:24:20","action":"change-status","newStatus":"draft","terms":[],"taxonomy":"translation_priority","extraData":[]},"publishpress_future_workflow_manual_trigger":{"enabledWorkflows":[]},"_links":{"self":[{"href":"https:\/\/www.laval.ca\/en\/wp-json\/wp\/v2\/pages\/26927","targetHints":{"allow":["GET"]}}],"collection":[{"href":"https:\/\/www.laval.ca\/en\/wp-json\/wp\/v2\/pages"}],"about":[{"href":"https:\/\/www.laval.ca\/en\/wp-json\/wp\/v2\/types\/page"}],"author":[{"embeddable":true,"href":"https:\/\/www.laval.ca\/en\/wp-json\/wp\/v2\/users\/34"}],"replies":[{"embeddable":true,"href":"https:\/\/www.laval.ca\/en\/wp-json\/wp\/v2\/comments?post=26927"}],"version-history":[{"count":5,"href":"https:\/\/www.laval.ca\/en\/wp-json\/wp\/v2\/pages\/26927\/revisions"}],"predecessor-version":[{"id":89165,"href":"https:\/\/www.laval.ca\/en\/wp-json\/wp\/v2\/pages\/26927\/revisions\/89165"}],"up":[{"embeddable":true,"href":"https:\/\/www.laval.ca\/en\/wp-json\/wp\/v2\/pages\/27024"}],"wp:attachment":[{"href":"https:\/\/www.laval.ca\/en\/wp-json\/wp\/v2\/media?parent=26927"}],"curies":[{"name":"wp","href":"https:\/\/api.w.org\/{rel}","templated":true}]}}