{"id":26914,"date":"2024-11-20T15:24:15","date_gmt":"2024-11-20T20:24:15","guid":{"rendered":"https:\/\/www.laval.ca\/administration-municipale\/services-municipaux\/"},"modified":"2025-09-03T13:57:48","modified_gmt":"2025-09-03T17:57:48","slug":"municipal-services","status":"publish","type":"page","link":"https:\/\/www.laval.ca\/en\/municipal-organization\/municipal-administration\/municipal-services\/","title":{"rendered":"Municipal services"},"content":{"rendered":"\n<p class=\"is-style-intro-text\">D\u00e9couvrez le r\u00f4le et la mission des diff\u00e9rents services et bureaux de la Ville de Laval. <\/p>\n<section class=\"sticky-section-group aligndefault\"\n>\n   \n<div class=\"sticky-section-main\"\n>\n   \n  <section class=\"child-pages aligndefault child-pages--style-text\"\n  >\n\n          <ul class=\"child-pages__listing reset-list\">\n            <li class=\"child-pages__item\">\n        <a class=\"child-pages__item__inner\" href=\"https:\/\/www.laval.ca\/en\/municipal-organization\/municipal-administration\/municipal-services\/building-park-public-spaces-service\/\"\n          >\n                    <div class=\"child-pages__item__content\">\n            <p class=\"child-pages__item__title\"><span>Buildings, parks and public spaces department<\/span><\/p>\n                          <div class=\"child-pages__item__excerpt\"><p>Le Service des immeubles, parcs et espaces publics a pour mission de construire, de r\u00e9nover, d\u2019am\u00e9nager, d\u2019entretenir et de maintenir les immeubles, les parcs et les espaces publics.<\/p>\n<\/div>\n                      <\/div>\n        <\/a>\n      <\/li>\n            <li class=\"child-pages__item\">\n        <a class=\"child-pages__item__inner\" href=\"https:\/\/www.laval.ca\/en\/municipal-organization\/municipal-administration\/municipal-services\/experience-citoyenne\/\"\n          >\n                    <div class=\"child-pages__item__content\">\n            <p class=\"child-pages__item__title\"><span>Citizen experience service<\/span><\/p>\n                          <div class=\"child-pages__item__excerpt\"><p>Le service de l&#8217;exp\u00e9rience citoyenne assure la qualit\u00e9 de l&#8217;interaction entre la population lavalloise et les divers services de la municipalit\u00e9.<\/p>\n<\/div>\n                      <\/div>\n        <\/a>\n      <\/li>\n            <li class=\"child-pages__item\">\n        <a class=\"child-pages__item__inner\" href=\"https:\/\/www.laval.ca\/en\/municipal-organization\/municipal-administration\/municipal-services\/greffe\/\"\n          >\n                    <div class=\"child-pages__item__content\">\n            <p class=\"child-pages__item__title\"><span>City Clerk&#8217;s Office<\/span><\/p>\n                          <div class=\"child-pages__item__excerpt\"><p>Le Service du greffe a pour mission d&#8217;accomplir plusieurs actions, dont la classification et le conservation des documents et autres \u00e9l\u00e9ments mat\u00e9riels des archives municipales.<\/p>\n<\/div>\n                      <\/div>\n        <\/a>\n      <\/li>\n            <li class=\"child-pages__item\">\n        <a class=\"child-pages__item__inner\" href=\"https:\/\/www.laval.ca\/en\/municipal-organization\/municipal-administration\/municipal-services\/communications-and-marketing\/\"\n          >\n                    <div class=\"child-pages__item__content\">\n            <p class=\"child-pages__item__title\"><span>Communications and Marketing<\/span><\/p>\n                          <div class=\"child-pages__item__excerpt\"><p>Le Service des communic\u200bations et du marketing est responsable des activit\u00e9s de communication, de marketing, de recherche, de signal\u00e9tique et des activit\u00e9s de consultations publiques et participation citoyenne.<\/p>\n<\/div>\n                      <\/div>\n        <\/a>\n      <\/li>\n            <li class=\"child-pages__item\">\n        <a class=\"child-pages__item__inner\" href=\"https:\/\/www.laval.ca\/en\/municipal-organization\/municipal-administration\/municipal-services\/culture-leisure-sport-social-development\/\"\n          >\n                    <div class=\"child-pages__item__content\">\n            <p class=\"child-pages__item__title\"><span>Culture, leisure, sport and social development<\/span><\/p>\n                          <div class=\"child-pages__item__excerpt\"><p>Le Service de la culture, des loisirs, du sport et du d\u00e9veloppement social\u00a0(SCLSDS) cherchent \u00e0 am\u00e9liorer la qualit\u00e9 de vie des Lavallois et Lavalloises et leur sentiment d&#8217;appartenance.<\/p>\n<\/div>\n                      <\/div>\n        <\/a>\n      <\/li>\n            <li class=\"child-pages__item\">\n        <a class=\"child-pages__item__inner\" href=\"https:\/\/www.laval.ca\/en\/municipal-organization\/municipal-administration\/municipal-services\/engineering-service\/\"\n          >\n                    <div class=\"child-pages__item__content\">\n            <p class=\"child-pages__item__title\"><span>Engineering service<\/span><\/p>\n                          <div class=\"child-pages__item__excerpt\"><p>Le Service de l&#8217;ing\u00e9nierie a pour mission d&#8217;assurer le r\u00f4le d&#8217;expert-conseil en mati\u00e8re de planification, de conception, de construction et de r\u00e9habilitation des infrastructures.\u200b<\/p>\n<\/div>\n                      <\/div>\n        <\/a>\n      <\/li>\n            <li class=\"child-pages__item\">\n        <a class=\"child-pages__item__inner\" href=\"https:\/\/www.laval.ca\/en\/municipal-organization\/municipal-administration\/municipal-services\/environment-ecocitizenship\/\"\n          >\n                    <div class=\"child-pages__item__content\">\n            <p class=\"child-pages__item__title\"><span>Environment and Ecocitizenship<\/span><\/p>\n                          <div class=\"child-pages__item__excerpt\"><p>La mission du Service de l&#8217;environnement et de l&#8217;\u00e9cocitoyennet\u00e9 est d&#8217;assurer la qualit\u00e9 de l&#8217;environnement du territoire lavallois.<\/p>\n<\/div>\n                      <\/div>\n        <\/a>\n      <\/li>\n            <li class=\"child-pages__item\">\n        <a class=\"child-pages__item__inner\" href=\"https:\/\/www.laval.ca\/en\/municipal-organization\/municipal-administration\/municipal-services\/finances-service\/\"\n          >\n                    <div class=\"child-pages__item__content\">\n            <p class=\"child-pages__item__title\"><span>Finances service<\/span><\/p>\n                          <div class=\"child-pages__item__excerpt\"><p>Le Service des finances\u00a0planifie et contr\u00f4le l&#8217;ensemble des activit\u00e9s financi\u00e8res et administratives de la Ville de Laval.<\/p>\n<\/div>\n                      <\/div>\n        <\/a>\n      <\/li>\n            <li class=\"child-pages__item\">\n        <a class=\"child-pages__item__inner\" href=\"https:\/\/www.laval.ca\/en\/municipal-organization\/municipal-administration\/municipal-services\/gis-centre-of-excellence\/\"\n          >\n                    <div class=\"child-pages__item__content\">\n            <p class=\"child-pages__item__title\"><span>GIS Centre of Excellence<\/span><\/p>\n                          <div class=\"child-pages__item__excerpt\"><p>Le Centre d&#8217;excellence en g\u00e9omatique a pour mission d\u2019acqu\u00e9rir, de g\u00e9rer, d\u2019analyser et de diffuser des donn\u00e9es g\u00e9or\u00e9f\u00e9renc\u00e9es de qualit\u00e9, fiables et pr\u00e9cises.<\/p>\n<\/div>\n                      <\/div>\n        <\/a>\n      <\/li>\n            <li class=\"child-pages__item\">\n        <a class=\"child-pages__item__inner\" href=\"https:\/\/www.laval.ca\/en\/municipal-organization\/municipal-administration\/municipal-services\/holiday-municipal-services-schedule\/\"\n          >\n                    <div class=\"child-pages__item__content\">\n            <p class=\"child-pages__item__title\"><span>Holiday municipal services schedule<\/span><\/p>\n                      <\/div>\n        <\/a>\n      <\/li>\n            <li class=\"child-pages__item\">\n        <a class=\"child-pages__item__inner\" href=\"https:\/\/www.laval.ca\/en\/municipal-organization\/municipal-administration\/municipal-services\/human-ressources\/\"\n          >\n                    <div class=\"child-pages__item__content\">\n            <p class=\"child-pages__item__title\"><span>Human ressources<\/span><\/p>\n                          <div class=\"child-pages__item__excerpt\"><p>La mission du Service des ressources humaines comporte plusieurs volets dont l&#8217;embauche du personnel qui \u0153uvre dans les diff\u00e9rents services municipaux.<\/p>\n<\/div>\n                      <\/div>\n        <\/a>\n      <\/li>\n            <li class=\"child-pages__item\">\n        <a class=\"child-pages__item__inner\" href=\"https:\/\/www.laval.ca\/en\/municipal-organization\/municipal-administration\/municipal-services\/innovation-technologies-service\/\"\n          >\n                    <div class=\"child-pages__item__content\">\n            <p class=\"child-pages__item__title\"><span>Innovation and Technologies service<\/span><\/p>\n                          <div class=\"child-pages__item__excerpt\"><p>\u200b\u200b\u200b\u200b\u200b\u200b\u200b\u200b\u200b\u200b\u200b\u200b\u200b\u200b\u200b\u200b\u200b\u200bLe Service de l&#8217;innovation et des technologies\u00a0a pour mission d&#8217;am\u00e9liorer la vie de la population et des partenaires, les responsabiliser et favoriser leur engagement \u00e0 travers la technologie.<\/p>\n<\/div>\n                      <\/div>\n        <\/a>\n      <\/li>\n            <li class=\"child-pages__item\">\n        <a class=\"child-pages__item__inner\" href=\"https:\/\/www.laval.ca\/en\/municipal-organization\/municipal-administration\/municipal-services\/judges-office\/\"\n          >\n                    <div class=\"child-pages__item__content\">\n            <p class=\"child-pages__item__title\"><span>Judges&#8217; Office<\/span><\/p>\n                          <div class=\"child-pages__item__excerpt\"><p>Le Bureau des juges compte un juge pr\u00e9sident et un juge permanent qui tiennent les s\u00e9ances \u00e0 la cour municipale de Laval.<\/p>\n<\/div>\n                      <\/div>\n        <\/a>\n      <\/li>\n            <li class=\"child-pages__item\">\n        <a class=\"child-pages__item__inner\" href=\"https:\/\/www.laval.ca\/en\/municipal-organization\/municipal-administration\/municipal-services\/laval-office-of-integrity-and-ethics\/\"\n          >\n                    <div class=\"child-pages__item__content\">\n            <p class=\"child-pages__item__title\"><span>Laval&#8217;s Office of Integrity and Ethics<\/span><\/p>\n                          <div class=\"child-pages__item__excerpt\"><p>Le Bureau d&#8217;int\u00e9grit\u00e9 et d&#8217;\u00e9thique de Laval\u00a0(BIEL) permet d\u2019accompagner les employ\u00e9s et les gestionnaires dans leur prise de d\u00e9cision. Il contribue \u00e9galement \u00e0 soutenir une saine culture \u00e0 la Ville.<\/p>\n<\/div>\n                      <\/div>\n        <\/a>\n      <\/li>\n            <li class=\"child-pages__item\">\n        <a class=\"child-pages__item__inner\" href=\"https:\/\/www.laval.ca\/en\/municipal-organization\/municipal-administration\/municipal-services\/legal-affairs-service\/\"\n          >\n                    <div class=\"child-pages__item__content\">\n            <p class=\"child-pages__item__title\"><span>Legal affairs service<\/span><\/p>\n                          <div class=\"child-pages__item__excerpt\"><p>Le Directeur du Service des affaires juridiques est l\u2019avocat en chef de la Ville et son adjoint, s\u2019il est nomm\u00e9, est l\u2019avocat en chef adjoint.<\/p>\n<\/div>\n                      <\/div>\n        <\/a>\n      <\/li>\n            <li class=\"child-pages__item\">\n        <a class=\"child-pages__item__inner\" href=\"https:\/\/www.laval.ca\/en\/municipal-organization\/municipal-administration\/municipal-services\/mobility-office\/\"\n          >\n                    <div class=\"child-pages__item__content\">\n            <p class=\"child-pages__item__title\"><span>Mobility office<\/span><\/p>\n                          <div class=\"child-pages__item__excerpt\"><p>Le Bureau de la mobilit\u00e9 g\u00e8re les enjeux de mobilit\u00e9 \u00e0 l\u2019\u00e9chelle m\u00e9tropolitaine avec les diff\u00e9rentes parties prenantes.<\/p>\n<\/div>\n                      <\/div>\n        <\/a>\n      <\/li>\n            <li class=\"child-pages__item\">\n        <a class=\"child-pages__item__inner\" href=\"https:\/\/www.laval.ca\/en\/municipal-organization\/municipal-administration\/municipal-services\/municipal-resilience\/\"\n          >\n                    <div class=\"child-pages__item__content\">\n            <p class=\"child-pages__item__title\"><span>Municipal resilience office<\/span><\/p>\n                          <div class=\"child-pages__item__excerpt\"><p>La mission du Bureau de la r\u00e9silience municipale consiste \u00e0 rendre la Ville assez agile pour faire face \u00e0 l\u2019impr\u00e9visible et \u00e0 s\u2019y adapter.<\/p>\n<\/div>\n                      <\/div>\n        <\/a>\n      <\/li>\n            <li class=\"child-pages__item\">\n        <a class=\"child-pages__item__inner\" href=\"https:\/\/www.laval.ca\/en\/municipal-organization\/municipal-administration\/municipal-services\/bureau-transactions-investissements-immobiliers\/\"\n          >\n                    <div class=\"child-pages__item__content\">\n            <p class=\"child-pages__item__title\"><span>Office of Real Estate Transactions and Investments<\/span><\/p>\n                          <div class=\"child-pages__item__excerpt\"><p>Le Bureau des transactions et des investissements immobiliers\u00a0(BTII) agit comme expert aupr\u00e8s des diff\u00e9rents services, bureaux et mandataires municipaux.<\/p>\n<\/div>\n                      <\/div>\n        <\/a>\n      <\/li>\n            <li class=\"child-pages__item\">\n        <a class=\"child-pages__item__inner\" href=\"https:\/\/www.laval.ca\/en\/municipal-organization\/municipal-administration\/municipal-services\/pension-plan-office\/\"\n          >\n                    <div class=\"child-pages__item__content\">\n            <p class=\"child-pages__item__title\"><span>Pension Plan Office<\/span><\/p>\n                          <div class=\"child-pages__item__excerpt\"><p>Le Bureau du r\u00e9gime de rentes g\u00e8re le r\u00e9gime de retraite des employ\u00e9s et employ\u00e9es de la Ville de Laval en vertu de la loi sur les r\u00e9gimes compl\u00e9mentaires de retraite.<\/p>\n<\/div>\n                      <\/div>\n        <\/a>\n      <\/li>\n            <li class=\"child-pages__item\">\n        <a class=\"child-pages__item__inner\" href=\"https:\/\/www.laval.ca\/en\/municipal-organization\/municipal-administration\/municipal-services\/project-planning-delivery-service\/\"\n          >\n                    <div class=\"child-pages__item__content\">\n            <p class=\"child-pages__item__title\"><span>Project planning and delivery service<\/span><\/p>\n                          <div class=\"child-pages__item__excerpt\"><p>Le Service de planification et de r\u00e9alisation de projet est responsable de mettre en place des strat\u00e9gies permettant \u00e0 la Ville d\u2019optimiser ses investissements d\u2019infrastructures.<\/p>\n<\/div>\n                      <\/div>\n        <\/a>\n      <\/li>\n            <li class=\"child-pages__item\">\n        <a class=\"child-pages__item__inner\" href=\"https:\/\/www.laval.ca\/en\/municipal-organization\/municipal-administration\/municipal-services\/evaluation-fonciere\/\"\n          >\n                    <div class=\"child-pages__item__content\">\n            <p class=\"child-pages__item__title\"><span>Property Assessment service<\/span><\/p>\n                          <div class=\"child-pages__item__excerpt\"><p>Le Service de l\u2019\u00e9valuation fonci\u00e8re\u00a0est responsable de l\u2019\u00e9laboration et de la mise \u00e0 jour du r\u00f4le d\u2019\u00e9valuation fonci\u00e8re.<\/p>\n<\/div>\n                      <\/div>\n        <\/a>\n      <\/li>\n            <li class=\"child-pages__item\">\n        <a class=\"child-pages__item__inner\" href=\"https:\/\/www.laval.ca\/en\/municipal-organization\/municipal-administration\/municipal-services\/public-works-department\/\"\n          >\n                    <div class=\"child-pages__item__content\">\n            <p class=\"child-pages__item__title\"><span>Public Works Department<\/span><\/p>\n                          <div class=\"child-pages__item__excerpt\"><p>Le Service des travaux publics entretient et r\u00e9pare la voie publique, y compris l\u2019\u00e9clairage et la signalisation, ainsi que les r\u00e9seaux d\u2019\u00e9gout, d\u2019aqueduc et les v\u00e9hicules de la Ville.<\/p>\n<\/div>\n                      <\/div>\n        <\/a>\n      <\/li>\n            <li class=\"child-pages__item\">\n        <a class=\"child-pages__item__inner\" href=\"https:\/\/www.laval.ca\/en\/municipal-organization\/municipal-administration\/municipal-services\/social-innovation-and-ecological-transition-office\/\"\n          >\n                    <div class=\"child-pages__item__content\">\n            <p class=\"child-pages__item__title\"><span>Social Innovation and ecological transition office<\/span><\/p>\n                          <div class=\"child-pages__item__excerpt\"><p>Le bureau de l&#8217;innovation sociale et de la transition \u00e9cologique (BISTE) a pour mission de cultiver le changement. Son mandat est transversal et interpelle tout l\u2019appareil municipal.<\/p>\n<\/div>\n                      <\/div>\n        <\/a>\n      <\/li>\n            <li class=\"child-pages__item\">\n        <a class=\"child-pages__item__inner\" href=\"https:\/\/www.laval.ca\/en\/municipal-organization\/municipal-administration\/municipal-services\/supply-service\/\"\n          >\n                    <div class=\"child-pages__item__content\">\n            <p class=\"child-pages__item__title\"><span>Supply service<\/span><\/p>\n                          <div class=\"child-pages__item__excerpt\"><p>Le Service de l&#8217;approvisi\u200bonnement est responsable de la gestion des contrats d\u2019achat, d\u2019entreprises, de services et de location de biens autres qu\u2019immobiliers.<\/p>\n<\/div>\n                      <\/div>\n        <\/a>\n      <\/li>\n            <li class=\"child-pages__item\">\n        <a class=\"child-pages__item__inner\" href=\"https:\/\/www.laval.ca\/en\/municipal-organization\/municipal-administration\/municipal-services\/urban-planning-department\/\"\n          >\n                    <div class=\"child-pages__item__content\">\n            <p class=\"child-pages__item__title\"><span>Urban Planning Department<\/span><\/p>\n                          <div class=\"child-pages__item__excerpt\"><p>\u200b\u200bLe Service de l&#8217;urbanisme\u00a0voit au d\u00e9veloppement harmonieux du territoire pour en assurer une utilisation efficace et r\u00e9pondre aux besoins des citoyens et citoyennes.<\/p>\n<\/div>\n                      <\/div>\n        <\/a>\n      <\/li>\n            <li class=\"child-pages__item\">\n        <a class=\"child-pages__item__inner\" href=\"https:\/\/www.laval.ca\/en\/municipal-organization\/municipal-administration\/municipal-services\/water-management-service\/\"\n          >\n                    <div class=\"child-pages__item__content\">\n            <p class=\"child-pages__item__title\"><span>Water management service<\/span><\/p>\n                          <div class=\"child-pages__item__excerpt\"><p>Le Service de la gestion de l&#8217;eau a pour mission d\u2019assurer la qualit\u00e9 de l\u2019eau, la fourniture en eau potable ainsi que le traitement des eaux us\u00e9es sur le territoire lavallois.\u200b<\/p>\n<\/div>\n                      <\/div>\n        <\/a>\n      <\/li>\n            <\/ul>\n      <\/section>\n  \n<\/div>\n\n\n<div class=\"sticky-section-sidebar\"\n>\n   <div class=\"sticky-section-sidebar__inner\">\n     \n<div class=\"sidebar-cta-wrapper aligndefault\">\n   <div class=\"sidebar-cta\">\n     \n  <div class=\"theme-icon aligndefault theme-icon--colored\">\n    <span class=\"theme-icon__icon icon icon-postes-police\"><\/span>\n  <\/div>\n  \n\n\n<p class=\"has-xlarge-font-size\"><strong>Service de police de Laval<\/strong><\/p>\n\n\n\n<p>D\u00e9couvrez la mission du service de Police de la Ville de Laval.\u00a0<\/p>\n\n\n\n<div class=\"wp-block-buttons is-layout-flex wp-block-buttons-is-layout-flex\">\n<div class=\"wp-block-button\"><a class=\"wp-block-button__link wp-element-button\" href=\"https:\/\/www.laval.ca\/en\/police\/about-spl\/police-service-in-brief\/\" target=\"_blank\" rel=\"noreferrer noopener\">D\u00e9couvrir le SPL<\/a><\/div>\n<\/div>\n\n   <\/div>\n<\/div>\n\n\n<div class=\"sidebar-cta-wrapper aligndefault\">\n   <div class=\"sidebar-cta\">\n     \n  <div class=\"theme-icon aligndefault theme-icon--colored\">\n    <span class=\"theme-icon__icon icon icon-caserne\"><\/span>\n  <\/div>\n  \n\n\n<p class=\"has-xlarge-font-size\"><strong>Service de s\u00e9curit\u00e9 incendie de Laval<\/strong><\/p>\n\n\n\n<p>Apprenez-en plus sur la mission du service des pompiers et pompi\u00e8res.<\/p>\n\n\n\n<div class=\"wp-block-buttons is-layout-flex wp-block-buttons-is-layout-flex\">\n<div class=\"wp-block-button\"><a class=\"wp-block-button__link wp-element-button\" href=\"https:\/\/www.laval.ca\/pompier\/\" target=\"_blank\" rel=\"noreferrer noopener\">D\u00e9couvrir la mission\u00a0<\/a><\/div>\n<\/div>\n\n   <\/div>\n<\/div>\n\n   <\/div>\n<\/div>\n\n<\/section>\n\n<p><\/p>\n","protected":false},"excerpt":{"rendered":"<p>D\u00e9couvrez le r\u00f4le et la mission des diff\u00e9rents services et bureaux de la Ville de Laval.<\/p>\n","protected":false},"author":34,"featured_media":0,"parent":26512,"menu_order":228,"comment_status":"closed","ping_status":"closed","template":"","meta":{"_acf_changed":false,"advgb_blocks_editor_width":"","advgb_blocks_columns_visual_guide":"","footnotes":""},"class_list":["post-26914","page","type-page","status-publish","hentry"],"pp_statuses_selecting_workflow":false,"pp_workflow_action":"current","pp_status_selection":"publish","acf":[],"coauthors":[],"author_meta":{"author_link":"https:\/\/www.laval.ca\/en\/author\/i-boucherlaval-ca\/","display_name":"i.boucher@laval.ca"},"relative_dates":{"created":"Posted 1 year ago","modified":"Updated 8 months ago"},"absolute_dates":{"created":"Posted on November 20, 2024","modified":"Updated on September 3, 2025"},"absolute_dates_time":{"created":"Posted on November 20, 2024 3:24 pm","modified":"Updated on September 3, 2025 1:57 pm"},"featured_img_caption":"","featured_img":false,"series_order":"","publishpress_future_action":{"enabled":false,"date":"2026-05-01 06:04:06","action":"change-status","newStatus":"draft","terms":[],"taxonomy":"translation_priority","extraData":[]},"publishpress_future_workflow_manual_trigger":{"enabledWorkflows":[]},"_links":{"self":[{"href":"https:\/\/www.laval.ca\/en\/wp-json\/wp\/v2\/pages\/26914","targetHints":{"allow":["GET"]}}],"collection":[{"href":"https:\/\/www.laval.ca\/en\/wp-json\/wp\/v2\/pages"}],"about":[{"href":"https:\/\/www.laval.ca\/en\/wp-json\/wp\/v2\/types\/page"}],"author":[{"embeddable":true,"href":"https:\/\/www.laval.ca\/en\/wp-json\/wp\/v2\/users\/34"}],"replies":[{"embeddable":true,"href":"https:\/\/www.laval.ca\/en\/wp-json\/wp\/v2\/comments?post=26914"}],"version-history":[{"count":8,"href":"https:\/\/www.laval.ca\/en\/wp-json\/wp\/v2\/pages\/26914\/revisions"}],"predecessor-version":[{"id":89917,"href":"https:\/\/www.laval.ca\/en\/wp-json\/wp\/v2\/pages\/26914\/revisions\/89917"}],"up":[{"embeddable":true,"href":"https:\/\/www.laval.ca\/en\/wp-json\/wp\/v2\/pages\/26512"}],"wp:attachment":[{"href":"https:\/\/www.laval.ca\/en\/wp-json\/wp\/v2\/media?parent=26914"}],"curies":[{"name":"wp","href":"https:\/\/api.w.org\/{rel}","templated":true}]}}