{"id":26889,"date":"2024-11-22T06:19:03","date_gmt":"2024-11-22T11:19:03","guid":{"rendered":"https:\/\/www.laval.ca\/terrains-contamines\/"},"modified":"2025-05-02T18:21:36","modified_gmt":"2025-05-02T22:21:36","slug":"contaminated-lands","status":"publish","type":"page","link":"https:\/\/www.laval.ca\/en\/businesses\/environmentally-responsible-and-commercial-collections\/contaminated-lands\/","title":{"rendered":"Contaminated lands"},"content":{"rendered":"<section class=\"sticky-section-group aligndefault\"\n>\n   \n<div class=\"sticky-section-main\"\n>\n   \n\n<p class=\"is-style-intro-text\">La Loi sur la qualit\u00e9 de l&#8217;environnement (LQE) pr\u00e9voit des r\u00e8gles visant la protection des terrains ainsi que leur r\u00e9habilitation en cas de contamination.\u00a0<\/p>\n\n\n\n<p>La LQE vise entre autres \u00e0 :\u00a0<\/p>\n\n\n\n<ul class=\"wp-block-list\">\n<li>am\u00e9liorer la connaissance de l&#8217;\u00e9tat des terrains contamin\u00e9s au Qu\u00e9bec\u00a0<\/li>\n\n\n\n<li>favoriser la r\u00e9habilitation de ces terrains et leur r\u00e9utilisation s\u00e9curitaire\u00a0<\/li>\n\n\n\n<li>exiger l&#8217;inscription au registre foncier du Bureau de publicit\u00e9 des droits d&#8217;un avis lorsque des contaminants sont pr\u00e9sents dans un terrain au-del\u00e0 des normes\u00a0<\/li>\n<\/ul>\n\n\n\n<h2 class=\"wp-block-heading\">Permis de construction et de lotissement pour terrain contamin\u00e9\u00a0<\/h2>\n\n\n\n<p>Lorsqu\u2019un terrain est vis\u00e9 par un avis de contamination, aucun permis de construction et de lotissement ne peuvent \u00eatre d\u00e9livr\u00e9s pour ce terrain tant que la Ville de Laval n\u2019a pas re\u00e7u une attestation du minist\u00e8re du D\u00e9veloppement durable, de l\u2019Environnement et des Parcs du Qu\u00e9bec. L&#8217;attestation doit confirmer que le niveau de contamination respecte les normes du minist\u00e8re.\u00a0<\/p>\n\n\n\n<h2 class=\"wp-block-heading\">Liste des terrains contamin\u00e9s\u00a0<\/h2>\n\n\n\n<p>La Ville de Laval a constitu\u00e9 une liste des terrains contamin\u00e9s situ\u00e9s sur son territoire afin d&#8217;informer les citoyens, les propri\u00e9taires et les intervenants du domaine immobilier. Cette liste \u00e9num\u00e8re les coordonn\u00e9es de chacun des terrains contamin\u00e9s et permet \u00e0 l&#8217;utilisateur de localiser le terrain sur le territoire.\u00a0<\/p>\n\n\n\n<p>La liste des terrains contamin\u00e9s est tenue \u00e0 jour \u00e0 partir des informations fournies \u00e0 la Ville de Laval par le minist\u00e8re du D\u00e9veloppement durable, de l&#8217;Environnement et des Parcs du Qu\u00e9bec. Il est sugg\u00e9r\u00e9 de v\u00e9rifier le registre foncier du <a href=\"http:\/\/www.mrn.gouv.qc.ca\/laval\/foncier\/nousjoindre.jsp\" target=\"_blank\" rel=\"noreferrer noopener\">Bureau de publicit\u00e9 des droits de Laval<\/a> avant de proc\u00e9der \u00e0 toute transaction immobili\u00e8re.\u00a0\u00a0<\/p>\n\n\n\n<p>\u00a0Les num\u00e9ros de lots et les num\u00e9ros civiques correspondent aux informations contenues dans les documents re\u00e7us par la Ville de Laval. Prendre note qu\u2019il peut y avoir plusieurs num\u00e9ros civiques sur un lot et qu\u2019ils peuvent \u00eatre modifi\u00e9s dans le temps. Il est donc sugg\u00e9r\u00e9 de privil\u00e9gier la recherche \u00e0 l\u2019aide des num\u00e9ros de lots, incluant les op\u00e9rations cadastrales, et de ne pas se fier uniquement aux num\u00e9ros civiques.<\/p>\n\n\n\n<h2 class=\"wp-block-heading\">Terrains contamin\u00e9s\u00a0<\/h2>\n\n\n\n<p><a href=\"https:\/\/www.ville.laval.qc.ca\/wlav2\/envw.terrain_wlav4\" target=\"_blank\" rel=\"noreferrer noopener\">Veuillez utiliser ce lien si vous \u00e9prouvez des difficult\u00e9s \u00e0 visualiser le contenu de la page<\/a>.<\/p>\n\n<\/div>\n\n\n<div class=\"sticky-section-sidebar\"\n>\n   <div class=\"sticky-section-sidebar__inner\">\n     \n<div class=\"sidebar-cta-wrapper aligndefault\">\n   <div class=\"sidebar-cta\">\n     \n  <div class=\"theme-icon aligndefault theme-icon--colored\">\n    <span class=\"theme-icon__icon icon icon-soutien-entreprises\"><\/span>\n  <\/div>\n  \n\n\n<h2 class=\"wp-block-heading has-xlarge-font-size\">Pour plus d\u2019information\u00a0<\/h2>\n\n\n\n<p><strong>Demande d\u2019information ou de signalement<\/strong>\u00a0<br \/><br \/><a href=\"https:\/\/mondossier.laval.ca\/?_gl=1*ht3f4c*_gcl_au*NzYyMDk3MTgzLjE3MjU0NjA0MTA.*_ga*MTUwMzc0NTM1NC4xNzI1NDYwNDA1*_ga_G6H5B2R1FL*MTcyOTg0OTEwNS4xMTQuMS4xNzI5ODUwMjAxLjU5LjAuMA..\" target=\"_blank\" rel=\"noreferrer noopener\">Mon dossier Connexion\/Inscription<\/a>\u00a0<\/p>\n\n\n\n<p>311\u00a0<br \/>De l&#8217;ext\u00e9rieur de Laval\u00a0<br \/>450 978-8000\u00a0<\/p>\n\n   <\/div>\n<\/div>\n\n\n<div class=\"sidebar-cta-wrapper aligndefault\">\n   <div class=\"sidebar-cta\">\n     \n\n<h2 class=\"wp-block-heading has-xlarge-font-size\">\u00c7a va o\u00f9 ?\u00a0<\/h2>\n\n\n\n<p>Bac bleu, brun, noir ou \u00e9cocentre, avec <a href=\"https:\/\/www.recyc-quebec.gouv.qc.ca\/appmobile-cavaou\/\" target=\"_blank\" rel=\"noreferrer noopener\">\u00c7a va o\u00f9 ?<\/a> on sait o\u00f9 \u00e7a va ! T\u00e9l\u00e9chargez l&#8217;application.\u00a0<\/p>\n\n   <\/div>\n<\/div>\n\n   <\/div>\n<\/div>\n\n<\/section>\n\n<p><\/p>\n","protected":false},"excerpt":{"rendered":"","protected":false},"author":34,"featured_media":0,"parent":27123,"menu_order":43,"comment_status":"closed","ping_status":"closed","template":"template-contaminated-lands.php","meta":{"_acf_changed":false,"advgb_blocks_editor_width":"","advgb_blocks_columns_visual_guide":"","footnotes":""},"class_list":["post-26889","page","type-page","status-publish","hentry"],"pp_statuses_selecting_workflow":false,"pp_workflow_action":"current","pp_status_selection":"publish","acf":[],"coauthors":[],"author_meta":{"author_link":"https:\/\/www.laval.ca\/en\/author\/i-boucherlaval-ca\/","display_name":"i.boucher@laval.ca"},"relative_dates":{"created":"Posted 1 year ago","modified":"Updated 12 months ago"},"absolute_dates":{"created":"Posted on November 22, 2024","modified":"Updated on May 2, 2025"},"absolute_dates_time":{"created":"Posted on November 22, 2024 6:19 am","modified":"Updated on May 2, 2025 6:21 pm"},"featured_img_caption":"","featured_img":false,"series_order":"","publishpress_future_action":{"enabled":false,"date":"2026-04-29 03:49:05","action":"change-status","newStatus":"draft","terms":[],"taxonomy":"translation_priority","extraData":[]},"publishpress_future_workflow_manual_trigger":{"enabledWorkflows":[]},"_links":{"self":[{"href":"https:\/\/www.laval.ca\/en\/wp-json\/wp\/v2\/pages\/26889","targetHints":{"allow":["GET"]}}],"collection":[{"href":"https:\/\/www.laval.ca\/en\/wp-json\/wp\/v2\/pages"}],"about":[{"href":"https:\/\/www.laval.ca\/en\/wp-json\/wp\/v2\/types\/page"}],"author":[{"embeddable":true,"href":"https:\/\/www.laval.ca\/en\/wp-json\/wp\/v2\/users\/34"}],"replies":[{"embeddable":true,"href":"https:\/\/www.laval.ca\/en\/wp-json\/wp\/v2\/comments?post=26889"}],"version-history":[{"count":4,"href":"https:\/\/www.laval.ca\/en\/wp-json\/wp\/v2\/pages\/26889\/revisions"}],"predecessor-version":[{"id":48416,"href":"https:\/\/www.laval.ca\/en\/wp-json\/wp\/v2\/pages\/26889\/revisions\/48416"}],"up":[{"embeddable":true,"href":"https:\/\/www.laval.ca\/en\/wp-json\/wp\/v2\/pages\/27123"}],"wp:attachment":[{"href":"https:\/\/www.laval.ca\/en\/wp-json\/wp\/v2\/media?parent=26889"}],"curies":[{"name":"wp","href":"https:\/\/api.w.org\/{rel}","templated":true}]}}