{"id":26843,"date":"2025-06-05T09:30:41","date_gmt":"2025-06-05T13:30:41","guid":{"rendered":"https:\/\/www.laval.ca\/bureau-integrite-ethique-laval\/"},"modified":"2025-09-03T14:02:09","modified_gmt":"2025-09-03T18:02:09","slug":"laval-office-of-integrity-and-ethics","status":"publish","type":"page","link":"https:\/\/www.laval.ca\/en\/municipal-organization\/municipal-administration\/municipal-services\/laval-office-of-integrity-and-ethics\/","title":{"rendered":"Laval&#8217;s Office of Integrity and Ethics"},"content":{"rendered":"\n<div class=\"wp-block-group has-section-light-background-color has-background is-layout-constrained wp-container-core-group-is-layout-a29f7d37 wp-block-group-is-layout-constrained\">\n<h2 class=\"wp-block-heading has-section-dark-color has-text-color has-link-color wp-elements-44054e07738387719121beedb71097bb\"><strong>The content of this page is available only in French.<\/strong><\/h2>\n\n\n\n<p>If you require this information in English, you can reach us through \u2060<a href=\"https:\/\/can01.safelinks.protection.outlook.com\/?url=https%3A%2F%2Fmondossier.laval.ca%2F%3F_gl%3D1*1vilvu5*_gcl_au*NjkyNzM0Mzc2LjE3MzcxMjE0NTA.*_ga*MzM0MzU2NTI0LjE2Nzg1NTk3NTg.*_ga_G6H5B2R1FL*MTc0MTc5NjEyNi42MTkuMS4xNzQxNzk3ODI1LjYwLjAuMA..&amp;data=05%7C02%7Cl.mustafa%40laval.ca%7Cd2ebda94a5dc430a4d9608dd88b7f40d%7C15ebd2ebb8cf40dd8e2bb2e67abb40ef%7C0%7C0%7C638817045841724507%7CUnknown%7CTWFpbGZsb3d8eyJFbXB0eU1hcGkiOnRydWUsIlYiOiIwLjAuMDAwMCIsIlAiOiJXaW4zMiIsIkFOIjoiTWFpbCIsIldUIjoyfQ%3D%3D%7C0%7C%7C%7C&amp;sdata=uCSItLDDiX8J1KdCY998xZtvdqYjTGHRVCkmpFWy3dM%3D&amp;reserved=0\" target=\"_blank\" rel=\"noreferrer noopener\">Mon dossier<\/a>. You can also use a machine-translated version (without any human intervention) by using <a href=\"https:\/\/www.google.com\/search?q=google+translate&amp;sca_esv=6f4cffb8fcc6cffb&amp;source=hp&amp;ei=OyAaaIGjG5e90PEPqsvQ6Ac&amp;iflsig=ACkRmUkAAAAAaBouS9WCL_zO-4zljC59-gTtL7PE4hfd&amp;ved=0ahUKEwjBrMyyio-NAxWXHjQIHaolFH0Q4dUDCA8&amp;uact=5&amp;oq=google+translate&amp;gs_lp=Egdnd3Mtd2l6IhBnb29nbGUgdHJhbnNsYXRlMhAQABiABBixAxhDGIMBGIoFMgUQABiABDIFEAAYgAQyCxAAGIAEGLEDGIMBMgsQABiABBixAxiDATIFEAAYgAQyBRAAGIAEMgUQABiABDILEAAYgAQYsQMYgwEyBRAAGIAESI8OUABY3w1wAHgAkAEAmAFDoAGhBqoBAjE2uAEDyAEA-AEBmAIQoALGBsICFhAuGIAEGLEDGNEDGEMYgwEYxwEYigXCAgoQABiABBhDGIoFwgINEAAYgAQYsQMYQxiKBcICCBAAGIAEGLEDwgIREC4YgAQYsQMY0QMYgwEYxwHCAgsQABiABBixAxiKBZgDAJIHAjE2oAeiZ7IHAjE2uAfGBg&amp;sclient=gws-wiz\" target=\"_blank\" rel=\"noreferrer noopener\">Google Translate<\/a>.<\/p>\n<\/div>\n","protected":false},"excerpt":{"rendered":"","protected":false},"author":28,"featured_media":0,"parent":26914,"menu_order":98,"comment_status":"closed","ping_status":"closed","template":"","meta":{"_acf_changed":false,"advgb_blocks_editor_width":"","advgb_blocks_columns_visual_guide":"","footnotes":"[{\"content\":\"Tel que d\u00e9fini \u00e0 l\u2019article 4 du Code d\u2019\u00e9thique et de d\u00e9ontologie des employ\u00e9s municipaux de la Ville de Laval (L -12437).\",\"id\":\"3e1cdcc1-9b37-46d8-b1ce-9fff6e4203cd\"},{\"content\":\"Il est possible d'effectuer un signalement de fa\u00e7on anonyme. Cependant, celui-ci peut limiter l'analyse des renseignements, surtout si une enqu\u00eate est n\u00e9cessaire.\u00a0\",\"id\":\"185e10ad-cba9-42af-ab17-12fdabdbeb4f\"}]"},"class_list":["post-26843","page","type-page","status-publish","hentry"],"pp_statuses_selecting_workflow":false,"pp_workflow_action":"current","pp_status_selection":"publish","acf":[],"coauthors":[],"author_meta":{"author_link":"https:\/\/www.laval.ca\/en\/author\/n-ventura-boucherlaval-ca\/","display_name":"n.ventura-boucher@laval.ca"},"relative_dates":{"created":"Posted 11 months ago","modified":"Updated 8 months ago"},"absolute_dates":{"created":"Posted on June 5, 2025","modified":"Updated on September 3, 2025"},"absolute_dates_time":{"created":"Posted on June 5, 2025 9:30 am","modified":"Updated on September 3, 2025 2:02 pm"},"featured_img_caption":"","featured_img":false,"series_order":"","publishpress_future_action":{"enabled":false,"date":"2026-05-07 17:20:57","action":"change-status","newStatus":"draft","terms":[],"taxonomy":"translation_priority","extraData":[]},"publishpress_future_workflow_manual_trigger":{"enabledWorkflows":[]},"_links":{"self":[{"href":"https:\/\/www.laval.ca\/en\/wp-json\/wp\/v2\/pages\/26843","targetHints":{"allow":["GET"]}}],"collection":[{"href":"https:\/\/www.laval.ca\/en\/wp-json\/wp\/v2\/pages"}],"about":[{"href":"https:\/\/www.laval.ca\/en\/wp-json\/wp\/v2\/types\/page"}],"author":[{"embeddable":true,"href":"https:\/\/www.laval.ca\/en\/wp-json\/wp\/v2\/users\/28"}],"replies":[{"embeddable":true,"href":"https:\/\/www.laval.ca\/en\/wp-json\/wp\/v2\/comments?post=26843"}],"version-history":[{"count":8,"href":"https:\/\/www.laval.ca\/en\/wp-json\/wp\/v2\/pages\/26843\/revisions"}],"predecessor-version":[{"id":89935,"href":"https:\/\/www.laval.ca\/en\/wp-json\/wp\/v2\/pages\/26843\/revisions\/89935"}],"up":[{"embeddable":true,"href":"https:\/\/www.laval.ca\/en\/wp-json\/wp\/v2\/pages\/26914"}],"wp:attachment":[{"href":"https:\/\/www.laval.ca\/en\/wp-json\/wp\/v2\/media?parent=26843"}],"curies":[{"name":"wp","href":"https:\/\/api.w.org\/{rel}","templated":true}]}}