{"id":26826,"date":"2024-11-27T12:59:18","date_gmt":"2024-11-27T17:59:18","guid":{"rendered":"https:\/\/www.laval.ca\/aides-financieres-habitation\/"},"modified":"2025-03-31T18:03:17","modified_gmt":"2025-03-31T22:03:17","slug":"financial-assistance-housing","status":"publish","type":"page","link":"https:\/\/www.laval.ca\/en\/support-funding\/housing-residence\/financial-assistance-housing\/","title":{"rendered":"Financial assistance for housing"},"content":{"rendered":"<section class=\"sticky-section-group aligndefault\"\n>\n   \n<div class=\"sticky-section-main\"\n>\n   \n\n<p class=\"is-style-intro-text\">Tout savoir sur les aides disponibles pour r\u00e9aliser vos projets de construction, de r\u00e9novation, de transformation ou d&#8217;adaptation.<\/p>\n\n\n  <section class=\"child-pages aligndefault child-pages--style-text\"\n  >\n\n          <ul class=\"child-pages__listing reset-list\">\n            <li class=\"child-pages__item\">\n        <a class=\"child-pages__item__inner\" href=\"https:\/\/www.laval.ca\/en\/support-funding\/housing-residence\/financial-assistance-housing\/financial-assistance-for-non-profits-cooperatives-housing-offices\/\"\n          >\n                    <div class=\"child-pages__item__content\">\n            <p class=\"child-pages__item__title\"><span>Financial Assistance for Non-Profits, Cooperatives, and Housing Offices<\/span><\/p>\n                          <div class=\"child-pages__item__excerpt\"><p><span class=\"TextRun SCXW19944424 BCX0\" lang=\"FR\" xml:lang=\"FR\" data-contrast=\"none\"><span class=\"NormalTextRun SCXW19944424 BCX0\">Obtenez de l\u2019aide <\/span><\/span><span class=\"TextRun SCXW19944424 BCX0\" lang=\"FR\" xml:lang=\"FR\" data-contrast=\"auto\"><span class=\"NormalTextRun SCXW19944424 BCX0\">pour d\u00e9velopper des projets de<\/span><\/span><span class=\"TextRun Highlight SCXW19944424 BCX0\" lang=\"FR\" xml:lang=\"FR\" data-contrast=\"none\"><span class=\"NormalTextRun SCXW19944424 BCX0\"> logements <\/span><\/span><span class=\"TextRun SCXW19944424 BCX0\" lang=\"FR\" xml:lang=\"FR\" data-contrast=\"none\"><span class=\"NormalTextRun SCXW19944424 BCX0\">sociaux et abordables \u00e0 Laval.<\/span><\/span><span class=\"EOP SCXW19944424 BCX0\" data-ccp-props=\"{&quot;335557856&quot;:16777215,&quot;335559739&quot;:200}\">\u00a0<\/span><\/p>\n<\/div>\n                      <\/div>\n        <\/a>\n      <\/li>\n            <li class=\"child-pages__item\">\n        <a class=\"child-pages__item__inner\" href=\"https:\/\/www.laval.ca\/en\/support-funding\/housing-residence\/financial-assistance-housing\/financial-assistance-for-owners\/\"\n          >\n                    <div class=\"child-pages__item__content\">\n            <p class=\"child-pages__item__title\"><span>Financial assistance for owners<\/span><\/p>\n                          <div class=\"child-pages__item__excerpt\"><p><span class=\"TextRun SCXW60091715 BCX0\" lang=\"FR\" xml:lang=\"FR\" data-contrast=\"none\"><span class=\"NormalTextRun SCXW60091715 BCX0\">D\u00e9couvrez nos programmes pour vous aider \u00e0 r\u00e9aliser des travaux dans votre <\/span><span class=\"NormalTextRun SCXW60091715 BCX0\">logement<\/span><span class=\"NormalTextRun SCXW60091715 BCX0\"> \u00e0 Laval.<\/span><\/span><span class=\"EOP SCXW60091715 BCX0\" data-ccp-props=\"{&quot;201341983&quot;:0,&quot;335557856&quot;:16777215,&quot;335559739&quot;:220,&quot;335559740&quot;:375}\">\u00a0<\/span><\/p>\n<\/div>\n                      <\/div>\n        <\/a>\n      <\/li>\n            <li class=\"child-pages__item\">\n        <a class=\"child-pages__item__inner\" href=\"https:\/\/www.laval.ca\/en\/support-funding\/housing-residence\/financial-assistance-housing\/financial-assistance-real-estate\/\"\n          >\n                    <div class=\"child-pages__item__content\">\n            <p class=\"child-pages__item__title\"><span>Financial assistance for real estate developpers<\/span><\/p>\n                          <div class=\"child-pages__item__excerpt\"><p><span class=\"TextRun SCXW124232125 BCX0\" lang=\"FR\" xml:lang=\"FR\" data-contrast=\"auto\"><span class=\"NormalTextRun SCXW124232125 BCX0\">D\u00e9couvrez les programmes de financement disponibles pour <\/span><span class=\"NormalTextRun SCXW124232125 BCX0\">d\u00e9velopper<\/span> <span class=\"NormalTextRun SCXW124232125 BCX0\">de nouveaux projets<\/span><span class=\"NormalTextRun SCXW124232125 BCX0\"> de <\/span><span class=\"NormalTextRun SCXW124232125 BCX0\">logements <\/span><span class=\"NormalTextRun SCXW124232125 BCX0\">locatifs<\/span><span class=\"NormalTextRun SCXW124232125 BCX0\"> \u00e0 Laval<\/span><span class=\"NormalTextRun SCXW124232125 BCX0\">.<\/span><\/span><span class=\"EOP SCXW124232125 BCX0\" data-ccp-props=\"{&quot;335557856&quot;:16777215,&quot;335559739&quot;:220}\">\u00a0<\/span><\/p>\n<\/div>\n                      <\/div>\n        <\/a>\n      <\/li>\n            <\/ul>\n      <\/section>\n  \n<\/div>\n\n\n<div class=\"sticky-section-sidebar\"\n>\n   <div class=\"sticky-section-sidebar__inner\">\n     \n\n<p><\/p>\n\n   <\/div>\n<\/div>\n\n<\/section>\n\n<p><\/p>\n","protected":false},"excerpt":{"rendered":"","protected":false},"author":34,"featured_media":0,"parent":27131,"menu_order":0,"comment_status":"closed","ping_status":"closed","template":"","meta":{"_acf_changed":false,"advgb_blocks_editor_width":"","advgb_blocks_columns_visual_guide":"","footnotes":""},"class_list":["post-26826","page","type-page","status-publish","hentry"],"pp_statuses_selecting_workflow":false,"pp_workflow_action":"current","pp_status_selection":"publish","acf":[],"coauthors":[],"author_meta":{"author_link":"https:\/\/www.laval.ca\/en\/author\/i-boucherlaval-ca\/","display_name":"i.boucher@laval.ca"},"relative_dates":{"created":"Posted 1 year ago","modified":"Updated 1 year ago"},"absolute_dates":{"created":"Posted on November 27, 2024","modified":"Updated on March 31, 2025"},"absolute_dates_time":{"created":"Posted on November 27, 2024 12:59 pm","modified":"Updated on March 31, 2025 6:03 pm"},"featured_img_caption":"","featured_img":false,"series_order":"","publishpress_future_action":{"enabled":false,"date":"2026-05-06 13:14:16","action":"change-status","newStatus":"draft","terms":[],"taxonomy":"translation_priority","extraData":[]},"publishpress_future_workflow_manual_trigger":{"enabledWorkflows":[]},"_links":{"self":[{"href":"https:\/\/www.laval.ca\/en\/wp-json\/wp\/v2\/pages\/26826","targetHints":{"allow":["GET"]}}],"collection":[{"href":"https:\/\/www.laval.ca\/en\/wp-json\/wp\/v2\/pages"}],"about":[{"href":"https:\/\/www.laval.ca\/en\/wp-json\/wp\/v2\/types\/page"}],"author":[{"embeddable":true,"href":"https:\/\/www.laval.ca\/en\/wp-json\/wp\/v2\/users\/34"}],"replies":[{"embeddable":true,"href":"https:\/\/www.laval.ca\/en\/wp-json\/wp\/v2\/comments?post=26826"}],"version-history":[{"count":6,"href":"https:\/\/www.laval.ca\/en\/wp-json\/wp\/v2\/pages\/26826\/revisions"}],"predecessor-version":[{"id":61055,"href":"https:\/\/www.laval.ca\/en\/wp-json\/wp\/v2\/pages\/26826\/revisions\/61055"}],"up":[{"embeddable":true,"href":"https:\/\/www.laval.ca\/en\/wp-json\/wp\/v2\/pages\/27131"}],"wp:attachment":[{"href":"https:\/\/www.laval.ca\/en\/wp-json\/wp\/v2\/media?parent=26826"}],"curies":[{"name":"wp","href":"https:\/\/api.w.org\/{rel}","templated":true}]}}