{"id":26819,"date":"2024-11-28T13:58:03","date_gmt":"2024-11-28T18:58:03","guid":{"rendered":"https:\/\/www.laval.ca\/payer-constat-infraction\/"},"modified":"2025-08-28T14:35:10","modified_gmt":"2025-08-28T18:35:10","slug":"paying-a-ticket","status":"publish","type":"page","link":"https:\/\/www.laval.ca\/en\/municipal-organization\/municipal-court\/ticket\/paying-a-ticket\/","title":{"rendered":"Paying a Ticket"},"content":{"rendered":"<section class=\"sticky-section-group aligndefault\"\n>\n   \n<div class=\"sticky-section-main\"\n>\n   \n\n<p class=\"is-style-intro-text\">Have you received a statement of offence? There are four different ways to pay the fine.<\/p>\n\n\n\n<h2 class=\"wp-block-heading\">Four ways to pay a statement of offence<\/h2>\n\n\n\n<h3 class=\"wp-block-heading\">1. Online<\/h3>\n\n\n\n<p>Go to our <a href=\"https:\/\/www.ville.laval.qc.ca\/constats\/\" target=\"_blank\" rel=\"noreferrer noopener\">online payment platform<\/a>. Make sure that you have your statement of offence on hand and a credit card (Visa or Mastercard).&nbsp;<\/p>\n\n\n\n<p>Available 24 hours a day, with the exception of system update periods (daily from 5 a.m. to 5:30 a.m. and for one hour on Sunday nights, based on a variable schedule).<\/p>\n\n\n\n<h3 class=\"wp-block-heading\">2. In most financial institutions<\/h3>\n\n\n\n<p>At the counter or online, if you institution offers this service.<\/p>\n\n\n\n<h3 class=\"wp-block-heading\">3. By postal mail<\/h3>\n\n\n\n<p>Before mailing your payment, make sure that the certified cheque or money order is payable to Ville de Laval and that the statement of offence number is indicated on the back of the cheque or money order. Then send it to the following address:&nbsp;<\/p>\n\n\n\n<p><strong>Municipal court of the Ville de Laval<\/strong><br>P.O. Box 611&nbsp;<br>Succursale Saint-Martin&nbsp;<br>Laval QC&nbsp;<br>H7V 0A9<\/p>\n\n\n\n<p><\/p>\n\n\n\n<h3 class=\"wp-block-heading\">4. In person<\/h3>\n\n\n\n<table class=\"wp-block-advgb-table advgb-table-frontend is-style-stripes\" style=\"table-layout:fixed\"><thead><tr><th style=\"padding-left:16px\"><strong>Lieux<\/strong><\/th><th style=\"padding-top:8px;padding-bottom:8px;padding-left:16px\"><strong><strong>Opening hours<\/strong><\/strong><\/th><th style=\"padding-top:8px;padding-bottom:8px;padding-left:16px\"><strong>Methods of payment accepted<\/strong><\/th><\/tr><\/thead><tbody><tr><td style=\"border-width:1px;border-bottom-color:#CECECE;padding-top:16px;padding-bottom:16px;padding-left:16px\" data-border-color=\"#CECECE\">Cash &nbsp;<br>\u2022 Certified cheque &nbsp;<br>\u2022 Postal or bank money order &nbsp;<br>\u2022 Debit card &nbsp;<br>\u2022 Credit card Visa or MasterCard<\/td><td style=\"padding-top:16px;padding-bottom:16px;background-color:#F6F6F6;padding-left:16px;border-bottom-color:#CECECE;border-width:1px\" data-border-color=\"#CECECE\">Lundi au vendredi, de 8&nbsp;h&nbsp;30 \u00e0 16&nbsp;h&nbsp;30<\/td><td style=\"border-width:1px;border-bottom-color:#CECECE;padding-top:16px;padding-bottom:16px;padding-left:16px\" data-border-color=\"#CECECE\">\u2022 Cash &nbsp;<br>\u2022 Certified cheque<br>\u2022 Postal or bank money order &nbsp;<br>\u2022 Debit card &nbsp;<br>\u2022 Credit card Visa or MasterCard<\/td><\/tr><tr><td style=\"border-width:1px;border-bottom-color:#CECECE;padding-top:16px;padding-bottom:16px;padding-left:16px\" data-border-color=\"#CECECE\"><strong>Tax counter<\/strong><sup data-fn=\"764e0f35-c651-446e-9a92-da9d433bcd9e\" class=\"fn\"><a id=\"764e0f35-c651-446e-9a92-da9d433bcd9e-link\" href=\"#764e0f35-c651-446e-9a92-da9d433bcd9e\">1<\/a><\/sup><br><a href=\"https:\/\/www.laval.ca\/en\/interactive-map\/comptoir-multiservices-et-services-municipaux\/\" data-type=\"link\" data-id=\"https:\/\/www.laval.ca\/carte-interactive\/comptoir-multiservices-et-services-municipaux\/\">1333, boulevard Chomedey<\/a>, <br>Ground floor&nbsp;<br>Laval QC&nbsp;<br>H7V 3Z4<\/td><td style=\"padding-top:16px;padding-bottom:16px;padding-left:16px;border-bottom-color:#CECECE;border-width:1px\" data-border-color=\"#CECECE\">Monday to Friday from 8:15 a.m. to 5:15 p.m.<\/td><td style=\"border-width:1px;border-bottom-color:#CECECE;padding-top:16px;padding-bottom:16px;padding-left:16px\" data-border-color=\"#CECECE\">\u2022&nbsp;Cash &nbsp;<br>\u2022 Certified cheque &nbsp;<br>\u2022 Postal or bank money order &nbsp;<br>\u2022 Debit card<\/td><\/tr><\/tbody><\/table>\n\n\n<section class=\"info-tip-box aligndefault\"\n>\n   <div class=\"info-tip-box__decoration\" aria-hidden=\"true\"><\/div>\n   <div class=\"info-tip-box__content\">\n    \n\n<h3 class=\"wp-block-heading\"><strong>A statement of offence must be paid within 30 days.&nbsp;<\/strong><\/h3>\n\n\n\n<p>Your payment must be received by no later than the deadline indicated on the statement of offence. It should not be sent on that date. <strong>Allow for a delay to account for delivery by postal mail, or for the transaction processing time applied by your financial institution.&nbsp;<\/strong><\/p>\n\n\n\n<p>If your payment is received late, you may have to pay an additional fee, regardless of the sending date.&nbsp;<\/p>\n\n\n\n<p>It is also possible to make a <a href=\"https:\/\/www.laval.ca\/en\/municipal-organization\/municipal-court\/verdict\/payment-agreement\/\" data-type=\"page\" data-id=\"6412\">payment agreement with the collector<\/a>.<\/p>\n\n\n\n<p><\/p>\n\n   <\/div>\n<\/section>\n\n<\/div>\n\n\n<div class=\"sticky-section-sidebar\"\n>\n   <div class=\"sticky-section-sidebar__inner\">\n     \n<div class=\"sidebar-cta-wrapper aligndefault\">\n   <div class=\"sidebar-cta\">\n     \n  <div class=\"theme-icon aligndefault theme-icon--colored\">\n    <span class=\"theme-icon__icon icon icon-cour-municipale\"><\/span>\n  <\/div>\n  \n\n\n<p class=\"has-xlarge-font-size\"><strong>For more informations<\/strong><\/p>\n\n\n\n<p><strong>Cour municipale<\/strong><br><a href=\"https:\/\/www.laval.ca\/en\/interactive-map\/cour-municipale\/\">55, boulevard des Laurentides<\/a><br>Laval (Qu\u00e9bec)&nbsp; H7G 2T1<\/p>\n\n\n\n<p><a href=\"tel:4506624466\">450 662-4466<\/a><br><a href=\"tel:4506628501\">450 662-8501<\/a><\/p>\n\n\n\n<p><a href=\"mailto:cour.municipale@laval.ca\" target=\"_blank\" rel=\"noreferrer noopener\">Courriel<\/a><\/p>\n\n   <\/div>\n<\/div>\n\n\n<div class=\"sidebar-cta-wrapper aligndefault\">\n   <div class=\"sidebar-cta\">\n     \n\n<p class=\"has-xlarge-font-size\"><strong>Schedule on public holidays<\/strong><\/p>\n\n\n\n<p>Monday to Friday from <br>8:30 a.m. to 4:30 p.m.<\/p>\n\n\n\n<p><strong>Comptoir caisse<\/strong><br>Monday to Friday from <br>8:30 a.m. to 4:30 p.m.<\/p>\n\n\n\n<p><strong>Horaire cong\u00e9s f\u00e9ri\u00e9s<\/strong><br>To find out if the municipal court is open or closed on public holidays, please view the&nbsp;<a href=\"https:\/\/www.laval.ca\/en\/municipal-organization\/municipal-administration\/municipal-services\/holiday-municipal-services-schedule\/\" data-type=\"page\" data-id=\"5202\">Holidays Municipal Services Schedule page<\/a>.<\/p>\n\n   <\/div>\n<\/div>\n\n   <\/div>\n<\/div>\n\n<\/section>\n\n\n<section class=\"mixed-carousel mixed-carousel--custom alignfull\"\n>\n    \n<div class=\"heading-with-button container\">\n      <h2 class=\"heading-with-button__title\">Pour aller plus loin<\/h2>\n    <\/div>\n    <div class=\"mixed-carousel__carousel-wrapper\">\n      <div class=\"mixed-carousel__carousel swiper\">\n        <div class=\"swiper-wrapper\">\n                      \n<div class=\"mixed-item swiper-slide aligndefault mixed-item--landscape-thumbnail\">\n  <a class=\"mixed-item__inner\" href=\"https:\/\/www.laval.ca\/organisation-municipale\/cour-municipale\/verdict\/entente-paiement\/\">    <div class=\"mixed-item__thumbnail-wrapper\">\n      <img decoding=\"async\" src=\"https:\/\/www.laval.ca\/wp-content\/themes\/laval.ca\/dist\/images\/defaults\/default.jpg\" alt=\"\">    <\/div>\n    <h3 class=\"mixed-item__title\"><span>Entente de paiement<\/span><\/h3>\n          <p class=\"mixed-item__excerpt\">Si votre situation financi\u00e8re ne vous permet pas d&#8217;acquitter la totalit\u00e9 de votre amende et de vos frais\u00a0dans le d\u00e9lai prescrit, d\u00e9couvrez comment vous pouvez prendre une entente avec le percepteur ou la perceptrice des amendes.<\/p>\n      <\/a><\/div>\n\n\n                  <\/div>\n      <\/div>\n    <\/div>\n    <div class=\"mixed-carousel__carousel-navigation container\">\n      <div class=\"swiper-button-prev\"><\/div>\n      <div class=\"swiper-button-next\"><\/div>\n    <\/div>\n      \n<\/section>\n\n\n<ol class=\"wp-block-footnotes\"><li id=\"764e0f35-c651-446e-9a92-da9d433bcd9e\">No late payments will be accepted at this location. <a href=\"#764e0f35-c651-446e-9a92-da9d433bcd9e-link\" aria-label=\"Jump to footnote reference 1\">\u21a9\ufe0e<\/a><\/li><\/ol>","protected":false},"excerpt":{"rendered":"","protected":false},"author":30,"featured_media":0,"parent":26821,"menu_order":0,"comment_status":"closed","ping_status":"closed","template":"","meta":{"_acf_changed":false,"advgb_blocks_editor_width":"","advgb_blocks_columns_visual_guide":"","footnotes":"[{\"content\":\"No late payments will be accepted at this location.\",\"id\":\"764e0f35-c651-446e-9a92-da9d433bcd9e\"}]"},"class_list":["post-26819","page","type-page","status-publish","hentry"],"pp_statuses_selecting_workflow":false,"pp_workflow_action":"current","pp_status_selection":"publish","acf":[],"coauthors":[],"author_meta":{"author_link":"https:\/\/www.laval.ca\/en\/author\/j-goudreau-ritterlaval-ca\/","display_name":"j.goudreau-ritter@laval.ca"},"relative_dates":{"created":"Posted 1 year ago","modified":"Updated 8 months ago"},"absolute_dates":{"created":"Posted on November 28, 2024","modified":"Updated on August 28, 2025"},"absolute_dates_time":{"created":"Posted on November 28, 2024 1:58 pm","modified":"Updated on August 28, 2025 2:35 pm"},"featured_img_caption":"","featured_img":false,"series_order":"","publishpress_future_action":{"enabled":false,"date":"2026-05-02 06:34:00","action":"change-status","newStatus":"draft","terms":[],"taxonomy":"translation_priority","extraData":[]},"publishpress_future_workflow_manual_trigger":{"enabledWorkflows":[]},"_links":{"self":[{"href":"https:\/\/www.laval.ca\/en\/wp-json\/wp\/v2\/pages\/26819","targetHints":{"allow":["GET"]}}],"collection":[{"href":"https:\/\/www.laval.ca\/en\/wp-json\/wp\/v2\/pages"}],"about":[{"href":"https:\/\/www.laval.ca\/en\/wp-json\/wp\/v2\/types\/page"}],"author":[{"embeddable":true,"href":"https:\/\/www.laval.ca\/en\/wp-json\/wp\/v2\/users\/30"}],"replies":[{"embeddable":true,"href":"https:\/\/www.laval.ca\/en\/wp-json\/wp\/v2\/comments?post=26819"}],"version-history":[{"count":7,"href":"https:\/\/www.laval.ca\/en\/wp-json\/wp\/v2\/pages\/26819\/revisions"}],"predecessor-version":[{"id":89068,"href":"https:\/\/www.laval.ca\/en\/wp-json\/wp\/v2\/pages\/26819\/revisions\/89068"}],"up":[{"embeddable":true,"href":"https:\/\/www.laval.ca\/en\/wp-json\/wp\/v2\/pages\/26821"}],"wp:attachment":[{"href":"https:\/\/www.laval.ca\/en\/wp-json\/wp\/v2\/media?parent=26819"}],"curies":[{"name":"wp","href":"https:\/\/api.w.org\/{rel}","templated":true}]}}