{"id":26709,"date":"2024-12-13T13:53:06","date_gmt":"2024-12-13T18:53:06","guid":{"rendered":"https:\/\/www.laval.ca\/processus-de-selection\/"},"modified":"2025-08-28T14:48:22","modified_gmt":"2025-08-28T18:48:22","slug":"processus-selection","status":"publish","type":"page","link":"https:\/\/www.laval.ca\/en\/municipal-organization\/jobs\/processus-selection\/","title":{"rendered":"Selection process"},"content":{"rendered":"<section class=\"sticky-section-group aligndefault\"\n>\n   \n<div class=\"sticky-section-main\"\n>\n   \n\n<p class=\"is-style-intro-text\">Vous avez trouv\u00e9 l\u2019offre d\u2019emploi qui vous fait r\u00eaver et vous pensez \u00eatre la personne id\u00e9ale pour ce poste? Nous avons h\u00e2te de faire votre connaissance.<\/p>\n\n\n\n<p>Voici les \u00e9tapes cl\u00e9s de notre processus de s\u00e9lection. En fonction du poste auquel vous postulez, vous pourriez participer \u00e0 l\u2019une ou plusieurs d\u2019entre elles (leur ordre peut varier).<\/p>\n\n\n\n<h2 class=\"wp-block-heading\">\u00c9tape\u00a01 &#8211; Envoi de votre candidature<\/h2>\n\n\n\n<p>Si un emploi vous int\u00e9resse et que vous avez le profil recherch\u00e9, vous devez cr\u00e9er votre compte par le biais de\u00a0<a href=\"https:\/\/www.jobillico.com\/voir-entreprise\/ville-de-laval\" target=\"_blank\" rel=\"noreferrer noopener\">Jobillico<\/a> et proposer votre candidature en ligne.<\/p>\n\n\n\n<p>Seules les candidatures transmises par l&#8217;entremise de Job Illico\u00a0sont consid\u00e9r\u00e9es.<\/p>\n\n\n\n<h2 class=\"wp-block-heading\">\u00c9tape\u00a02 &#8211; Analyse de votre candidature<\/h2>\n\n\n\n<p>Une fois votre candidature re\u00e7ue, notre \u00e9quipe sp\u00e9cialis\u00e9e en acquisition de talents l\u2019examine attentivement.<\/p>\n\n\n\n<p>Nous vous contactons ensuite pour vous informer si votre candidature a \u00e9t\u00e9 retenue. Seules les personnes s\u00e9lectionn\u00e9es sont contact\u00e9es.<\/p>\n\n\n<section class=\"info-tip-box aligndefault\"\n>\n   <div class=\"info-tip-box__decoration\" aria-hidden=\"true\"><\/div>\n   <div class=\"info-tip-box__content\">\n    \n\n<h3 class=\"wp-block-heading\">Acc\u00e8s \u00e0 l\u2019\u00e9galit\u00e9 en emploi<\/h3>\n\n\n\n<p>La Ville de Laval s&#8217;engage \u00e0 promouvoir un milieu de travail inclusif et \u00e9quitable dans le cadre de son programme d&#8217;acc\u00e8s \u00e0 l&#8217;\u00e9galit\u00e9 en emploi. Elle reconna\u00eet et valorise la diversit\u00e9 sous toutes ses formes et invite les femmes, les personnes issues de minorit\u00e9s visibles et de minorit\u00e9s ethniques, les autochtones ainsi que les personnes en situation de handicap \u00e0 soumettre leur candidature.<\/p>\n\n\n\n<p>Si vous avez besoin d\u2019accommodements particuliers pour participer \u00e0 notre processus de s\u00e9lection, veuillez nous en faire part d\u00e8s votre invitation \u00e0 l\u2019entrevue.<\/p>\n\n   <\/div>\n<\/section>\n\n\n\n<h2 class=\"wp-block-heading\">\u00c9tape\u00a03 &#8211; \u00c9valuation de vos comp\u00e9tences<\/h2>\n\n\n\n<p>Si votre candidature a \u00e9t\u00e9 retenue, selon le poste, nous pourrions vous inviter \u00e0 passer quelques tests afin d&#8217;\u00e9valuer vos comp\u00e9tences\u202f:<\/p>\n\n\n\n<ul class=\"wp-block-list\">\n<li>Tests de connaissances linguistiques et informatiques.<\/li>\n\n\n\n<li>Tests techniques sp\u00e9cifiques au poste.<\/li>\n\n\n\n<li>\u00c9valuations pratiques.<\/li>\n\n\n\n<li>Tests psychom\u00e9triques.<\/li>\n<\/ul>\n\n\n\n<p>L\u2019objectif de ces exercices est de bien comprendre vos forces et de nous assurer qu\u2019elles r\u00e9pondent aux crit\u00e8res du poste.<\/p>\n\n\n\n<h2 class=\"wp-block-heading\">\u00c9tape\u00a04 &#8211; Entrevue de s\u00e9lection<\/h2>\n\n\n\n<p>L\u2019entrevue est l\u2019occasion de discuter plus en d\u00e9tails de votre parcours, de vos exp\u00e9riences et de vos aspirations professionnelles. C\u2019est votre moment pour briller!<\/p>\n\n\n\n<ul class=\"wp-block-list\">\n<li>Elle se d\u00e9roule avec un comit\u00e9 de s\u00e9lection compos\u00e9 de membres des ressources humaines et de responsables des services concern\u00e9s par le poste.<\/li>\n\n\n\n<li>Le comit\u00e9 \u00e9value chaque candidature de mani\u00e8re objective et \u00e9quitable. Ses recommandations sont fond\u00e9es sur l\u2019\u00e9galit\u00e9 des chances, la comp\u00e9tence et l\u2019impartialit\u00e9. Elles sont exemptes de toute influence ou discrimination.<\/li>\n\n\n\n<li>Toutes les informations que vous \u00e9changez restent confidentielles.<\/li>\n<\/ul>\n\n\n\n<p>Notre objectif ici est simplement de mieux vous conna\u00eetre et de savoir si vos comp\u00e9tences et vos motivations correspondent \u00e0 nos besoins. Et vous, vous allez pouvoir d\u00e9couvrir si notre \u00e9quipe est celle qui vous donnera le sourire chaque jour.<\/p>\n\n\n\n\n\n<h2 class=\"wp-block-heading\">\u00c9tape\u00a05 &#8211; V\u00e9rifications pr\u00e9emploi<\/h2>\n\n\n\n<p>Selon le poste, la Ville de Laval peut proc\u00e9der \u00e0 certaines v\u00e9rifications avant de finaliser votre embauche\u202f:<\/p>\n\n\n\n<ul class=\"wp-block-list\">\n<li>Ant\u00e9c\u00e9dents judiciaires.<\/li>\n\n\n\n<li>Dipl\u00f4mes d\u2019\u00e9tudes ou autres qualifications.<\/li>\n\n\n\n<li>\u00c9valuation m\u00e9dicale.<\/li>\n<\/ul>\n\n\n\n<p>Nous vous demandons toujours votre autorisation avant de collecter ces informations.<\/p>\n\n\n\n<p>Dans certains cas, une enqu\u00eate de s\u00e9curit\u00e9 pourrait \u00eatre n\u00e9cessaire pour garantir l&#8217;int\u00e9grit\u00e9 et l&#8217;\u00e9thique de la Ville de Laval. Dans ce cas, une enqu\u00eatrice ou un enqu\u00eateur de notre <a href=\"https:\/\/www.laval.ca\/en\/municipal-organization\/municipal-administration\/municipal-services\/laval-office-of-integrity-and-ethics\/\" data-type=\"page\" data-id=\"5498\">Bureau d\u2019int\u00e9grit\u00e9 et d\u2019\u00e9thique<\/a> vous rencontrera et des v\u00e9rifications pourront \u00e9galement \u00eatre effectu\u00e9es \u00e0 partir de bases de donn\u00e9es publiques ou priv\u00e9es.<\/p>\n\n\n\n<p>Sachez encore une fois que toutes vos informations sont trait\u00e9es avec la plus grande confidentialit\u00e9, conform\u00e9ment aux lois sur l\u2019acc\u00e8s aux documents des organismes publics et sur la protection des renseignements personnels.<\/p>\n\n\n\n<h2 class=\"wp-block-heading\">\u00c9tape\u00a06 &#8211; Bienvenue dans notre \u00e9quipe!<\/h2>\n\n\n\n<p>Vous avez franchi toutes les \u00e9tapes avec succ\u00e8s? F\u00e9licitations, vous \u00eates \u00e0 un pas de commencer votre nouvelle aventure.<\/p>\n\n\n\n<p>Vous allez recevoir votre offre d\u2019emploi d\u00e9taillant les conditions de votre futur poste. Si vous l\u2019acceptez, il ne nous restera plus qu\u2019\u00e0 vous accueillir chaleureusement parmi nous.<\/p>\n\n<\/div>\n\n\n<div class=\"sticky-section-sidebar\"\n>\n   <div class=\"sticky-section-sidebar__inner\">\n     \n<div class=\"sidebar-cta-wrapper aligndefault\">\n   <div class=\"sidebar-cta\">\n     \n  <div class=\"theme-icon aligndefault theme-icon--colored\">\n    <span class=\"theme-icon__icon icon icon-emplois\"><\/span>\n  <\/div>\n  \n\n\n<p class=\"has-xlarge-font-size\"><strong><strong><strong>Trouver un emploi<\/strong><\/strong><\/strong><\/p>\n\n\n\n<p>Consultez nos offres et envoyez votre candidature en quelques clics.\u00a0<\/p>\n\n\n\n<div class=\"wp-block-buttons is-layout-flex wp-block-buttons-is-layout-flex\">\n<div class=\"wp-block-button\"><a class=\"wp-block-button__link wp-element-button\" href=\"https:\/\/www.jobillico.com\/fr\/employeurs\/ville-de-laval\/voir-liste-emplois\" target=\"_blank\" rel=\"noreferrer noopener\">Voir les offres d\u2019emploi<\/a><\/div>\n<\/div>\n\n   <\/div>\n<\/div>\n\n\n<div class=\"sidebar-cta-wrapper aligndefault\">\n   <div class=\"sidebar-cta\">\n     \n\n<p class=\"has-xlarge-font-size\"><strong>Pr\u00e9parer votre entrevue<\/strong><\/p>\n\n\n\n<p>D\u00e9couvrez nos meilleurs conseils pour briller lors de votre entrevue.<\/p>\n\n\n\n<div class=\"wp-block-buttons is-layout-flex wp-block-buttons-is-layout-flex\">\n<div class=\"wp-block-button is-style-outline is-style-outline--1\"><a class=\"wp-block-button__link wp-element-button\" href=\"https:\/\/www.laval.ca\/en\/municipal-organization\/jobs\/conseils-avant-entrevue\/\">Lire nos conseils<\/a><\/div>\n<\/div>\n\n   <\/div>\n<\/div>\n\n   <\/div>\n<\/div>\n\n<\/section>\n<section class=\"mixed-carousel mixed-carousel--custom alignfull\"\n>\n    \n<div class=\"heading-with-button container\">\n      <h2 class=\"heading-with-button__title\">Vous avez envie de nous rejoindre?<\/h2>\n    <\/div>\n    <div class=\"mixed-carousel__carousel-wrapper\">\n      <div class=\"mixed-carousel__carousel swiper\">\n        <div class=\"swiper-wrapper\">\n                      \n<div class=\"mixed-item swiper-slide aligndefault mixed-item--landscape-thumbnail\">\n  <a class=\"mixed-item__inner\" href=\"https:\/\/infolettre.laval.ca\/T\/WF\/14321\/eewxbf\/Optin\/fr-CA\/Form.ofsys\" target=\"_blank\" rel=\"noopener\">    <div class=\"mixed-item__thumbnail-wrapper\">\n      <img decoding=\"async\" width=\"609\" height=\"350\" src=\"https:\/\/www.laval.ca\/wp-content\/uploads\/2025\/04\/info-emplois-609x350-1.jpg\" class=\"attachment-medium_large size-medium_large\" alt=\"personne qui consulte l&#039;infolettre info-emplois sur son cellulaire\" sizes=\"(min-width:1216px) 430px, (min-width:1080px) 36vw, (min-width:768px) 41vw, (min-width:560px) 60vw, 85vw\" srcset=\"https:\/\/www.laval.ca\/wp-content\/uploads\/2025\/04\/info-emplois-609x350-1.jpg 609w, https:\/\/www.laval.ca\/wp-content\/uploads\/2025\/04\/info-emplois-609x350-1-300x172.jpg 300w\" \/>    <\/div>\n    <h3 class=\"mixed-item__title\"><span>Abonnez-vous \u00e0 l\u2019Info-emploi <\/span><\/h3>\n          <p class=\"mixed-item__excerpt\">Recevez nos offres directement dans votre bo\u00eete courriel.<\/p>\n      <\/a><\/div>\n\n\n<div class=\"mixed-item swiper-slide aligndefault mixed-item--landscape-thumbnail\">\n  <a class=\"mixed-item__inner\" href=\"https:\/\/www.laval.ca\/organisation-municipale\/emplois\/employeur-de-choix\/\">    <div class=\"mixed-item__thumbnail-wrapper\">\n      <img decoding=\"async\" width=\"609\" height=\"350\" src=\"https:\/\/www.laval.ca\/wp-content\/uploads\/2025\/04\/avantage-emplois-609x350-1.jpg\" class=\"attachment-medium_large size-medium_large\" alt=\"femme qui fait du v\u00e9lo \u00e0 Laval\" sizes=\"(min-width:1216px) 430px, (min-width:1080px) 36vw, (min-width:768px) 41vw, (min-width:560px) 60vw, 85vw\" srcset=\"https:\/\/www.laval.ca\/wp-content\/uploads\/2025\/04\/avantage-emplois-609x350-1.jpg 609w, https:\/\/www.laval.ca\/wp-content\/uploads\/2025\/04\/avantage-emplois-609x350-1-300x172.jpg 300w\" \/>    <\/div>\n    <h3 class=\"mixed-item__title\"><span>Travailler \u00e0 la Ville de Laval <\/span><\/h3>\n          <p class=\"mixed-item__excerpt\">D\u00e9couvrez tous les avantages de travailler avec des \u00e9quipes passionn\u00e9es.<\/p>\n      <\/a><\/div>\n\n\n                  <\/div>\n      <\/div>\n    <\/div>\n    <div class=\"mixed-carousel__carousel-navigation container\">\n      <div class=\"swiper-button-prev\"><\/div>\n      <div class=\"swiper-button-next\"><\/div>\n    <\/div>\n      \n<\/section>\n","protected":false},"excerpt":{"rendered":"","protected":false},"author":34,"featured_media":0,"parent":27049,"menu_order":192,"comment_status":"closed","ping_status":"closed","template":"","meta":{"_acf_changed":false,"advgb_blocks_editor_width":"","advgb_blocks_columns_visual_guide":"","footnotes":""},"class_list":["post-26709","page","type-page","status-publish","hentry"],"pp_statuses_selecting_workflow":false,"pp_workflow_action":"current","pp_status_selection":"publish","acf":[],"coauthors":[],"author_meta":{"author_link":"https:\/\/www.laval.ca\/en\/author\/i-boucherlaval-ca\/","display_name":"i.boucher@laval.ca"},"relative_dates":{"created":"Posted 1 year ago","modified":"Updated 8 months ago"},"absolute_dates":{"created":"Posted on December 13, 2024","modified":"Updated on August 28, 2025"},"absolute_dates_time":{"created":"Posted on December 13, 2024 1:53 pm","modified":"Updated on August 28, 2025 2:48 pm"},"featured_img_caption":"","featured_img":false,"series_order":"","publishpress_future_action":{"enabled":false,"date":"2026-04-28 01:11:46","action":"change-status","newStatus":"draft","terms":[],"taxonomy":"translation_priority","extraData":[]},"publishpress_future_workflow_manual_trigger":{"enabledWorkflows":[]},"_links":{"self":[{"href":"https:\/\/www.laval.ca\/en\/wp-json\/wp\/v2\/pages\/26709","targetHints":{"allow":["GET"]}}],"collection":[{"href":"https:\/\/www.laval.ca\/en\/wp-json\/wp\/v2\/pages"}],"about":[{"href":"https:\/\/www.laval.ca\/en\/wp-json\/wp\/v2\/types\/page"}],"author":[{"embeddable":true,"href":"https:\/\/www.laval.ca\/en\/wp-json\/wp\/v2\/users\/34"}],"replies":[{"embeddable":true,"href":"https:\/\/www.laval.ca\/en\/wp-json\/wp\/v2\/comments?post=26709"}],"version-history":[{"count":9,"href":"https:\/\/www.laval.ca\/en\/wp-json\/wp\/v2\/pages\/26709\/revisions"}],"predecessor-version":[{"id":89078,"href":"https:\/\/www.laval.ca\/en\/wp-json\/wp\/v2\/pages\/26709\/revisions\/89078"}],"up":[{"embeddable":true,"href":"https:\/\/www.laval.ca\/en\/wp-json\/wp\/v2\/pages\/27049"}],"wp:attachment":[{"href":"https:\/\/www.laval.ca\/en\/wp-json\/wp\/v2\/media?parent=26709"}],"curies":[{"name":"wp","href":"https:\/\/api.w.org\/{rel}","templated":true}]}}