{"id":26632,"date":"2024-12-21T18:31:07","date_gmt":"2024-12-21T23:31:07","guid":{"rendered":"https:\/\/www.laval.ca\/activites\/activites-regulieres\/"},"modified":"2025-08-28T14:21:07","modified_gmt":"2025-08-28T18:21:07","slug":"regular-activities","status":"publish","type":"page","link":"https:\/\/www.laval.ca\/en\/sports-leisure\/centre-nature\/events-activities\/regular-activities\/","title":{"rendered":"Regular activities"},"content":{"rendered":"<section class=\"sticky-section-group aligndefault\"\n>\n   \n<div class=\"sticky-section-main\"\n>\n   \n\n<p class=\"is-style-intro-text\">Le Centre de la nature vous propose\u202fune foule d\u2019activit\u00e9s accessibles toute l\u2019ann\u00e9e, y compris les jours f\u00e9ri\u00e9s.<\/p>\n\n\n\n  <div class=\"notification-message notification-message__bg-alert-circle\" \n  >\n   <div class=\"notification-message__inner-container\">\n    <div class=\"notification-message__heading\">\n              <span class=\"notification-message__icon icon icon-alert-circle\"><\/span>\n                    <p class=\"notification-message__title\">Avis important<\/p>\n          <\/div>\n          <div class=\"notification-message__text\">\n        <p><span class=\"TextRun Highlight SCXW2716511 BCX0\" lang=\"FR-FR\" xml:lang=\"FR-FR\" data-contrast=\"none\"><span class=\"NormalTextRun SCXW2716511 BCX0\" data-ccp-charstyle=\"normaltextrun\" data-ccp-charstyle-defn=\"{&quot;ObjectId&quot;:&quot;bbcf4a53-88f5-46fe-b049-17c50a2b0684|32&quot;,&quot;ClassId&quot;:1073872969,&quot;Properties&quot;:[201342446,&quot;1&quot;,201342447,&quot;5&quot;,201342448,&quot;1&quot;,201342449,&quot;1&quot;,469777841,&quot;Calibri&quot;,469777842,&quot;&quot;,469777843,&quot;Calibri&quot;,469777844,&quot;Calibri&quot;,201341986,&quot;1&quot;,469769226,&quot;Calibri&quot;,268442635,&quot;22&quot;,469775450,&quot;normaltextrun&quot;,201340122,&quot;1&quot;,134233614,&quot;true&quot;,469778129,&quot;normaltextrun&quot;,335572020,&quot;1&quot;,469778324,&quot;Default Paragraph Font&quot;]}\">En cas de mauvais temps<\/span><span class=\"NormalTextRun SCXW2716511 BCX0\" data-ccp-charstyle=\"normaltextrun\"> ou <\/span><span class=\"NormalTextRun SCXW2716511 BCX0\" data-ccp-charstyle=\"normaltextrun\">de circonstances impr\u00e9vues<\/span><span class=\"NormalTextRun SCXW2716511 BCX0\" data-ccp-charstyle=\"normaltextrun\">, les activit\u00e9s peuvent \u00eatre annul\u00e9es.<\/span><\/span><span class=\"EOP SCXW2716511 BCX0\" data-ccp-props=\"{&quot;201341983&quot;:0,&quot;335559740&quot;:240}\"> Avant de vous d\u00e9placer, consultez les <a href=\"https:\/\/www.laval.ca\/carte-interactive\/centre-de-la-nature\/\">conditions de plateaux<\/a>.<\/span><\/p>\n      <\/div>\n      <\/div>\n  <\/div>\n\n\n\n<h2 class=\"wp-block-heading\">Activit\u00e9s r\u00e9guli\u00e8res d&#8217;hiver<\/h2>\n\n\n\n<div class=\"wp-block-vortex-blocks-accordions-group block-accordions-group accordion-container\">\n<section class=\"wp-block-vortex-blocks-accordion-item accordion ac\" id=\"glissades\"><div class=\"accordion__accordion\"><button class=\"accordion__header-row accordion-toggle ac-header ac-trigger\"><p class=\"accordion__header__title\">Glissades<\/p><span class=\"accordion__header__icon\" role=\"presentation\"><span class=\"plus\"><\/span><\/span><\/button><div class=\"accordion__sub-rows wysiwyg ac-panel\" role=\"region\">\n<figure class=\"wp-block-image size-full\"><img decoding=\"async\" width=\"805\" height=\"453\" src=\"https:\/\/www.laval.ca\/wp-content\/uploads\/2025\/02\/glissade-tube-cdn-805x453-1.jpg\" alt=\"Enfant faisant du tube sur une butte de glisse enneig&#xE9;e\" class=\"wp-image-23284\" srcset=\"https:\/\/www.laval.ca\/wp-content\/uploads\/2025\/02\/glissade-tube-cdn-805x453-1.jpg 805w, https:\/\/www.laval.ca\/wp-content\/uploads\/2025\/02\/glissade-tube-cdn-805x453-1-300x169.jpg 300w, https:\/\/www.laval.ca\/wp-content\/uploads\/2025\/02\/glissade-tube-cdn-805x453-1-768x432.jpg 768w, https:\/\/www.laval.ca\/wp-content\/uploads\/2025\/02\/glissade-tube-cdn-805x453-1-420x235.jpg 420w\" sizes=\"(max-width: 805px) 100vw, 805px\" \/><\/figure>\n\n\n\n<p>Amusez-vous en toute\u00a0s\u00e9curit\u00e9 en profitant de nos glissades sur tube.<\/p>\n\n\n\n<p><strong>Horaires<\/strong><\/p>\n\n\n\n<p>Dimanche\u00a0: 10\u00a0h\u00a0\u00e0 11\u00a0h\u00a030<\/p>\n\n\n\n<p><strong>Informations pratiques<\/strong><\/p>\n\n\n\n<ul class=\"wp-block-list\">\n<li>Ouvert\u00a0\u00e0 tous et toutes, enfants et adultes.<\/li>\n\n\n\n<li>Acc\u00e8s gratuit. <a href=\"https:\/\/www.laval.ca\/en\/sports-leisure\/centre-nature\/schedule-prices\/#tarifs\">Location de tubes<\/a> disponible sur place, \u00e0 la butte de glisse.<\/li>\n<\/ul>\n\n\n  <div class=\"custom-file-block aligndefault\" \n  >\n    <a href=\"https:\/\/www.laval.ca\/wp-content\/uploads\/2025\/02\/consignes-glissades.pdf\" target=\"_blank\" class=\"custom-file\">\n      <span class=\"custom-file__icon\" aria-hidden=\"true\">\n        <svg width=\"30\" height=\"31\" viewBox=\"0 0 30 31\" fill=\"none\" xmlns=\"http:\/\/www.w3.org\/2000\/svg\"><path d=\"M6.2451 12.627V1.1448h13.9746m8.0494 8.0502v20.1317H6.2451v-3.2364M28.2691 9.195l-8.0494-8.0502V9.195h8.0494Z\" stroke=\"#6C6C6C\" stroke-width=\"1.5\" stroke-miterlimit=\"10\" stroke-linecap=\"round\" stroke-linejoin=\"round\" \/><path d=\"M22.2851 12.6975H1.1818v13.0058h21.1033V12.6975Z\" fill=\"#E12324\" stroke=\"#E12324\" stroke-width=\"1.5\" stroke-miterlimit=\"10\" stroke-linecap=\"round\" stroke-linejoin=\"round\" \/><path d=\"M13.8204 15.6531v5.9949m-.016-1.9942v-.0647c0-1.2568-.7593-2.0051-1.7208-2.0051-.9694 0-1.8087.7331-1.8087 2.0051v.0647c0 1.2567.7505 1.9978 1.744 1.9978.9455 0 1.7855-.7571 1.7855-1.9978Zm-9.3258 3.4343v-5.5163m.016 1.9941v.0648c0 1.2567.7592 2.0051 1.7207 2.0051.9695 0 1.8087-.7331 1.8087-2.0051v-.0648c0-1.2567-.7505-1.9978-1.744-1.9978-.9454 0-1.7854.7571-1.7854 1.9978Zm13.6843-3.9447c-.576-.1432-1.3956.0597-1.3956 1.0524v4.9746m-.6968-4.043h2.0502\" stroke=\"#fff\" stroke-miterlimit=\"10\" stroke-linecap=\"round\" stroke-linejoin=\"round\" \/><\/svg>      <\/span>\n      <p class=\"custom-file__label\" aria-hidden=\"true\">\n        <span class=\"custom-file__title\">Consignes des glissades<\/span>\n        <span class=\"custom-file__size\"> &#8211; 147.70 KB<\/span>\n      <\/p>\n      <span class=\"sr-only\">\n        Download file Consignes des glissades (format PDF, size 147.70 KB)      <\/span>\n    <\/a>\n  <\/div>\n  <\/div><\/div><\/section>\n\n\n\n<section class=\"wp-block-vortex-blocks-accordion-item accordion ac\" id=\"patinage-sur-le-grand-lac\"><div class=\"accordion__accordion\"><button class=\"accordion__header-row accordion-toggle ac-header ac-trigger\"><p class=\"accordion__header__title\">Patinage sur le grand lac<\/p><span class=\"accordion__header__icon\" role=\"presentation\"><span class=\"plus\"><\/span><\/span><\/button><div class=\"accordion__sub-rows wysiwyg ac-panel\" role=\"region\">\n<figure class=\"wp-block-image size-full\"><img decoding=\"async\" width=\"805\" height=\"453\" src=\"https:\/\/www.laval.ca\/wp-content\/uploads\/2025\/02\/patinage-lac-cdn-805x453-1.jpg\" alt=\"Plusieurs personnes faisant du patin sur la patinoire sur le grand lac\" class=\"wp-image-23278\" srcset=\"https:\/\/www.laval.ca\/wp-content\/uploads\/2025\/02\/patinage-lac-cdn-805x453-1.jpg 805w, https:\/\/www.laval.ca\/wp-content\/uploads\/2025\/02\/patinage-lac-cdn-805x453-1-300x169.jpg 300w, https:\/\/www.laval.ca\/wp-content\/uploads\/2025\/02\/patinage-lac-cdn-805x453-1-768x432.jpg 768w, https:\/\/www.laval.ca\/wp-content\/uploads\/2025\/02\/patinage-lac-cdn-805x453-1-420x235.jpg 420w\" sizes=\"(max-width: 805px) 100vw, 805px\" \/><\/figure>\n\n\n\n<p>Venez patiner en musique\u00a0sur la grande\u00a0aire glac\u00e9e de 18\u00a0500\u00a0m<sup>2\u00a0<\/sup>du lac.<\/p>\n\n\n\n<p><strong>Horaires<\/strong><\/p>\n\n\n\n<p>Lundi au dimanche\u00a0:\u00a09\u00a0h\u00a030\u00a0\u00e0 22\u00a0h<\/p>\n\n\n\n<p><strong>Informations pratiques<\/strong><\/p>\n\n\n\n<ul class=\"wp-block-list\">\n<li>Acc\u00e8s gratuit. <a href=\"https:\/\/www.laval.ca\/en\/sports-leisure\/centre-nature\/schedule-prices\/#tarifs\">Location d\u2019\u00e9quipement<\/a> disponible sur place, \u00e0 la boutique de location.<\/li>\n\n\n\n<li>Pr\u00eat\u00a0de luges adapt\u00e9es pour personne \u00e0 mobilit\u00e9 r\u00e9duite. Pour proc\u00e9der \u00e0 la r\u00e9servation de cet \u00e9quipement, communiquez par courriel \u00e0 l\u2019adresse\u00a0:\u00a0<a href=\"mailto:centrenature@laval.ca?subject=R%C3%A9servation%20de%20luge%20adapt%C3%A9e%20au%20Centre%20de%20la%20nature&amp;body=Nom:%0ANum%C3%A9ro%20de%20t%C3%A9l%C3%A9phone:%0ACourriel:%0ALocation%20enfant%20ou%20adulte:%0ADate%20et%20heure%20de%20location:%20%0D%0A%0D%0AMerci%20et%20bonne%20visite!\" target=\"_blank\" rel=\"noreferrer noopener\">centrenature@laval.ca<\/a>.<\/li>\n\n\n\n<li>Sur la patinoire, les poussettes et tra\u00eeneaux sont permis. Les animaux sont interdits.<\/li>\n<\/ul>\n<\/div><\/div><\/section>\n\n\n\n<section class=\"wp-block-vortex-blocks-accordion-item accordion ac\" id=\"strongpatinage-sur-laire-glacee-et-hockey-libre-strong\"><div class=\"accordion__accordion\"><button class=\"accordion__header-row accordion-toggle ac-header ac-trigger\"><p class=\"accordion__header__title\"><strong>Patinage sur l\u2019aire glac\u00e9e et hockey libre<\/strong><\/p><span class=\"accordion__header__icon\" role=\"presentation\"><span class=\"plus\"><\/span><\/span><\/button><div class=\"accordion__sub-rows wysiwyg ac-panel\" role=\"region\">\n<figure class=\"wp-block-image size-full\"><img decoding=\"async\" width=\"805\" height=\"453\" src=\"https:\/\/www.laval.ca\/wp-content\/uploads\/2025\/02\/hockey-cdn-805x453-1.jpg\" alt=\"Une personne de dos jouant au hockey sur glace au Centre de la nature \" class=\"wp-image-23273\" srcset=\"https:\/\/www.laval.ca\/wp-content\/uploads\/2025\/02\/hockey-cdn-805x453-1.jpg 805w, https:\/\/www.laval.ca\/wp-content\/uploads\/2025\/02\/hockey-cdn-805x453-1-300x169.jpg 300w, https:\/\/www.laval.ca\/wp-content\/uploads\/2025\/02\/hockey-cdn-805x453-1-768x432.jpg 768w, https:\/\/www.laval.ca\/wp-content\/uploads\/2025\/02\/hockey-cdn-805x453-1-420x235.jpg 420w\" sizes=\"(max-width: 805px) 100vw, 805px\" \/><\/figure>\n\n\n\n<p>Profitez de cette patinoire ext\u00e9rieure dont la grandeur s\u2019apparente \u00e0 une patinoire de la Ligue nationale de hockey!<\/p>\n\n\n\n<p><strong>Horaire du hockey libre<\/strong><\/p>\n\n\n\n<p>Du lundi au dimanche\u00a0: 11\u00a0h\u00a030 \u00e0 22\u00a0h<\/p>\n\n\n\n<p><strong>Horaire du patinage libre<\/strong><\/p>\n\n\n\n<p>Du lundi au dimanche\u00a0: 10\u00a0h \u00e0 22\u00a0h<\/p>\n\n\n\n<p><strong>Informations pratiques<\/strong><\/p>\n\n\n\n<ul class=\"wp-block-list\">\n<li>Acc\u00e8s gratuit. <a href=\"https:\/\/www.laval.ca\/en\/sports-leisure\/centre-nature\/schedule-prices\/#tarifs\">Location d\u2019\u00e9quipement<\/a> disponible sur place, \u00e0 la boutique de location.<\/li>\n<\/ul>\n<\/div><\/div><\/section>\n\n\n\n<section class=\"wp-block-vortex-blocks-accordion-item accordion ac\" id=\"stronginitiation-au-patinage-strong\"><div class=\"accordion__accordion\"><button class=\"accordion__header-row accordion-toggle ac-header ac-trigger\"><p class=\"accordion__header__title\"><strong>Initiation au patinage<\/strong><\/p><span class=\"accordion__header__icon\" role=\"presentation\"><span class=\"plus\"><\/span><\/span><\/button><div class=\"accordion__sub-rows wysiwyg ac-panel\" role=\"region\">\n<figure class=\"wp-block-image size-full\"><img decoding=\"async\" width=\"805\" height=\"453\" src=\"https:\/\/www.laval.ca\/wp-content\/uploads\/2025\/02\/initiation-patinage-cdn-805x453-1.jpg\" alt=\"Enfant accompagn&#xE9; de 2 adultes, apprenant &#xE0; patiner sur la galce\" class=\"wp-image-23287\" srcset=\"https:\/\/www.laval.ca\/wp-content\/uploads\/2025\/02\/initiation-patinage-cdn-805x453-1.jpg 805w, https:\/\/www.laval.ca\/wp-content\/uploads\/2025\/02\/initiation-patinage-cdn-805x453-1-300x169.jpg 300w, https:\/\/www.laval.ca\/wp-content\/uploads\/2025\/02\/initiation-patinage-cdn-805x453-1-768x432.jpg 768w, https:\/\/www.laval.ca\/wp-content\/uploads\/2025\/02\/initiation-patinage-cdn-805x453-1-420x235.jpg 420w\" sizes=\"(max-width: 805px) 100vw, 805px\" \/><\/figure>\n\n\n\n<p>Apprenez \u00e0 patiner dans le d\u00e9cor enchanteur du grand lac au Centre de la nature.<\/p>\n\n\n\n<p><strong>Horaire<\/strong><\/p>\n\n\n\n<p>Dimanche\u00a0: 10\u00a0h\u00a0\u00e0 11\u00a0h\u00a030<\/p>\n\n\n\n<p><strong>Informations pratiques<\/strong><\/p>\n\n\n\n<ul class=\"wp-block-list\">\n<li>Ouvert\u00a0\u00e0 tous et toutes, enfants et adultes.<\/li>\n\n\n\n<li>Acc\u00e8s gratuit. <a href=\"https:\/\/www.laval.ca\/en\/sports-leisure\/centre-nature\/schedule-prices\/#tarifs\">Location de patins et d\u2019\u00e9quipement<\/a> disponible sur place, \u00e0 la boutique de location.<\/li>\n<\/ul>\n<\/div><\/div><\/section>\n\n\n\n<section class=\"wp-block-vortex-blocks-accordion-item accordion ac\" id=\"strongsentiers-de-marche-strong\"><div class=\"accordion__accordion\"><button class=\"accordion__header-row accordion-toggle ac-header ac-trigger\"><p class=\"accordion__header__title\"><strong>Sentiers de marche<\/strong><\/p><span class=\"accordion__header__icon\" role=\"presentation\"><span class=\"plus\"><\/span><\/span><\/button><div class=\"accordion__sub-rows wysiwyg ac-panel\" role=\"region\">\n<figure class=\"wp-block-image size-full\"><img decoding=\"async\" width=\"805\" height=\"453\" src=\"https:\/\/www.laval.ca\/wp-content\/uploads\/2025\/02\/sentiers-marche-cdn-805x453-1.jpg\" alt=\"2 personnes marchant dans la neige en se tenant la main\" class=\"wp-image-23270\" srcset=\"https:\/\/www.laval.ca\/wp-content\/uploads\/2025\/02\/sentiers-marche-cdn-805x453-1.jpg 805w, https:\/\/www.laval.ca\/wp-content\/uploads\/2025\/02\/sentiers-marche-cdn-805x453-1-300x169.jpg 300w, https:\/\/www.laval.ca\/wp-content\/uploads\/2025\/02\/sentiers-marche-cdn-805x453-1-768x432.jpg 768w, https:\/\/www.laval.ca\/wp-content\/uploads\/2025\/02\/sentiers-marche-cdn-805x453-1-420x235.jpg 420w\" sizes=\"(max-width: 805px) 100vw, 805px\" \/><\/figure>\n\n\n\n<p>Que ce soit pour observer la nature ou pour pratiquer la randonn\u00e9e p\u00e9destre, 5\u00a0km de sentiers pi\u00e9tonniers sont accessibles.<\/p>\n\n\n\n<p><strong>Horaire<\/strong><\/p>\n\n\n\n<p>Lundi au dimanche\u00a0:\u00a08\u00a0h \u00e0 22\u00a0h<\/p>\n\n\n\n<p><strong>Informations pratiques<\/strong><\/p>\n\n\n\n<ul class=\"wp-block-list\">\n<li>Acc\u00e8s gratuit.<\/li>\n\n\n\n<li>Pr\u00eat\u00a0de luges adapt\u00e9es pour personne \u00e0 mobilit\u00e9 r\u00e9duite. Pour proc\u00e9der \u00e0 la r\u00e9servation de cet \u00e9quipement, communiquez par courriel \u00e0 l\u2019adresse\u00a0:\u00a0<a href=\"mailto:centrenature@laval.ca?subject=R%C3%A9servation%20de%20luge%20adapt%C3%A9e%20au%20Centre%20de%20la%20nature&amp;body=Nom:%0ANum%C3%A9ro%20de%20t%C3%A9l%C3%A9phone:%0ACourriel:%0ALocation%20enfant%20ou%20adulte:%0ADate%20et%20heure%20de%20location:%20%0D%0A%0D%0AMerci%20et%20bonne%20visite!\" target=\"_blank\" rel=\"noreferrer noopener\">centrenature@laval.ca<\/a>.<\/li>\n<\/ul>\n<\/div><\/div><\/section>\n\n\n\n<section class=\"wp-block-vortex-blocks-accordion-item accordion ac\" id=\"strongski-de-fond-strong\"><div class=\"accordion__accordion\"><button class=\"accordion__header-row accordion-toggle ac-header ac-trigger\"><p class=\"accordion__header__title\"><strong>Ski de fond<\/strong><\/p><span class=\"accordion__header__icon\" role=\"presentation\"><span class=\"plus\"><\/span><\/span><\/button><div class=\"accordion__sub-rows wysiwyg ac-panel\" role=\"region\">\n<figure class=\"wp-block-image size-full\"><img decoding=\"async\" width=\"805\" height=\"453\" src=\"https:\/\/www.laval.ca\/wp-content\/uploads\/2025\/02\/ski-fond-cdn-805x453-1.jpg\" alt=\"5 personnes faisant du ski de fond au Centre de la nature\" class=\"wp-image-23263\" srcset=\"https:\/\/www.laval.ca\/wp-content\/uploads\/2025\/02\/ski-fond-cdn-805x453-1.jpg 805w, https:\/\/www.laval.ca\/wp-content\/uploads\/2025\/02\/ski-fond-cdn-805x453-1-300x169.jpg 300w, https:\/\/www.laval.ca\/wp-content\/uploads\/2025\/02\/ski-fond-cdn-805x453-1-768x432.jpg 768w, https:\/\/www.laval.ca\/wp-content\/uploads\/2025\/02\/ski-fond-cdn-805x453-1-420x235.jpg 420w\" sizes=\"(max-width: 805px) 100vw, 805px\" \/><\/figure>\n\n\n\n<p>Au c\u0153ur de Laval, un r\u00e9seau de pr\u00e8s de 6\u00a0km de sentiers entretenus avec soin. Id\u00e9al pour une petite escapade en plein air!<\/p>\n\n\n\n<p><strong>Horaire<\/strong><\/p>\n\n\n\n<p>Lundi au dimanche\u00a0: 9\u00a0h \u00e0 16\u00a0h\u00a030<\/p>\n\n\n\n<p><strong>Informations pratiques<\/strong><\/p>\n\n\n\n<ul class=\"wp-block-list\">\n<li>Acc\u00e8s gratuit. <a href=\"https:\/\/www.laval.ca\/en\/sports-leisure\/centre-nature\/schedule-prices\/#tarifs\">Location d\u2019\u00e9quipement<\/a> disponible sur place, \u00e0 la boutique de location.<\/li>\n\n\n\n<li>Pr\u00eat\u00a0de luges adapt\u00e9es pour personne \u00e0 mobilit\u00e9 r\u00e9duite. Pour proc\u00e9der \u00e0 la r\u00e9servation de cet \u00e9quipement, communiquez par courriel \u00e0 l\u2019adresse\u00a0:\u00a0<a href=\"mailto:centrenature@laval.ca?subject=R%C3%A9servation%20de%20luge%20adapt%C3%A9e%20au%20Centre%20de%20la%20nature&amp;body=Nom:%0ANum%C3%A9ro%20de%20t%C3%A9l%C3%A9phone:%0ACourriel:%0ALocation%20enfant%20ou%20adulte:%0ADate%20et%20heure%20de%20location:%20%0D%0A%0D%0AMerci%20et%20bonne%20visite!\" target=\"_blank\" rel=\"noreferrer noopener\">centrenature@laval.ca<\/a>.<\/li>\n<\/ul>\n<\/div><\/div><\/section>\n\n\n\n<section class=\"wp-block-vortex-blocks-accordion-item accordion ac\" id=\"strongvisite-de-la-ferme-strong\"><div class=\"accordion__accordion\"><button class=\"accordion__header-row accordion-toggle ac-header ac-trigger\"><p class=\"accordion__header__title\"><strong>Visite de la ferme<\/strong><\/p><span class=\"accordion__header__icon\" role=\"presentation\"><span class=\"plus\"><\/span><\/span><\/button><div class=\"accordion__sub-rows wysiwyg ac-panel\" role=\"region\">\n<figure class=\"wp-block-image size-full\"><img decoding=\"async\" width=\"805\" height=\"453\" src=\"https:\/\/www.laval.ca\/wp-content\/uploads\/2025\/02\/animaux-ferme-cdn-805x453-1.jpg\" alt=\"Un alpaga allong&#xE9; \" class=\"wp-image-23290\" srcset=\"https:\/\/www.laval.ca\/wp-content\/uploads\/2025\/02\/animaux-ferme-cdn-805x453-1.jpg 805w, https:\/\/www.laval.ca\/wp-content\/uploads\/2025\/02\/animaux-ferme-cdn-805x453-1-300x169.jpg 300w, https:\/\/www.laval.ca\/wp-content\/uploads\/2025\/02\/animaux-ferme-cdn-805x453-1-768x432.jpg 768w, https:\/\/www.laval.ca\/wp-content\/uploads\/2025\/02\/animaux-ferme-cdn-805x453-1-420x235.jpg 420w\" sizes=\"(max-width: 805px) 100vw, 805px\" \/><\/figure>\n\n\n\n<p>Des poules, des chevaux, des cochons, des ch\u00e8vres, des canards, des lapins, des alpagas, diff\u00e9rentes esp\u00e8ces d\u2019oiseaux et plus encore vous attendent \u00e0 la\u00a0<a href=\"https:\/\/www.laval.ca\/en\/sports-leisure\/centre-nature\/farm-pasture-area\/\" data-type=\"page\" data-id=\"10390\">ferme<\/a>!\u00a0<\/p>\n\n\n\n<p>Horaire<\/p>\n\n\n\n<ul class=\"wp-block-list\">\n<li>Lundi au vendredi\u00a0: 9\u00a0h\u00a030 \u00e0 16\u00a0h\u00a030<\/li>\n\n\n\n<li>Samedi, dimanche et jours f\u00e9ri\u00e9s\u00a0: 9\u00a0h\u00a030 \u00e0 18\u00a0h<\/li>\n<\/ul>\n\n\n\n<p><strong>Informations pratiques<\/strong>\u00a0<\/p>\n\n\n\n<ul id=\"block-4eade439-8160-4baa-adcb-25fbfa4c1d8f\" class=\"wp-block-list\">\n<li>Acc\u00e8s gratuit.\u00a0<\/li>\n<\/ul>\n<\/div><\/div><\/section>\n\n\n\n<section class=\"wp-block-vortex-blocks-accordion-item accordion ac\" id=\"strongserre-tropicale-strong\"><div class=\"accordion__accordion\"><button class=\"accordion__header-row accordion-toggle ac-header ac-trigger\"><p class=\"accordion__header__title\"><strong>Serre tropicale<\/strong><\/p><span class=\"accordion__header__icon\" role=\"presentation\"><span class=\"plus\"><\/span><\/span><\/button><div class=\"accordion__sub-rows wysiwyg ac-panel\" role=\"region\">\n<figure class=\"wp-block-image size-full\"><img decoding=\"async\" width=\"805\" height=\"453\" src=\"https:\/\/www.laval.ca\/wp-content\/uploads\/2025\/02\/serre-tropicale-cdn-805x453-1.jpg\" alt=\"Plantes et chemin pav&#xE9; de la serre tropicale du Centre de la nature \" class=\"wp-image-23294\" srcset=\"https:\/\/www.laval.ca\/wp-content\/uploads\/2025\/02\/serre-tropicale-cdn-805x453-1.jpg 805w, https:\/\/www.laval.ca\/wp-content\/uploads\/2025\/02\/serre-tropicale-cdn-805x453-1-300x169.jpg 300w, https:\/\/www.laval.ca\/wp-content\/uploads\/2025\/02\/serre-tropicale-cdn-805x453-1-768x432.jpg 768w, https:\/\/www.laval.ca\/wp-content\/uploads\/2025\/02\/serre-tropicale-cdn-805x453-1-420x235.jpg 420w\" sizes=\"(max-width: 805px) 100vw, 805px\" \/><\/figure>\n\n\n\n<p>Offrez-vous un voyage sous les tropiques sans quitter Laval en visitant la <a href=\"https:\/\/www.laval.ca\/en\/sports-leisure\/centre-nature\/tropical-greenhouse\/\" data-type=\"page\" data-id=\"10374\">serre tropicale<\/a>!<\/p>\n\n\n\n<p>Horaire<\/p>\n\n\n\n<ul class=\"wp-block-list\">\n<li>\u200bLundi au vendredi\u00a0:<strong>\u00a0<\/strong>9\u00a0h\u00a030 \u00e0 16\u00a0h\u00a030<\/li>\n\n\n\n<li>Samedi et dimanche\u00a0:\u00a09\u00a0h\u00a030 \u00e0 18\u00a0h<\/li>\n<\/ul>\n\n\n\n<p><strong>Informations pratiques<\/strong><\/p>\n\n\n\n<ul class=\"wp-block-list\">\n<li>Acc\u00e8s gratuit.<\/li>\n<\/ul>\n<\/div><\/div><\/section>\n<\/div>\n\n\n\n<\/div>\n\n\n<div class=\"sticky-section-sidebar\"\n>\n   <div class=\"sticky-section-sidebar__inner\">\n     \n<div class=\"sidebar-cta-wrapper aligndefault\">\n   <div class=\"sidebar-cta\">\n     \n  <div class=\"theme-icon aligndefault theme-icon--colored\">\n    <span class=\"theme-icon__icon icon icon-centre-nature\"><\/span>\n  <\/div>\n  \n\n\n<p class=\"has-xlarge-font-size\"><strong><strong>Acc\u00e8s et plan<\/strong><\/strong><\/p>\n\n\n\n<p>Le Centre de la nature est accessible en transport en commun, \u00e0 v\u00e9lo ou en auto.<\/p>\n\n\n\n<div class=\"wp-block-buttons is-layout-flex wp-block-buttons-is-layout-flex\">\n<div class=\"wp-block-button\"><a class=\"wp-block-button__link wp-element-button\" href=\"https:\/\/www.laval.ca\/en\/sports-leisure\/centre-nature\/access-plan\/\"><strong>Obtenir l\u2019itin\u00e9raire<\/strong><\/a><\/div>\n<\/div>\n\n   <\/div>\n<\/div>\n\n\n<div class=\"sidebar-cta-wrapper aligndefault\">\n   <div class=\"sidebar-cta\">\n     \n\n<p class=\"has-xlarge-font-size\"><strong>Nous joindre<\/strong><\/p>\n\n\n\n<p>450 662-4942<br \/><a href=\"mailto:centrenature@laval.ca\" target=\"_blank\" rel=\"noreferrer noopener\">centrenature@laval.ca<\/a>\u202f<\/p>\n\n   <\/div>\n<\/div>\n\n\n<div class=\"sidebar-cta-wrapper aligndefault\">\n   <div class=\"sidebar-cta \">\n          <p class=\"sidebar-cta__title has-xlarge-font-size\"><strong>Nous suivre\u202f<\/strong><\/p>\n              <ul class=\"sidebar-cta__socials\">\n                  <li class=\"sidebar-cta__socials__item\">\n            <a href=\"https:\/\/www.facebook.com\/centredelanaturelaval\" class=\"sidebar-cta__socials__link\" target=\"_blank\" rel=\"noopener noreferrer\">\n              <span class=\"social-icon vtx-icon vtx-icon-facebook\"><\/span>\n              <span class=\"social-name\">Facebook<\/span>\n            <\/a>\n          <\/li>\n              <\/ul>\n       <\/div>\n<\/div>\n\n   <\/div>\n<\/div>\n\n<\/section>\n<section class=\"mixed-carousel mixed-carousel--custom alignfull\"\n>\n    \n<div class=\"heading-with-button container\">\n      <h2 class=\"heading-with-button__title\">Pour aller plus loin<\/h2>\n    <\/div>\n    <div class=\"mixed-carousel__carousel-wrapper\">\n      <div class=\"mixed-carousel__carousel swiper\">\n        <div class=\"swiper-wrapper\">\n                      \n<div class=\"mixed-item swiper-slide aligndefault mixed-item--landscape-thumbnail\">\n  <a class=\"mixed-item__inner\" href=\"https:\/\/www.laval.ca\/sports-loisirs\/centre-nature\/commodites-reglements\/\">    <div class=\"mixed-item__thumbnail-wrapper\">\n      <img decoding=\"async\" src=\"https:\/\/www.laval.ca\/wp-content\/themes\/laval.ca\/dist\/images\/defaults\/default.jpg\" alt=\"\">    <\/div>\n    <h3 class=\"mixed-item__title\"><span>Commodit\u00e9s et r\u00e8glements<\/span><\/h3>\n          <p class=\"mixed-item__excerpt\">Renseignez-vous pour pr\u00e9parer votre visite au Centre de la nature.<\/p>\n      <\/a><\/div>\n\n\n<div class=\"mixed-item swiper-slide aligndefault mixed-item--landscape-thumbnail\">\n  <a class=\"mixed-item__inner\" href=\"https:\/\/www.laval.ca\/sports-loisirs\/centre-nature\/activites-evenements\/\">    <div class=\"mixed-item__thumbnail-wrapper\">\n      <img decoding=\"async\" src=\"https:\/\/www.laval.ca\/wp-content\/themes\/laval.ca\/dist\/images\/defaults\/default.jpg\" alt=\"\">    <\/div>\n    <h3 class=\"mixed-item__title\"><span>Calendrier des activit\u00e9s <\/span><\/h3>\n          <p class=\"mixed-item__excerpt\">D\u00e9couvrez les activit\u00e9s sp\u00e9ciales offertes au Centre de la nature.<\/p>\n      <\/a><\/div>\n\n\n                  <\/div>\n      <\/div>\n    <\/div>\n    <div class=\"mixed-carousel__carousel-navigation container\">\n      <div class=\"swiper-button-prev\"><\/div>\n      <div class=\"swiper-button-next\"><\/div>\n    <\/div>\n      \n<\/section>\n","protected":false},"excerpt":{"rendered":"","protected":false},"author":23,"featured_media":0,"parent":26602,"menu_order":0,"comment_status":"closed","ping_status":"closed","template":"","meta":{"_acf_changed":false,"advgb_blocks_editor_width":"","advgb_blocks_columns_visual_guide":"","footnotes":""},"class_list":["post-26632","page","type-page","status-publish","hentry"],"pp_statuses_selecting_workflow":false,"pp_workflow_action":"current","pp_status_selection":"publish","acf":[],"coauthors":[],"author_meta":{"author_link":"https:\/\/www.laval.ca\/en\/author\/mar-longprelaval-ca\/","display_name":"mar.longpre@laval.ca"},"relative_dates":{"created":"Posted 1 year ago","modified":"Updated 8 months ago"},"absolute_dates":{"created":"Posted on December 21, 2024","modified":"Updated on August 28, 2025"},"absolute_dates_time":{"created":"Posted on December 21, 2024 6:31 pm","modified":"Updated on August 28, 2025 2:21 pm"},"featured_img_caption":"","featured_img":false,"series_order":"","publishpress_future_action":{"enabled":false,"date":"2026-05-01 12:29:21","action":"change-status","newStatus":"draft","terms":[],"taxonomy":"translation_priority","extraData":[]},"publishpress_future_workflow_manual_trigger":{"enabledWorkflows":[]},"_links":{"self":[{"href":"https:\/\/www.laval.ca\/en\/wp-json\/wp\/v2\/pages\/26632","targetHints":{"allow":["GET"]}}],"collection":[{"href":"https:\/\/www.laval.ca\/en\/wp-json\/wp\/v2\/pages"}],"about":[{"href":"https:\/\/www.laval.ca\/en\/wp-json\/wp\/v2\/types\/page"}],"author":[{"embeddable":true,"href":"https:\/\/www.laval.ca\/en\/wp-json\/wp\/v2\/users\/23"}],"replies":[{"embeddable":true,"href":"https:\/\/www.laval.ca\/en\/wp-json\/wp\/v2\/comments?post=26632"}],"version-history":[{"count":7,"href":"https:\/\/www.laval.ca\/en\/wp-json\/wp\/v2\/pages\/26632\/revisions"}],"predecessor-version":[{"id":89060,"href":"https:\/\/www.laval.ca\/en\/wp-json\/wp\/v2\/pages\/26632\/revisions\/89060"}],"up":[{"embeddable":true,"href":"https:\/\/www.laval.ca\/en\/wp-json\/wp\/v2\/pages\/26602"}],"wp:attachment":[{"href":"https:\/\/www.laval.ca\/en\/wp-json\/wp\/v2\/media?parent=26632"}],"curies":[{"name":"wp","href":"https:\/\/api.w.org\/{rel}","templated":true}]}}