{"id":26570,"date":"2025-01-03T10:04:46","date_gmt":"2025-01-03T15:04:46","guid":{"rendered":"https:\/\/www.laval.ca\/histoire-patrimoine-2\/"},"modified":"2025-03-12T16:05:55","modified_gmt":"2025-03-12T20:05:55","slug":"heritage-history","status":"publish","type":"page","link":"https:\/\/www.laval.ca\/en\/culture\/heritage-history\/","title":{"rendered":"Heritage and history"},"content":{"rendered":"\n<div class=\"wp-block-columns is-layout-flex wp-container-core-columns-is-layout-28f84493 wp-block-columns-is-layout-flex\">\n<div class=\"wp-block-column is-layout-flow wp-block-column-is-layout-flow\" style=\"flex-basis:66.66%\">\n<p class=\"is-style-intro-text\">Laval a vu le jour en 1965, mais l\u2019histoire de son territoire\u00a0remonte \u00e0 plus de 400 ans. De la d\u00e9couverte de l\u2019\u00eele J\u00e9sus \u00e0 la cr\u00e9ation des anciennes municipalit\u00e9s ayant donn\u00e9 naissance \u00e0 une grande ville unifi\u00e9e, cette histoire a laiss\u00e9 des traces dans le paysage lavallois.<\/p>\n<\/div>\n\n\n\n<div class=\"wp-block-column is-layout-flow wp-block-column-is-layout-flow\" style=\"flex-basis:33.33%\"><\/div>\n<\/div>\n  <section class=\"useful-info-carousel alignfull\"\n  >\n          <h2 class=\"useful-info-carousel__main-title container\">\u00c0 d\u00e9couvrir<\/h2>\n        <div class=\"useful-info-carousel__carousel-wrapper\">\n      <div class=\"useful-info-carousel__carousel swiper\">\n        <div class=\"swiper-wrapper\">\n                        <div class=\"useful-info-carousel__item swiper-slide useful-info-carousel__item--color-white \">\n                <a href='https:\/\/www.laval.ca\/culture\/histoire-patrimoine\/origine-territoire\/' class=\"useful-info-carousel__item__inner\" data-seo=\"\u00c0 d\u00e9couvrir\" data-tracking-block=\"widgets\">                  <div class=\"useful-info-carousel__item__background has--overlay\">\n                    <img decoding=\"async\" width=\"498\" height=\"498\" src=\"https:\/\/www.laval.ca\/wp-content\/uploads\/2025\/02\/cap-st-martin-vue-aerienne-498x498-1.jpg\" class=\"attachment-large size-large\" alt=\"Vue a\u00e9rienne du Cap Saint-Martin\" sizes=\"(min-width: 600px) 497px, 292px\" srcset=\"https:\/\/www.laval.ca\/wp-content\/uploads\/2025\/02\/cap-st-martin-vue-aerienne-498x498-1.jpg 498w, https:\/\/www.laval.ca\/wp-content\/uploads\/2025\/02\/cap-st-martin-vue-aerienne-498x498-1-300x300.jpg 300w, https:\/\/www.laval.ca\/wp-content\/uploads\/2025\/02\/cap-st-martin-vue-aerienne-498x498-1-150x150.jpg 150w\" \/>                  <\/div>\n                  <div class=\"useful-info-carousel__item__content\">\n                    <h3 class=\"useful-info-carousel__item__title\">Origines du territoire<\/h3>\n                  <\/div>\n                <\/a>              <\/div>\n                                    <div class=\"useful-info-carousel__item swiper-slide useful-info-carousel__item--color-black \">\n                <a href='https:\/\/www.laval.ca\/culture\/histoire-patrimoine\/histoire-municipale\/' class=\"useful-info-carousel__item__inner\" data-seo=\"\u00c0 d\u00e9couvrir\" data-tracking-block=\"widgets\">                  <div class=\"useful-info-carousel__item__background has--overlay\">\n                    <img decoding=\"async\" width=\"1024\" height=\"1024\" src=\"https:\/\/www.laval.ca\/wp-content\/uploads\/2025\/01\/dc8c0ad6aa414b9d5fe06cfe5b7c6f99-1024x1024.jpg\" class=\"attachment-large size-large\" alt=\"\" sizes=\"(min-width: 600px) 497px, 292px\" srcset=\"https:\/\/www.laval.ca\/wp-content\/uploads\/2025\/01\/dc8c0ad6aa414b9d5fe06cfe5b7c6f99-1024x1024.jpg 1024w, https:\/\/www.laval.ca\/wp-content\/uploads\/2025\/01\/dc8c0ad6aa414b9d5fe06cfe5b7c6f99-300x300.jpg 300w, https:\/\/www.laval.ca\/wp-content\/uploads\/2025\/01\/dc8c0ad6aa414b9d5fe06cfe5b7c6f99-150x150.jpg 150w, https:\/\/www.laval.ca\/wp-content\/uploads\/2025\/01\/dc8c0ad6aa414b9d5fe06cfe5b7c6f99-768x768.jpg 768w, https:\/\/www.laval.ca\/wp-content\/uploads\/2025\/01\/dc8c0ad6aa414b9d5fe06cfe5b7c6f99-1536x1536.jpg 1536w, https:\/\/www.laval.ca\/wp-content\/uploads\/2025\/01\/dc8c0ad6aa414b9d5fe06cfe5b7c6f99-600x600.jpg 600w, https:\/\/www.laval.ca\/wp-content\/uploads\/2025\/01\/dc8c0ad6aa414b9d5fe06cfe5b7c6f99.jpg 1580w\" \/>                  <\/div>\n                  <div class=\"useful-info-carousel__item__content\">\n                    <h3 class=\"useful-info-carousel__item__title\">Histoire municipale du territoire<\/h3>\n                  <\/div>\n                <\/a>              <\/div>\n                                    <div class=\"useful-info-carousel__item swiper-slide useful-info-carousel__item--color-white \">\n                <a href='https:\/\/www.laval.ca\/culture\/histoire-patrimoine\/creation-laval\/' class=\"useful-info-carousel__item__inner\" data-seo=\"\u00c0 d\u00e9couvrir\" data-tracking-block=\"widgets\">                  <div class=\"useful-info-carousel__item__background has--overlay\">\n                    <img decoding=\"async\" width=\"1024\" height=\"1024\" src=\"https:\/\/www.laval.ca\/wp-content\/uploads\/2025\/01\/90199982cf5ecb3852d858ddd4d40f1f-1024x1024.jpg\" class=\"attachment-large size-large\" alt=\"\" sizes=\"(min-width: 600px) 497px, 292px\" srcset=\"https:\/\/www.laval.ca\/wp-content\/uploads\/2025\/01\/90199982cf5ecb3852d858ddd4d40f1f-1024x1024.jpg 1024w, https:\/\/www.laval.ca\/wp-content\/uploads\/2025\/01\/90199982cf5ecb3852d858ddd4d40f1f-300x300.jpg 300w, https:\/\/www.laval.ca\/wp-content\/uploads\/2025\/01\/90199982cf5ecb3852d858ddd4d40f1f-150x150.jpg 150w, https:\/\/www.laval.ca\/wp-content\/uploads\/2025\/01\/90199982cf5ecb3852d858ddd4d40f1f-768x768.jpg 768w, https:\/\/www.laval.ca\/wp-content\/uploads\/2025\/01\/90199982cf5ecb3852d858ddd4d40f1f-1536x1536.jpg 1536w, https:\/\/www.laval.ca\/wp-content\/uploads\/2025\/01\/90199982cf5ecb3852d858ddd4d40f1f-600x600.jpg 600w, https:\/\/www.laval.ca\/wp-content\/uploads\/2025\/01\/90199982cf5ecb3852d858ddd4d40f1f.jpg 1580w\" \/>                  <\/div>\n                  <div class=\"useful-info-carousel__item__content\">\n                    <h3 class=\"useful-info-carousel__item__title\">Laval depuis sa cr\u00e9ation <\/h3>\n                  <\/div>\n                <\/a>              <\/div>\n                                    <div class=\"useful-info-carousel__item swiper-slide useful-info-carousel__item--color-black \">\n                <a href='https:\/\/www.laval.ca\/culture\/histoire-patrimoine\/archives-etudes-publications\/' class=\"useful-info-carousel__item__inner\" data-seo=\"\u00c0 d\u00e9couvrir\" data-tracking-block=\"widgets\">                  <div class=\"useful-info-carousel__item__background has--overlay\">\n                    <img decoding=\"async\" width=\"959\" height=\"334\" src=\"https:\/\/www.laval.ca\/wp-content\/uploads\/2025\/01\/30c44a5b0f255bffedcb3a63423e3195.png\" class=\"attachment-large size-large\" alt=\"\" sizes=\"(min-width: 600px) 497px, 292px\" srcset=\"https:\/\/www.laval.ca\/wp-content\/uploads\/2025\/01\/30c44a5b0f255bffedcb3a63423e3195.png 959w, https:\/\/www.laval.ca\/wp-content\/uploads\/2025\/01\/30c44a5b0f255bffedcb3a63423e3195-300x104.png 300w, https:\/\/www.laval.ca\/wp-content\/uploads\/2025\/01\/30c44a5b0f255bffedcb3a63423e3195-768x267.png 768w\" \/>                  <\/div>\n                  <div class=\"useful-info-carousel__item__content\">\n                    <h3 class=\"useful-info-carousel__item__title\">Archives, \u00e9tudes et publications<\/h3>\n                  <\/div>\n                <\/a>              <\/div>\n                                    <div class=\"useful-info-carousel__item swiper-slide useful-info-carousel__item--color-black \">\n                <a href='https:\/\/www.laval.ca\/culture\/histoire-patrimoine\/patrimoine-lavallois\/' class=\"useful-info-carousel__item__inner\" data-seo=\"\u00c0 d\u00e9couvrir\" data-tracking-block=\"widgets\">                  <div class=\"useful-info-carousel__item__background has--overlay\">\n                    <img decoding=\"async\" width=\"498\" height=\"498\" src=\"https:\/\/www.laval.ca\/wp-content\/uploads\/2025\/02\/st-vincent-de-paul-498x498-1.jpg\" class=\"attachment-large size-large\" alt=\"gare \u00e0 saint vincent de Paul\" sizes=\"(min-width: 600px) 497px, 292px\" srcset=\"https:\/\/www.laval.ca\/wp-content\/uploads\/2025\/02\/st-vincent-de-paul-498x498-1.jpg 498w, https:\/\/www.laval.ca\/wp-content\/uploads\/2025\/02\/st-vincent-de-paul-498x498-1-300x300.jpg 300w, https:\/\/www.laval.ca\/wp-content\/uploads\/2025\/02\/st-vincent-de-paul-498x498-1-150x150.jpg 150w\" \/>                  <\/div>\n                  <div class=\"useful-info-carousel__item__content\">\n                    <h3 class=\"useful-info-carousel__item__title\">Patrimoine lavallois<\/h3>\n                  <\/div>\n                <\/a>              <\/div>\n                              <\/div>\n      <\/div>\n    <\/div>\n    <div class=\"useful-info-carousel__carousel-navigation container\">\n      <div class=\"swiper-button-prev\"><\/div>\n      <div class=\"swiper-button-next\"><\/div>\n    <\/div>\n  <\/section>\n  \n<div class=\"wp-block-media-text has-media-on-the-right is-stacked-on-mobile\"><div class=\"wp-block-media-text__content\">\n<h2 class=\"wp-block-heading\">L\u2019\u00eele J\u00e9sus<\/h2>\n\n\n\n<p>D\u00e9couvrez l&#8217;histoire de votre quartier avant que Laval ne soit Laval.\u200b\u200b\u2028<\/p>\n\n\n\n<div class=\"wp-block-buttons is-layout-flex wp-block-buttons-is-layout-flex\">\n<div class=\"wp-block-button\"><a class=\"wp-block-button__link has-section-dark-background-color has-background wp-element-button\" href=\"https:\/\/www.laval.ca\/en\/culture\/heritage-history\/municipal-history\/\">D\u00e9couvrir tous les quartiers<\/a><\/div>\n<\/div>\n<\/div><figure class=\"wp-block-media-text__media\"><img decoding=\"async\" width=\"1024\" height=\"576\" src=\"https:\/\/www.laval.ca\/wp-content\/uploads\/2025\/01\/fcb3b25aa84ce95b5dd065271a170a64-1024x576.jpg\" alt=\"\u00eele J\u00e9sus\" class=\"wp-image-12205 size-full\" srcset=\"https:\/\/www.laval.ca\/wp-content\/uploads\/2025\/01\/fcb3b25aa84ce95b5dd065271a170a64-1024x576.jpg 1024w, https:\/\/www.laval.ca\/wp-content\/uploads\/2025\/01\/fcb3b25aa84ce95b5dd065271a170a64-300x169.jpg 300w, https:\/\/www.laval.ca\/wp-content\/uploads\/2025\/01\/fcb3b25aa84ce95b5dd065271a170a64-768x432.jpg 768w, https:\/\/www.laval.ca\/wp-content\/uploads\/2025\/01\/fcb3b25aa84ce95b5dd065271a170a64-420x235.jpg 420w, https:\/\/www.laval.ca\/wp-content\/uploads\/2025\/01\/fcb3b25aa84ce95b5dd065271a170a64-960x540.jpg 960w, https:\/\/www.laval.ca\/wp-content\/uploads\/2025\/01\/fcb3b25aa84ce95b5dd065271a170a64.jpg 1366w\" sizes=\"(max-width: 1024px) 100vw, 1024px\" \/><\/figure><\/div>\n\n<div class=\"wp-block-group is-content-justification-space-between is-nowrap is-layout-flex wp-container-core-group-is-layout-ac7b6909 wp-block-group-is-layout-flex\">\n<h2 class=\"wp-block-heading\">Activit\u00e9s historiques ou patrimoniales<\/h2>\n\n\n\n<div class=\"wp-block-columns is-layout-flex wp-container-core-columns-is-layout-28f84493 wp-block-columns-is-layout-flex\">\n<div class=\"wp-block-column is-layout-flow wp-block-column-is-layout-flow\" style=\"flex-basis:100%\">\n<div class=\"wp-block-buttons is-layout-flex wp-block-buttons-is-layout-flex\">\n<div class=\"wp-block-button\"><a class=\"wp-block-button__link has-white-color has-section-dark-background-color has-text-color has-background has-link-color wp-element-button\">Consulter les activit\u00e9s<\/a><\/div>\n<\/div>\n<\/div>\n<\/div>\n<\/div>\n\n<p>Si rien ne s&#8217;affiche, c&#8217;est qu&#8217;aucune activit\u00e9 n&#8217;est offerte en ce moment.<\/p>\n","protected":false},"excerpt":{"rendered":"<p>Laval a vu le jour en 1965, mais l\u2019histoire de son territoire\u00a0remonte \u00e0 plus de 400 ans. De la d\u00e9couverte de l\u2019\u00eele J\u00e9sus \u00e0 la cr\u00e9ation des anciennes municipalit\u00e9s ayant donn\u00e9 naissance \u00e0 une grande ville unifi\u00e9e, cette histoire a laiss\u00e9 des traces dans le paysage lavallois. Activit\u00e9s historiques ou patrimoniales Si rien ne s&#8217;affiche,&hellip;<\/p>\n","protected":false},"author":34,"featured_media":0,"parent":27132,"menu_order":162,"comment_status":"closed","ping_status":"closed","template":"","meta":{"_acf_changed":false,"advgb_blocks_editor_width":"","advgb_blocks_columns_visual_guide":"","footnotes":""},"class_list":["post-26570","page","type-page","status-publish","hentry"],"pp_statuses_selecting_workflow":false,"pp_workflow_action":"current","pp_status_selection":"publish","acf":[],"coauthors":[],"author_meta":{"author_link":"https:\/\/www.laval.ca\/en\/author\/i-boucherlaval-ca\/","display_name":"i.boucher@laval.ca"},"relative_dates":{"created":"Posted 1 year ago","modified":"Updated 1 year ago"},"absolute_dates":{"created":"Posted on January 3, 2025","modified":"Updated on March 12, 2025"},"absolute_dates_time":{"created":"Posted on January 3, 2025 10:04 am","modified":"Updated on March 12, 2025 4:05 pm"},"featured_img_caption":"","featured_img":false,"series_order":"","publishpress_future_action":{"enabled":false,"date":"2026-04-28 20:09:24","action":"change-status","newStatus":"draft","terms":[],"taxonomy":"translation_priority","extraData":[]},"publishpress_future_workflow_manual_trigger":{"enabledWorkflows":[]},"_links":{"self":[{"href":"https:\/\/www.laval.ca\/en\/wp-json\/wp\/v2\/pages\/26570","targetHints":{"allow":["GET"]}}],"collection":[{"href":"https:\/\/www.laval.ca\/en\/wp-json\/wp\/v2\/pages"}],"about":[{"href":"https:\/\/www.laval.ca\/en\/wp-json\/wp\/v2\/types\/page"}],"author":[{"embeddable":true,"href":"https:\/\/www.laval.ca\/en\/wp-json\/wp\/v2\/users\/34"}],"replies":[{"embeddable":true,"href":"https:\/\/www.laval.ca\/en\/wp-json\/wp\/v2\/comments?post=26570"}],"version-history":[{"count":8,"href":"https:\/\/www.laval.ca\/en\/wp-json\/wp\/v2\/pages\/26570\/revisions"}],"predecessor-version":[{"id":50634,"href":"https:\/\/www.laval.ca\/en\/wp-json\/wp\/v2\/pages\/26570\/revisions\/50634"}],"up":[{"embeddable":true,"href":"https:\/\/www.laval.ca\/en\/wp-json\/wp\/v2\/pages\/27132"}],"wp:attachment":[{"href":"https:\/\/www.laval.ca\/en\/wp-json\/wp\/v2\/media?parent=26570"}],"curies":[{"name":"wp","href":"https:\/\/api.w.org\/{rel}","templated":true}]}}