{"id":26528,"date":"2025-01-11T12:23:36","date_gmt":"2025-01-11T17:23:36","guid":{"rendered":"https:\/\/www.laval.ca\/immateriel\/"},"modified":"2025-09-11T09:29:56","modified_gmt":"2025-09-11T13:29:56","slug":"intagible-heritage","status":"publish","type":"page","link":"https:\/\/www.laval.ca\/en\/culture\/heritage-history\/laval-heritage\/intagible-heritage\/","title":{"rendered":"Intagible heritage"},"content":{"rendered":"<section class=\"sticky-section-group aligndefault\"\n>\n   \n<div class=\"sticky-section-main\"\n>\n   \n\n<p class=\"is-style-intro-text\">Apprenez-en plus sur\u00a0les pratiques, les\u00a0savoir-faire\u00a0et les traditions qui ont forg\u00e9\u00a0l&#8217;histoire de Laval, ainsi que sur\u00a0ceux et celles qui leur ont donn\u00e9 leur valeur.<\/p>\n\n\n\n<h2 class=\"wp-block-heading\">Andr\u00e9-Benjamin Papineau<\/h2>\n\n\n\n<p>Andr\u00e9-Benjamin Papineau, qui a donn\u00e9 son nom \u00e0 sa maison aujourd&#8217;hui patrimoniale, a contribu\u00e9 au d\u00e9veloppement du Canada fran\u00e7ais au 19<sup>e<\/sup>\u00a0si\u00e8cle, notamment pas son implication dans les soul\u00e8vements des patriotes en\u00a01837 et 1838. Notaire sur l&#8217;\u00eele\u00a0J\u00e9sus, \u00e0 Saint-Martin, il a occup\u00e9 plusieurs fonctions, dont celle de maire de cette municipalit\u00e9.<\/p>\n\n\n\n<p>La brochure\u00a0Histoire de raconter Andr\u00e9-Benjamin Papineau, produite par la Ville de Laval, vous en apprendra davantage sur cet homme, sa vie, sa famille et le d\u00e9veloppement de Laval. Vous pouvez vous procurer gratuitement cette brochure dans toutes les\u00a0<a href=\"https:\/\/www.laval.ca\/en\/culture\/librairies\/\" data-type=\"page\" data-id=\"4392\">biblioth\u00e8ques de Laval\u00a0<\/a>ou au\u00a0<a href=\"https:\/\/www.laval.ca\/en\/interactive-map\/comptoir-multiservices-et-services-municipaux\/\" data-type=\"place\" data-id=\"10030\">comptoir multiservice<\/a>. Vous pouvez aussi la t\u00e9l\u00e9charger ici\u00a0:<\/p>\n\n\n  <div class=\"custom-file-block aligndefault\" \n  >\n    <a href=\"https:\/\/www.laval.ca\/wp-content\/uploads\/2025\/01\/brochure-histoire-andre-benjamin-papineau.pdf\" target=\"_blank\" class=\"custom-file\">\n      <span class=\"custom-file__icon\" aria-hidden=\"true\">\n        <svg width=\"30\" height=\"31\" viewBox=\"0 0 30 31\" fill=\"none\" xmlns=\"http:\/\/www.w3.org\/2000\/svg\"><path d=\"M6.2451 12.627V1.1448h13.9746m8.0494 8.0502v20.1317H6.2451v-3.2364M28.2691 9.195l-8.0494-8.0502V9.195h8.0494Z\" stroke=\"#6C6C6C\" stroke-width=\"1.5\" stroke-miterlimit=\"10\" stroke-linecap=\"round\" stroke-linejoin=\"round\" \/><path d=\"M22.2851 12.6975H1.1818v13.0058h21.1033V12.6975Z\" fill=\"#E12324\" stroke=\"#E12324\" stroke-width=\"1.5\" stroke-miterlimit=\"10\" stroke-linecap=\"round\" stroke-linejoin=\"round\" \/><path d=\"M13.8204 15.6531v5.9949m-.016-1.9942v-.0647c0-1.2568-.7593-2.0051-1.7208-2.0051-.9694 0-1.8087.7331-1.8087 2.0051v.0647c0 1.2567.7505 1.9978 1.744 1.9978.9455 0 1.7855-.7571 1.7855-1.9978Zm-9.3258 3.4343v-5.5163m.016 1.9941v.0648c0 1.2567.7592 2.0051 1.7207 2.0051.9695 0 1.8087-.7331 1.8087-2.0051v-.0648c0-1.2567-.7505-1.9978-1.744-1.9978-.9454 0-1.7854.7571-1.7854 1.9978Zm13.6843-3.9447c-.576-.1432-1.3956.0597-1.3956 1.0524v4.9746m-.6968-4.043h2.0502\" stroke=\"#fff\" stroke-miterlimit=\"10\" stroke-linecap=\"round\" stroke-linejoin=\"round\" \/><\/svg>      <\/span>\n      <p class=\"custom-file__label\" aria-hidden=\"true\">\n        <span class=\"custom-file__title\">Histoire de raconter Andr\u00e9-Benjamin Papineau<\/span>\n        <span class=\"custom-file__size\"> &#8211; 4.06 MB<\/span>\n      <\/p>\n      <span class=\"sr-only\">\n        Download file Histoire de raconter Andr\u00e9-Benjamin Papineau (format PDF, size 4.06 MB)      <\/span>\n    <\/a>\n  <\/div>\n  \n\n\n<h2 class=\"wp-block-heading\">Les tailleurs de pierre de l&#8217;\u00eele J\u00e9sus<\/h2>\n\n\n\n<p>Pendant plus de 150\u00a0ans, des familles ont v\u00e9cu de l&#8217;exploitation des carri\u00e8res de pierre de l&#8217;\u00eele\u00a0J\u00e9sus, une industrie remarquable sur les plans \u00e9conomique et social. De nombreux \u00e9difices historiques de la r\u00e9gion de Montr\u00e9al sont faits de pierres de ces carri\u00e8res, d&#8217;o\u00f9 l&#8217;importance, jusqu&#8217;en 1990, du m\u00e9tier de tailleur. Les connaissances se sont transmises de g\u00e9n\u00e9ration en g\u00e9n\u00e9ration.<\/p>\n\n\n\n<p>La Ville de Laval a publi\u00e9 une brochure sur les tailleurs de pierre des carri\u00e8res de l&#8217;\u00eele\u00a0J\u00e9sus, un document inspir\u00e9 des travaux de recherche de Jean-Fran\u00e7ois Larose. Vous trouverez cette brochure gratuite dans toutes les\u00a0<a href=\"https:\/\/www.laval.ca\/en\/culture\/librairies\/\" data-type=\"page\" data-id=\"11667\"><\/a><a href=\"https:\/\/www.laval.ca\/en\/culture\/librairies\/\" data-type=\"page\" data-id=\"4392\">biblioth\u00e8ques de Laval<\/a> et au\u00a0<a href=\"https:\/\/www.laval.ca\/en\/interactive-map\/comptoir-multiservices-et-services-municipaux\/\"><\/a><a href=\"https:\/\/www.laval.ca\/en\/interactive-map\/comptoir-multiservices-et-services-municipaux\/\" data-type=\"place\" data-id=\"10030\">comptoir multiservice<\/a>. Vous\u00a0pouvez aussi la t\u00e9l\u00e9charger ici\u00a0:<\/p>\n\n\n  <div class=\"custom-file-block aligndefault\" \n  >\n    <a href=\"https:\/\/www.laval.ca\/wp-content\/uploads\/2025\/01\/brochure-histoire-carrieres-ile-jesus.pdf\" target=\"_blank\" class=\"custom-file\">\n      <span class=\"custom-file__icon\" aria-hidden=\"true\">\n        <svg width=\"30\" height=\"31\" viewBox=\"0 0 30 31\" fill=\"none\" xmlns=\"http:\/\/www.w3.org\/2000\/svg\"><path d=\"M6.2451 12.627V1.1448h13.9746m8.0494 8.0502v20.1317H6.2451v-3.2364M28.2691 9.195l-8.0494-8.0502V9.195h8.0494Z\" stroke=\"#6C6C6C\" stroke-width=\"1.5\" stroke-miterlimit=\"10\" stroke-linecap=\"round\" stroke-linejoin=\"round\" \/><path d=\"M22.2851 12.6975H1.1818v13.0058h21.1033V12.6975Z\" fill=\"#E12324\" stroke=\"#E12324\" stroke-width=\"1.5\" stroke-miterlimit=\"10\" stroke-linecap=\"round\" stroke-linejoin=\"round\" \/><path d=\"M13.8204 15.6531v5.9949m-.016-1.9942v-.0647c0-1.2568-.7593-2.0051-1.7208-2.0051-.9694 0-1.8087.7331-1.8087 2.0051v.0647c0 1.2567.7505 1.9978 1.744 1.9978.9455 0 1.7855-.7571 1.7855-1.9978Zm-9.3258 3.4343v-5.5163m.016 1.9941v.0648c0 1.2567.7592 2.0051 1.7207 2.0051.9695 0 1.8087-.7331 1.8087-2.0051v-.0648c0-1.2567-.7505-1.9978-1.744-1.9978-.9454 0-1.7854.7571-1.7854 1.9978Zm13.6843-3.9447c-.576-.1432-1.3956.0597-1.3956 1.0524v4.9746m-.6968-4.043h2.0502\" stroke=\"#fff\" stroke-miterlimit=\"10\" stroke-linecap=\"round\" stroke-linejoin=\"round\" \/><\/svg>      <\/span>\n      <p class=\"custom-file__label\" aria-hidden=\"true\">\n        <span class=\"custom-file__title\">Histoire de raconter Les carri\u00e8res de l&#039;\u00eele J\u00e9sus<\/span>\n        <span class=\"custom-file__size\"> &#8211; 748.99 KB<\/span>\n      <\/p>\n      <span class=\"sr-only\">\n        Download file Histoire de raconter Les carri\u00e8res de l&#039;\u00eele J\u00e9sus (format PDF, size 748.99 KB)      <\/span>\n    <\/a>\n  <\/div>\n  \n\n\n<h2 class=\"wp-block-heading\"><a><\/a>Les coupeurs de glace de Sainte-Rose<\/h2>\n\n\n\n<p><strong>La coupe de glace<\/strong>\u00a0:\u00a0un m\u00e9tier aujourd&#8217;hui disparu, mais jadis pratiqu\u00e9 par des centaines d&#8217;hommes qui en tiraient un revenu saisonnier essentiel.<\/p>\n\n\n\n<p>D&#8217;une dur\u00e9e de 26\u00a0minutes, le documentaire\u00a0Les Coupeurs de glace de Sainte-Rose,\u00a0de\u00a0Gilles\u00a0Blais,\u00a0dresse le portrait de 3\u00a0familles qui exploitaient chacune une entreprise de coupe de glace \u00e0 Sainte-Rose, en plus de laisser la parole \u00e0 un groupe d&#8217;\u00e9l\u00e8ves de l&#8217;\u00e9cole Le\u00a0Baluchon, qui discutent de leur perception de cette \u00e9poque pas si lointaine.\u00a0<\/p>\n\n\n\n<p>Vous pouvez emprunter ce film dans toutes les\u00a0<a href=\"https:\/\/www.laval.ca\/en\/culture\/librairies\/\" data-type=\"link\" data-id=\"https:\/\/www.laval.ca\/culture\/bibliotheques\/\">biblioth\u00e8ques de Laval<\/a>.<\/p>\n\n<\/div>\n\n\n<div class=\"sticky-section-sidebar\"\n>\n   <div class=\"sticky-section-sidebar__inner\">\n     \n\n<p><\/p>\n\n   <\/div>\n<\/div>\n\n<\/section>\n","protected":false},"excerpt":{"rendered":"","protected":false},"author":23,"featured_media":0,"parent":26530,"menu_order":35,"comment_status":"closed","ping_status":"closed","template":"","meta":{"_acf_changed":false,"advgb_blocks_editor_width":"","advgb_blocks_columns_visual_guide":"","footnotes":""},"class_list":["post-26528","page","type-page","status-publish","hentry"],"pp_statuses_selecting_workflow":false,"pp_workflow_action":"current","pp_status_selection":"publish","acf":[],"coauthors":[],"author_meta":{"author_link":"https:\/\/www.laval.ca\/en\/author\/mar-longprelaval-ca\/","display_name":"mar.longpre@laval.ca"},"relative_dates":{"created":"Posted 1 year ago","modified":"Updated 7 months ago"},"absolute_dates":{"created":"Posted on January 11, 2025","modified":"Updated on September 11, 2025"},"absolute_dates_time":{"created":"Posted on January 11, 2025 12:23 pm","modified":"Updated on September 11, 2025 9:29 am"},"featured_img_caption":"","featured_img":false,"series_order":"","publishpress_future_action":{"enabled":false,"date":"2026-04-30 12:33:19","action":"change-status","newStatus":"draft","terms":[],"taxonomy":"translation_priority","extraData":[]},"publishpress_future_workflow_manual_trigger":{"enabledWorkflows":[]},"_links":{"self":[{"href":"https:\/\/www.laval.ca\/en\/wp-json\/wp\/v2\/pages\/26528","targetHints":{"allow":["GET"]}}],"collection":[{"href":"https:\/\/www.laval.ca\/en\/wp-json\/wp\/v2\/pages"}],"about":[{"href":"https:\/\/www.laval.ca\/en\/wp-json\/wp\/v2\/types\/page"}],"author":[{"embeddable":true,"href":"https:\/\/www.laval.ca\/en\/wp-json\/wp\/v2\/users\/23"}],"replies":[{"embeddable":true,"href":"https:\/\/www.laval.ca\/en\/wp-json\/wp\/v2\/comments?post=26528"}],"version-history":[{"count":6,"href":"https:\/\/www.laval.ca\/en\/wp-json\/wp\/v2\/pages\/26528\/revisions"}],"predecessor-version":[{"id":91167,"href":"https:\/\/www.laval.ca\/en\/wp-json\/wp\/v2\/pages\/26528\/revisions\/91167"}],"up":[{"embeddable":true,"href":"https:\/\/www.laval.ca\/en\/wp-json\/wp\/v2\/pages\/26530"}],"wp:attachment":[{"href":"https:\/\/www.laval.ca\/en\/wp-json\/wp\/v2\/media?parent=26528"}],"curies":[{"name":"wp","href":"https:\/\/api.w.org\/{rel}","templated":true}]}}