{"id":26525,"date":"2025-01-11T12:23:36","date_gmt":"2025-01-11T17:23:36","guid":{"rendered":"https:\/\/www.laval.ca\/decouverte-laval\/"},"modified":"2025-09-11T09:29:26","modified_gmt":"2025-09-11T13:29:26","slug":"discover-laval","status":"publish","type":"page","link":"https:\/\/www.laval.ca\/en\/culture\/heritage-history\/laval-heritage\/discover-laval\/","title":{"rendered":"Laval heritage discovery"},"content":{"rendered":"<section class=\"sticky-section-group aligndefault\"\n>\n   \n<div class=\"sticky-section-main\"\n>\n   \n\n<p class=\"is-style-intro-text\">Envie de conna\u00eetre le patrimoine lavallois? D\u00e9couvrez nos expositions, \u00e9v\u00e9nements, vir\u00e9es touristiques, parcours de croix de chemin et calvaire et plus encore.<\/p>\n\n\n\n<h2 class=\"wp-block-heading\">Croix de chemin et calvaires<\/h2>\n\n\n\n<p>La croix de chemin se retrouve un peu partout au Qu\u00e9bec depuis le 17<sup>e<\/sup>\u00a0si\u00e8cle. Ce patrimoine canadien-fran\u00e7ais en constante \u00e9volution est d\u2019abord plant\u00e9 par les explorateurs, puis sert \u00e0 marquer l\u2019inauguration de certaines nouvelles voies de circulation. Ces croix de chemin sont aussi des symboles religieux pour les fid\u00e8les qui leur vouent d\u00e9votion en s\u2019agenouillant au passage.\u202f\u00a0<\/p>\n\n\n\n<p>Lieu de rassemblement et de pri\u00e8re, la croix de chemin remplace l\u2019\u00e9glise lorsque celle-ci est trop \u00e9loign\u00e9e ou lors des travaux dans les champs. Chaque soir de mai, pour le mois de Marie, on y r\u00e9cite le chapelet et chante des cantiques. Lors des neuvaines, d\u00e9votion de neuf jours d\u2019affil\u00e9s, particuli\u00e8rement celle \u00e0 sainte Anne, les paysans y invoquent la cl\u00e9mence du ciel afin d\u2019\u00e9viter les fl\u00e9aux comme la s\u00e9cheresse ou les invasions de sauterelles. B\u00e9nie lors de son \u00e9rection et souvent remplac\u00e9e lorsque le temps la ravage, la croix de chemin est encore aujourd\u2019hui tr\u00e8s pr\u00e9sente dans le paysage lavallois.\u202f<\/p>\n\n\n\n<div class=\"wp-block-vortex-blocks-accordions-group block-accordions-group accordion-container is-style-no-margin-top\">\n<section class=\"wp-block-vortex-blocks-accordion-item accordion ac\" id=\"croix-de-chemin-et-calvaires-a-laval\"><div class=\"accordion__accordion\"><button class=\"accordion__header-row accordion-toggle ac-header ac-trigger\"><p class=\"accordion__header__title\">Croix de chemin et calvaires \u00e0 Laval\u200b<\/p><span class=\"accordion__header__icon\" role=\"presentation\"><span class=\"plus\"><\/span><\/span><\/button><div class=\"accordion__sub-rows wysiwyg ac-panel\" role=\"region\">\n<p>La Ville de Laval en compte\u00a028, dont plusieurs apparaissent d\u00e8s le 19<sup>e<\/sup>\u00a0si\u00e8cle. Certaines sont \u00e9ventuellement remplac\u00e9es ou d\u00e9plac\u00e9es sur le territoire. Les croix de chemin lavalloises font l\u2019objet de nombreux programmes de recherche, du premier recensement en\u00a01922-1923 par \u00c9douard-Zotique Massicotte (n\u00e9 \u00e0 Montr\u00e9al en\u00a01867 et d\u00e9c\u00e9d\u00e9 en\u00a01947, il\u202fest avocat, journaliste, archiviste, historien et auteur) aux travaux de restauration de\u00a02003 entrepris par la Soci\u00e9t\u00e9 d\u2019histoire et de g\u00e9n\u00e9alogie de l\u2019\u00cele J\u00e9sus et supervis\u00e9s par Beno\u00eet\u00a0Caron (professeur et Lavallois passionn\u00e9).\u202f<\/p>\n\n\n\n<p>En\u00a02016, la firme\u00a0Patri-Arch, consultants en patrimoine et architecture participe \u00e0 un nouvel inventaire et \u00e9valuation de l\u2019\u00e9tat des croix de chemin et des clavaires. Cette d\u00e9marche conduit la Ville de Laval \u00e0\u202fentreprendre en\u00a02018 des travaux de restauration de 9\u00a0croix de chemin et clavaires publics. Ces travaux, en partie financ\u00e9s par une entente de d\u00e9veloppement culturel avec le minist\u00e8re de la Culture et des Communications du Qu\u00e9bec ainsi qu\u2019un budget municipal, sont encore en cours de r\u00e9alisation.<\/p>\n\n\n\n<p>L\u2019\u00e9crivain et historien L\u00e9o-Paul Desrosiers a cette pens\u00e9e au sujet des croix de chemin\u00a0: \u00ab\u00a0Je les ai vues, les croix lumineuses, diss\u00e9min\u00e9es partout le long de nos routes, comme une floraison de l\u2019\u00e2me canadienne, comme l\u2019esprit du sol remu\u00e9 par les anc\u00eatres.\u00a0\u00bb\u202f<\/p>\n\n\n\n<p>Les 7\u00a0croix de chemin et calvaires publics\u202fsuivants ont \u00e9t\u00e9 retir\u00e9s en totalit\u00e9 ou en partie afin d&#8217;\u00eatre restaur\u00e9s. Ils\u202fseront tous remis en place prochainement\u00a0:<\/p>\n\n\n\n<ul class=\"wp-block-list\">\n<li>Calvaire Desnoyers au\u202fbelv\u00e9d\u00e8re Papineau\u202f\u2014 Retrait du corpus et des \u00e9l\u00e9ments d&#8217;ornementation<\/li>\n\n\n\n<li>Calvaire Paradis \u00e0 la\u202fberge du Vieux-Moulin\u202f\u2014 Retrait en totalit\u00e9<\/li>\n\n\n\n<li>\u200bCalvaire Sauriol au\u202fparc du Calvaire-Sauriol\u202f\u2014 Restauration et r\u00e9installation\u202fde la porte termin\u00e9e<\/li>\n\n\n\n<li>Croix Desautels \u00e0 la\u202fberge des Pinsons\u202f\u2014 Retrait en totalit\u00e9<\/li>\n\n\n\n<li>Croix Vanier \u00e0 la\u202fberge des Eudistes\u202f\u2014 Restauration et r\u00e9installation termin\u00e9e\u202f<\/li>\n\n\n\n<li>Croix Labelle situ\u00e9e au\u202f1736, Maurice Gauvin\u200b\u202f\u2013 Retrait de certains \u00e9l\u00e9ments<\/li>\n\n\n\n<li>Croix Clairmont situ\u00e9e \u00e0 l&#8217;arri\u00e8re du\u202fcentre Jean-Paul-Campeau\u202f(sur la 2<sup>e<\/sup>\u00a0Rue) \u2014 Restauration et r\u00e9installation termin\u00e9e<\/li>\n<\/ul>\n\n\n  <div class=\"custom-file-block aligndefault\" \n  >\n    <a href=\"https:\/\/www.laval.ca\/wp-content\/uploads\/2025\/01\/inventaire-croix-chemin-calvaires-lr.pdf\" target=\"_blank\" class=\"custom-file\">\n      <span class=\"custom-file__icon\" aria-hidden=\"true\">\n        <svg width=\"30\" height=\"31\" viewBox=\"0 0 30 31\" fill=\"none\" xmlns=\"http:\/\/www.w3.org\/2000\/svg\"><path d=\"M6.2451 12.627V1.1448h13.9746m8.0494 8.0502v20.1317H6.2451v-3.2364M28.2691 9.195l-8.0494-8.0502V9.195h8.0494Z\" stroke=\"#6C6C6C\" stroke-width=\"1.5\" stroke-miterlimit=\"10\" stroke-linecap=\"round\" stroke-linejoin=\"round\" \/><path d=\"M22.2851 12.6975H1.1818v13.0058h21.1033V12.6975Z\" fill=\"#E12324\" stroke=\"#E12324\" stroke-width=\"1.5\" stroke-miterlimit=\"10\" stroke-linecap=\"round\" stroke-linejoin=\"round\" \/><path d=\"M13.8204 15.6531v5.9949m-.016-1.9942v-.0647c0-1.2568-.7593-2.0051-1.7208-2.0051-.9694 0-1.8087.7331-1.8087 2.0051v.0647c0 1.2567.7505 1.9978 1.744 1.9978.9455 0 1.7855-.7571 1.7855-1.9978Zm-9.3258 3.4343v-5.5163m.016 1.9941v.0648c0 1.2567.7592 2.0051 1.7207 2.0051.9695 0 1.8087-.7331 1.8087-2.0051v-.0648c0-1.2567-.7505-1.9978-1.744-1.9978-.9454 0-1.7854.7571-1.7854 1.9978Zm13.6843-3.9447c-.576-.1432-1.3956.0597-1.3956 1.0524v4.9746m-.6968-4.043h2.0502\" stroke=\"#fff\" stroke-miterlimit=\"10\" stroke-linecap=\"round\" stroke-linejoin=\"round\" \/><\/svg>      <\/span>\n      <p class=\"custom-file__label\" aria-hidden=\"true\">\n        <span class=\"custom-file__title\">T\u00e9l\u00e9chargez l\u2019inventaire des croix de chemin \u200bet calvaires de la Ville de Laval<\/span>\n        <span class=\"custom-file__size\"> &#8211; 28.95 MB<\/span>\n      <\/p>\n      <span class=\"sr-only\">\n        Download file T\u00e9l\u00e9chargez l\u2019inventaire des croix de chemin \u200bet calvaires de la Ville de Laval (format PDF, size 28.95 MB)      <\/span>\n    <\/a>\n  <\/div>\n  <\/div><\/div><\/section>\n\n\n\n<section class=\"wp-block-vortex-blocks-accordion-item accordion ac\" id=\"strongliens-utiles-a-consulter-strong\"><div class=\"accordion__accordion\"><button class=\"accordion__header-row accordion-toggle ac-header ac-trigger\"><p class=\"accordion__header__title\"><strong>Liens utiles \u00e0 consulter<\/strong><\/p><span class=\"accordion__header__icon\" role=\"presentation\"><span class=\"plus\"><\/span><\/span><\/button><div class=\"accordion__sub-rows wysiwyg ac-panel\" role=\"region\">\n<p><\/p>\n\n\n\n<ul class=\"wp-block-list\">\n<li>\u200b\u200b<a href=\"http:\/\/shgij.org\/\" target=\"_blank\" rel=\"noreferrer noopener\">Soci\u00e9t\u00e9 d&#8217;histoire et de g\u00e9n\u00e9alogie de l&#8217;\u00cele J\u00e9sus<\/a><\/li>\n\n\n\n<li><a href=\"http:\/\/www.patrimoineduquebec.com\/croix\/Accueil.html\" target=\"_blank\" rel=\"noreferrer noopener\">Croix de che\u200bmin et calvaires<\/a><\/li>\n\n\n\n<li><a href=\"http:\/\/www.histoirequebec.qc.ca\/\" target=\"_blank\" rel=\"noreferrer noopener\">F\u00e9d\u00e9ration des soci\u00e9t\u00e9s d&#8217;h\u200b\u200bistoire\u200b<\/a><\/li>\n\n\n\n<li><a href=\"http:\/\/www.reseauarthist.com\/\" target=\"_blank\" rel=\"noreferrer noopener\">R\u00e9seau ArtHist<\/a><\/li>\n\n\n\n<li><a href=\"http:\/\/rdaq.banq.qc.ca\/accueil\/\" target=\"_blank\" rel=\"noreferrer noopener\">R\u00e9seau de diffusion des archives du Qu\u00e9bec<\/a>\u00a0<\/li>\n<\/ul>\n<\/div><\/div><\/section>\n<\/div>\n\n<\/div>\n\n\n<div class=\"sticky-section-sidebar\"\n>\n   <div class=\"sticky-section-sidebar__inner\">\n     \n\n<p><\/p>\n\n   <\/div>\n<\/div>\n\n<\/section>\n\n<p><\/p>\n","protected":false},"excerpt":{"rendered":"","protected":false},"author":23,"featured_media":0,"parent":26530,"menu_order":30,"comment_status":"closed","ping_status":"closed","template":"","meta":{"_acf_changed":false,"advgb_blocks_editor_width":"","advgb_blocks_columns_visual_guide":"","footnotes":""},"class_list":["post-26525","page","type-page","status-publish","hentry"],"pp_statuses_selecting_workflow":false,"pp_workflow_action":"current","pp_status_selection":"publish","acf":[],"coauthors":[],"author_meta":{"author_link":"https:\/\/www.laval.ca\/en\/author\/mar-longprelaval-ca\/","display_name":"mar.longpre@laval.ca"},"relative_dates":{"created":"Posted 1 year ago","modified":"Updated 7 months ago"},"absolute_dates":{"created":"Posted on January 11, 2025","modified":"Updated on September 11, 2025"},"absolute_dates_time":{"created":"Posted on January 11, 2025 12:23 pm","modified":"Updated on September 11, 2025 9:29 am"},"featured_img_caption":"","featured_img":false,"series_order":"","publishpress_future_action":{"enabled":false,"date":"2026-04-30 14:19:31","action":"change-status","newStatus":"draft","terms":[],"taxonomy":"translation_priority","extraData":[]},"publishpress_future_workflow_manual_trigger":{"enabledWorkflows":[]},"_links":{"self":[{"href":"https:\/\/www.laval.ca\/en\/wp-json\/wp\/v2\/pages\/26525","targetHints":{"allow":["GET"]}}],"collection":[{"href":"https:\/\/www.laval.ca\/en\/wp-json\/wp\/v2\/pages"}],"about":[{"href":"https:\/\/www.laval.ca\/en\/wp-json\/wp\/v2\/types\/page"}],"author":[{"embeddable":true,"href":"https:\/\/www.laval.ca\/en\/wp-json\/wp\/v2\/users\/23"}],"replies":[{"embeddable":true,"href":"https:\/\/www.laval.ca\/en\/wp-json\/wp\/v2\/comments?post=26525"}],"version-history":[{"count":6,"href":"https:\/\/www.laval.ca\/en\/wp-json\/wp\/v2\/pages\/26525\/revisions"}],"predecessor-version":[{"id":91164,"href":"https:\/\/www.laval.ca\/en\/wp-json\/wp\/v2\/pages\/26525\/revisions\/91164"}],"up":[{"embeddable":true,"href":"https:\/\/www.laval.ca\/en\/wp-json\/wp\/v2\/pages\/26530"}],"wp:attachment":[{"href":"https:\/\/www.laval.ca\/en\/wp-json\/wp\/v2\/media?parent=26525"}],"curies":[{"name":"wp","href":"https:\/\/api.w.org\/{rel}","templated":true}]}}