{"id":26513,"date":"2025-01-17T12:07:35","date_gmt":"2025-01-17T17:07:35","guid":{"rendered":"https:\/\/www.laval.ca\/services\/"},"modified":"2025-09-02T15:48:36","modified_gmt":"2025-09-02T19:48:36","slug":"services-offered","status":"publish","type":"page","link":"https:\/\/www.laval.ca\/en\/culture\/librairies\/services-offered\/","title":{"rendered":"Services offered : subscription"},"content":{"rendered":"<section class=\"sticky-section-group aligndefault\"\n>\n   \n<div class=\"sticky-section-main\"\n>\n   \n\n<p class=\"is-style-intro-text\">Les biblioth\u00e8ques de Laval offrent de nombreux services en ligne, en biblioth\u00e8que et m\u00eame \u00e0 domicile pour permettre au plus grand nombre d&#8217;acc\u00e9der \u00e0 la culture.<\/p>\n\n\n\n<h2 class=\"wp-block-heading\">Abonnement aux services<\/h2>\n\n\n\n<p>Plusieurs services offerts par les biblioth\u00e8ques sont accessibles sur abonnement. Vous pouvez vous abonner en vous procurant une <a href=\"https:\/\/www.laval.ca\/en\/sports-leisure\/advantages-card-laval\/\" data-type=\"page\" data-id=\"15621\">carte Avantages Laval<\/a>, en ligne ou dans l&#8217;une des biblioth\u00e8ques publiques. Cette carte est remise gratuitement par la Ville de Laval \u00e0 toutes les personnes r\u00e9sidentes qui en font la demande. Les non-r\u00e9sidents peuvent aussi se la procurer moyennant des frais.<\/p>\n\n\n\n<div class=\"wp-block-vortex-blocks-accordions-group block-accordions-group accordion-container\">\n<section class=\"wp-block-vortex-blocks-accordion-item accordion ac\" id=\"dossier-dabonne\"><div class=\"accordion__accordion\"><button class=\"accordion__header-row accordion-toggle ac-header ac-trigger\"><p class=\"accordion__header__title\">Dossier d&#8217;abonn\u00e9<\/p><span class=\"accordion__header__icon\" role=\"presentation\"><span class=\"plus\"><\/span><\/span><\/button><div class=\"accordion__sub-rows wysiwyg ac-panel\" role=\"region\">\n<p>Votre dossier vous permet d&#8217;acc\u00e9der aux diff\u00e9rents services (emprunt de document, acc\u00e8s aux ressources en ligne&#8230;).<\/p>\n\n\n\n<p>Vous pouvez consultez librement votre dossier d&#8217;abonn\u00e9 en ligne, sur le site web des biblioth\u00e8ques, une fois votre abonnement cr\u00e9\u00e9.<\/p>\n<\/div><\/div><\/section>\n<\/div>\n\n\n\n<div class=\"wp-block-buttons is-layout-flex wp-block-buttons-is-layout-flex\">\n<div class=\"wp-block-button\"><a class=\"wp-block-button__link wp-element-button\" href=\"https:\/\/biblio.laval.ca\/abonnement\" target=\"_blank\" rel=\"noreferrer noopener\">D\u00e9couvrir les modalit\u00e9s d&#8217;abonnement<\/a><\/div>\n<\/div>\n\n\n\n<h2 class=\"wp-block-heading\">Les services<\/h2>\n\n\n\n<p>Les services sont offerts aussi bien \u00e0 la population lavalloise, qu&#8217;aux \u00e9coles, organismes, camps de jour et services de garde.<\/p>\n\n\n\n<div class=\"wp-block-vortex-blocks-accordions-group block-accordions-group accordion-container\">\n<section class=\"wp-block-vortex-blocks-accordion-item accordion ac\" id=\"emprunt-de-documents-physiques\"><div class=\"accordion__accordion\"><button class=\"accordion__header-row accordion-toggle ac-header ac-trigger\"><p class=\"accordion__header__title\">Emprunt de documents physiques<\/p><span class=\"accordion__header__icon\" role=\"presentation\"><span class=\"plus\"><\/span><\/span><\/button><div class=\"accordion__sub-rows wysiwyg ac-panel\" role=\"region\">\n<p>Consultez le catalogue des biblioth\u00e8ques et d\u00e9couvrez les modalit\u00e9s d&#8217;emprunt de document \u00e0 domicile ou entre biblioth\u00e8ques.<\/p>\n\n\n\n<div class=\"wp-block-buttons is-layout-flex wp-block-buttons-is-layout-flex\">\n<div class=\"wp-block-button\"><a class=\"wp-block-button__link wp-element-button\" href=\"https:\/\/biblio.laval.ca\/prets-et-reservations\" target=\"_blank\" rel=\"noreferrer noopener\">En savoir plus sur l&#8217;emprunt<\/a><\/div>\n<\/div>\n<\/div><\/div><\/section>\n\n\n\n<section class=\"wp-block-vortex-blocks-accordion-item accordion ac\" id=\"services-en-ligne\"><div class=\"accordion__accordion\"><button class=\"accordion__header-row accordion-toggle ac-header ac-trigger\"><p class=\"accordion__header__title\">Services en ligne<\/p><span class=\"accordion__header__icon\" role=\"presentation\"><span class=\"plus\"><\/span><\/span><\/button><div class=\"accordion__sub-rows wysiwyg ac-panel\" role=\"region\">\n<p>Les biblioth\u00e8ques\u00a0de Laval vous donnent acc\u00e8s \u00e0 de nombreuses ressources num\u00e9riques\u200b utiles et enrichissantes.<\/p>\n\n\n\n<ul class=\"wp-block-list\">\n<li>Pretnumerique.ca pour emprunter des livres num\u00e9riques.<\/li>\n\n\n\n<li>Reponseatout.ca pour \u00e9changer directement avec les biblioth\u00e8ques par courriel.<\/li>\n\n\n\n<li>De nombreuses ressources num\u00e9riques utiles et enrichissantes : cin\u00e9ma, musique, apprentissage&#8230;<\/li>\n<\/ul>\n\n\n\n<div class=\"wp-block-buttons is-layout-flex wp-block-buttons-is-layout-flex\">\n<div class=\"wp-block-button\"><a class=\"wp-block-button__link wp-element-button\" href=\"https:\/\/biblio.laval.ca\/biblio-numerique\" target=\"_blank\" rel=\"noreferrer noopener\">D\u00e9couvrir les services en ligne<\/a><\/div>\n<\/div>\n<\/div><\/div><\/section>\n\n\n\n<section class=\"wp-block-vortex-blocks-accordion-item accordion ac\" id=\"services-a-la-communaute\"><div class=\"accordion__accordion\"><button class=\"accordion__header-row accordion-toggle ac-header ac-trigger\"><p class=\"accordion__header__title\">Services \u00e0 la communaut\u00e9<\/p><span class=\"accordion__header__icon\" role=\"presentation\"><span class=\"plus\"><\/span><\/span><\/button><div class=\"accordion__sub-rows wysiwyg ac-panel\" role=\"region\">\n<p>Les biblioth\u00e8ques de Laval accueillent et mettent en place de nombreux initiatives, notamment avec les \u00e9coles, les camps de jours, ou encore les organismes.<\/p>\n\n\n\n<div class=\"wp-block-buttons is-layout-flex wp-block-buttons-is-layout-flex\">\n<div class=\"wp-block-button\"><a class=\"wp-block-button__link wp-element-button\" href=\"https:\/\/biblio.laval.ca\/services-a-la-communaute\" target=\"_blank\" rel=\"noreferrer noopener\">D\u00e9couvrir les services \u00e0 la communaut\u00e9<\/a><\/div>\n<\/div>\n<\/div><\/div><\/section>\n\n\n\n<section class=\"wp-block-vortex-blocks-accordion-item accordion ac\" id=\"outils-informatiques-et-espaces-dedies\"><div class=\"accordion__accordion\"><button class=\"accordion__header-row accordion-toggle ac-header ac-trigger\"><p class=\"accordion__header__title\">Outils informatiques et espaces d\u00e9di\u00e9s<\/p><span class=\"accordion__header__icon\" role=\"presentation\"><span class=\"plus\"><\/span><\/span><\/button><div class=\"accordion__sub-rows wysiwyg ac-panel\" role=\"region\">\n<p>Vous pouvez \u00e0 tout moment acc\u00e9der cr\u00e9er, \u00e9tudier, travailler en biblioth\u00e8que gr\u00e2ce aux outils informatiques et espaces (salles d&#8217;\u00e9tude, espace num\u00e9rique) mis \u00e0 votre disposition.<\/p>\n<\/div><\/div><\/section>\n<\/div>\n\n\n\n<div class=\"wp-block-group has-section-light-background-color has-background is-layout-constrained wp-container-core-group-is-layout-92b9201d wp-block-group-is-layout-constrained\">\n<h2 class=\"wp-block-heading has-text-align-center has-section-dark-color has-text-color has-link-color wp-elements-ded964c160fed9b98c851484ba0364e1\">Le saviez vous ?<\/h2>\n\n\n\n<hr class=\"wp-block-separator has-text-color has-section-dark-color has-alpha-channel-opacity has-section-dark-background-color has-background is-style-default\"\/>\n\n\n\n<p>Les biblioth\u00e8ques de Laval\u00a0offrent un acc\u00e8s gratuit \u00e0 Internet sans fil via le r\u00e9seau LAVALPublic.<\/p>\n<\/div>\n\n<\/div>\n\n\n<div class=\"sticky-section-sidebar\"\n>\n   <div class=\"sticky-section-sidebar__inner\">\n     \n<div class=\"sidebar-cta-wrapper aligndefault\">\n   <div class=\"sidebar-cta\">\n     \n  <div class=\"theme-icon aligndefault theme-icon--colored\">\n    <span class=\"theme-icon__icon icon icon-bibliotheque\"><\/span>\n  <\/div>\n  \n\n\n<p class=\"has-xlarge-font-size\"><strong>Site Internet des biblioth\u00e8ques<\/strong><\/p>\n\n\n\n<p>R\u00e9servez des documents, consultez votre dossier, empruntez des livres num\u00e9riques et plus encore.<\/p>\n\n\n\n<div class=\"wp-block-buttons is-layout-flex wp-block-buttons-is-layout-flex\">\n<div class=\"wp-block-button\"><a class=\"wp-block-button__link wp-element-button\" href=\"https:\/\/biblio.laval.ca\" target=\"_blank\" rel=\"noreferrer noopener\">En savoir plus<\/a><\/div>\n<\/div>\n\n   <\/div>\n<\/div>\n\n\n<div class=\"sidebar-cta-wrapper aligndefault\">\n   <div class=\"sidebar-cta \">\n          <p class=\"sidebar-cta__title has-xlarge-font-size\"><strong>Nous suivre<\/strong><\/p>\n              <ul class=\"sidebar-cta__socials\">\n                  <li class=\"sidebar-cta__socials__item\">\n            <a href=\"https:\/\/www.facebook.com\/bibliothequeslaval\" class=\"sidebar-cta__socials__link\" target=\"_blank\" rel=\"noopener noreferrer\">\n              <span class=\"social-icon vtx-icon vtx-icon-facebook\"><\/span>\n              <span class=\"social-name\">Facebook<\/span>\n            <\/a>\n          <\/li>\n                  <li class=\"sidebar-cta__socials__item\">\n            <a href=\"https:\/\/www.youtube.com\/c\/Biblioth%C3%A8quesdeLaval\/featured\" class=\"sidebar-cta__socials__link\" target=\"_blank\" rel=\"noopener noreferrer\">\n              <span class=\"social-icon vtx-icon vtx-icon-youtube\"><\/span>\n              <span class=\"social-name\">YouTube<\/span>\n            <\/a>\n          <\/li>\n              <\/ul>\n       <\/div>\n<\/div>\n\n   <\/div>\n<\/div>\n\n<\/section>\n<section class=\"mixed-carousel mixed-carousel--custom alignfull\"\n>\n    \n<div class=\"heading-with-button container\">\n    <\/div>\n    <div class=\"mixed-carousel__carousel-wrapper\">\n      <div class=\"mixed-carousel__carousel swiper\">\n        <div class=\"swiper-wrapper\">\n                      \n<div class=\"mixed-item swiper-slide aligndefault mixed-item--landscape-thumbnail\">\n  <a class=\"mixed-item__inner\" href=\"https:\/\/www.laval.ca\/culture\/bibliotheques\/horaires-coordonnees\/\">    <div class=\"mixed-item__thumbnail-wrapper\">\n      <img decoding=\"async\" width=\"609\" height=\"350\" src=\"https:\/\/www.laval.ca\/wp-content\/uploads\/2025\/04\/horaires-coordonnees-609x350-1.jpg\" class=\"attachment-medium_large size-medium_large\" alt=\"Femme sortant d&#039;une biblioth\u00e8que\" sizes=\"(min-width:1216px) 430px, (min-width:1080px) 36vw, (min-width:768px) 41vw, (min-width:560px) 60vw, 85vw\" srcset=\"https:\/\/www.laval.ca\/wp-content\/uploads\/2025\/04\/horaires-coordonnees-609x350-1.jpg 609w, https:\/\/www.laval.ca\/wp-content\/uploads\/2025\/04\/horaires-coordonnees-609x350-1-300x172.jpg 300w\" \/>    <\/div>\n    <h3 class=\"mixed-item__title\"><span>Horaires des biblioth\u00e8ques<\/span><\/h3>\n          <p class=\"mixed-item__excerpt\">Consultez les horaires et coordonn\u00e9es des biblioth\u00e8ques.<\/p>\n      <\/a><\/div>\n\n\n<div class=\"mixed-item swiper-slide aligndefault mixed-item--landscape-thumbnail\">\n  <a class=\"mixed-item__inner\" href=\"https:\/\/www.laval.ca\/culture\/bibliotheques\/programmation\/\">    <div class=\"mixed-item__thumbnail-wrapper\">\n      <img decoding=\"async\" width=\"609\" height=\"350\" src=\"https:\/\/www.laval.ca\/wp-content\/uploads\/2025\/02\/programmation-bibliotheques-609x350-1.jpg\" class=\"attachment-medium_large size-medium_large\" alt=\"Un enfant assis en train de lire un livre\" sizes=\"(min-width:1216px) 430px, (min-width:1080px) 36vw, (min-width:768px) 41vw, (min-width:560px) 60vw, 85vw\" srcset=\"https:\/\/www.laval.ca\/wp-content\/uploads\/2025\/02\/programmation-bibliotheques-609x350-1.jpg 609w, https:\/\/www.laval.ca\/wp-content\/uploads\/2025\/02\/programmation-bibliotheques-609x350-1-300x172.jpg 300w\" \/>    <\/div>\n    <h3 class=\"mixed-item__title\"><span>Programmation<\/span><\/h3>\n          <p class=\"mixed-item__excerpt\">Toute l&#8217;ann\u00e9e, de nombreuses activit\u00e9s gratuites vous attendent en biblioth\u00e8que! D\u00e9couvrez les.<\/p>\n      <\/a><\/div>\n\n\n<div class=\"mixed-item swiper-slide aligndefault mixed-item--landscape-thumbnail\">\n  <a class=\"mixed-item__inner\" href=\"https:\/\/www.laval.ca\/culture\/bibliotheques\/renouvellement-reseau\/\">    <div class=\"mixed-item__thumbnail-wrapper\">\n      <img decoding=\"async\" src=\"https:\/\/www.laval.ca\/wp-content\/themes\/laval.ca\/dist\/images\/defaults\/default.jpg\" alt=\"\">    <\/div>\n    <h3 class=\"mixed-item__title\"><span>Transformation du r\u00e9seau de biblioth\u00e8ques<\/span><\/h3>\n          <p class=\"mixed-item__excerpt\">Le r\u00e9seau de biblioth\u00e8ques de Laval est en transformation pour vous offrir un meilleur acc\u00e8s \u00e0 la culture et au savoir.<\/p>\n      <\/a><\/div>\n\n\n                  <\/div>\n      <\/div>\n    <\/div>\n    <div class=\"mixed-carousel__carousel-navigation container\">\n      <div class=\"swiper-button-prev\"><\/div>\n      <div class=\"swiper-button-next\"><\/div>\n    <\/div>\n      \n<\/section>\n","protected":false},"excerpt":{"rendered":"","protected":false},"author":34,"featured_media":0,"parent":27035,"menu_order":0,"comment_status":"closed","ping_status":"closed","template":"","meta":{"_acf_changed":false,"advgb_blocks_editor_width":"","advgb_blocks_columns_visual_guide":"","footnotes":""},"class_list":["post-26513","page","type-page","status-publish","hentry"],"pp_statuses_selecting_workflow":false,"pp_workflow_action":"current","pp_status_selection":"publish","acf":[],"coauthors":[],"author_meta":{"author_link":"https:\/\/www.laval.ca\/en\/author\/i-boucherlaval-ca\/","display_name":"i.boucher@laval.ca"},"relative_dates":{"created":"Posted 1 year ago","modified":"Updated 8 months ago"},"absolute_dates":{"created":"Posted on January 17, 2025","modified":"Updated on September 2, 2025"},"absolute_dates_time":{"created":"Posted on January 17, 2025 12:07 pm","modified":"Updated on September 2, 2025 3:48 pm"},"featured_img_caption":"","featured_img":false,"series_order":"","publishpress_future_action":{"enabled":false,"date":"2026-04-29 05:18:14","action":"change-status","newStatus":"draft","terms":[],"taxonomy":"translation_priority","extraData":[]},"publishpress_future_workflow_manual_trigger":{"enabledWorkflows":[]},"_links":{"self":[{"href":"https:\/\/www.laval.ca\/en\/wp-json\/wp\/v2\/pages\/26513","targetHints":{"allow":["GET"]}}],"collection":[{"href":"https:\/\/www.laval.ca\/en\/wp-json\/wp\/v2\/pages"}],"about":[{"href":"https:\/\/www.laval.ca\/en\/wp-json\/wp\/v2\/types\/page"}],"author":[{"embeddable":true,"href":"https:\/\/www.laval.ca\/en\/wp-json\/wp\/v2\/users\/34"}],"replies":[{"embeddable":true,"href":"https:\/\/www.laval.ca\/en\/wp-json\/wp\/v2\/comments?post=26513"}],"version-history":[{"count":7,"href":"https:\/\/www.laval.ca\/en\/wp-json\/wp\/v2\/pages\/26513\/revisions"}],"predecessor-version":[{"id":89651,"href":"https:\/\/www.laval.ca\/en\/wp-json\/wp\/v2\/pages\/26513\/revisions\/89651"}],"up":[{"embeddable":true,"href":"https:\/\/www.laval.ca\/en\/wp-json\/wp\/v2\/pages\/27035"}],"wp:attachment":[{"href":"https:\/\/www.laval.ca\/en\/wp-json\/wp\/v2\/media?parent=26513"}],"curies":[{"name":"wp","href":"https:\/\/api.w.org\/{rel}","templated":true}]}}