{"id":26512,"date":"2025-01-17T16:11:24","date_gmt":"2025-01-17T21:11:24","guid":{"rendered":"https:\/\/www.laval.ca\/administration-municipale\/"},"modified":"2025-04-17T17:20:57","modified_gmt":"2025-04-17T21:20:57","slug":"municipal-administration","status":"publish","type":"page","link":"https:\/\/www.laval.ca\/en\/municipal-organization\/municipal-administration\/","title":{"rendered":"Administration"},"content":{"rendered":"<section class=\"sticky-section-group aligndefault\"\n>\n   \n<div class=\"sticky-section-main\"\n>\n   \n  <section class=\"child-pages aligndefault child-pages--style-text\"\n  >\n\n          <ul class=\"child-pages__listing reset-list\">\n            <li class=\"child-pages__item\">\n        <a class=\"child-pages__item__inner\" href=\"https:\/\/www.laval.ca\/en\/municipal-organization\/municipal-administration\/general-management\/\"\n          >\n                    <div class=\"child-pages__item__content\">\n            <p class=\"child-pages__item__title\"><span>General management<\/span><\/p>\n                          <div class=\"child-pages__item__excerpt\"><p>Depuis le 10 avril 2023, Benoit Collette est le nouveau directeur g\u00e9n\u00e9ral de la Ville de Laval. Apprenez-en plus sur le r\u00f4le et les fonctions de la direction g\u00e9n\u00e9rale.<\/p>\n<\/div>\n                      <\/div>\n        <\/a>\n      <\/li>\n            <li class=\"child-pages__item\">\n        <a class=\"child-pages__item__inner\" href=\"https:\/\/www.laval.ca\/en\/municipal-organization\/municipal-administration\/governance-verification\/\"\n          >\n                    <div class=\"child-pages__item__content\">\n            <p class=\"child-pages__item__title\"><span>Governance and verification<\/span><\/p>\n                          <div class=\"child-pages__item__excerpt\"><p>Apprenez-en plus sur le bureau de la v\u00e9rificatrice g\u00e9n\u00e9rale, le comit\u00e9 de v\u00e9rification, la commission et le secr\u00e9tariat de la gouvernance.<\/p>\n<\/div>\n                      <\/div>\n        <\/a>\n      <\/li>\n            <li class=\"child-pages__item\">\n        <a class=\"child-pages__item__inner\" href=\"https:\/\/www.laval.ca\/en\/municipal-organization\/municipal-administration\/municipal-services\/\"\n          >\n                    <div class=\"child-pages__item__content\">\n            <p class=\"child-pages__item__title\"><span>Municipal services<\/span><\/p>\n                          <div class=\"child-pages__item__excerpt\"><p>D\u00e9couvrez le r\u00f4le et la mission des diff\u00e9rents services et bureaux de la Ville de Laval.<\/p>\n<\/div>\n                      <\/div>\n        <\/a>\n      <\/li>\n            <\/ul>\n      <\/section>\n  \n<\/div>\n\n\n<div class=\"sticky-section-sidebar\"\n>\n   <div class=\"sticky-section-sidebar__inner\">\n     \n\n<p><\/p>\n\n   <\/div>\n<\/div>\n\n<\/section>\n\n<p>Illustration : Delphine Meieur, [d\u00e9tail], 2024<\/p>\n","protected":false},"excerpt":{"rendered":"<p>Illustration : Delphine Meieur, [d\u00e9tail], 2024<\/p>\n","protected":false},"author":34,"featured_media":0,"parent":27153,"menu_order":104,"comment_status":"closed","ping_status":"closed","template":"","meta":{"_acf_changed":false,"advgb_blocks_editor_width":"","advgb_blocks_columns_visual_guide":"","footnotes":""},"class_list":["post-26512","page","type-page","status-publish","hentry"],"pp_statuses_selecting_workflow":false,"pp_workflow_action":"current","pp_status_selection":"publish","acf":[],"coauthors":[],"author_meta":{"author_link":"https:\/\/www.laval.ca\/en\/author\/i-boucherlaval-ca\/","display_name":"i.boucher@laval.ca"},"relative_dates":{"created":"Posted 1 year ago","modified":"Updated 1 year ago"},"absolute_dates":{"created":"Posted on January 17, 2025","modified":"Updated on April 17, 2025"},"absolute_dates_time":{"created":"Posted on January 17, 2025 4:11 pm","modified":"Updated on April 17, 2025 5:20 pm"},"featured_img_caption":"","featured_img":false,"series_order":"","publishpress_future_action":{"enabled":false,"date":"2026-04-29 07:42:41","action":"change-status","newStatus":"draft","terms":[],"taxonomy":"translation_priority","extraData":[]},"publishpress_future_workflow_manual_trigger":{"enabledWorkflows":[]},"_links":{"self":[{"href":"https:\/\/www.laval.ca\/en\/wp-json\/wp\/v2\/pages\/26512","targetHints":{"allow":["GET"]}}],"collection":[{"href":"https:\/\/www.laval.ca\/en\/wp-json\/wp\/v2\/pages"}],"about":[{"href":"https:\/\/www.laval.ca\/en\/wp-json\/wp\/v2\/types\/page"}],"author":[{"embeddable":true,"href":"https:\/\/www.laval.ca\/en\/wp-json\/wp\/v2\/users\/34"}],"replies":[{"embeddable":true,"href":"https:\/\/www.laval.ca\/en\/wp-json\/wp\/v2\/comments?post=26512"}],"version-history":[{"count":5,"href":"https:\/\/www.laval.ca\/en\/wp-json\/wp\/v2\/pages\/26512\/revisions"}],"predecessor-version":[{"id":64764,"href":"https:\/\/www.laval.ca\/en\/wp-json\/wp\/v2\/pages\/26512\/revisions\/64764"}],"up":[{"embeddable":true,"href":"https:\/\/www.laval.ca\/en\/wp-json\/wp\/v2\/pages\/27153"}],"wp:attachment":[{"href":"https:\/\/www.laval.ca\/en\/wp-json\/wp\/v2\/media?parent=26512"}],"curies":[{"name":"wp","href":"https:\/\/api.w.org\/{rel}","templated":true}]}}