{"id":26492,"date":"2025-01-24T11:58:21","date_gmt":"2025-01-24T16:58:21","guid":{"rendered":"https:\/\/www.laval.ca\/permis-lotissement\/"},"modified":"2025-09-02T15:12:27","modified_gmt":"2025-09-02T19:12:27","slug":"subdivision-permits","status":"publish","type":"page","link":"https:\/\/www.laval.ca\/en\/land-use-planning\/subdivision-permits\/","title":{"rendered":"Subdivision permits"},"content":{"rendered":"<section class=\"sticky-section-group aligndefault\"\n>\n   \n<div class=\"sticky-section-main\"\n>\n   \n\n<p class=\"is-style-intro-text\">La Ville de Laval a mis en place un\u00a0processus \u00e9lectronique de d\u00e9livrance des permis de lotissement et de suivi des demandes.\u00a0<\/p>\n\n\n\n  <div class=\"notification-message notification-message__bg-alert-circle\" \n  >\n   <div class=\"notification-message__inner-container\">\n    <div class=\"notification-message__heading\">\n              <span class=\"notification-message__icon icon icon-alert-circle\"><\/span>\n                    <p class=\"notification-message__title\">Important<\/p>\n          <\/div>\n          <div class=\"notification-message__text\">\n        <p>Suivant la mise en \u0153uvre du projet de l\u2019\u00e9volution num\u00e9rique du plan cadastral \u2013 Publicit\u00e9 cadastrale (en vigueur depuis le 22 avril dernier), nous d\u00e9sirons vous informer que notre Service TI a proc\u00e9d\u00e9 aux ajustements n\u00e9cessaires afin que la nouvelle structure du fichier du plan cadastral (*.ppi) puisse \u00eatre reconnue par notre plateforme \u00ab\u00a0Permis de lotissement\u00a0\u00bb.<\/p>\n<p>Mentionnons que nous proc\u00e9derons prochainement \u00e0 la mise \u00e0 jour des informations et des documents disponibles ci-bas afin qu\u2019ils soient adapt\u00e9s aux param\u00e8tres dudit projet.<\/p>\n      <\/div>\n      <\/div>\n  <\/div>\n\n\n\n<div class=\"wp-block-buttons is-content-justification-left is-layout-flex wp-container-core-buttons-is-layout-fc4fd283 wp-block-buttons-is-layout-flex\">\n<div class=\"wp-block-button\"><a class=\"wp-block-button__link wp-element-button\" href=\"https:\/\/ircperp.laval.ca\/OA_HTML\/AppsLocalLogin.jsp?langCode=FRC&amp;_gl=1*jcskqx*_ga*MjAxNzE3MzU0OS4xNzMzMzI2MDY3*_ga_G6H5B2R1FL*MTczMzMyNjA2Ni4xLjAuMTczMzMyNjA2OC42MC4wLjA.*_gcl_au*MTg4MTk0MzU0OC4xNzMzMzI2MDY5\" target=\"_blank\" rel=\"noopener\">Acc\u00e9der au service en ligne<\/a><\/div>\n<\/div>\n\n\n  <div class=\"custom-file-block aligndefault\" \n  >\n    <a href=\"https:\/\/www.laval.ca\/wp-content\/uploads\/2025\/01\/guide-utilisateur-permis-lotissement.pdf\" target=\"_blank\" class=\"custom-file\">\n      <span class=\"custom-file__icon\" aria-hidden=\"true\">\n        <svg width=\"30\" height=\"31\" viewBox=\"0 0 30 31\" fill=\"none\" xmlns=\"http:\/\/www.w3.org\/2000\/svg\"><path d=\"M6.2451 12.627V1.1448h13.9746m8.0494 8.0502v20.1317H6.2451v-3.2364M28.2691 9.195l-8.0494-8.0502V9.195h8.0494Z\" stroke=\"#6C6C6C\" stroke-width=\"1.5\" stroke-miterlimit=\"10\" stroke-linecap=\"round\" stroke-linejoin=\"round\" \/><path d=\"M22.2851 12.6975H1.1818v13.0058h21.1033V12.6975Z\" fill=\"#E12324\" stroke=\"#E12324\" stroke-width=\"1.5\" stroke-miterlimit=\"10\" stroke-linecap=\"round\" stroke-linejoin=\"round\" \/><path d=\"M13.8204 15.6531v5.9949m-.016-1.9942v-.0647c0-1.2568-.7593-2.0051-1.7208-2.0051-.9694 0-1.8087.7331-1.8087 2.0051v.0647c0 1.2567.7505 1.9978 1.744 1.9978.9455 0 1.7855-.7571 1.7855-1.9978Zm-9.3258 3.4343v-5.5163m.016 1.9941v.0648c0 1.2567.7592 2.0051 1.7207 2.0051.9695 0 1.8087-.7331 1.8087-2.0051v-.0648c0-1.2567-.7505-1.9978-1.744-1.9978-.9454 0-1.7854.7571-1.7854 1.9978Zm13.6843-3.9447c-.576-.1432-1.3956.0597-1.3956 1.0524v4.9746m-.6968-4.043h2.0502\" stroke=\"#fff\" stroke-miterlimit=\"10\" stroke-linecap=\"round\" stroke-linejoin=\"round\" \/><\/svg>      <\/span>\n      <p class=\"custom-file__label\" aria-hidden=\"true\">\n        <span class=\"custom-file__title\">Guide de l&#039;utilisateur<\/span>\n        <span class=\"custom-file__size\"> &#8211; 218.51 KB<\/span>\n      <\/p>\n      <span class=\"sr-only\">\n        Download file Guide de l&#039;utilisateur (format PDF, size 218.51 KB)      <\/span>\n    <\/a>\n  <\/div>\n  \n\n  <div class=\"custom-file-block aligndefault\" \n  >\n    <a href=\"https:\/\/www.laval.ca\/wp-content\/uploads\/2025\/01\/demande-correction-cadastrale.pdf\" target=\"_blank\" class=\"custom-file\">\n      <span class=\"custom-file__icon\" aria-hidden=\"true\">\n        <svg width=\"30\" height=\"31\" viewBox=\"0 0 30 31\" fill=\"none\" xmlns=\"http:\/\/www.w3.org\/2000\/svg\"><path d=\"M6.2451 12.627V1.1448h13.9746m8.0494 8.0502v20.1317H6.2451v-3.2364M28.2691 9.195l-8.0494-8.0502V9.195h8.0494Z\" stroke=\"#6C6C6C\" stroke-width=\"1.5\" stroke-miterlimit=\"10\" stroke-linecap=\"round\" stroke-linejoin=\"round\" \/><path d=\"M22.2851 12.6975H1.1818v13.0058h21.1033V12.6975Z\" fill=\"#E12324\" stroke=\"#E12324\" stroke-width=\"1.5\" stroke-miterlimit=\"10\" stroke-linecap=\"round\" stroke-linejoin=\"round\" \/><path d=\"M13.8204 15.6531v5.9949m-.016-1.9942v-.0647c0-1.2568-.7593-2.0051-1.7208-2.0051-.9694 0-1.8087.7331-1.8087 2.0051v.0647c0 1.2567.7505 1.9978 1.744 1.9978.9455 0 1.7855-.7571 1.7855-1.9978Zm-9.3258 3.4343v-5.5163m.016 1.9941v.0648c0 1.2567.7592 2.0051 1.7207 2.0051.9695 0 1.8087-.7331 1.8087-2.0051v-.0648c0-1.2567-.7505-1.9978-1.744-1.9978-.9454 0-1.7854.7571-1.7854 1.9978Zm13.6843-3.9447c-.576-.1432-1.3956.0597-1.3956 1.0524v4.9746m-.6968-4.043h2.0502\" stroke=\"#fff\" stroke-miterlimit=\"10\" stroke-linecap=\"round\" stroke-linejoin=\"round\" \/><\/svg>      <\/span>\n      <p class=\"custom-file__label\" aria-hidden=\"true\">\n        <span class=\"custom-file__title\">Demande de correction cadastrale<\/span>\n        <span class=\"custom-file__size\"> &#8211; 44.77 KB<\/span>\n      <\/p>\n      <span class=\"sr-only\">\n        Download file Demande de correction cadastrale (format PDF, size 44.77 KB)      <\/span>\n    <\/a>\n  <\/div>\n  \n\n\n<h2 class=\"wp-block-heading\">Cr\u00e9er ou modifier un compte<\/h2>\n\n\n\n<p>Si vous n&#8217;avez pas encore de compte sur la plateforme, ou si vous devez modifier des informations dans votre compte, suivez les \u00e9tapes ci-dessous :<\/p>\n\n\n\n<ol class=\"wp-block-list\">\n<li>Remplissez le\u00a0<a href=\"https:\/\/www.laval.ca\/wp-content\/uploads\/2025\/01\/formulaire-compte-permis-lotissement.xls\">formulaire pour la cr\u00e9ation\/modification d&#8217;un compte<\/a>\u00a0(fichier Excel &#8211;\u00a036\u00a0ko)<\/li>\n\n\n\n<li>Envoyez le formulaire compl\u00e9t\u00e9 par courriel \u00e0\u00a0<a href=\"mailto:urb.preposelotissement@laval.ca\" target=\"_blank\" rel=\"noreferrer noopener\">urb.preposelotissement@laval.ca<\/a>.<\/li>\n<\/ol>\n\n\n\n<h2 class=\"wp-block-heading\">Normes pour la transmission de documents cadastraux<\/h2>\n\n\n\n<p>Les documents cadastraux que vous joignez \u00e0 votre demande de permis de lotissement doivent \u00eatre conformes aux normes de la Ville de Laval.\u00a0<\/p>\n\n\n\n<p>Ces normes sont d\u00e9riv\u00e9es des\u00a0<a href=\"https:\/\/portail-info.foncier.gouv.qc.ca\/media\/1174\/instructions_cadastre_du_quebec_v3-01.pdf\" target=\"_blank\" rel=\"noopener\">instructions pour la pr\u00e9sentation des documents cadastraux relatifs \u00e0 la mise \u00e0 jour du cadastre du Qu\u00e9bec (version 3.01)<\/a>, minist\u00e8re des Ressources naturelles et de la Faune, Direction g\u00e9n\u00e9rale de l\u2019arpentage et du cadastre, juin 2011.<\/p>\n\n\n\n<\/div>\n\n\n<div class=\"sticky-section-sidebar\"\n>\n   <div class=\"sticky-section-sidebar__inner\">\n     \n\n<p><\/p>\n\n   <\/div>\n<\/div>\n\n<\/section>\n","protected":false},"excerpt":{"rendered":"","protected":false},"author":34,"featured_media":0,"parent":27160,"menu_order":241,"comment_status":"closed","ping_status":"closed","template":"","meta":{"_acf_changed":false,"advgb_blocks_editor_width":"","advgb_blocks_columns_visual_guide":"","footnotes":""},"class_list":["post-26492","page","type-page","status-publish","hentry"],"pp_statuses_selecting_workflow":false,"pp_workflow_action":"current","pp_status_selection":"publish","acf":[],"coauthors":[],"author_meta":{"author_link":"https:\/\/www.laval.ca\/en\/author\/i-boucherlaval-ca\/","display_name":"i.boucher@laval.ca"},"relative_dates":{"created":"Posted 1 year ago","modified":"Updated 8 months ago"},"absolute_dates":{"created":"Posted on January 24, 2025","modified":"Updated on September 2, 2025"},"absolute_dates_time":{"created":"Posted on January 24, 2025 11:58 am","modified":"Updated on September 2, 2025 3:12 pm"},"featured_img_caption":"","featured_img":false,"series_order":"","publishpress_future_action":{"enabled":false,"date":"2026-04-29 01:39:14","action":"change-status","newStatus":"draft","terms":[],"taxonomy":"translation_priority","extraData":[]},"publishpress_future_workflow_manual_trigger":{"enabledWorkflows":[]},"_links":{"self":[{"href":"https:\/\/www.laval.ca\/en\/wp-json\/wp\/v2\/pages\/26492","targetHints":{"allow":["GET"]}}],"collection":[{"href":"https:\/\/www.laval.ca\/en\/wp-json\/wp\/v2\/pages"}],"about":[{"href":"https:\/\/www.laval.ca\/en\/wp-json\/wp\/v2\/types\/page"}],"author":[{"embeddable":true,"href":"https:\/\/www.laval.ca\/en\/wp-json\/wp\/v2\/users\/34"}],"replies":[{"embeddable":true,"href":"https:\/\/www.laval.ca\/en\/wp-json\/wp\/v2\/comments?post=26492"}],"version-history":[{"count":9,"href":"https:\/\/www.laval.ca\/en\/wp-json\/wp\/v2\/pages\/26492\/revisions"}],"predecessor-version":[{"id":89596,"href":"https:\/\/www.laval.ca\/en\/wp-json\/wp\/v2\/pages\/26492\/revisions\/89596"}],"up":[{"embeddable":true,"href":"https:\/\/www.laval.ca\/en\/wp-json\/wp\/v2\/pages\/27160"}],"wp:attachment":[{"href":"https:\/\/www.laval.ca\/en\/wp-json\/wp\/v2\/media?parent=26492"}],"curies":[{"name":"wp","href":"https:\/\/api.w.org\/{rel}","templated":true}]}}