{"id":26486,"date":"2025-01-27T17:32:27","date_gmt":"2025-01-27T22:32:27","guid":{"rendered":"https:\/\/www.laval.ca\/ecoles-garderies\/"},"modified":"2025-04-16T14:06:58","modified_gmt":"2025-04-16T18:06:58","slug":"schools-daycares","status":"publish","type":"page","link":"https:\/\/www.laval.ca\/en\/culture\/maison-des-arts\/schools-daycares\/","title":{"rendered":"Schools and daycares"},"content":{"rendered":"<section class=\"sticky-section-group aligndefault\"\n>\n   \n<div class=\"sticky-section-main\"\n>\n   \n\n<p class=\"is-style-intro-text\">Que ce soit par une rencontre en classe, un \u00e9change en bord de sc\u00e8ne, un acc\u00e8s \u00e0 des contenus audio ou vid\u00e9o adapt\u00e9s ou des conseils personnalis\u00e9s pour le choix de votre sortie, nous aurons toujours \u00e0 c\u0153ur et le privil\u00e8ge d&#8217;\u00eatre vos partenaires dans la d\u00e9couverte de notre patrimoine culturel commun.<\/p>\n\n\n\n<p>La saison 2024-2025 propose\u00a0:<\/p>\n\n\n\n<ul class=\"wp-block-list\">\n<li>des spectacles aux disciplines artistiques vari\u00e9es<\/li>\n\n\n\n<li>des expositions en arts visuels expliqu\u00e9es et accompagn\u00e9es d&#8217;activit\u00e9s adapt\u00e9es<\/li>\n\n\n\n<li>des journ\u00e9es culturelles en arts de la sc\u00e8ne et en arts visuels<\/li>\n\n\n\n<li>des rencontres en classe<\/li>\n\n\n\n<li>des guides p\u00e9dagogiques incluant des contenus audio ou vid\u00e9o<\/li>\n<\/ul>\n\n\n  <section class=\"child-pages aligndefault child-pages--style-text\"\n  >\n\n          <ul class=\"child-pages__listing reset-list\">\n            <li class=\"child-pages__item\">\n        <a class=\"child-pages__item__inner\" href=\"https:\/\/www.laval.ca\/en\/culture\/maison-des-arts\/schools-daycares\/mda-performing-arts\/\"\n          >\n                    <div class=\"child-pages__item__content\">\n            <p class=\"child-pages__item__title\"><span>Artistic Mediation in Performing Arts<\/span><\/p>\n                          <div class=\"child-pages__item__excerpt\"><p>Nous offrons diff\u00e9rentes formules de rencontres en classe. Que ce soit avec les artistes de la compagnie ou avec nos m\u00e9diateurs qualifi\u00e9s, les rencontres permettent de pr\u00e9parer la sortie ou de faire un retour sur l\u2019exp\u00e9rience v\u00e9cue.<\/p>\n<\/div>\n                      <\/div>\n        <\/a>\n      <\/li>\n            <li class=\"child-pages__item\">\n        <a class=\"child-pages__item__inner\" href=\"https:\/\/www.laval.ca\/en\/culture\/maison-des-arts\/schools-daycares\/artistic-mediation-visual-arts\/\"\n          >\n                    <div class=\"child-pages__item__content\">\n            <p class=\"child-pages__item__title\"><span>Artistic Mediation in Visual Arts<\/span><\/p>\n                          <div class=\"child-pages__item__excerpt\"><p>Nos activit\u00e9s sont con\u00e7ues pour les jeunes. Elles approfondissent leur exp\u00e9rience artistique et favorisent le dialogue avec les artistes pour d\u00e9couvrir leurs \u0153uvres!<\/p>\n<\/div>\n                      <\/div>\n        <\/a>\n      <\/li>\n            <li class=\"child-pages__item\">\n        <a class=\"child-pages__item__inner\" href=\"https:\/\/www.laval.ca\/en\/culture\/maison-des-arts\/schools-daycares\/exhibitions-schools-daycare\/\"\n          >\n                    <div class=\"child-pages__item__content\">\n            <p class=\"child-pages__item__title\"><span>Exhibitions for schools and daycare<\/span><\/p>\n                          <div class=\"child-pages__item__excerpt\"><p>Nos activit\u00e9s sont con\u00e7ues pour les jeunes. Elles approfondissent leur exp\u00e9rience artistique et favorisent le dialogue avec les artistes pour d\u00e9couvrir leurs \u0153uvres!<\/p>\n<\/div>\n                      <\/div>\n        <\/a>\n      <\/li>\n            <li class=\"child-pages__item\">\n        <a class=\"child-pages__item__inner\" href=\"https:\/\/www.laval.ca\/en\/culture\/maison-des-arts\/schools-daycares\/mda-tour\/\"\n          >\n                    <div class=\"child-pages__item__content\">\n            <p class=\"child-pages__item__title\"><span>MDA Tour<\/span><\/p>\n                          <div class=\"child-pages__item__excerpt\"><p>Une exp\u00e9rience compl\u00e8te incluant une rencontre en classe et une discussion en bord de sc\u00e8ne.<\/p>\n<\/div>\n                      <\/div>\n        <\/a>\n      <\/li>\n            <li class=\"child-pages__item\">\n        <a class=\"child-pages__item__inner\" href=\"https:\/\/www.laval.ca\/en\/culture\/maison-des-arts\/schools-daycares\/price-list\/\"\n          >\n                    <div class=\"child-pages__item__content\">\n            <p class=\"child-pages__item__title\"><span>Price list<\/span><\/p>\n                          <div class=\"child-pages__item__excerpt\"><p>D\u00e9couvrez les tarifs de la Maison des arts de Laval pour les r\u00e9servations scolaires.<\/p>\n<\/div>\n                      <\/div>\n        <\/a>\n      <\/li>\n            <li class=\"child-pages__item\">\n        <a class=\"child-pages__item__inner\" href=\"https:\/\/www.laval.ca\/en\/culture\/maison-des-arts\/schools-daycares\/shows\/\"\n          >\n                    <div class=\"child-pages__item__content\">\n            <p class=\"child-pages__item__title\"><span>Schools and daycares shows<\/span><\/p>\n                          <div class=\"child-pages__item__excerpt\"><p>La Maison des arts de Laval offre un programme \u00e9ducatif complet pour les groupes scolaires, centres de la petite enfance et services de garde en milieu familial. Ces groupes peuvent profiter d&#8217;une\u00a0programmation adapt\u00e9e \u00e0 leurs besoins.<\/p>\n<\/div>\n                      <\/div>\n        <\/a>\n      <\/li>\n            <li class=\"child-pages__item\">\n        <a class=\"child-pages__item__inner\" href=\"https:\/\/www.laval.ca\/en\/culture\/maison-des-arts\/schools-daycares\/teaching-guides\/\"\n          >\n                    <div class=\"child-pages__item__content\">\n            <p class=\"child-pages__item__title\"><span>Teaching guides<\/span><\/p>\n                          <div class=\"child-pages__item__excerpt\"><p>Vous trouverez sur cette page les guides d&#8217;accompagnements pour les garderies et les \u00e9coles.<\/p>\n<\/div>\n                      <\/div>\n        <\/a>\n      <\/li>\n            <\/ul>\n      <\/section>\n  \n<\/div>\n\n\n<div class=\"sticky-section-sidebar\"\n>\n   <div class=\"sticky-section-sidebar__inner\">\n     \n<div class=\"sidebar-cta-wrapper aligndefault\">\n   <div class=\"sidebar-cta\">\n     \n  <div class=\"theme-icon aligndefault theme-icon--colored\">\n    <span class=\"theme-icon__icon icon icon-maison-des-arts\"><\/span>\n  <\/div>\n  \n\n\n<p class=\"has-xlarge-font-size\"><strong>Renseignements et r\u00e9servations scolaires<\/strong><\/p>\n\n\n\n<p><a href=\"tel:450 662-4440\">450 662-4440<\/a>, poste 2<\/p>\n\n\n\n<p>Vladana Milicevic (cellulaire)\u00a0: <a href=\"tel:514 809-8438\">514 809-8438<\/a><\/p>\n\n\n\n<p><a href=\"mailto:v.milicevic@laval.ca\">v.milicevic@laval.ca<\/a><\/p>\n\n   <\/div>\n<\/div>\n\n   <\/div>\n<\/div>\n\n<\/section>\n\n<div class=\"wp-block-group has-white-color has-grey-900-background-color has-text-color has-background has-link-color wp-elements-292a51d64a1672c46459a4ab943b4ee1 is-layout-constrained wp-container-core-group-is-layout-92b9201d wp-block-group-is-layout-constrained\">\n<div class=\"wp-block-columns is-layout-flex wp-container-core-columns-is-layout-a85f4655 wp-block-columns-is-layout-flex\">\n<div class=\"wp-block-column is-layout-flow wp-block-column-is-layout-flow\" style=\"flex-basis:10%\">\n<figure class=\"wp-block-image aligncenter size-full is-resized\"><img decoding=\"async\" width=\"144\" height=\"144\" src=\"https:\/\/www.laval.ca\/wp-content\/uploads\/2025\/02\/Signature.png\" alt=\"Logo de la Maison des arts de Laval\" class=\"wp-image-27601\" style=\"width:76px;height:auto\"\/><\/figure>\n<\/div>\n\n\n\n<div class=\"wp-block-column is-vertically-aligned-center is-layout-flow wp-block-column-is-layout-flow\" style=\"flex-basis:30%\">\n<p>1395, boulevard de la Concorde Ouest<br>Laval (Qu\u00e9bec)\u00a0 H7N\u00a05W1\u00a0<\/p>\n<\/div>\n\n\n\n<div class=\"wp-block-column is-layout-flow wp-block-column-is-layout-flow\" style=\"flex-basis:30%\">\n<p class=\"has-white-color has-text-color has-link-color wp-elements-efa602be37e5b12fb5b7f2a5f0ad5a3a\"><strong>Information g\u00e9n\u00e9rale :<\/strong> <br><a href=\"tel:4506624440\" data-type=\"tel\" data-id=\"tel:4506624440\">450 662-4440<\/a><br><a href=\"mailto:maisondesarts@laval.ca\">maisondesarts@laval.ca<\/a><\/p>\n<\/div>\n\n\n\n<div class=\"wp-block-column is-vertically-aligned-top has-white-color has-text-color has-link-color wp-elements-47c9ef25f549ec56a0feba46245f90fb is-layout-constrained wp-block-column-is-layout-constrained\" style=\"flex-basis:30%\">\n<p><strong>Nous suivre \u202f:<\/strong><\/p>\n\n\n<div class=\"sidebar-cta-wrapper aligndefault\"\n>\n   <div class=\"sidebar-cta white-text\">\n              <ul class=\"sidebar-cta__socials\">\n                  <li class=\"sidebar-cta__socials__item\">\n            <a href=\"https:\/\/www.facebook.com\/maisondesartsdelaval\" class=\"sidebar-cta__socials__link\" target=\"_blank\" rel=\"noopener noreferrer\">\n              <span class=\"social-icon vtx-icon vtx-icon-facebook\"><\/span>\n              <span class=\"social-name\">Facebook<\/span>\n            <\/a>\n          <\/li>\n                  <li class=\"sidebar-cta__socials__item\">\n            <a href=\"https:\/\/www.instagram.com\/maisondesartsdelaval\/\" class=\"sidebar-cta__socials__link\" target=\"_blank\" rel=\"noopener noreferrer\">\n              <span class=\"social-icon vtx-icon vtx-icon-instagram\"><\/span>\n              <span class=\"social-name\">Instagram<\/span>\n            <\/a>\n          <\/li>\n              <\/ul>\n       <\/div>\n<\/div>\n<\/div>\n<\/div>\n<\/div>\n","protected":false},"excerpt":{"rendered":"","protected":false},"author":28,"featured_media":0,"parent":26518,"menu_order":77,"comment_status":"closed","ping_status":"closed","template":"","meta":{"_acf_changed":false,"advgb_blocks_editor_width":"","advgb_blocks_columns_visual_guide":"","footnotes":""},"class_list":["post-26486","page","type-page","status-publish","hentry"],"pp_statuses_selecting_workflow":false,"pp_workflow_action":"current","pp_status_selection":"publish","acf":[],"coauthors":[],"author_meta":{"author_link":"https:\/\/www.laval.ca\/en\/author\/n-ventura-boucherlaval-ca\/","display_name":"n.ventura-boucher@laval.ca"},"relative_dates":{"created":"Posted 1 year ago","modified":"Updated 1 year ago"},"absolute_dates":{"created":"Posted on January 27, 2025","modified":"Updated on April 16, 2025"},"absolute_dates_time":{"created":"Posted on January 27, 2025 5:32 pm","modified":"Updated on April 16, 2025 2:06 pm"},"featured_img_caption":"","featured_img":false,"series_order":"","publishpress_future_action":{"enabled":false,"date":"2026-04-23 16:07:18","action":"change-status","newStatus":"draft","terms":[],"taxonomy":"translation_priority","extraData":[]},"publishpress_future_workflow_manual_trigger":{"enabledWorkflows":[]},"_links":{"self":[{"href":"https:\/\/www.laval.ca\/en\/wp-json\/wp\/v2\/pages\/26486","targetHints":{"allow":["GET"]}}],"collection":[{"href":"https:\/\/www.laval.ca\/en\/wp-json\/wp\/v2\/pages"}],"about":[{"href":"https:\/\/www.laval.ca\/en\/wp-json\/wp\/v2\/types\/page"}],"author":[{"embeddable":true,"href":"https:\/\/www.laval.ca\/en\/wp-json\/wp\/v2\/users\/28"}],"replies":[{"embeddable":true,"href":"https:\/\/www.laval.ca\/en\/wp-json\/wp\/v2\/comments?post=26486"}],"version-history":[{"count":8,"href":"https:\/\/www.laval.ca\/en\/wp-json\/wp\/v2\/pages\/26486\/revisions"}],"predecessor-version":[{"id":59147,"href":"https:\/\/www.laval.ca\/en\/wp-json\/wp\/v2\/pages\/26486\/revisions\/59147"}],"up":[{"embeddable":true,"href":"https:\/\/www.laval.ca\/en\/wp-json\/wp\/v2\/pages\/26518"}],"wp:attachment":[{"href":"https:\/\/www.laval.ca\/en\/wp-json\/wp\/v2\/media?parent=26486"}],"curies":[{"name":"wp","href":"https:\/\/api.w.org\/{rel}","templated":true}]}}