{"id":26482,"date":"2025-01-29T12:27:30","date_gmt":"2025-01-29T17:27:30","guid":{"rendered":"https:\/\/www.laval.ca\/personnes-disparues-ou-recherchees\/"},"modified":"2025-05-08T15:28:11","modified_gmt":"2025-05-08T19:28:11","slug":"missing-persons","status":"publish","type":"page","link":"https:\/\/www.laval.ca\/en\/police\/about-spl\/missing-persons\/","title":{"rendered":"Wanted persons"},"content":{"rendered":"  <section class=\"block-listing block-listing--missing-persons aligndefault\"\n  >\n            <div class=\"block-listing__filters\">\n        <div class=\"block-listing__filters__column block-listing__filters__column--search\">\n          <p class=\"block-listing__filters__column__label\">Search<\/p>\n          <div class=\"findstr-field findstr-field-search\"\n     data-source=\"\"\n     data-group=\"missing-persons\"\n     data-id=\"1711980161096\"\n     data-field='{&quot;id&quot;:1711980161096,&quot;name&quot;:&quot;Default Search&quot;,&quot;slug&quot;:&quot;default-search&quot;,&quot;type&quot;:&quot;search&quot;,&quot;source&quot;:&quot;&quot;,&quot;source_type&quot;:&quot;&quot;,&quot;source_name&quot;:&quot;&quot;,&quot;options&quot;:[]}'\n>\n  <label for=\"missing-persons_default-search\" class=\"findstr-sr-only\">\n    Default Search<\/label>\n<input\n    type=\"search\"\n    id=\"missing-persons_default-search\"\n    name=\"s\"\n    class=\"\"\n    placeholder=\"Enter a keyword\"\n    value=\"\"\n    aria-describedby=\"missing-persons_default-search-instruction\"\n    data-findstr\n    data-findstr-id=\"1711980161096\"\n    data-findstr-group=\"missing-persons\"\n    autocomplete=\"off\"\n\/>\n<span class=\"search-field-icon dashicons dashicons-search\"><\/span>\n<p class=\"findstr-sr-only\" id=\"missing-persons_default-search-instruction\">\n    Results will update as you type.<\/p>\n<\/div>\n        <\/div>\n        <div class=\"block-listing__filters__column block-listing__filters__column--filters\">\n          <p class=\"block-listing__filters__column__label\">Filters<\/p>\n          <div class=\"block-listing__filters__column__items\">\n            <div class=\"findstr-field findstr-field-dropdown\"\n     data-source=\"tax\/missing-person-category\"\n     data-group=\"missing-persons\"\n     data-id=\"1728674803223\"\n     data-field='{&quot;id&quot;:1728674803223,&quot;name&quot;:&quot;Missing person categories&quot;,&quot;slug&quot;:&quot;missing-person-categories&quot;,&quot;type&quot;:&quot;dropdown&quot;,&quot;source&quot;:&quot;tax\\\/missing-person-category&quot;,&quot;source_type&quot;:&quot;tax&quot;,&quot;source_name&quot;:&quot;missing-person-category&quot;,&quot;options&quot;:{&quot;sourceName&quot;:&quot;tax\\\/missing-person-category&quot;,&quot;multiselect&quot;:true,&quot;multiselectLogic&quot;:&quot;OR&quot;}}'\n>\n  \n<div class=\"findstrFieldContainer\">\n  <label for=\"findstr-1728674803223\" class=\"findstr-sr-only\">Missing person categories<\/label>\n  <input id=\"findstr-1728674803223\"\n         type=\"text\"\n         name=\"missing-person-category\"\n         value=\"\"\n         placeholder=\"Category\"\n         class=\"\"\n         data-findstr\n         data-field-type=\"dropdown\"\n         data-findstr-id=\"1728674803223\"\n         data-findstr-group=\"missing-persons\"\n         style=\"display: none;\"\n  \/>\n<\/div>\n<\/div>\n          <\/div>\n        <\/div>\n      <\/div>\n      <div class=\"listing__filters__criteria\">\n        <div class=\"findstr-field findstr-field-selectedFilters\"\n     data-source=\"\"\n     data-group=\"missing-persons\"\n     data-id=\"1718389902717\"\n     data-field='{&quot;id&quot;:1718389902717,&quot;name&quot;:&quot;Selected-filters&quot;,&quot;slug&quot;:&quot;selected-filters&quot;,&quot;type&quot;:&quot;selectedFilters&quot;,&quot;source&quot;:&quot;&quot;,&quot;source_type&quot;:&quot;&quot;,&quot;source_name&quot;:&quot;&quot;,&quot;options&quot;:[]}'\n>\n  <script type=\"text\/x-handlebars-template\" class=\"findstrSelectedFiltersFieldTemplate\">\n  {{#if selectedFilters}}\n  <div class=\"findstrSelectedFilters__wrapper\">\n        <p class=\"findstrSelectedFilters__title\">\n          Selected filters:          ({{selectedFilters.length}})\n        <\/p>\n    <div class=\"findstrSelectedFilters__items\">      \n      {{#each selectedFilters}}\n          <span class=\"findstrSelectedFilters__item\">\n              <button class=\"findstrSelectedFilters__item__remove\" type=\"button\" data-findstr-filter-id=\"{{item}}\" data-findstr-filter-value=\"{{value}}\">\n                <span class=\"findstrSelectedFilters__item__value\">{{label}}<\/span>\n                <span class=\"findstrSelectedFilters__item__close dashicons dashicons-no-alt\"><\/span>\n              <\/button>\n          <\/span>\n      {{\/each}}\n        <button class=\"reset-button resetFilters\" onclick=\"findstr.resetFilters( 'missing-persons' )\">\n          <span>Reset<\/span>\n        <\/button>\n        <\/div>\n        <\/div>\n      {{\/if}}\n<\/script>\n<div class=\"findstrSelectedFilters\"><\/div>\n<\/div>\n      <\/div>\n      <div class=\"block-listing__results\">\n        <p class=\"block-listing__count missing-persons-results-count\" aria-live=\"assertive\">\n          9 persons        <\/p>\n                <script type=\"text\/javascript\">\n\n          document.addEventListener('findstrLoaded', function (e) {\n            findstr.hooks.addAction( 'findstrInit', 'findstr-set-facetDistribution', function (findstr) {\n              if( findstr.groups[ 'missing-persons' ] ) {\n                findstr.groups[ 'missing-persons' ].facets = {\"category\":[],\"cl_status\":[],\"district\":[],\"empty_regulation\":[],\"event_audience\":[],\"event_end_date\":[],\"event_end_date_timestamp\":[],\"event_end_time_timestamp\":[],\"event_interest\":[],\"event_is_recurrent\":[],\"event_microsites\":[],\"event_neighborhood\":[],\"event_place_filter\":[],\"event_start_date\":[],\"event_start_date_timestamp\":[],\"event_start_time_timestamp\":[],\"findstr_key\":{\"2025-10-29 15:52:14\":9},\"language\":{\"en\":9,\"fr\":9},\"microsite_home_page_id\":{\"4453\":9},\"missing-person-category\":{\"Personnes recherch\\u00e9es\":9},\"neighborhood\":[],\"permit-category\":[],\"place_coordinates\":[],\"place_district\":[],\"place_facilities_datas.sports\":[],\"place_facilities_datas.type\":[],\"place_recreations\":[],\"place_type\":[],\"post_date\":{\"2024-01-22 07:00:00\":1,\"2024-04-25 08:00:00\":1,\"2024-06-06 07:00:00\":1,\"2024-12-12 08:00:00\":1,\"2025-05-02 07:23:24\":1,\"2026-03-27 06:00:00\":1,\"2026-04-15 09:04:00\":1,\"2026-04-20 08:00:23\":1,\"2026-04-22 07:56:22\":1},\"post_date_timestamp\":{\"1705906800\":1,\"1714032000\":1,\"1717657200\":1,\"1733990400\":1,\"1746170604\":1,\"1774591200\":1,\"1776243840\":1,\"1776672023\":1,\"1776844582\":1},\"post_title\":{\"Agressions sexuelles : victimes recherch\\u00e9es\":1,\"Arrestation en mati\\u00e8re d\\u2019exploitation sexuelle : victimes recherch\\u00e9es\":1,\"Conduite dangereuse causant la mort : t\\u00e9moins recherch\\u00e9s\":1,\"Enqu\\u00eate pour crimes \\u00e0 caract\\u00e8re sexuel : victimes recherch\\u00e9es\":1,\"Fraude de type grands-parents : Suspect \\u00e0 identifier\":1,\"Leurre d\\u2019enfant : victimes recherch\\u00e9es\":1,\"R\\u00e9seau de fraudeurs de type faux repr\\u00e9sentants : Arrestations et victimes recherch\\u00e9es\":1,\"Victimes de fraudes recherch\\u00e9es\":1,\"Vol qualifi\\u00e9 sur personne : suspect \\u00e0 identifier\":1},\"post_type\":{\"missing-person\":9},\"press-source\":[],\"public-notice-month\":[],\"public-notice-year\":[],\"public-submission-month\":[],\"public-submission-year\":[],\"regulation-category\":[],\"utilities\":[]};\n              }\n            });\n          });\n\n        <\/script>\n        \n  <div class=\"findstr-results-anchor\" data-group=\"missing-persons\" data-offset=\"200\"><\/div>\n\n<div\n    class=\"findstr-results\"\n    tabindex=\"-1\"\n    data-findstr-results=\"missing-persons\"\n    data-findstr-query=\"{&quot;q&quot;:&quot;&quot;,&quot;offset&quot;:0,&quot;hitsPerPage&quot;:9,&quot;page&quot;:1,&quot;filter&quot;:{&quot;clauses&quot;:{&quot;language&quot;:{&quot;value&quot;:&quot;en&quot;},&quot;post_type&quot;:{&quot;value&quot;:&quot;missing-person&quot;}}},&quot;facets&quot;:[&quot;post_title&quot;,&quot;post_type&quot;,&quot;language&quot;,&quot;post_date&quot;,&quot;category&quot;,&quot;press-source&quot;,&quot;event_interest&quot;,&quot;event_audience&quot;,&quot;event_start_date&quot;,&quot;event_end_date&quot;,&quot;event_is_recurrent&quot;,&quot;public-notice-year&quot;,&quot;public-notice-month&quot;,&quot;permit-category&quot;,&quot;regulation-category&quot;,&quot;missing-person-category&quot;,&quot;cl_status&quot;,&quot;public-submission-year&quot;,&quot;public-submission-month&quot;,&quot;event_neighborhood&quot;,&quot;neighborhood&quot;,&quot;district&quot;,&quot;place_type&quot;,&quot;place_coordinates&quot;,&quot;utilities&quot;,&quot;place_recreations&quot;,&quot;place_district&quot;,&quot;event_microsites&quot;,&quot;post_author&quot;,&quot;findstr_key&quot;,&quot;post_date_timestamp&quot;,&quot;event_start_date_timestamp&quot;,&quot;event_end_date_timestamp&quot;,&quot;event_start_time_timestamp&quot;,&quot;event_end_time_timestamp&quot;,&quot;place_facilities_datas.type&quot;,&quot;place_facilities_datas.sports&quot;,&quot;event_place_filter&quot;,&quot;microsite_home_page_id&quot;,&quot;empty_regulation&quot;],&quot;attributesToRetrieve&quot;:[&quot;*&quot;],&quot;attributesToHighlight&quot;:[&quot;post_content&quot;,&quot;extracted_text&quot;],&quot;attributesToCrop&quot;:[&quot;post_content&quot;,&quot;extracted_text&quot;],&quot;attributesToSearchOn&quot;:[&quot;post_title&quot;,&quot;post_content&quot;,&quot;permalink&quot;,&quot;post_type&quot;,&quot;post_name&quot;,&quot;tax\\\/category&quot;,&quot;tax\\\/press-source&quot;,&quot;tax\\\/permit-category&quot;,&quot;acf\\\/regulation_description&quot;,&quot;tax\\\/regulation-category&quot;,&quot;acf\\\/regulation_annexes&quot;,&quot;cf\\\/public-submission-year&quot;,&quot;cf\\\/public-submission-month&quot;,&quot;extracted_text&quot;,&quot;item_lot&quot;],&quot;cropLength&quot;:25,&quot;highlightPreTag&quot;:&quot;&lt;span class=\\&quot;findstr-result-highlight\\&quot;&gt;&quot;,&quot;highlightPostTag&quot;:&quot;&lt;\\\/span&gt;&quot;,&quot;sort&quot;:{&quot;post_date&quot;:&quot;desc&quot;}}\"\n    data-findstr-hits-count=\"9\"\n>\n  <script type=\"text\/x-handlebars\" class=\"findstrResultsTemplate\">\n    {{#each hits}}\n  <div class=\"missing-person-item\">\n    <a href=\"{{this.permalink}}\" class=\"missing-person-item__inner\">\n      <div class=\"missing-person-item__thumbnail-wrapper\">\n        {{{this.missing_person_thumbnail}}}\n      <\/div>\n      <p class=\"missing-person-item__date\">{{this.missing_person_date}}<\/p>\n      <p class=\"missing-person-item__title\"><span>{{this.post_title}}<\/span><\/p>\n    <\/a>\n  <\/div>\n{{\/each}}  <\/script>\n\n  <div class=\"findstrResultsContainer\">\n      <div class=\"missing-person-item\">\n    <a href=\"https:\/\/www.laval.ca\/en\/police\/a-propos\/personnes-disparues-recherchees\/melanie-payette-victimes-recherchees\/\" class=\"missing-person-item__inner\">\n      <div class=\"missing-person-item__thumbnail-wrapper\">\n        <img width=\"420\" height=\"235\" src=\"https:\/\/www.laval.ca\/wp-content\/uploads\/2026\/04\/PAYETTE-Melanie--420x235.jpg\" class=\"attachment-medium_thumbnail size-medium_thumbnail wp-post-image\" alt=\"\" sizes=\"(min-width:1441px) 360px, (min-width:1200px) 21vw, (min-width:768px) 41vw, 77vw\" decoding=\"async\" srcset=\"https:\/\/www.laval.ca\/wp-content\/uploads\/2026\/04\/PAYETTE-Melanie--420x235.jpg 420w, https:\/\/www.laval.ca\/wp-content\/uploads\/2026\/04\/PAYETTE-Melanie--960x540.jpg 960w\" \/>\n      <\/div>\n      <p class=\"missing-person-item__date\">22 avril 2026<\/p>\n      <p class=\"missing-person-item__title\"><span>Victimes de fraudes recherch\u00e9es<\/span><\/p>\n    <\/a>\n  <\/div>\n  <div class=\"missing-person-item\">\n    <a href=\"https:\/\/www.laval.ca\/en\/police\/a-propos\/personnes-disparues-recherchees\/conduite-dangereuse-accident-335\/\" class=\"missing-person-item__inner\">\n      <div class=\"missing-person-item__thumbnail-wrapper\">\n        <img width=\"420\" height=\"235\" src=\"https:\/\/www.laval.ca\/wp-content\/uploads\/2026\/04\/Hynday-Kona-microsite-420x235.png\" class=\"attachment-medium_thumbnail size-medium_thumbnail wp-post-image\" alt=\"\" sizes=\"(min-width:1441px) 360px, (min-width:1200px) 21vw, (min-width:768px) 41vw, 77vw\" decoding=\"async\" srcset=\"https:\/\/www.laval.ca\/wp-content\/uploads\/2026\/04\/Hynday-Kona-microsite-420x235.png 420w, https:\/\/www.laval.ca\/wp-content\/uploads\/2026\/04\/Hynday-Kona-microsite-300x169.png 300w, https:\/\/www.laval.ca\/wp-content\/uploads\/2026\/04\/Hynday-Kona-microsite-768x432.png 768w, https:\/\/www.laval.ca\/wp-content\/uploads\/2026\/04\/Hynday-Kona-microsite.png 805w\" \/>\n      <\/div>\n      <p class=\"missing-person-item__date\">20 avril 2026<\/p>\n      <p class=\"missing-person-item__title\"><span>Conduite dangereuse causant la mort : t\u00e9moins recherch\u00e9s<\/span><\/p>\n    <\/a>\n  <\/div>\n  <div class=\"missing-person-item\">\n    <a href=\"https:\/\/www.laval.ca\/en\/police\/a-propos\/personnes-disparues-recherchees\/arrestation-en-matiere-dexploitation-sexuelle-victimes-recherchees\/\" class=\"missing-person-item__inner\">\n      <div class=\"missing-person-item__thumbnail-wrapper\">\n        <img width=\"420\" height=\"235\" src=\"https:\/\/www.laval.ca\/wp-content\/uploads\/2026\/04\/Sylvain-Riopelle-microsite-2-420x235.png\" class=\"attachment-medium_thumbnail size-medium_thumbnail wp-post-image\" alt=\"\" sizes=\"(min-width:1441px) 360px, (min-width:1200px) 21vw, (min-width:768px) 41vw, 77vw\" decoding=\"async\" srcset=\"https:\/\/www.laval.ca\/wp-content\/uploads\/2026\/04\/Sylvain-Riopelle-microsite-2-420x235.png 420w, https:\/\/www.laval.ca\/wp-content\/uploads\/2026\/04\/Sylvain-Riopelle-microsite-2-300x169.png 300w, https:\/\/www.laval.ca\/wp-content\/uploads\/2026\/04\/Sylvain-Riopelle-microsite-2-768x432.png 768w, https:\/\/www.laval.ca\/wp-content\/uploads\/2026\/04\/Sylvain-Riopelle-microsite-2.png 805w\" \/>\n      <\/div>\n      <p class=\"missing-person-item__date\">15 avril 2026<\/p>\n      <p class=\"missing-person-item__title\"><span>Arrestation en mati\u00e8re d\u2019exploitation sexuelle : victimes recherch\u00e9es<\/span><\/p>\n    <\/a>\n  <\/div>\n  <div class=\"missing-person-item\">\n    <a href=\"https:\/\/www.laval.ca\/en\/police\/a-propos\/personnes-disparues-recherchees\/enquetes-recherche-victimes-jerry-boncy\/\" class=\"missing-person-item__inner\">\n      <div class=\"missing-person-item__thumbnail-wrapper\">\n        <img width=\"420\" height=\"235\" src=\"https:\/\/www.laval.ca\/wp-content\/uploads\/2026\/03\/Jerry-boncy-microsite-420x235.png\" class=\"attachment-medium_thumbnail size-medium_thumbnail wp-post-image\" alt=\"un homme regarde la cam\u00e9ra\" sizes=\"(min-width:1441px) 360px, (min-width:1200px) 21vw, (min-width:768px) 41vw, 77vw\" decoding=\"async\" srcset=\"https:\/\/www.laval.ca\/wp-content\/uploads\/2026\/03\/Jerry-boncy-microsite-420x235.png 420w, https:\/\/www.laval.ca\/wp-content\/uploads\/2026\/03\/Jerry-boncy-microsite-300x169.png 300w, https:\/\/www.laval.ca\/wp-content\/uploads\/2026\/03\/Jerry-boncy-microsite-768x432.png 768w, https:\/\/www.laval.ca\/wp-content\/uploads\/2026\/03\/Jerry-boncy-microsite.png 805w\" \/>\n      <\/div>\n      <p class=\"missing-person-item__date\">27 mars 2026<\/p>\n      <p class=\"missing-person-item__title\"><span>Enqu\u00eate pour crimes \u00e0 caract\u00e8re sexuel : victimes recherch\u00e9es<\/span><\/p>\n    <\/a>\n  <\/div>\n  <div class=\"missing-person-item\">\n    <a href=\"https:\/\/www.laval.ca\/en\/police\/a-propos\/personnes-disparues-recherchees\/agressions-sexuelles-victimes-recherchees\/\" class=\"missing-person-item__inner\">\n      <div class=\"missing-person-item__thumbnail-wrapper\">\n        <img width=\"420\" height=\"235\" src=\"https:\/\/www.laval.ca\/wp-content\/uploads\/2025\/05\/dillon-buckley-agressions-sexuelles-420x235.jpeg\" class=\"attachment-medium_thumbnail size-medium_thumbnail wp-post-image\" alt=\"\" sizes=\"(min-width:1441px) 360px, (min-width:1200px) 21vw, (min-width:768px) 41vw, 77vw\" decoding=\"async\" srcset=\"https:\/\/www.laval.ca\/wp-content\/uploads\/2025\/05\/dillon-buckley-agressions-sexuelles-420x235.jpeg 420w, https:\/\/www.laval.ca\/wp-content\/uploads\/2025\/05\/dillon-buckley-agressions-sexuelles-300x169.jpeg 300w, https:\/\/www.laval.ca\/wp-content\/uploads\/2025\/05\/dillon-buckley-agressions-sexuelles-768x432.jpeg 768w, https:\/\/www.laval.ca\/wp-content\/uploads\/2025\/05\/dillon-buckley-agressions-sexuelles.jpeg 805w\" \/>\n      <\/div>\n      <p class=\"missing-person-item__date\">2 mai 2025<\/p>\n      <p class=\"missing-person-item__title\"><span>Agressions sexuelles : victimes recherch\u00e9es<\/span><\/p>\n    <\/a>\n  <\/div>\n  <div class=\"missing-person-item\">\n    <a href=\"https:\/\/www.laval.ca\/en\/police\/a-propos\/personnes-disparues-recherchees\/leurre-enfant-victimes-recherchees\/\" class=\"missing-person-item__inner\">\n      <div class=\"missing-person-item__thumbnail-wrapper\">\n        <img width=\"420\" height=\"235\" src=\"https:\/\/www.laval.ca\/wp-content\/uploads\/2025\/02\/suspect-leurre-enfant-recherche-decembre-2024-420x235.jpg\" class=\"attachment-medium_thumbnail size-medium_thumbnail wp-post-image\" alt=\"\" sizes=\"(min-width:1441px) 360px, (min-width:1200px) 21vw, (min-width:768px) 41vw, 77vw\" decoding=\"async\" srcset=\"https:\/\/www.laval.ca\/wp-content\/uploads\/2025\/02\/suspect-leurre-enfant-recherche-decembre-2024-420x235.jpg 420w, https:\/\/www.laval.ca\/wp-content\/uploads\/2025\/02\/suspect-leurre-enfant-recherche-decembre-2024-300x169.jpg 300w, https:\/\/www.laval.ca\/wp-content\/uploads\/2025\/02\/suspect-leurre-enfant-recherche-decembre-2024-768x432.jpg 768w, https:\/\/www.laval.ca\/wp-content\/uploads\/2025\/02\/suspect-leurre-enfant-recherche-decembre-2024.jpg 805w\" \/>\n      <\/div>\n      <p class=\"missing-person-item__date\">12 d\u00e9cembre 2024<\/p>\n      <p class=\"missing-person-item__title\"><span>Leurre d\u2019enfant : victimes recherch\u00e9es<\/span><\/p>\n    <\/a>\n  <\/div>\n  <div class=\"missing-person-item\">\n    <a href=\"https:\/\/www.laval.ca\/en\/police\/a-propos\/personnes-disparues-recherchees\/vol-qualifie-suspect\/\" class=\"missing-person-item__inner\">\n      <div class=\"missing-person-item__thumbnail-wrapper\">\n        <img width=\"420\" height=\"235\" src=\"https:\/\/www.laval.ca\/wp-content\/uploads\/2025\/02\/suspect-vol-recherche-juin-20244-420x235.jpg\" class=\"attachment-medium_thumbnail size-medium_thumbnail wp-post-image\" alt=\"\" sizes=\"(min-width:1441px) 360px, (min-width:1200px) 21vw, (min-width:768px) 41vw, 77vw\" decoding=\"async\" srcset=\"https:\/\/www.laval.ca\/wp-content\/uploads\/2025\/02\/suspect-vol-recherche-juin-20244-420x235.jpg 420w, https:\/\/www.laval.ca\/wp-content\/uploads\/2025\/02\/suspect-vol-recherche-juin-20244-300x169.jpg 300w, https:\/\/www.laval.ca\/wp-content\/uploads\/2025\/02\/suspect-vol-recherche-juin-20244-768x432.jpg 768w, https:\/\/www.laval.ca\/wp-content\/uploads\/2025\/02\/suspect-vol-recherche-juin-20244.jpg 805w\" \/>\n      <\/div>\n      <p class=\"missing-person-item__date\">6 juin 2024<\/p>\n      <p class=\"missing-person-item__title\"><span>Vol qualifi\u00e9 sur personne : suspect \u00e0 identifier<\/span><\/p>\n    <\/a>\n  <\/div>\n  <div class=\"missing-person-item\">\n    <a href=\"https:\/\/www.laval.ca\/en\/police\/a-propos\/personnes-disparues-recherchees\/reseau-de-fraudeurs-de-type-faux-representants-arrestations-et-victimes-recherchees\/\" class=\"missing-person-item__inner\">\n      <div class=\"missing-person-item__thumbnail-wrapper\">\n        <img width=\"420\" height=\"235\" src=\"https:\/\/www.laval.ca\/wp-content\/uploads\/2025\/02\/suspect-faux-representants-recherche-avril-2024-420x235.png\" class=\"attachment-medium_thumbnail size-medium_thumbnail wp-post-image\" alt=\"\" sizes=\"(min-width:1441px) 360px, (min-width:1200px) 21vw, (min-width:768px) 41vw, 77vw\" decoding=\"async\" srcset=\"https:\/\/www.laval.ca\/wp-content\/uploads\/2025\/02\/suspect-faux-representants-recherche-avril-2024-420x235.png 420w, https:\/\/www.laval.ca\/wp-content\/uploads\/2025\/02\/suspect-faux-representants-recherche-avril-2024-300x169.png 300w, https:\/\/www.laval.ca\/wp-content\/uploads\/2025\/02\/suspect-faux-representants-recherche-avril-2024-768x432.png 768w, https:\/\/www.laval.ca\/wp-content\/uploads\/2025\/02\/suspect-faux-representants-recherche-avril-2024.png 805w\" \/>\n      <\/div>\n      <p class=\"missing-person-item__date\">25 avril 2024<\/p>\n      <p class=\"missing-person-item__title\"><span>R\u00e9seau de fraudeurs de type faux repr\u00e9sentants : Arrestations et victimes recherch\u00e9es<\/span><\/p>\n    <\/a>\n  <\/div>\n  <div class=\"missing-person-item\">\n    <a href=\"https:\/\/www.laval.ca\/en\/police\/a-propos\/personnes-disparues-recherchees\/fraude-type-grands-parents-suspect\/\" class=\"missing-person-item__inner\">\n      <div class=\"missing-person-item__thumbnail-wrapper\">\n        <img width=\"420\" height=\"235\" src=\"https:\/\/www.laval.ca\/wp-content\/uploads\/2025\/02\/suspect-fraude-recherche-janvier-2024-420x235.png\" class=\"attachment-medium_thumbnail size-medium_thumbnail wp-post-image\" alt=\"\" sizes=\"(min-width:1441px) 360px, (min-width:1200px) 21vw, (min-width:768px) 41vw, 77vw\" decoding=\"async\" \/>\n      <\/div>\n      <p class=\"missing-person-item__date\">22 janvier 2024<\/p>\n      <p class=\"missing-person-item__title\"><span>Fraude de type grands-parents : Suspect \u00e0 identifier<\/span><\/p>\n    <\/a>\n  <\/div>\n  <\/div>\n<\/div>\n\n<script type=\"text\/x-handlebars\" class=\"findstrEmptyResultsTemplate\" data-group=\"missing-persons\">\n    \n<img decoding=\"async\" src=\"{{ empty_result_img.url }}\" alt=\"{{ empty_result_img.alt}}\" class=\"findstr-empty__img\">\n\n<h2 class=\"findstr-empty__text\">\n  {{empty_results_text_1}}\n<\/h2>\n<p class=\"findstr-empty__text\">\n  {{empty_results_text_2}}\n<\/p>\n<\/script>\n\n<p class=\"findstr-empty-alert \" aria-live=\"assertive\" data-group=\"missing-persons\"><\/p>\n<div class=\"findstr-field findstr-field-pagination\"\n     data-source=\"\"\n     data-group=\"missing-persons\"\n     data-id=\"1711980367579\"\n     data-field='{&quot;id&quot;:1711980367579,&quot;name&quot;:&quot;Pagination&quot;,&quot;slug&quot;:&quot;pagination&quot;,&quot;type&quot;:&quot;pagination&quot;,&quot;source&quot;:&quot;&quot;,&quot;source_type&quot;:&quot;&quot;,&quot;source_name&quot;:&quot;&quot;,&quot;options&quot;:[]}'\n>\n  <input type=\"hidden\"\n       name=\"pagination\"\n       value=\"1\"\n       data-findstr\n       data-findstr-id=\"1711980367579\"\n       data-findstr-field-type=\"pagination\"\n       data-findstr-group=\"missing-persons\"\n\/>\n<div class=\"findstrFieldContainer\">\n    <\/div>\n\n<script type=\"text\/x-handlebars-template\" class=\"findstrPaginationFieldTemplate\">\n  {{#if pagination.pages.1.page}}\n  <div class=\"findstr-pagination\">\n    <div class=\"findstr-pagination-items\">\n\n      <button\n          aria-label=\"{{pagination.previousLabel}}\"\n          class=\"prev\"\n          value=\"prev\"\n          {{#if pagination.isFirstPage}}disabled=\"disabled\"{{\/if}}\n      >\n      <span class=\"findstr-icon\">\n      <!-- Generated by IcoMoon.io -->\n<svg xmlns=\"http:\/\/www.w3.org\/2000\/svg\" width=\"32\" height=\"32\" viewBox=\"0 0 32 32\">\n<path d=\"M22.857 32c-0.686 0-1.143 0-1.6-0.686l-13.714-13.714c-0.914-0.914-0.914-2.286 0-3.2l13.714-13.714c0.914-0.914 2.286-0.914 3.2 0s0.914 2.286 0 3.2l-12.114 12.114 12.114 12.114c0.914 0.914 0.914 2.286 0 3.2s-1.143 0.686-1.6 0.686z\"><\/path>\n<\/svg>\n    <\/span>\n      <\/button>\n\n      {{#each pagination.pages}}\n        {{#if this.isEllipsis}}\n          <button\n              aria-label=\"{{this.label}}\"\n              value=\"{{this.page}}\"\n              class=\"dots\"\n              disabled=\"disabled\"\n          >\n            ...\n          <\/button>\n        {{else}}\n          <a\n              href=\"{{this.url}}\"\n              {{#if this.current}}\n                aria-current=\"true\"\n              {{\/if}}\n              aria-label=\"{{this.label}}\"\n              title=\"{{this.label}}\"\n              data-page=\"{{this.page}}\"\n              class=\"{{#if this.current}}current{{\/if}}\"\n          >\n            {{this.page}}\n          <\/a>\n        {{\/if}}\n      {{\/each}}\n\n      <button\n          aria-label=\"{{pagination.nextLabel}}\"\n          class=\"next\"\n          value=\"next\"\n          {{#if pagination.isLastPage}}disabled=\"disabled\"{{\/if}}\n      >\n        <span class=\"findstr-icon\">\n          <!-- Generated by IcoMoon.io -->\n<svg xmlns=\"http:\/\/www.w3.org\/2000\/svg\" width=\"32\" height=\"32\" viewBox=\"0 0 32 32\">\n<path d=\"M9.143 32c-0.686 0-1.143 0-1.6-0.686-0.914-0.914-0.914-2.286 0-3.2l12.114-12.114-12.114-12.114c-0.686-0.914-0.686-2.286 0-3.2s2.286-0.686 3.2 0l13.714 13.714c0.914 0.914 0.914 2.286 0 3.2l-13.714 13.714c-0.457 0.457-1.143 0.686-1.6 0.686z\"><\/path>\n<\/svg>\n        <\/span>\n      <\/button>\n\n    <\/div>\n  <\/div>\n{{\/if}}\n<\/script>\n<\/div>\n    <\/div>\n  <\/section>\n  \n\n\n<p><\/p>\n","protected":false},"excerpt":{"rendered":"","protected":false},"author":23,"featured_media":0,"parent":26676,"menu_order":35,"comment_status":"closed","ping_status":"closed","template":"","meta":{"_acf_changed":false,"advgb_blocks_editor_width":"","advgb_blocks_columns_visual_guide":"","footnotes":""},"class_list":["post-26482","page","type-page","status-publish","hentry"],"pp_statuses_selecting_workflow":false,"pp_workflow_action":"current","pp_status_selection":"publish","acf":[],"coauthors":[],"author_meta":{"author_link":"https:\/\/www.laval.ca\/en\/author\/mar-longprelaval-ca\/","display_name":"mar.longpre@laval.ca"},"relative_dates":{"created":"Posted 1 year ago","modified":"Updated 12 months ago"},"absolute_dates":{"created":"Posted on January 29, 2025","modified":"Updated on May 8, 2025"},"absolute_dates_time":{"created":"Posted on January 29, 2025 12:27 pm","modified":"Updated on May 8, 2025 3:28 pm"},"featured_img_caption":"","featured_img":false,"series_order":"","publishpress_future_action":{"enabled":false,"date":"2026-04-30 05:02:00","action":"change-status","newStatus":"draft","terms":[],"taxonomy":"translation_priority","extraData":[]},"publishpress_future_workflow_manual_trigger":{"enabledWorkflows":[]},"_links":{"self":[{"href":"https:\/\/www.laval.ca\/en\/wp-json\/wp\/v2\/pages\/26482","targetHints":{"allow":["GET"]}}],"collection":[{"href":"https:\/\/www.laval.ca\/en\/wp-json\/wp\/v2\/pages"}],"about":[{"href":"https:\/\/www.laval.ca\/en\/wp-json\/wp\/v2\/types\/page"}],"author":[{"embeddable":true,"href":"https:\/\/www.laval.ca\/en\/wp-json\/wp\/v2\/users\/23"}],"replies":[{"embeddable":true,"href":"https:\/\/www.laval.ca\/en\/wp-json\/wp\/v2\/comments?post=26482"}],"version-history":[{"count":7,"href":"https:\/\/www.laval.ca\/en\/wp-json\/wp\/v2\/pages\/26482\/revisions"}],"predecessor-version":[{"id":68171,"href":"https:\/\/www.laval.ca\/en\/wp-json\/wp\/v2\/pages\/26482\/revisions\/68171"}],"up":[{"embeddable":true,"href":"https:\/\/www.laval.ca\/en\/wp-json\/wp\/v2\/pages\/26676"}],"wp:attachment":[{"href":"https:\/\/www.laval.ca\/en\/wp-json\/wp\/v2\/media?parent=26482"}],"curies":[{"name":"wp","href":"https:\/\/api.w.org\/{rel}","templated":true}]}}