{"id":26448,"date":"2025-02-12T08:23:45","date_gmt":"2025-02-12T13:23:45","guid":{"rendered":"https:\/\/www.laval.ca\/expositions-salle-alfred-pellan\/"},"modified":"2025-03-20T09:42:55","modified_gmt":"2025-03-20T13:42:55","slug":"alfred-pellan","status":"publish","type":"page","link":"https:\/\/www.laval.ca\/en\/culture\/maison-des-arts\/alfred-pellan\/","title":{"rendered":"Alfred-Pellan Hall"},"content":{"rendered":"<section class=\"sticky-section-group aligndefault\"\n>\n   \n<div class=\"sticky-section-main\"\n>\n   \n  <section class=\"child-pages aligndefault child-pages--style-text\"\n  >\n\n          <ul class=\"child-pages__listing reset-list\">\n            <li class=\"child-pages__item\">\n        <a class=\"child-pages__item__inner\" href=\"https:\/\/www.laval.ca\/en\/culture\/maison-des-arts\/alfred-pellan\/artistic-mediation\/\"\n          >\n                    <div class=\"child-pages__item__content\">\n            <p class=\"child-pages__item__title\"><span>Artistic Mediation<\/span><\/p>\n                          <div class=\"child-pages__item__excerpt\"><p>Que vous soyez en solo, en famille ou entre amis, nos activit\u00e9s de m\u00e9diation sont l\u00e0 pour que vous puissiez d\u00e9couvrir nos artistes et nos expositions dans un cadre chaleureux et convivial.<\/p>\n<\/div>\n                      <\/div>\n        <\/a>\n      <\/li>\n            <li class=\"child-pages__item\">\n        <a class=\"child-pages__item__inner\" href=\"https:\/\/www.laval.ca\/en\/culture\/maison-des-arts\/alfred-pellan\/call-projects\/\"\n          >\n                    <div class=\"child-pages__item__content\">\n            <p class=\"child-pages__item__title\"><span>Call for projects<\/span><\/p>\n                          <div class=\"child-pages__item__excerpt\"><p>La Salle Alfred-Pellan (SAP) est une institution mus\u00e9ale de diffusion en art contemporain et actuel qui se pr\u00e9sente comme un espace de dialogues multiples, d&#8217;abord entre les artistes, les commissaires et notre \u00e9quipe par le biais d&#8217;un accompagnement mus\u00e9ologique, puis entre les expositions et les visiteurs gr\u00e2ce \u00e0 son programme de m\u00e9diation artistique.<\/p>\n<\/div>\n                      <\/div>\n        <\/a>\n      <\/li>\n            <li class=\"child-pages__item\">\n        <a class=\"child-pages__item__inner\" href=\"https:\/\/www.laval.ca\/en\/culture\/maison-des-arts\/alfred-pellan\/exhibitions\/\"\n          >\n                    <div class=\"child-pages__item__content\">\n            <p class=\"child-pages__item__title\"><span>Exhibitions<\/span><\/p>\n                          <div class=\"child-pages__item__excerpt\"><p>Les expositions de cette saison \u00e0 la Salle Alfred-Pellan nous ram\u00e8nent \u00e0 l\u2019essentiel. Ici, \u00e0 notre survivance, notre rapport salvateur \u00e0 la nature, et l\u00e0, \u00e0 notre capacit\u00e9 d\u2019appr\u00e9cier et de trouver de la beaut\u00e9 et de la puissance dans les d\u00e9tails, dans la r\u00e9p\u00e9tition du geste, pour peu que l\u2019on s\u2019arr\u00eate un instant pour simplement regarder et ressentir.<\/p>\n<\/div>\n                      <\/div>\n        <\/a>\n      <\/li>\n            <\/ul>\n      <\/section>\n  \n<\/div>\n\n\n<div class=\"sticky-section-sidebar\"\n>\n   <div class=\"sticky-section-sidebar__inner\">\n     \n\n<p><\/p>\n\n   <\/div>\n<\/div>\n\n<\/section>\n\n\n\n<div class=\"wp-block-group has-white-color has-grey-900-background-color has-text-color has-background has-link-color wp-elements-292a51d64a1672c46459a4ab943b4ee1 is-layout-constrained wp-container-core-group-is-layout-92b9201d wp-block-group-is-layout-constrained\">\n<div class=\"wp-block-columns is-layout-flex wp-container-core-columns-is-layout-a85f4655 wp-block-columns-is-layout-flex\">\n<div class=\"wp-block-column is-layout-flow wp-block-column-is-layout-flow\" style=\"flex-basis:10%\">\n<figure class=\"wp-block-image aligncenter size-full is-resized\"><img decoding=\"async\" width=\"144\" height=\"144\" src=\"https:\/\/www.laval.ca\/wp-content\/uploads\/2025\/02\/Signature.png\" alt=\"Logo de la Maison des arts de Laval\" class=\"wp-image-27601\" style=\"width:76px;height:auto\"\/><\/figure>\n<\/div>\n\n\n\n<div class=\"wp-block-column is-vertically-aligned-center is-layout-flow wp-block-column-is-layout-flow\" style=\"flex-basis:30%\">\n<p>1395, boulevard de la Concorde Ouest<br>Laval (Qu\u00e9bec)\u00a0 H7N\u00a05W1\u00a0<\/p>\n<\/div>\n\n\n\n<div class=\"wp-block-column is-layout-flow wp-block-column-is-layout-flow\" style=\"flex-basis:30%\">\n<p class=\"has-white-color has-text-color has-link-color wp-elements-efa602be37e5b12fb5b7f2a5f0ad5a3a\"><strong>Information g\u00e9n\u00e9rale :<\/strong> <br><a href=\"tel:4506624440\" data-type=\"tel\" data-id=\"tel:4506624440\">450 662-4440<\/a><br><a href=\"mailto:maisondesarts@laval.ca\">maisondesarts@laval.ca<\/a><\/p>\n<\/div>\n\n\n\n<div class=\"wp-block-column is-vertically-aligned-top has-white-color has-text-color has-link-color wp-elements-47c9ef25f549ec56a0feba46245f90fb is-layout-constrained wp-block-column-is-layout-constrained\" style=\"flex-basis:30%\">\n<p><strong>Nous suivre \u202f:<\/strong><\/p>\n\n\n<div class=\"sidebar-cta-wrapper aligndefault\"\n>\n   <div class=\"sidebar-cta white-text\">\n              <ul class=\"sidebar-cta__socials\">\n                  <li class=\"sidebar-cta__socials__item\">\n            <a href=\"https:\/\/www.facebook.com\/maisondesartsdelaval\" class=\"sidebar-cta__socials__link\" target=\"_blank\" rel=\"noopener noreferrer\">\n              <span class=\"social-icon vtx-icon vtx-icon-facebook\"><\/span>\n              <span class=\"social-name\">Facebook<\/span>\n            <\/a>\n          <\/li>\n                  <li class=\"sidebar-cta__socials__item\">\n            <a href=\"https:\/\/www.instagram.com\/maisondesartsdelaval\/\" class=\"sidebar-cta__socials__link\" target=\"_blank\" rel=\"noopener noreferrer\">\n              <span class=\"social-icon vtx-icon vtx-icon-instagram\"><\/span>\n              <span class=\"social-name\">Instagram<\/span>\n            <\/a>\n          <\/li>\n              <\/ul>\n       <\/div>\n<\/div>\n<\/div>\n<\/div>\n<\/div>\n","protected":false},"excerpt":{"rendered":"","protected":false},"author":23,"featured_media":0,"parent":26518,"menu_order":78,"comment_status":"closed","ping_status":"closed","template":"","meta":{"_acf_changed":false,"advgb_blocks_editor_width":"","advgb_blocks_columns_visual_guide":"","footnotes":""},"class_list":["post-26448","page","type-page","status-publish","hentry"],"pp_statuses_selecting_workflow":false,"pp_workflow_action":"current","pp_status_selection":"publish","acf":[],"coauthors":[],"author_meta":{"author_link":"https:\/\/www.laval.ca\/en\/author\/mar-longprelaval-ca\/","display_name":"mar.longpre@laval.ca"},"relative_dates":{"created":"Posted 1 year ago","modified":"Updated 1 year ago"},"absolute_dates":{"created":"Posted on February 12, 2025","modified":"Updated on March 20, 2025"},"absolute_dates_time":{"created":"Posted on February 12, 2025 8:23 am","modified":"Updated on March 20, 2025 9:42 am"},"featured_img_caption":"","featured_img":false,"series_order":"","publishpress_future_action":{"enabled":false,"date":"2026-04-27 15:08:22","action":"change-status","newStatus":"draft","terms":[],"taxonomy":"translation_priority","extraData":[]},"publishpress_future_workflow_manual_trigger":{"enabledWorkflows":[]},"_links":{"self":[{"href":"https:\/\/www.laval.ca\/en\/wp-json\/wp\/v2\/pages\/26448","targetHints":{"allow":["GET"]}}],"collection":[{"href":"https:\/\/www.laval.ca\/en\/wp-json\/wp\/v2\/pages"}],"about":[{"href":"https:\/\/www.laval.ca\/en\/wp-json\/wp\/v2\/types\/page"}],"author":[{"embeddable":true,"href":"https:\/\/www.laval.ca\/en\/wp-json\/wp\/v2\/users\/23"}],"replies":[{"embeddable":true,"href":"https:\/\/www.laval.ca\/en\/wp-json\/wp\/v2\/comments?post=26448"}],"version-history":[{"count":6,"href":"https:\/\/www.laval.ca\/en\/wp-json\/wp\/v2\/pages\/26448\/revisions"}],"predecessor-version":[{"id":59153,"href":"https:\/\/www.laval.ca\/en\/wp-json\/wp\/v2\/pages\/26448\/revisions\/59153"}],"up":[{"embeddable":true,"href":"https:\/\/www.laval.ca\/en\/wp-json\/wp\/v2\/pages\/26518"}],"wp:attachment":[{"href":"https:\/\/www.laval.ca\/en\/wp-json\/wp\/v2\/media?parent=26448"}],"curies":[{"name":"wp","href":"https:\/\/api.w.org\/{rel}","templated":true}]}}