{"id":26446,"date":"2025-02-12T08:23:53","date_gmt":"2025-02-12T13:23:53","guid":{"rendered":"https:\/\/www.laval.ca\/mediation-artistique\/"},"modified":"2025-04-16T14:04:10","modified_gmt":"2025-04-16T18:04:10","slug":"artistic-mediation","status":"publish","type":"page","link":"https:\/\/www.laval.ca\/en\/culture\/maison-des-arts\/alfred-pellan\/artistic-mediation\/","title":{"rendered":"Artistic Mediation"},"content":{"rendered":"<section class=\"sticky-section-group aligndefault\"\n>\n   \n<div class=\"sticky-section-main\"\n>\n   \n\n<p class=\"is-style-intro-text\">Que vous soyez en solo, en famille ou entre amis, nos activit\u00e9s de m\u00e9diation sont l\u00e0 pour que vous puissiez d\u00e9couvrir nos artistes et nos expositions dans un cadre chaleureux et convivial.<\/p>\n\n\n\n<h2 class=\"wp-block-heading\" id=\"rendez-vous\">Les Rendez-vous cr\u00e9atifs\u00a0<\/h2>\n\n\n\n<p>Ces moments de cr\u00e9ation permettent d\u2019exp\u00e9rimenter diff\u00e9rentes mati\u00e8res, techniques et approches de l\u2019art actuel avec des artistes professionnels de notre programmation.<\/p>\n\n\n\n<h3 class=\"wp-block-heading\"><strong>Cecilia Torres\u00a0: <em>Murmurations<\/em><\/strong><\/h3>\n\n\n\n<p>15 et 22\u00a0mars, de 10\u00a0h \u00e0 16\u00a0h<\/p>\n\n\n\n<p>Au cours de cet atelier \u00e9tendu sur 2 jours, on d\u00e9couvre la d\u00e9marche artistique de l\u2019artiste canadienne d\u2019origine argentine Cecilia Torres. On apprend \u00e0 utiliser une aiguille \u00e0 poin\u00e7onner, \u00e0 tendre le fil et \u00e0 pr\u00e9parer un cercle \u00e0 broder pour cr\u00e9er une \u0153uvre textile murale. On examine les effets de la tension, de la texture et de la profondeur pour r\u00e9aliser un portrait abstrait. Le tout, entour\u00e9 de gens curieux et passionn\u00e9s d\u2019art.<\/p>\n\n\n\n<ul class=\"wp-block-list\">\n<li>Co\u00fbt : 40\u00a0$ taxes incluses (2\u00a0jours, mat\u00e9riaux fournis) <\/li>\n\n\n\n<li>Apportez votre lunch <\/li>\n\n\n\n<li>Inscription : <a href=\"mailto:maisondesarts@laval.ca\">maisondesarts@laval.ca<\/a><\/li>\n<\/ul>\n\n\n\n<h2 class=\"wp-block-heading\">Visites interactives<\/h2>\n\n\n\n<p>Entre adultes, r\u00e9servez un moment pour d\u00e9couvrir une exposition accompagn\u00e9e d\u2019une de nos m\u00e9diatrices artistiques passionn\u00e9es et \u00e0 l\u2019\u00e9coute. Prolongez le plaisir en combinant votre visite \u00e0 un atelier de cr\u00e9ation.<\/p>\n\n\n\n<h2 class=\"wp-block-heading\" id=\"ateliers\">Les Ateliers d&#8217;Alfred<\/h2>\n\n\n\n<p>Cette activit\u00e9 de cr\u00e9ation invite les familles \u00e0 d\u00e9couvrir l\u2019exposition en cours par l\u2019entremise d\u2019une courte visite interactive suivie d\u2019un atelier inspir\u00e9 d\u2019une \u0153uvre ou d\u2019une id\u00e9e observ\u00e9e.<\/p>\n\n\n\n<h3 class=\"wp-block-heading\"><strong>18\u00a0mai \u00e0 13\u00a0h : Jo\u00eblle Morosoli | Sculpture de papier\u00a0<\/strong><\/h3>\n\n\n\n<p>Co\u00fbt\u00a0: 5\u00a0$ par enfant, gratuit pour les parents accompagnateurs<\/p>\n\n\n\n<p>Inscription\u00a0:<strong>\u00a0<\/strong><a href=\"mailto:maisondesarts@laval.ca\" target=\"_blank\" rel=\"noreferrer noopener\">maisondesarts@laval.ca<\/a><\/p>\n\n\n\n<p>Les Ateliers d&#8217;Alfred sont \u00e9galement offerts gratuitement avant ou apr\u00e8s les spectacles pr\u00e9sent\u00e9s en familial dans le cadre des Grandes Sorties jeune public.<\/p>\n\n\n\n<h2 class=\"wp-block-heading\" id=\"visites\">Visites comment\u00e9es<\/h2>\n\n\n\n<p>Visitez les expositions en compagnie des artistes ou des commissaires. C&#8217;est l&#8217;occasion de discuter et de poser vos questions!<\/p>\n\n\n\n<p>Prochaine visite : Ianick Raymond et Lynn Bannon, le 16\u00a0mars \u00e0 14\u00a0h <\/p>\n\n\n\n<h2 class=\"wp-block-heading\">Visites avant spectacles<\/h2>\n\n\n\n<p>Profitez de la pr\u00e9sence d&#8217;une m\u00e9diatrice les soirs de spectacles \u00e0 la\u00a0MDA pour d\u00e9couvrir nos expositions, entre 17\u00a0h et 20\u00a0h.<\/p>\n\n\n\n<h2 class=\"wp-block-heading\" id=\"parent-mediateur\">Le parent m\u00e9diateur<\/h2>\n\n\n\n<p>Pour chaque exposition, une activit\u00e9 interactive en salle permet \u00e0 l&#8217;adulte et \u00e0 l&#8217;enfant d&#8217;enrichir leur exp\u00e9rience des \u0153uvres, ensemble.\u00a0<\/p>\n\n\n\n<p><strong>Ianick Raymond, <em>Glass on the beach; l\u2019oeuvre polysensorielle de Ianick Raymond<br\/><\/em><em>D\u00e9tective du regard<\/em><\/strong><\/p>\n\n\n\n<p>Dans l\u2019exposition en cours, remplissez le carnet <em>D\u00e9tective du regard<\/em> \u00e0 la suite de vos observations sur les \u0153uvres de Ianick Raymond.\u00a0D\u00e9couvrez la mat\u00e9rialit\u00e9 de la ligne et les effets visuels qui s\u2019offrent \u00e0 nos yeux et gr\u00e2ce \u00e0 notre pr\u00e9sence physique dans l\u2019espace d\u2019exposition. Une petite activit\u00e9 cr\u00e9ative se greffe au carnet.<\/p>\n\n\n\n<p>Gratuit, en tout temps. Durant les heures d\u2019ouverture de la salle d\u2019exposition\u00a0: du mardi au dimanche, de 12\u00a0h \u00e0 17\u00a0h et les jeudis\u00a0jusqu\u2019\u00e0 20\u00a0h.<\/p>\n\n\n\n<h2 class=\"wp-block-heading\">\u00c9v\u00e9nements sp\u00e9ciaux\u00a0<\/h2>\n\n\n\n<p>Que ce soit une performance, un lancement de publication, un visionnement de film, une discussion avec nos artistes ou une conf\u00e9rence, ces rencontres vous invitent \u00e0 dialoguer avec nous.<\/p>\n\n\n\n<p>Surveillez nos r\u00e9seaux sociaux pour rester \u00e0 l&#8217;aff\u00fbt des \u00e9v\u00e9nements \u00e0 venir!<\/p>\n\n<\/div>\n\n\n<div class=\"sticky-section-sidebar\"\n>\n   <div class=\"sticky-section-sidebar__inner\">\n     \n<div class=\"sidebar-cta-wrapper aligndefault\">\n   <div class=\"sidebar-cta\">\n     \n  <div class=\"theme-icon aligndefault theme-icon--colored\">\n    <span class=\"theme-icon__icon icon icon-maison-des-arts\"><\/span>\n  <\/div>\n  \n\n\n<p class=\"has-xlarge-font-size\"><strong>Renseignements et inscriptions<\/strong><\/p>\n\n\n\n<p>450 662-4440, poste 11<\/p>\n\n   <\/div>\n<\/div>\n\n   <\/div>\n<\/div>\n\n<\/section>\n\n<div class=\"wp-block-group has-white-color has-grey-900-background-color has-text-color has-background has-link-color wp-elements-292a51d64a1672c46459a4ab943b4ee1 is-layout-constrained wp-container-core-group-is-layout-92b9201d wp-block-group-is-layout-constrained\">\n<div class=\"wp-block-columns is-layout-flex wp-container-core-columns-is-layout-a85f4655 wp-block-columns-is-layout-flex\">\n<div class=\"wp-block-column is-layout-flow wp-block-column-is-layout-flow\" style=\"flex-basis:10%\">\n<figure class=\"wp-block-image aligncenter size-full is-resized\"><img decoding=\"async\" width=\"144\" height=\"144\" src=\"https:\/\/www.laval.ca\/wp-content\/uploads\/2025\/02\/Signature.png\" alt=\"Logo de la Maison des arts de Laval\" class=\"wp-image-27601\" style=\"width:76px;height:auto\"\/><\/figure>\n<\/div>\n\n\n\n<div class=\"wp-block-column is-vertically-aligned-center is-layout-flow wp-block-column-is-layout-flow\" style=\"flex-basis:30%\">\n<p>1395, boulevard de la Concorde Ouest<br>Laval (Qu\u00e9bec)\u00a0 H7N\u00a05W1\u00a0<\/p>\n<\/div>\n\n\n\n<div class=\"wp-block-column is-layout-flow wp-block-column-is-layout-flow\" style=\"flex-basis:30%\">\n<p class=\"has-white-color has-text-color has-link-color wp-elements-efa602be37e5b12fb5b7f2a5f0ad5a3a\"><strong>Information g\u00e9n\u00e9rale :<\/strong> <br><a href=\"tel:4506624440\" data-type=\"tel\" data-id=\"tel:4506624440\">450 662-4440<\/a><br><a href=\"mailto:maisondesarts@laval.ca\">maisondesarts@laval.ca<\/a><\/p>\n<\/div>\n\n\n\n<div class=\"wp-block-column is-vertically-aligned-top has-white-color has-text-color has-link-color wp-elements-47c9ef25f549ec56a0feba46245f90fb is-layout-constrained wp-block-column-is-layout-constrained\" style=\"flex-basis:30%\">\n<p><strong>Nous suivre \u202f:<\/strong><\/p>\n\n\n<div class=\"sidebar-cta-wrapper aligndefault\"\n>\n   <div class=\"sidebar-cta white-text\">\n              <ul class=\"sidebar-cta__socials\">\n                  <li class=\"sidebar-cta__socials__item\">\n            <a href=\"https:\/\/www.facebook.com\/maisondesartsdelaval\" class=\"sidebar-cta__socials__link\" target=\"_blank\" rel=\"noopener noreferrer\">\n              <span class=\"social-icon vtx-icon vtx-icon-facebook\"><\/span>\n              <span class=\"social-name\">Facebook<\/span>\n            <\/a>\n          <\/li>\n                  <li class=\"sidebar-cta__socials__item\">\n            <a href=\"https:\/\/www.instagram.com\/maisondesartsdelaval\/\" class=\"sidebar-cta__socials__link\" target=\"_blank\" rel=\"noopener noreferrer\">\n              <span class=\"social-icon vtx-icon vtx-icon-instagram\"><\/span>\n              <span class=\"social-name\">Instagram<\/span>\n            <\/a>\n          <\/li>\n              <\/ul>\n       <\/div>\n<\/div>\n<\/div>\n<\/div>\n<\/div>\n","protected":false},"excerpt":{"rendered":"","protected":false},"author":23,"featured_media":0,"parent":26448,"menu_order":54,"comment_status":"closed","ping_status":"closed","template":"","meta":{"_acf_changed":false,"advgb_blocks_editor_width":"","advgb_blocks_columns_visual_guide":"","footnotes":""},"class_list":["post-26446","page","type-page","status-publish","hentry"],"pp_statuses_selecting_workflow":false,"pp_workflow_action":"current","pp_status_selection":"publish","acf":[],"coauthors":[],"author_meta":{"author_link":"https:\/\/www.laval.ca\/en\/author\/mar-longprelaval-ca\/","display_name":"mar.longpre@laval.ca"},"relative_dates":{"created":"Posted 1 year ago","modified":"Updated 1 year ago"},"absolute_dates":{"created":"Posted on February 12, 2025","modified":"Updated on April 16, 2025"},"absolute_dates_time":{"created":"Posted on February 12, 2025 8:23 am","modified":"Updated on April 16, 2025 2:04 pm"},"featured_img_caption":"","featured_img":false,"series_order":"","publishpress_future_action":{"enabled":false,"date":"2026-04-27 16:58:24","action":"change-status","newStatus":"draft","terms":[],"taxonomy":"translation_priority","extraData":[]},"publishpress_future_workflow_manual_trigger":{"enabledWorkflows":[]},"_links":{"self":[{"href":"https:\/\/www.laval.ca\/en\/wp-json\/wp\/v2\/pages\/26446","targetHints":{"allow":["GET"]}}],"collection":[{"href":"https:\/\/www.laval.ca\/en\/wp-json\/wp\/v2\/pages"}],"about":[{"href":"https:\/\/www.laval.ca\/en\/wp-json\/wp\/v2\/types\/page"}],"author":[{"embeddable":true,"href":"https:\/\/www.laval.ca\/en\/wp-json\/wp\/v2\/users\/23"}],"replies":[{"embeddable":true,"href":"https:\/\/www.laval.ca\/en\/wp-json\/wp\/v2\/comments?post=26446"}],"version-history":[{"count":8,"href":"https:\/\/www.laval.ca\/en\/wp-json\/wp\/v2\/pages\/26446\/revisions"}],"predecessor-version":[{"id":59143,"href":"https:\/\/www.laval.ca\/en\/wp-json\/wp\/v2\/pages\/26446\/revisions\/59143"}],"up":[{"embeddable":true,"href":"https:\/\/www.laval.ca\/en\/wp-json\/wp\/v2\/pages\/26448"}],"wp:attachment":[{"href":"https:\/\/www.laval.ca\/en\/wp-json\/wp\/v2\/media?parent=26446"}],"curies":[{"name":"wp","href":"https:\/\/api.w.org\/{rel}","templated":true}]}}