{"id":26445,"date":"2025-02-12T08:23:57","date_gmt":"2025-02-12T13:23:57","guid":{"rendered":"https:\/\/www.laval.ca\/grille-tarifaire\/"},"modified":"2025-10-17T10:02:30","modified_gmt":"2025-10-17T14:02:30","slug":"grille-tarifaire","status":"publish","type":"page","link":"https:\/\/www.laval.ca\/en\/culture\/maison-des-arts\/grille-tarifaire\/","title":{"rendered":"Grille tarifaire"},"content":{"rendered":"<section class=\"sticky-section-group aligndefault\"\n>\n   \n<div class=\"sticky-section-main\"\n>\n   \n\n\n\n<h2 class=\"wp-block-heading\">Tarifs de la saison 2025-2026<\/h2>\n\n\n\n<table class=\"wp-block-advgb-table advgb-table-frontend is-style-stripes\" style=\"table-layout:fixed\"><thead><tr><th><strong>Spectacles <\/strong><\/th><th><strong>Prix courant<\/strong> (taxes et frais de service inclus)<\/th><\/tr><\/thead><tbody><tr><td>Grand Public<\/td><td>\u00c0 partir de 30 $ <\/td><\/tr><tr><td>Jeune Public<\/td><td>\u00c0 partir de 17 $ <\/td><\/tr><\/tbody><\/table>\n\n\n\n<table class=\"wp-block-advgb-table advgb-table-frontend is-style-stripes\" style=\"table-layout:fixed\"><thead><tr><th><strong>Salle Alfred-Pellan<\/strong><\/th><th><strong>Prix courant<\/strong><\/th><\/tr><\/thead><tbody><tr><td><strong>Expositions <\/strong>(Salle Alfred-Pellan et Foyer du th\u00e9\u00e2tre des Muses)<\/td><td>Gratuit et ouvert \u00e0 toutes et \u00e0 tous<\/td><\/tr><tr><td><strong>Activit\u00e9s de m\u00e9diation<\/strong><\/td><td>Certaines activit\u00e9s et visites de groupes sont disponibles \u00e0 faible co\u00fbt.<\/td><\/tr><tr><td><strong>Atelier d&#8217;Alfred en famille <\/strong><\/td><td>5 $ par enfant<\/td><\/tr><tr><td>Visite interactive<\/td><td>\u00c0 partir de 75 $ par groupe<\/td><\/tr><tr><td>Visite-atelier <\/td><td>\u00c0 partir de 110 $ par groupe<\/td><\/tr><tr><td>Sortie portfolio <\/td><td>200 $ par groupe<\/td><\/tr><\/tbody><\/table>\n\n\n\n<table class=\"wp-block-advgb-table advgb-table-frontend is-style-stripes\" style=\"table-layout:fixed\"><thead><tr><th><strong>\u00c9coles et garderies<\/strong>*<\/th><th><strong>Prix courant<\/strong> (taxes en sus)<\/th><\/tr><\/thead><tbody><tr><td>Spectacles <\/td><td>\u00c0 partir de 10 $ <\/td><\/tr><tr><td>Rencontre en classe <\/td><td>\u00c0 partir de 3 $ <\/td><\/tr><tr><td>Visite-atelier en lien avec les expositions<\/td><td>7,50 $ (forfaits offerts selon le nombre de visites-ateliers d&#8217;une m\u00eame classe)<\/td><\/tr><tr><td>Visites interactives<\/td><td>\u00c0 partir de 75 $ par groupe de 10 personnes minimum<\/td><\/tr><tr><td>Sortie portfolio<\/td><td>200 $ par groupe <\/td><\/tr><tr><td>Journ\u00e9e culturelle <\/td><td>\u00c0 partir de 17,50 $ <\/td><\/tr><tr><td>Parcours Petits bonheurs <\/td><td>14 $ <\/td><\/tr><\/tbody><\/table>\n\n\n\n<p>*<strong>Renseignements et r\u00e9servations :<\/strong> Vladana Milicevic, 514 809-8438 <a href=\"mailto:v.milicevic@laval.ca\">v.milicevic@laval.ca<\/a><\/p>\n\n\n\n<p>Des tarifs privil\u00e9gi\u00e9s sont offerts aux organismes communautaires lavallois.<\/p>\n\n\n\n<p>Informez-vous.<\/p>\n\n\n\n<h2 class=\"wp-block-heading\">Forfaits pour&nbsp;groupes<\/h2>\n\n\n\n<p>Diff\u00e9rentes formules sont offertes pour les groupes de 10 personnes et plus.<\/p>\n\n\n\n<p><strong>Renseignements et r\u00e9servations scolaires&nbsp;<\/strong><\/p>\n\n\n\n<p>Spectacles :&nbsp;<a href=\"mailto:v.charland@laval.ca\" target=\"_blank\" rel=\"noreferrer noopener\">v.charland@laval.ca<\/a><br>Expositions :&nbsp;<a href=\"mailto:li.audet@laval.ca\" target=\"_blank\" rel=\"noreferrer noopener\">li.audet@laval.ca<\/a><\/p>\n\n\n\n<h2 class=\"wp-block-heading\">Spectacles Jeune Public<\/h2>\n\n\n\n<p>Avec si\u00e8ge r\u00e9serv\u00e9, votre billet est au m\u00eame tarif que l&#8217;enfant que vous accompagnez.&nbsp;<\/p>\n\n\n\n<h4 class=\"wp-block-heading\">\u00c2ge minimal requis<\/h4>\n\n\n\n<p>La Maison des arts de Laval vous remercie de respecter l&#8217;\u00e2ge minimal requis. Si vous avez s\u00e9lectionn\u00e9 un spectacle, mais que&nbsp;votre enfant y assiste avec&nbsp;son \u00e9cole ou sa garderie, vous pourrez&nbsp;\u00e9changer vos billets pour un autre spectacle.<\/p>\n\n\n\n<p>Billetterie&nbsp;:&nbsp;450 667-2040<\/p>\n\n\n\n<p><a href=\"https:\/\/co-motion.ca\/spectacles\/?diffusions=programmation-municipale\" target=\"_blank\" rel=\"noreferrer noopener\">Site Internet de&nbsp;Co-Motion<\/a><\/p>\n\n\n\n<h2 class=\"wp-block-heading\">Laval en th\u00e9\u00e2tre&#8230; pour les mordus de th\u00e9\u00e2tre! <\/h2>\n\n\n\n<p>Un partenariat Co-Motion | Maison des arts de Laval<\/p>\n\n\n\n<p><strong>Vous \u00eates un abonn\u00e9 de la Maison des arts?&nbsp;<\/strong><\/p>\n\n\n\n<ul class=\"wp-block-list\">\n<li>Obtenez 20 % de rabais sur le prix courant d\u2019un billet pour l\u2019une des pi\u00e8ces de l\u2019abonnement Th\u00e9\u00e2tre pr\u00e9sent\u00e9es \u00e0 la salle Andr\u00e9-Mathieu.&nbsp;<\/li>\n<\/ul>\n\n\n\n<p>Achat par t\u00e9l\u00e9phone seulement<\/p>\n\n\n\n<p>Billetterie&nbsp;:&nbsp;450 667-2040<\/p>\n\n\n\n<p><a href=\"https:\/\/co-motion.ca\/spectacles\/?diffusions=programmation-municipale\" target=\"_blank\" rel=\"noreferrer noopener\">Site Internet de&nbsp;Co-Motion<\/a><\/p>\n\n<\/div>\n\n\n<div class=\"sticky-section-sidebar\"\n>\n   <div class=\"sticky-section-sidebar__inner\">\n     \n\n<p><\/p>\n\n   <\/div>\n<\/div>\n\n<\/section>\n\n\n\n<div class=\"wp-block-group has-white-color has-grey-900-background-color has-text-color has-background has-link-color wp-elements-292a51d64a1672c46459a4ab943b4ee1 is-layout-constrained wp-container-core-group-is-layout-92b9201d wp-block-group-is-layout-constrained\">\n<div class=\"wp-block-columns is-layout-flex wp-container-core-columns-is-layout-a85f4655 wp-block-columns-is-layout-flex\">\n<div class=\"wp-block-column is-layout-flow wp-block-column-is-layout-flow\" style=\"flex-basis:10%\">\n<figure class=\"wp-block-image aligncenter size-full is-resized\"><img decoding=\"async\" width=\"144\" height=\"144\" src=\"https:\/\/www.laval.ca\/wp-content\/uploads\/2025\/02\/Signature.png\" alt=\"Logo de la Maison des arts de Laval\" class=\"wp-image-27601\" style=\"width:76px;height:auto\"\/><\/figure>\n<\/div>\n\n\n\n<div class=\"wp-block-column is-vertically-aligned-center is-layout-flow wp-block-column-is-layout-flow\" style=\"flex-basis:30%\">\n<p>1395, boulevard de la Concorde Ouest<br>Laval (Qu\u00e9bec)\u00a0 H7N\u00a05W1\u00a0<\/p>\n<\/div>\n\n\n\n<div class=\"wp-block-column is-layout-flow wp-block-column-is-layout-flow\" style=\"flex-basis:30%\">\n<p class=\"has-white-color has-text-color has-link-color wp-elements-efa602be37e5b12fb5b7f2a5f0ad5a3a\"><strong>Information g\u00e9n\u00e9rale :<\/strong> <br><a href=\"tel:4506624440\" data-type=\"tel\" data-id=\"tel:4506624440\">450 662-4440<\/a><br><a href=\"mailto:maisondesarts@laval.ca\">maisondesarts@laval.ca<\/a><\/p>\n<\/div>\n\n\n\n<div class=\"wp-block-column is-vertically-aligned-top has-white-color has-text-color has-link-color wp-elements-47c9ef25f549ec56a0feba46245f90fb is-layout-constrained wp-block-column-is-layout-constrained\" style=\"flex-basis:30%\">\n<p><strong>Nous suivre \u202f:<\/strong><\/p>\n\n\n<div class=\"sidebar-cta-wrapper aligndefault\"\n>\n   <div class=\"sidebar-cta white-text\">\n              <ul class=\"sidebar-cta__socials\">\n                  <li class=\"sidebar-cta__socials__item\">\n            <a href=\"https:\/\/www.facebook.com\/maisondesartsdelaval\" class=\"sidebar-cta__socials__link\" target=\"_blank\" rel=\"noopener noreferrer\">\n              <span class=\"social-icon vtx-icon vtx-icon-facebook\"><\/span>\n              <span class=\"social-name\">Facebook<\/span>\n            <\/a>\n          <\/li>\n                  <li class=\"sidebar-cta__socials__item\">\n            <a href=\"https:\/\/www.instagram.com\/maisondesartsdelaval\/\" class=\"sidebar-cta__socials__link\" target=\"_blank\" rel=\"noopener noreferrer\">\n              <span class=\"social-icon vtx-icon vtx-icon-instagram\"><\/span>\n              <span class=\"social-name\">Instagram<\/span>\n            <\/a>\n          <\/li>\n              <\/ul>\n       <\/div>\n<\/div>\n<\/div>\n<\/div>\n<\/div>\n","protected":false},"excerpt":{"rendered":"","protected":false},"author":23,"featured_media":0,"parent":26518,"menu_order":57,"comment_status":"closed","ping_status":"closed","template":"","meta":{"_acf_changed":false,"advgb_blocks_editor_width":"","advgb_blocks_columns_visual_guide":"","footnotes":""},"class_list":["post-26445","page","type-page","status-publish","hentry"],"pp_statuses_selecting_workflow":false,"pp_workflow_action":"current","pp_status_selection":"publish","acf":[],"coauthors":[],"author_meta":{"author_link":"https:\/\/www.laval.ca\/en\/author\/mar-longprelaval-ca\/","display_name":"mar.longpre@laval.ca"},"relative_dates":{"created":"Posted 1 year ago","modified":"Updated 7 months ago"},"absolute_dates":{"created":"Posted on February 12, 2025","modified":"Updated on October 17, 2025"},"absolute_dates_time":{"created":"Posted on February 12, 2025 8:23 am","modified":"Updated on October 17, 2025 10:02 am"},"featured_img_caption":"","featured_img":false,"series_order":"","publishpress_future_action":{"enabled":false,"date":"2026-05-14 01:31:54","action":"change-status","newStatus":"draft","terms":[],"taxonomy":"translation_priority","extraData":[]},"publishpress_future_workflow_manual_trigger":{"enabledWorkflows":[]},"_links":{"self":[{"href":"https:\/\/www.laval.ca\/en\/wp-json\/wp\/v2\/pages\/26445","targetHints":{"allow":["GET"]}}],"collection":[{"href":"https:\/\/www.laval.ca\/en\/wp-json\/wp\/v2\/pages"}],"about":[{"href":"https:\/\/www.laval.ca\/en\/wp-json\/wp\/v2\/types\/page"}],"author":[{"embeddable":true,"href":"https:\/\/www.laval.ca\/en\/wp-json\/wp\/v2\/users\/23"}],"replies":[{"embeddable":true,"href":"https:\/\/www.laval.ca\/en\/wp-json\/wp\/v2\/comments?post=26445"}],"version-history":[{"count":9,"href":"https:\/\/www.laval.ca\/en\/wp-json\/wp\/v2\/pages\/26445\/revisions"}],"predecessor-version":[{"id":94871,"href":"https:\/\/www.laval.ca\/en\/wp-json\/wp\/v2\/pages\/26445\/revisions\/94871"}],"up":[{"embeddable":true,"href":"https:\/\/www.laval.ca\/en\/wp-json\/wp\/v2\/pages\/26518"}],"wp:attachment":[{"href":"https:\/\/www.laval.ca\/en\/wp-json\/wp\/v2\/media?parent=26445"}],"curies":[{"name":"wp","href":"https:\/\/api.w.org\/{rel}","templated":true}]}}